{"id":1984,"date":"2025-03-14T16:38:38","date_gmt":"2025-03-14T16:38:38","guid":{"rendered":"https:\/\/blogsaverroes.juntadeandalucia.es\/manuroca03\/?page_id=1984"},"modified":"2025-03-14T16:49:46","modified_gmt":"2025-03-14T16:49:46","slug":"9-lengua","status":"publish","type":"page","link":"https:\/\/blogsaverroes.juntadeandalucia.es\/manuroca03\/9-lengua\/","title":{"rendered":"LC6\u00baU9. Cuidemos la vida en el planeta."},"content":{"rendered":"<p>En esta unidad aprenderemos que es un texto prescriptivo (normativos e instructivos) y escribiremos uno de ellos.<\/p>\n<ul>\n<li>Recordaremos qu\u00e9 eran las palabras tab\u00fa y los eufemismos.<\/li>\n<li>Realizaremos una exposici\u00f3n oral.<\/li>\n<li>Empezaremos a estudiar los verbos.<\/li>\n<li>En Ortograf\u00eda vamos a ver las palabras con b\/v y las palabras con y\/ll.<\/li>\n<\/ul>\n<h4><strong>LOS TEXTOS PRESCRIPTIVOS<\/strong><\/h4>\n<p><a href=\"https:\/\/view.genially.com\/67cb661433bc3b73aef65335\/horizontal-infographic-lists-69-los-textos-prescriptivos\"><img loading=\"lazy\" decoding=\"async\" class=\"alignnone wp-image-5493\" src=\"https:\/\/blogsaverroes.juntadeandalucia.es\/verainqueclase\/files\/2025\/03\/genially-textos-prescriptivos-300x168.jpg\" alt=\"\" width=\"1027\" height=\"575\"><\/a><\/p>\n<h4><strong>PALABRAS TAB\u00da Y EUFEMISMOS<\/strong><\/h4>\n<p><a href=\"https:\/\/view.genially.com\/65e4553f67e85f0013a06536\/horizontal-infographic-lists-58-eufemismos-palabras-tabu\"><img loading=\"lazy\" decoding=\"async\" class=\"\" src=\"https:\/\/blogsaverroes.juntadeandalucia.es\/verainqueclase\/files\/2024\/03\/genially-palabras-tab%C3%BA-300x183.jpg\" width=\"925\" height=\"564\"><\/a><\/p>\n<table>\n<tbody>\n<tr>\n<td><a href=\"https:\/\/www.mundoprimaria.com\/juegos-educativos\/juegos-lenguaje\/juego-coloquialismos\"><img decoding=\"async\" src=\"https:\/\/blogsaverroes.juntadeandalucia.es\/verainqueclase\/files\/2020\/12\/coloquialismos-300x147.jpg\"><\/a><\/td>\n<td><a href=\"https:\/\/www.mundoprimaria.com\/juegos-educativos\/juegos-lenguaje\/juego-expresiones-incorrectas\"><img loading=\"lazy\" decoding=\"async\" class=\"alignnone size-medium wp-image-5496\" src=\"https:\/\/blogsaverroes.juntadeandalucia.es\/verainqueclase\/files\/2025\/03\/JUEGO-VULGARISMOS-300x168.jpg\" alt=\"\" width=\"300\" height=\"168\"><\/a><\/td>\n<td>&nbsp;<\/td>\n<\/tr>\n<\/tbody>\n<\/table>\n<h4><strong>LA EXPOSICI\u00d3N ORAL<\/strong><\/h4>\n<p><a href=\"https:\/\/view.genially.com\/62c2d3ca685557001210b8e2\/interactive-content-4o-la-exposicion\"><img loading=\"lazy\" decoding=\"async\" class=\"\" src=\"https:\/\/blogsaverroes.juntadeandalucia.es\/verainqueclase\/files\/2022\/07\/genially-la-exposici%C3%B3n-300x168.jpg\" width=\"916\" height=\"513\"><\/a><\/p>\n<h4><strong>LOS TEXTOS INSTRUCTIVOS<\/strong><\/h4>\n<p><a href=\"https:\/\/view.genially.com\/5f848e788ed6830d08cc2759\/vertical-infographic-timeline-textos-instructivos\"><img loading=\"lazy\" decoding=\"async\" class=\"\" src=\"https:\/\/blogsaverroes.juntadeandalucia.es\/verainqueclase\/files\/2020\/10\/textos-instructivos-300x275.jpg\" width=\"839\" height=\"772\"><\/a><\/p>\n<h4><strong>EL VERBO<\/strong><\/h4>\n<p><a href=\"https:\/\/view.genially.com\/65e45935736e4c00149020cd\/horizontal-infographic-review-58-los-verbos\"><img loading=\"lazy\" decoding=\"async\" class=\"\" src=\"https:\/\/blogsaverroes.juntadeandalucia.es\/verainqueclase\/files\/2024\/03\/genially-verbos-300x183.jpg\" width=\"970\" height=\"592\"><\/a><\/p>\n<table>\n<tbody>\n<tr>\n<td><a href=\"https:\/\/www.mundoprimaria.com\/juegos-educativos\/juegos-lenguaje\/juego-verbos-en-infinitivo-102\"><img loading=\"lazy\" decoding=\"async\" class=\"alignnone size-medium wp-image-5501\" src=\"https:\/\/blogsaverroes.juntadeandalucia.es\/verainqueclase\/files\/2025\/03\/juego-verbos-conjugaciones-300x191.jpg\" alt=\"\" width=\"300\" height=\"191\"><\/a><\/td>\n<td><a href=\"https:\/\/www.mundoprimaria.com\/juegos-educativos\/juegos-lenguaje\/juego-formas-verbales\"><img loading=\"lazy\" decoding=\"async\" class=\"alignnone size-medium wp-image-5502\" src=\"https:\/\/blogsaverroes.juntadeandalucia.es\/verainqueclase\/files\/2025\/03\/juego-verbos-modo-300x191.jpg\" alt=\"\" width=\"300\" height=\"191\"><\/a><\/td>\n<td><a href=\"https:\/\/view.genial.ly\/5eb9a6283b952f0d022f1edd\/interactive-content-verbos\"><img loading=\"lazy\" decoding=\"async\" class=\"alignnone size-medium wp-image-1890\" src=\"https:\/\/blogsaverroes.juntadeandalucia.es\/verainqueclase\/files\/2021\/02\/juego-gemas-verbos-300x168.jpg\" alt=\"\" width=\"300\" height=\"168\"><\/a><\/td>\n<\/tr>\n<tr>\n<td><a href=\"https:\/\/www.mundoprimaria.com\/juegos-educativos\/juegos-lenguaje\/juego-analisis-morfologico\"><img loading=\"lazy\" decoding=\"async\" class=\"alignnone size-medium wp-image-5500\" src=\"https:\/\/blogsaverroes.juntadeandalucia.es\/verainqueclase\/files\/2025\/03\/juego-verbos-tiempos-300x191.jpg\" alt=\"\" width=\"300\" height=\"191\"><\/a><\/td>\n<td><a href=\"https:\/\/view.genial.ly\/6016dad8b85c620d0a91f80d\/interactive-content-con-jugamos-con-los-verbos\"><img loading=\"lazy\" decoding=\"async\" class=\"alignnone size-medium wp-image-1889\" src=\"https:\/\/blogsaverroes.juntadeandalucia.es\/verainqueclase\/files\/2021\/02\/juego-conjugamos-verbos-300x168.jpg\" alt=\"\" width=\"300\" height=\"168\"><\/a><\/td>\n<td><a href=\"https:\/\/view.genially.com\/5c6ada7f5d0e4e575e0accde\"><img loading=\"lazy\" decoding=\"async\" class=\"alignnone size-medium wp-image-1349\" src=\"https:\/\/blogsaverroes.juntadeandalucia.es\/verainqueclase\/files\/2020\/11\/juego-verbos-6-300x165.jpg\" alt=\"\" width=\"300\" height=\"165\"><\/a><\/td>\n<\/tr>\n<tr>\n<td><a href=\"https:\/\/view.genially.com\/6072ec7eaa41800d2f2a44ae\/interactive-content-verbos-indicativo-y-subjuntivo\"><img loading=\"lazy\" decoding=\"async\" class=\"alignnone size-medium wp-image-5504\" src=\"https:\/\/blogsaverroes.juntadeandalucia.es\/verainqueclase\/files\/2025\/03\/juego-verbos-300x191.jpg\" alt=\"\" width=\"300\" height=\"191\"><\/a><\/td>\n<td><a href=\"https:\/\/wordwall.net\/es\/resource\/7698778\/verbos\"><img decoding=\"async\" src=\"https:\/\/blogsaverroes.juntadeandalucia.es\/verainqueclase\/files\/2021\/09\/juego-br-4-300x167.jpg\"><\/a><\/td>\n<td>&nbsp;<\/td>\n<\/tr>\n<\/tbody>\n<\/table>\n<h4><strong>PALABRAS CON B y V<\/strong><\/h4>\n<p><a href=\"https:\/\/view.genially.com\/63135d9d324b7d00103cae3c\/horizontal-infographic-lists-48-b-y-v\"><img loading=\"lazy\" decoding=\"async\" class=\"\" src=\"https:\/\/blogsaverroes.juntadeandalucia.es\/verainqueclase\/files\/2022\/09\/genially-b-y-v-300x180.jpg\" width=\"1148\" height=\"689\"><\/a><\/p>\n<table>\n<tbody>\n<tr>\n<td><a href=\"https:\/\/view.genially.com\/5c02ac2419e0bd2c9d32716a\/interactive-content-2x02-viaje-a-babaria\"><img decoding=\"async\" src=\"https:\/\/blogsaverroes.juntadeandalucia.es\/verainqueclase\/files\/2020\/12\/juego-sherlock-b-v-300x167.jpg\"><\/a><\/td>\n<td><a href=\"https:\/\/view.genially.com\/5e4f9fa6daf68f65087dd34b\/interactive-content-2x01-el-caso-del-valle-del-pueblo-nevado\"><img decoding=\"async\" src=\"https:\/\/blogsaverroes.juntadeandalucia.es\/verainqueclase\/files\/2020\/12\/sherlock-pueblo-nevado-300x166.jpg\"><\/a><\/td>\n<td><a href=\"https:\/\/www.mundoprimaria.com\/juegos-educativos\/juegos-lenguaje\/juego-b-v\"><img loading=\"lazy\" decoding=\"async\" class=\"alignnone size-medium wp-image-5506\" src=\"https:\/\/blogsaverroes.juntadeandalucia.es\/verainqueclase\/files\/2025\/03\/juego-b-y-v-300x191.jpg\" alt=\"\" width=\"300\" height=\"191\"><\/a><\/td>\n<\/tr>\n<tr>\n<td><a href=\"https:\/\/www.mundoprimaria.com\/juegos-educativos\/juegos-lenguaje\/juego-palabras-homofonas-b-v\"><img loading=\"lazy\" decoding=\"async\" class=\"alignnone size-medium wp-image-5507\" src=\"https:\/\/blogsaverroes.juntadeandalucia.es\/verainqueclase\/files\/2025\/03\/juego-b-y-v-2-300x191.jpg\" alt=\"\" width=\"300\" height=\"191\"><\/a><\/td>\n<td>&nbsp;<\/td>\n<td>&nbsp;<\/td>\n<\/tr>\n<\/tbody>\n<\/table>\n<h4><strong>PALABRAS CON LL y Y<\/strong><\/h4>\n<h4><a href=\"https:\/\/view.genially.com\/646647c063537b001ad427ad\/horizontal-infographic-lists-412-palabras-con-ll-y-con-y\"><img loading=\"lazy\" decoding=\"async\" class=\"\" src=\"https:\/\/blogsaverroes.juntadeandalucia.es\/verainqueclase\/files\/2023\/05\/genially-ll-e-y-300x196.jpg\" width=\"1022\" height=\"668\"><\/a><\/h4>\n<p>&nbsp;<\/p>\n<table>\n<tbody>\n<tr>\n<td><a href=\"https:\/\/www.mundoprimaria.com\/juegos-educativos\/juegos-lenguaje\/juego-ll-y\"><img loading=\"lazy\" decoding=\"async\" class=\"alignnone size-medium wp-image-1810\" src=\"https:\/\/blogsaverroes.juntadeandalucia.es\/verainqueclase\/files\/2020\/12\/mundo-hom%C3%B3fonas-ll-y-300x162.jpg\" alt=\"\" width=\"300\" height=\"162\"><\/a><\/td>\n<td><a href=\"https:\/\/view.genial.ly\/5f6486a03c6c490cee94e947\/game-breakout-2x05-el-caso-de-la-estrella-rayada\"><img loading=\"lazy\" decoding=\"async\" class=\"alignnone size-medium wp-image-1796\" src=\"https:\/\/blogsaverroes.juntadeandalucia.es\/verainqueclase\/files\/2020\/12\/las-aventuras-de-sherlock-ort-estrella-rayada-300x166.jpg\" alt=\"\" width=\"300\" height=\"166\"><\/a><\/td>\n<td><a href=\"https:\/\/view.genial.ly\/5c0578c824141f79e4b91873\/interactive-content-2x06-proyecto-gatillo\"><img loading=\"lazy\" decoding=\"async\" class=\"alignnone size-medium wp-image-1806\" src=\"https:\/\/blogsaverroes.juntadeandalucia.es\/verainqueclase\/files\/2020\/12\/sherlock-gatillo-300x166.jpg\" alt=\"\" width=\"300\" height=\"166\"><\/a><\/td>\n<\/tr>\n<\/tbody>\n<\/table>\n","protected":false},"excerpt":{"rendered":"<p>En esta unidad aprenderemos que es un texto prescriptivo (normativos e instructivos) y escribiremos uno de ellos. Recordaremos qu\u00e9 eran las palabras tab\u00fa y los eufemismos. Realizaremos una exposici\u00f3n oral. Empezaremos a estudiar los verbos. En Ortograf\u00eda vamos a ver las palabras con b\/v y las palabras con y\/ll. LOS TEXTOS PRESCRIPTIVOS PALABRAS TAB\u00da Y &hellip; <\/p>\n<p><a class=\"more-link btn\" href=\"https:\/\/blogsaverroes.juntadeandalucia.es\/manuroca03\/9-lengua\/\">Seguir leyendo<\/a><\/p>\n","protected":false},"author":10452,"featured_media":0,"parent":0,"menu_order":0,"comment_status":"closed","ping_status":"closed","template":"","meta":{"ngg_post_thumbnail":0,"footnotes":""},"aioseo_notices":[],"_links":{"self":[{"href":"https:\/\/blogsaverroes.juntadeandalucia.es\/manuroca03\/wp-json\/wp\/v2\/pages\/1984"}],"collection":[{"href":"https:\/\/blogsaverroes.juntadeandalucia.es\/manuroca03\/wp-json\/wp\/v2\/pages"}],"about":[{"href":"https:\/\/blogsaverroes.juntadeandalucia.es\/manuroca03\/wp-json\/wp\/v2\/types\/page"}],"author":[{"embeddable":true,"href":"https:\/\/blogsaverroes.juntadeandalucia.es\/manuroca03\/wp-json\/wp\/v2\/users\/10452"}],"replies":[{"embeddable":true,"href":"https:\/\/blogsaverroes.juntadeandalucia.es\/manuroca03\/wp-json\/wp\/v2\/comments?post=1984"}],"version-history":[{"count":2,"href":"https:\/\/blogsaverroes.juntadeandalucia.es\/manuroca03\/wp-json\/wp\/v2\/pages\/1984\/revisions"}],"predecessor-version":[{"id":1994,"href":"https:\/\/blogsaverroes.juntadeandalucia.es\/manuroca03\/wp-json\/wp\/v2\/pages\/1984\/revisions\/1994"}],"wp:attachment":[{"href":"https:\/\/blogsaverroes.juntadeandalucia.es\/manuroca03\/wp-json\/wp\/v2\/media?parent=1984"}],"curies":[{"name":"wp","href":"https:\/\/api.w.org\/{rel}","templated":true}]}}