{"id":1987,"date":"2025-03-14T16:39:50","date_gmt":"2025-03-14T16:39:50","guid":{"rendered":"https:\/\/blogsaverroes.juntadeandalucia.es\/manuroca03\/?page_id=1987"},"modified":"2025-03-14T16:51:51","modified_gmt":"2025-03-14T16:51:51","slug":"9-mates","status":"publish","type":"page","link":"https:\/\/blogsaverroes.juntadeandalucia.es\/manuroca03\/9-mates\/","title":{"rendered":"MT6\u00baU9. Diferencias que suman."},"content":{"rendered":"<p>Ya estamos en la unidad 9, en ella veremos los pol\u00edgonos.<\/p>\n<p>Aprenderemos a calcular el per\u00edmetro y el \u00e1rea de distintas figuras.<\/p>\n<h4><strong>LOS POL\u00cdGONOS.<\/strong><\/h4>\n<p><a href=\"https:\/\/view.genially.com\/6472111f30e41c00127a47f7\/interactive-content-412-los-poligonos\"><img loading=\"lazy\" decoding=\"async\" class=\"\" src=\"https:\/\/blogsaverroes.juntadeandalucia.es\/verainqueclase\/files\/2023\/05\/genially-pol%C3%ADgonos-300x163.jpg\" width=\"755\" height=\"410\"><\/a><\/p>\n<h4><strong>LOS PARALELOGRAMOS Y SU \u00c1REA<\/strong><\/h4>\n<p><a href=\"https:\/\/view.genially.com\/66597b3a555459001421d6a6\/horizontal-infographic-lists-512-perimetros-y-areas-cuadrado-y-rectangulo\"><img loading=\"lazy\" decoding=\"async\" class=\"\" src=\"https:\/\/blogsaverroes.juntadeandalucia.es\/verainqueclase\/files\/2024\/05\/genially-area-cuadrado-300x181.jpg\" width=\"771\" height=\"465\"><\/a><\/p>\n<p><a href=\"https:\/\/view.genially.com\/6659806813e4fa00145411bf\/horizontal-infographic-lists-512-perimetros-y-areas-romboide-y-rombo\"><img loading=\"lazy\" decoding=\"async\" class=\"\" src=\"https:\/\/blogsaverroes.juntadeandalucia.es\/verainqueclase\/files\/2024\/05\/genially-area-rombo-300x166.jpg\" width=\"790\" height=\"437\"><\/a><\/p>\n<p>&nbsp;<\/p>\n<table>\n<tbody>\n<tr>\n<td><a href=\"https:\/\/www.mundoprimaria.com\/juegos-educativos\/juegos-matematicas\/juego-poligonos-regulares\"><img loading=\"lazy\" decoding=\"async\" class=\"alignnone size-medium wp-image-5563\" src=\"https:\/\/blogsaverroes.juntadeandalucia.es\/verainqueclase\/files\/2025\/03\/juego-poligonos-regulares-300x163.jpg\" alt=\"\" width=\"300\" height=\"163\"><\/a><\/td>\n<td><a href=\"https:\/\/www.mundoprimaria.com\/juegos-educativos\/juegos-matematicas\/juego-tipos-de-poligono\"><img loading=\"lazy\" decoding=\"async\" class=\"alignnone size-medium wp-image-5564\" src=\"https:\/\/blogsaverroes.juntadeandalucia.es\/verainqueclase\/files\/2025\/03\/juego-poligonos-regulares-2-300x163.jpg\" alt=\"\" width=\"300\" height=\"163\"><\/a><\/td>\n<td><a href=\"https:\/\/www.mundoprimaria.com\/juegos-educativos\/juegos-matematicas\/juego-concavos-y-convexos\"><img decoding=\"async\" src=\"https:\/\/blogsaverroes.juntadeandalucia.es\/verainqueclase\/files\/2025\/03\/juego-poligonos-concavos-2-300x163.jpg\"><\/a><\/td>\n<\/tr>\n<tr>\n<td><a href=\"https:\/\/www.mundoprimaria.com\/juegos-educativos\/juegos-matematicas\/juego-de-areas-para-primaria\"><img decoding=\"async\" src=\"https:\/\/blogsaverroes.juntadeandalucia.es\/verainqueclase\/files\/2020\/12\/mundo-areas-2-300x187.jpg\"><\/a><\/td>\n<td><a href=\"https:\/\/www.mundoprimaria.com\/juegos-educativos\/juegos-matematicas\/juego-hallar-perimetros#google_vignette\"><img decoding=\"async\" src=\"https:\/\/blogsaverroes.juntadeandalucia.es\/verainqueclase\/files\/2020\/12\/mundo-per%C3%ADmetro-300x187.jpg\"><\/a><\/td>\n<td><a href=\"https:\/\/www.mundoprimaria.com\/juegos-educativos\/juegos-matematicas\/juego-diferenciar-poligonos-concavos-convexos\"><img loading=\"lazy\" decoding=\"async\" class=\"alignnone size-medium wp-image-5562\" src=\"https:\/\/blogsaverroes.juntadeandalucia.es\/verainqueclase\/files\/2025\/03\/juego-poligonos-concavos-300x163.jpg\" alt=\"\" width=\"300\" height=\"163\"><\/a><\/td>\n<\/tr>\n<tr>\n<td><a href=\"https:\/\/www.mundoprimaria.com\/juegos-educativos\/juegos-matematicas\/juego-perimetros\"><img decoding=\"async\" src=\"https:\/\/blogsaverroes.juntadeandalucia.es\/verainqueclase\/files\/2020\/12\/mundo-perimetros-300x187.jpg\"><\/a><\/td>\n<td><a href=\"https:\/\/www.mundoprimaria.com\/juegos-educativos\/juegos-matematicas\/juego-perimetros\"><img loading=\"lazy\" decoding=\"async\" class=\"alignnone size-medium wp-image-5566\" src=\"https:\/\/blogsaverroes.juntadeandalucia.es\/verainqueclase\/files\/2025\/03\/juego-perimetros-300x163.jpg\" alt=\"\" width=\"300\" height=\"163\"><\/a><\/td>\n<td>&nbsp;<\/td>\n<\/tr>\n<\/tbody>\n<\/table>\n<h4><strong>LOS TRI\u00c1NGULOS Y SU \u00c1REA<\/strong><\/h4>\n<p><a href=\"https:\/\/view.genially.com\/66597d840634ff0014aba087\/horizontal-infographic-lists-512-perimetros-y-areas-de-triangulos\"><img loading=\"lazy\" decoding=\"async\" class=\"\" src=\"https:\/\/blogsaverroes.juntadeandalucia.es\/verainqueclase\/files\/2024\/05\/genially-area-triangulos-300x167.jpg\" width=\"850\" height=\"473\"><\/a><\/p>\n<h4><strong>EL \u00c1REA DE LOS POL\u00cdGONOS REGULARES<\/strong><\/h4>\n<p><a href=\"https:\/\/view.genially.com\/5fdf3d736157fe0d6918c39e\/horizontal-infographic-lists-perimetros-y-areas\"><img loading=\"lazy\" decoding=\"async\" class=\"\" src=\"https:\/\/blogsaverroes.juntadeandalucia.es\/verainqueclase\/files\/2020\/12\/Genially-perimetros-y-300x166.jpg\" width=\"893\" height=\"494\"><\/a><\/p>\n<table>\n<tbody>\n<tr>\n<td><a href=\"https:\/\/www.mundoprimaria.com\/juegos-educativos\/juegos-matematicas\/juego-figuras-geometricas-areas\"><img loading=\"lazy\" decoding=\"async\" class=\"alignnone size-medium wp-image-5561\" src=\"https:\/\/blogsaverroes.juntadeandalucia.es\/verainqueclase\/files\/2025\/03\/juego-areas-300x163.jpg\" alt=\"\" width=\"300\" height=\"163\"><\/a><\/td>\n<td>&nbsp;<\/td>\n<td>&nbsp;<\/td>\n<\/tr>\n<\/tbody>\n<\/table>\n<h4><strong>\u00c1REA DE FIGURAS COMPUESTAS<\/strong><\/h4>\n<p><img loading=\"lazy\" decoding=\"async\" class=\"\" src=\"https:\/\/blogsaverroes.juntadeandalucia.es\/verainqueclase\/files\/2020\/12\/Genially-perimetros-y-300x166.jpg\" width=\"745\" height=\"412\"><\/p>\n<table>\n<tbody>\n<tr>\n<td><a href=\"https:\/\/view.genially.com\/5c6501e87d15495764db41c8\/interactive-content-prueba-reto-figuras-planas\"><img decoding=\"async\" src=\"https:\/\/blogsaverroes.juntadeandalucia.es\/verainqueclase\/files\/2020\/12\/Juego-areas-quizz-2-300x169.jpg\"><\/a><\/td>\n<td><a href=\"https:\/\/view.genially.com\/5c8f39342682f972208750ca\/game-area-de-figuras-planas\"><img decoding=\"async\" src=\"https:\/\/blogsaverroes.juntadeandalucia.es\/verainqueclase\/files\/2020\/12\/Juego-areas-quizz-300x169.jpg\"><\/a><\/td>\n<td><a href=\"https:\/\/view.genially.com\/5eb6a20f8c034e0d162d4c66\/game-breakout-geometria-5o-semana-covid-19\"><img decoding=\"async\" src=\"https:\/\/blogsaverroes.juntadeandalucia.es\/verainqueclase\/files\/2020\/12\/Juego-tri%C3%A1ngulos-300x169.jpg\"><\/a><\/td>\n<\/tr>\n<tr>\n<td><a href=\"https:\/\/view.genially.com\/5b16c11626ce1a1a94f54b64\/interactive-content-proyecto-fortnite\"><img decoding=\"async\" src=\"https:\/\/blogsaverroes.juntadeandalucia.es\/verainqueclase\/files\/2020\/12\/Juego-perimetros-y-%C3%A1reas-300x169.jpg\"><\/a><\/td>\n<td><a href=\"https:\/\/view.genially.com\/5cdc12fd9d5aca0f71e14772\/interactive-content-areapolis\"><img decoding=\"async\" src=\"https:\/\/blogsaverroes.juntadeandalucia.es\/verainqueclase\/files\/2020\/12\/Juego-areapolis-300x169.jpg\"><\/a><\/td>\n<td><a href=\"https:\/\/view.genially.com\/5eafc8d098d6ea0d8c8529b0\/presentation-geometria\"><img decoding=\"async\" src=\"https:\/\/blogsaverroes.juntadeandalucia.es\/verainqueclase\/files\/2020\/12\/Genially-perimetros-y-areas-2-300x169.jpg\"><\/a><\/td>\n<\/tr>\n<\/tbody>\n<\/table>\n","protected":false},"excerpt":{"rendered":"<p>Ya estamos en la unidad 9, en ella veremos los pol\u00edgonos. Aprenderemos a calcular el per\u00edmetro y el \u00e1rea de distintas figuras. LOS POL\u00cdGONOS. LOS PARALELOGRAMOS Y SU \u00c1REA &nbsp; &nbsp; LOS TRI\u00c1NGULOS Y SU \u00c1REA EL \u00c1REA DE LOS POL\u00cdGONOS REGULARES &nbsp; &nbsp; \u00c1REA DE FIGURAS COMPUESTAS<\/p>\n","protected":false},"author":10452,"featured_media":0,"parent":0,"menu_order":0,"comment_status":"closed","ping_status":"closed","template":"","meta":{"ngg_post_thumbnail":0,"footnotes":""},"aioseo_notices":[],"_links":{"self":[{"href":"https:\/\/blogsaverroes.juntadeandalucia.es\/manuroca03\/wp-json\/wp\/v2\/pages\/1987"}],"collection":[{"href":"https:\/\/blogsaverroes.juntadeandalucia.es\/manuroca03\/wp-json\/wp\/v2\/pages"}],"about":[{"href":"https:\/\/blogsaverroes.juntadeandalucia.es\/manuroca03\/wp-json\/wp\/v2\/types\/page"}],"author":[{"embeddable":true,"href":"https:\/\/blogsaverroes.juntadeandalucia.es\/manuroca03\/wp-json\/wp\/v2\/users\/10452"}],"replies":[{"embeddable":true,"href":"https:\/\/blogsaverroes.juntadeandalucia.es\/manuroca03\/wp-json\/wp\/v2\/comments?post=1987"}],"version-history":[{"count":3,"href":"https:\/\/blogsaverroes.juntadeandalucia.es\/manuroca03\/wp-json\/wp\/v2\/pages\/1987\/revisions"}],"predecessor-version":[{"id":1997,"href":"https:\/\/blogsaverroes.juntadeandalucia.es\/manuroca03\/wp-json\/wp\/v2\/pages\/1987\/revisions\/1997"}],"wp:attachment":[{"href":"https:\/\/blogsaverroes.juntadeandalucia.es\/manuroca03\/wp-json\/wp\/v2\/media?parent=1987"}],"curies":[{"name":"wp","href":"https:\/\/api.w.org\/{rel}","templated":true}]}}