{"id":1990,"date":"2025-03-14T16:41:31","date_gmt":"2025-03-14T16:41:31","guid":{"rendered":"https:\/\/blogsaverroes.juntadeandalucia.es\/manuroca03\/?page_id=1990"},"modified":"2025-03-14T16:55:20","modified_gmt":"2025-03-14T16:55:20","slug":"7-cono","status":"publish","type":"page","link":"https:\/\/blogsaverroes.juntadeandalucia.es\/manuroca03\/7-cono\/","title":{"rendered":"CM6\u00baU7. Espa\u00f1a en el siglo XIX."},"content":{"rendered":"<p>Comenzamos el bloque de historia de Espa\u00f1a. En este tema aprenderemos las siguientes cosas:<\/p>\n<ul>\n<li>Comienzo de la Edad Contempor\u00e1nea.<\/li>\n<li>Reinado de Fernando VII.<\/li>\n<li>Reinado de Isabel II y el Sexenio Revolucionario.<\/li>\n<li>Finales del s. XIX.<\/li>\n<li>Andaluc\u00eda en el s. XIX.<\/li>\n<li>Personajes del s. XIX.<\/li>\n<\/ul>\n<p><strong>COMIENZO DE LA EDAD CONTEMPOR\u00c1NEA<\/strong><\/p>\n<p>Nos encontramos en el s. XIX. En este siglo se producen multitud de cambios en el mundo y en Espa\u00f1a.<a href=\"https:\/\/view.genially.com\/617471862d16df0de5300aec\/presentation-la-edad-contemporanea\"><img loading=\"lazy\" decoding=\"async\" class=\"\" src=\"https:\/\/blogsaverroes.juntadeandalucia.es\/verainqueclase\/files\/2021\/10\/genially-edad-contemporanea-300x168.jpg\" width=\"934\" height=\"523\"><\/a>&nbsp;<a href=\"https:\/\/view.genially.com\/5fad6cf8f74fca0d216dd5f7\/horizontal-infographic-timeline-espana-en-el-s-xix\"><img loading=\"lazy\" decoding=\"async\" class=\"\" src=\"https:\/\/blogsaverroes.juntadeandalucia.es\/verainqueclase\/files\/2020\/11\/genially-1808-1814-300x146.jpg\" width=\"758\" height=\"369\"><\/a><strong>REINADO DE FERNANDO VII<\/strong><a href=\"https:\/\/view.genially.com\/5fad73f0f74fca0d216dd70b\/horizontal-infographic-timeline-espana-en-el-s-xix-2o-parte\"><img loading=\"lazy\" decoding=\"async\" class=\"\" src=\"https:\/\/blogsaverroes.juntadeandalucia.es\/verainqueclase\/files\/2020\/11\/genially-1814-1833-300x146.jpg\" width=\"775\" height=\"377\"><\/a><strong>REINADO DE ISABEL II Y SEXENIO REVOLUCIONARIO<\/strong><a href=\"https:\/\/view.genially.com\/5fada3fc325a010d281750ea\/horizontal-infographic-timeline-espana-en-el-s-xix-3a-parte\"><img loading=\"lazy\" decoding=\"async\" class=\"\" src=\"https:\/\/blogsaverroes.juntadeandalucia.es\/verainqueclase\/files\/2020\/11\/genially-1833-1874-300x147.jpg\" width=\"845\" height=\"414\"><\/a><strong>FINAL DEL S. XIX. LA RESTAURACI\u00d3N<\/strong><a href=\"https:\/\/view.genially.com\/5fadae9567037b0d18c9b225\/horizontal-infographic-timeline-espana-en-el-s-xix-4a-parte-copia-copia\"><img loading=\"lazy\" decoding=\"async\" class=\"\" src=\"https:\/\/blogsaverroes.juntadeandalucia.es\/verainqueclase\/files\/2020\/11\/genially-1874-1902-300x147.jpg\" width=\"788\" height=\"386\"><\/a><strong>ANDALUC\u00cdA EN EL S. XIX<\/strong><a href=\"https:\/\/view.genially.com\/5fadb74fbe29f80d1749cf30\/horizontal-infographic-timeline-andalucia-en-el-s-xix\"><img loading=\"lazy\" decoding=\"async\" class=\"\" src=\"https:\/\/blogsaverroes.juntadeandalucia.es\/verainqueclase\/files\/2020\/11\/genially-andaluc%C3%ADa-siglo-xix-300x147.jpg\" width=\"1092\" height=\"535\"><\/a><strong>PERSONAJES Y HECHOS DEL S. XIX<\/strong><a href=\"https:\/\/view.genially.com\/674596bf27aac70b7b219187\/presentation-67-quien-es-quien-en-el-s-xix\"><img loading=\"lazy\" decoding=\"async\" class=\"alignnone wp-image-5296\" src=\"https:\/\/blogsaverroes.juntadeandalucia.es\/verainqueclase\/files\/2024\/11\/genially-quien-300x190.jpg\" alt=\"\" width=\"902\" height=\"571\"><\/a><strong>REPASO TEOR\u00cdA Y <\/strong><strong>REPASO JUEGOS<\/strong><\/p>\n<p>&nbsp;<\/p>\n<table>\n<tbody>\n<tr>\n<td><a href=\"https:\/\/view.genially.com\/624da8c790b2a10018e421a5\/interactive-content-quiz-edad-contemporanea\"><img decoding=\"async\" src=\"https:\/\/blogsaverroes.juntadeandalucia.es\/verainqueclase\/files\/2022\/04\/juego-edad-contempor%C3%A1nea-300x167.jpg\"><\/a><\/td>\n<td><a href=\"https:\/\/view.genially.com\/673c566f227be1817916b3c4\/interactive-content-quiz-edad-contemporanea\"><img loading=\"lazy\" decoding=\"async\" class=\"alignnone size-medium wp-image-5288\" src=\"https:\/\/blogsaverroes.juntadeandalucia.es\/verainqueclase\/files\/2024\/11\/Juego-edad-contemporanea-300x171.jpg\" alt=\"\" width=\"300\" height=\"171\"><\/a><\/td>\n<td>&nbsp;<\/td>\n<\/tr>\n<tr>\n<td>&nbsp;<\/td>\n<td>&nbsp;<\/td>\n<td>&nbsp;<\/td>\n<\/tr>\n<tr>\n<td><a href=\"https:\/\/view.genially.com\/67c80b8a6e5ae6a66781eee2\/interactive-content-quiz-fernando-vii\"><img loading=\"lazy\" decoding=\"async\" class=\"alignnone size-medium wp-image-5289\" src=\"https:\/\/blogsaverroes.juntadeandalucia.es\/verainqueclase\/files\/2024\/11\/juego-fernando-vii-300x171.jpg\" alt=\"\" width=\"300\" height=\"171\"><\/a><\/td>\n<td><a href=\"https:\/\/www.mundoprimaria.com\/juegos-educativos\/jueg-soci-hdt-21\"><img loading=\"lazy\" decoding=\"async\" class=\"alignnone size-medium wp-image-5290\" src=\"https:\/\/blogsaverroes.juntadeandalucia.es\/verainqueclase\/files\/2024\/11\/juego-espana-edad-contemporanea-300x171.jpg\" alt=\"\" width=\"300\" height=\"171\"><\/a><\/td>\n<td>&nbsp;<\/td>\n<\/tr>\n<tr>\n<td>&nbsp;<\/td>\n<td>&nbsp;<\/td>\n<td>&nbsp;<\/td>\n<\/tr>\n<tr>\n<td><a href=\"https:\/\/view.genially.com\/673c5e14422d43ee3c868352\"><img loading=\"lazy\" decoding=\"async\" class=\"alignnone size-medium wp-image-5293\" src=\"https:\/\/blogsaverroes.juntadeandalucia.es\/verainqueclase\/files\/2024\/11\/JUEGO-ISABEL-II-MIO-300x171.jpg\" alt=\"\" width=\"300\" height=\"171\"><\/a><\/td>\n<td>&nbsp;<\/td>\n<td>&nbsp;<\/td>\n<\/tr>\n<tr>\n<td>&nbsp;<\/td>\n<td>&nbsp;<\/td>\n<td>&nbsp;<\/td>\n<\/tr>\n<tr>\n<td><a href=\"https:\/\/www.mundoprimaria.com\/juegos-educativos\/jueg-soci-hdt-21\"><img loading=\"lazy\" decoding=\"async\" class=\"alignnone size-medium wp-image-5291\" src=\"https:\/\/blogsaverroes.juntadeandalucia.es\/verainqueclase\/files\/2024\/11\/juego-isabel-ii-300x171.jpg\" alt=\"\" width=\"300\" height=\"171\"><\/a><\/td>\n<td>&nbsp;<\/td>\n<td>&nbsp;<\/td>\n<\/tr>\n<tr>\n<td>&nbsp;<\/td>\n<td>&nbsp;<\/td>\n<td>&nbsp;<\/td>\n<\/tr>\n<tr>\n<td><a href=\"https:\/\/view.genially.com\/67473e151f4f0e0eef0a749e\/interactive-content-67-quiz-s-xix-en-andalucia\"><img loading=\"lazy\" decoding=\"async\" class=\"alignnone size-medium wp-image-5298\" src=\"https:\/\/blogsaverroes.juntadeandalucia.es\/verainqueclase\/files\/2024\/11\/juego-s-xix-andalucia-300x190.jpg\" alt=\"\" width=\"300\" height=\"190\"><\/a><\/td>\n<td>&nbsp;<\/td>\n<td>&nbsp;<\/td>\n<\/tr>\n<tr>\n<td>&nbsp;<\/td>\n<td>&nbsp;<\/td>\n<td>&nbsp;<\/td>\n<\/tr>\n<tr>\n<td><a href=\"https:\/\/view.genially.com\/5ea1af8b1c50690d79602b88\/video-presentation-edad-contemporanea-sxix-1a-parte\"><img decoding=\"async\" src=\"https:\/\/blogsaverroes.juntadeandalucia.es\/verainqueclase\/files\/2020\/11\/genially-siglo-xix-espa%C3%B1a-1-300x160.jpg\"><\/a><\/td>\n<td><a href=\"https:\/\/view.genially.com\/5e9c2c379f55700daa498192\/video-presentation-edad-contemporanea-sxix-2a-parte\"><img decoding=\"async\" src=\"https:\/\/blogsaverroes.juntadeandalucia.es\/verainqueclase\/files\/2020\/11\/genially-siglo-xix-espa%C3%B1a-2-300x160.jpg\"><\/a><\/td>\n<td><a href=\"https:\/\/view.genially.com\/5ea98336134b180d2d38223d\/video-presentation-edad-contemporanea-sxix-3a-parte\"><img decoding=\"async\" src=\"https:\/\/blogsaverroes.juntadeandalucia.es\/verainqueclase\/files\/2020\/11\/genially-siglo-xix-espa%C3%B1a-3-300x160.jpg\"><\/a><\/td>\n<\/tr>\n<tr>\n<td><a href=\"https:\/\/view.genially.com\/5ebfd72a32a04c0d96b71df9\/video-presentation-edad-contemporanea-siglo-xix-4a-parte\"><img decoding=\"async\" src=\"https:\/\/blogsaverroes.juntadeandalucia.es\/verainqueclase\/files\/2020\/11\/genially-siglo-xix-espa%C3%B1a-4-300x160.jpg\"><\/a><\/td>\n<td><a href=\"https:\/\/view.genially.com\/5e54e0c80547410f682fa459\/presentation-la-edad-contemporanea\"><img decoding=\"async\" src=\"https:\/\/blogsaverroes.juntadeandalucia.es\/verainqueclase\/files\/2020\/11\/genially-linea-de-tiempo-contempor%C3%A1nea-300x160.jpg\"><\/a><\/td>\n<td>&nbsp;<\/td>\n<\/tr>\n<tr>\n<td><a href=\"https:\/\/view.genially.com\/5e8e1ce1fba9d40d9e316524\/horizontal-infographic-review-la-edad-contemporanea\"><img decoding=\"async\" src=\"https:\/\/blogsaverroes.juntadeandalucia.es\/verainqueclase\/files\/2020\/11\/genially-juegos-300x160.jpg\"><\/a><\/td>\n<td><a href=\"https:\/\/view.genially.com\/5c7591005d0e4e575e1c6495\/interactive-content-la-sociedad-y-economia-en-el-siglo-xix\"><img decoding=\"async\" src=\"https:\/\/blogsaverroes.juntadeandalucia.es\/verainqueclase\/files\/2020\/11\/genially-juego-sociedad-xix-300x160.jpg\"><\/a><\/td>\n<td><a href=\"https:\/\/view.genially.com\/5e615b5124b7570fe7a39043\/game-action-siglo-xix-parte-i\"><img decoding=\"async\" src=\"https:\/\/blogsaverroes.juntadeandalucia.es\/verainqueclase\/files\/2020\/11\/genially-juego-bienvenidos-siglos-xix-300x160.jpg\"><\/a><\/td>\n<\/tr>\n<tr>\n<td><a href=\"https:\/\/view.genially.com\/5e5f8c4845d9ae0fc6f57033\/game-action-siglo-xix-parte-ii\"><img decoding=\"async\" src=\"https:\/\/blogsaverroes.juntadeandalucia.es\/verainqueclase\/files\/2020\/11\/genially-juego-bienvenidos-siglos-xix-300x160.jpg\"><\/a><\/td>\n<td><a href=\"https:\/\/view.genially.com\/5fb1767eadefec0d0e85ab6f\/learning-experience-challenges-espana-en-el-s-xix\"><img decoding=\"async\" src=\"https:\/\/blogsaverroes.juntadeandalucia.es\/verainqueclase\/files\/2020\/11\/juego-genially-ordenar-300x167.jpg\"><\/a><\/td>\n<td><a href=\"https:\/\/view.genially.com\/5fb185394438070d07a7b08c\/game-juego-personajes-s-xix\"><img decoding=\"async\" src=\"https:\/\/blogsaverroes.juntadeandalucia.es\/verainqueclase\/files\/2020\/11\/genially-juego-pistas-300x167.jpg\"><\/a><\/td>\n<\/tr>\n<\/tbody>\n<tbody>\n<tr>\n<td>&nbsp;<\/td>\n<td>&nbsp;<\/td>\n<td>&nbsp;<\/td>\n<\/tr>\n<\/tbody>\n<\/table>\n","protected":false},"excerpt":{"rendered":"<p>Comenzamos el bloque de historia de Espa\u00f1a. En este tema aprenderemos las siguientes cosas: Comienzo de la Edad Contempor\u00e1nea. Reinado de Fernando VII. Reinado de Isabel II y el Sexenio Revolucionario. Finales del s. XIX. Andaluc\u00eda en el s. XIX. Personajes del s. XIX. COMIENZO DE LA EDAD CONTEMPOR\u00c1NEA Nos encontramos en el s. XIX. &hellip; <\/p>\n<p><a class=\"more-link btn\" href=\"https:\/\/blogsaverroes.juntadeandalucia.es\/manuroca03\/7-cono\/\">Seguir leyendo<\/a><\/p>\n","protected":false},"author":10452,"featured_media":0,"parent":0,"menu_order":0,"comment_status":"closed","ping_status":"closed","template":"","meta":{"ngg_post_thumbnail":0,"footnotes":""},"aioseo_notices":[],"_links":{"self":[{"href":"https:\/\/blogsaverroes.juntadeandalucia.es\/manuroca03\/wp-json\/wp\/v2\/pages\/1990"}],"collection":[{"href":"https:\/\/blogsaverroes.juntadeandalucia.es\/manuroca03\/wp-json\/wp\/v2\/pages"}],"about":[{"href":"https:\/\/blogsaverroes.juntadeandalucia.es\/manuroca03\/wp-json\/wp\/v2\/types\/page"}],"author":[{"embeddable":true,"href":"https:\/\/blogsaverroes.juntadeandalucia.es\/manuroca03\/wp-json\/wp\/v2\/users\/10452"}],"replies":[{"embeddable":true,"href":"https:\/\/blogsaverroes.juntadeandalucia.es\/manuroca03\/wp-json\/wp\/v2\/comments?post=1990"}],"version-history":[{"count":2,"href":"https:\/\/blogsaverroes.juntadeandalucia.es\/manuroca03\/wp-json\/wp\/v2\/pages\/1990\/revisions"}],"predecessor-version":[{"id":1998,"href":"https:\/\/blogsaverroes.juntadeandalucia.es\/manuroca03\/wp-json\/wp\/v2\/pages\/1990\/revisions\/1998"}],"wp:attachment":[{"href":"https:\/\/blogsaverroes.juntadeandalucia.es\/manuroca03\/wp-json\/wp\/v2\/media?parent=1990"}],"curies":[{"name":"wp","href":"https:\/\/api.w.org\/{rel}","templated":true}]}}