{"id":201,"date":"2020-10-10T10:55:43","date_gmt":"2020-10-10T10:55:43","guid":{"rendered":"https:\/\/blogsaverroes.juntadeandalucia.es\/manuroca03\/?page_id=201"},"modified":"2023-09-29T16:32:56","modified_gmt":"2023-09-29T16:32:56","slug":"explicaciones","status":"publish","type":"page","link":"https:\/\/blogsaverroes.juntadeandalucia.es\/manuroca03\/tema-1\/explicaciones\/","title":{"rendered":"MT5\u00baU1. \u00bfPueblo o ciudad?"},"content":{"rendered":"<p>Comenzamos 5\u00ba curso repasando la numeraci\u00f3n: <img loading=\"lazy\" decoding=\"async\" class=\"alignright\" src=\"https:\/\/sdk.bitmoji.com\/render\/panel\/78048204-cb40-44e7-ace4-a0064c4af63f-cda13ef2-3d32-4081-89fe-4a28389e76d0-v1.png?transparent=1&amp;palette=1\" alt=\"sunglasses emoji\" width=\"163\" height=\"163\"><\/p>\n<ul>\n<li>\u00bfPara qu\u00e9 sirven los n\u00fameros?<\/li>\n<li>Los n\u00fameros de hasta 7 cifras.<\/li>\n<li>Aproximo n\u00fameros.<\/li>\n<li>Practico la suma y la resta.<\/li>\n<\/ul>\n<p><strong>1.-\u00bfPARA QU\u00c9 SIRVEN LOS N\u00daMEROS?<\/strong><\/p>\n<p>Los n\u00fameros sirven para contar cosas, por ejemplo los habitantes de Mancha Real. En el pueblo viven unas 11.322 personas (once mil trescientas veintid\u00f3s). Recuerda que la palabra mil se escribe separada.<\/p>\n<p>Los n\u00fameros son infinitos, siempre podemos sumar +1 al n\u00famero anterior.<\/p>\n<h4><strong>\u00a1RECUERDA! Nuestro sistema de numeraci\u00f3n es&#8230;<\/strong><\/h4>\n<p>a) <strong>Decimal<\/strong>: cada diez unidades de un orden forman una unidad superior.<\/p>\n<ul>\n<li style=\"list-style-type: none\">\n<ul>\n<li>10 unidades = 1 decena<\/li>\n<li>10 decenas = 1 centena<\/li>\n<li>10 centenas = 1 unidad de millar\u2026<\/li>\n<\/ul>\n<\/li>\n<\/ul>\n<p><img loading=\"lazy\" decoding=\"async\" class=\"alignnone wp-image-254\" src=\"https:\/\/blogsaverroes.juntadeandalucia.es\/manuroca03\/files\/2020\/10\/decimal-300x75.jpg\" alt=\"\" width=\"658\" height=\"165\" srcset=\"https:\/\/blogsaverroes.juntadeandalucia.es\/manuroca03\/files\/2020\/10\/decimal-300x75.jpg 300w, https:\/\/blogsaverroes.juntadeandalucia.es\/manuroca03\/files\/2020\/10\/decimal-24x6.jpg 24w, https:\/\/blogsaverroes.juntadeandalucia.es\/manuroca03\/files\/2020\/10\/decimal-36x9.jpg 36w, https:\/\/blogsaverroes.juntadeandalucia.es\/manuroca03\/files\/2020\/10\/decimal-48x12.jpg 48w, https:\/\/blogsaverroes.juntadeandalucia.es\/manuroca03\/files\/2020\/10\/decimal.jpg 640w\" sizes=\"(max-width: 658px) 100vw, 658px\" \/><\/p>\n<p>b) <strong>Posicional<\/strong>: el valor de una cifra depende del lugar que ocupa en el n\u00famero.<\/p>\n<p><img loading=\"lazy\" decoding=\"async\" class=\"alignnone wp-image-255\" src=\"https:\/\/blogsaverroes.juntadeandalucia.es\/manuroca03\/files\/2020\/10\/posicional-700x145-1-300x62.jpg\" alt=\"\" width=\"648\" height=\"134\" srcset=\"https:\/\/blogsaverroes.juntadeandalucia.es\/manuroca03\/files\/2020\/10\/posicional-700x145-1-300x62.jpg 300w, https:\/\/blogsaverroes.juntadeandalucia.es\/manuroca03\/files\/2020\/10\/posicional-700x145-1-24x5.jpg 24w, https:\/\/blogsaverroes.juntadeandalucia.es\/manuroca03\/files\/2020\/10\/posicional-700x145-1-36x7.jpg 36w, https:\/\/blogsaverroes.juntadeandalucia.es\/manuroca03\/files\/2020\/10\/posicional-700x145-1-48x10.jpg 48w, https:\/\/blogsaverroes.juntadeandalucia.es\/manuroca03\/files\/2020\/10\/posicional-700x145-1.jpg 700w\" sizes=\"(max-width: 648px) 100vw, 648px\" \/><\/p>\n<p><iframe loading=\"lazy\" src=\"https:\/\/www.youtube.com\/embed\/6TrdP-_hgd8\" width=\"560\" height=\"315\" frameborder=\"0\"><\/iframe><\/p>\n<div style=\"width: 100%\">\n<div style=\"padding-bottom: 56.25%;padding-top: 0;height: 0\"><iframe loading=\"lazy\" src=\"https:\/\/view.genial.ly\/6503175448706600110b2d14\" width=\"1200px\" height=\"675px\" frameborder=\"0\" scrolling=\"yes\"><\/iframe><\/div>\n<\/div>\n<h4><strong>2.- DESCOMPOSICI\u00d3N DE UN N\u00daMERO:<\/strong><\/h4>\n<p>&nbsp;<img loading=\"lazy\" decoding=\"async\" class=\"alignnone wp-image-321\" src=\"https:\/\/blogsaverroes.juntadeandalucia.es\/manuroca03\/files\/2020\/10\/descomposici\u00f3n-n\u00fameros-300x125.png\" alt=\"\" width=\"698\" height=\"291\" srcset=\"https:\/\/blogsaverroes.juntadeandalucia.es\/manuroca03\/files\/2020\/10\/descomposici\u00f3n-n\u00fameros-300x125.png 300w, https:\/\/blogsaverroes.juntadeandalucia.es\/manuroca03\/files\/2020\/10\/descomposici\u00f3n-n\u00fameros-24x10.png 24w, https:\/\/blogsaverroes.juntadeandalucia.es\/manuroca03\/files\/2020\/10\/descomposici\u00f3n-n\u00fameros-36x15.png 36w, https:\/\/blogsaverroes.juntadeandalucia.es\/manuroca03\/files\/2020\/10\/descomposici\u00f3n-n\u00fameros-48x20.png 48w, https:\/\/blogsaverroes.juntadeandalucia.es\/manuroca03\/files\/2020\/10\/descomposici\u00f3n-n\u00fameros.png 564w\" sizes=\"(max-width: 698px) 100vw, 698px\" \/><\/p>\n<p><iframe loading=\"lazy\" src=\"https:\/\/www.youtube.com\/embed\/m0Qm5PuHKKE\" width=\"560\" height=\"315\" frameborder=\"0\"><\/iframe><\/p>\n<h4><strong>3.- COMPARACI\u00d3N Y ORDENACI\u00d3N DE N\u00daMEROS:<\/strong><\/h4>\n<p><img loading=\"lazy\" decoding=\"async\" class=\"alignnone wp-image-320\" src=\"https:\/\/blogsaverroes.juntadeandalucia.es\/manuroca03\/files\/2020\/10\/comparacion-numeros-300x190.png\" alt=\"\" width=\"696\" height=\"441\" srcset=\"https:\/\/blogsaverroes.juntadeandalucia.es\/manuroca03\/files\/2020\/10\/comparacion-numeros-300x190.png 300w, https:\/\/blogsaverroes.juntadeandalucia.es\/manuroca03\/files\/2020\/10\/comparacion-numeros-24x15.png 24w, https:\/\/blogsaverroes.juntadeandalucia.es\/manuroca03\/files\/2020\/10\/comparacion-numeros-36x23.png 36w, https:\/\/blogsaverroes.juntadeandalucia.es\/manuroca03\/files\/2020\/10\/comparacion-numeros-48x30.png 48w, https:\/\/blogsaverroes.juntadeandalucia.es\/manuroca03\/files\/2020\/10\/comparacion-numeros.png 693w\" sizes=\"(max-width: 696px) 100vw, 696px\" \/><\/p>\n<h4><strong>4.- APROXIMACI\u00d3N DE UN N\u00daMERO:<\/strong><\/h4>\n<div style=\"width: 100%\">\n<div style=\"padding-bottom: 56.25%;padding-top: 0;height: 0\"><iframe loading=\"lazy\" src=\"https:\/\/view.genial.ly\/65031e259267580018078eda\" width=\"1200px\" height=\"675px\" frameborder=\"0\" scrolling=\"yes\"><\/iframe><\/div>\n<\/div>\n<h4><strong>5.-SUMAS Y RESTAS. PROPIEDADES DE LA SUMA Y PRUEBA DE LA RESTA:<\/strong><\/h4>\n<div style=\"width: 100%\">\n<div style=\"padding-bottom: 56.25%;padding-top: 0;height: 0\"><iframe loading=\"lazy\" src=\"https:\/\/view.genial.ly\/62fe804fb17fda0018b7c321\" width=\"1200px\" height=\"675px\" frameborder=\"0\" scrolling=\"yes\"><\/iframe><\/div>\n<\/div>\n<div style=\"width: 100%\">\n<div style=\"padding-bottom: 56.25%;padding-top: 0;height: 0\"><iframe loading=\"lazy\" src=\"https:\/\/view.genial.ly\/62fe876db012560018e6c227\" width=\"1200px\" height=\"675px\" frameborder=\"0\" scrolling=\"yes\"><\/iframe><\/div>\n<\/div>\n<p>&nbsp;<\/p>\n<div style=\"width: 100%\">\n<div style=\"padding-bottom: 200.00%;padding-top: 0;height: 0\"><iframe loading=\"lazy\" src=\"https:\/\/view.genial.ly\/5f8473ea4977856eccca4d21\" width=\"400\" height=\"600\" frameborder=\"0\" scrolling=\"yes\"><br \/>\n<iframe loading=\"lazy\" width=\"560\" height=\"315\" src=\"https:\/\/www.youtube.com\/embed\/6TrdP-_hgd8\" frameborder=\"0\"><\/iframe><\/div>\n<\/div>\n","protected":false},"excerpt":{"rendered":"<p>Comenzamos 5\u00ba curso repasando la numeraci\u00f3n: \u00bfPara qu\u00e9 sirven los n\u00fameros? Los n\u00fameros de hasta 7 cifras. Aproximo n\u00fameros. Practico la suma y la resta. 1.-\u00bfPARA QU\u00c9 SIRVEN LOS N\u00daMEROS? Los n\u00fameros sirven para contar cosas, por ejemplo los habitantes de Mancha Real. En el pueblo viven unas 11.322 personas (once mil trescientas veintid\u00f3s). Recuerda &hellip; <\/p>\n<p><a class=\"more-link btn\" href=\"https:\/\/blogsaverroes.juntadeandalucia.es\/manuroca03\/tema-1\/explicaciones\/\">Seguir leyendo<\/a><\/p>\n","protected":false},"author":10452,"featured_media":0,"parent":136,"menu_order":1,"comment_status":"open","ping_status":"closed","template":"","meta":{"ngg_post_thumbnail":0,"footnotes":""},"aioseo_notices":[],"_links":{"self":[{"href":"https:\/\/blogsaverroes.juntadeandalucia.es\/manuroca03\/wp-json\/wp\/v2\/pages\/201"}],"collection":[{"href":"https:\/\/blogsaverroes.juntadeandalucia.es\/manuroca03\/wp-json\/wp\/v2\/pages"}],"about":[{"href":"https:\/\/blogsaverroes.juntadeandalucia.es\/manuroca03\/wp-json\/wp\/v2\/types\/page"}],"author":[{"embeddable":true,"href":"https:\/\/blogsaverroes.juntadeandalucia.es\/manuroca03\/wp-json\/wp\/v2\/users\/10452"}],"replies":[{"embeddable":true,"href":"https:\/\/blogsaverroes.juntadeandalucia.es\/manuroca03\/wp-json\/wp\/v2\/comments?post=201"}],"version-history":[{"count":23,"href":"https:\/\/blogsaverroes.juntadeandalucia.es\/manuroca03\/wp-json\/wp\/v2\/pages\/201\/revisions"}],"predecessor-version":[{"id":1605,"href":"https:\/\/blogsaverroes.juntadeandalucia.es\/manuroca03\/wp-json\/wp\/v2\/pages\/201\/revisions\/1605"}],"up":[{"embeddable":true,"href":"https:\/\/blogsaverroes.juntadeandalucia.es\/manuroca03\/wp-json\/wp\/v2\/pages\/136"}],"wp:attachment":[{"href":"https:\/\/blogsaverroes.juntadeandalucia.es\/manuroca03\/wp-json\/wp\/v2\/media?parent=201"}],"curies":[{"name":"wp","href":"https:\/\/api.w.org\/{rel}","templated":true}]}}