{"id":202,"date":"2020-10-10T10:55:43","date_gmt":"2020-10-10T10:55:43","guid":{"rendered":"https:\/\/blogsaverroes.juntadeandalucia.es\/manuroca03\/?page_id=202"},"modified":"2020-10-31T19:31:02","modified_gmt":"2020-10-31T19:31:02","slug":"actividades","status":"publish","type":"page","link":"https:\/\/blogsaverroes.juntadeandalucia.es\/manuroca03\/tema-1\/actividades\/","title":{"rendered":"Actividades T1"},"content":{"rendered":"<div style=\"width: 100%\">\n<div><span style=\"color: #3366ff\"><strong>* ACTIVIDADES COMUNES (CUADERNO):<\/strong><\/span><\/div>\n<div><strong>1. Lectura y escritura de n\u00fameros de hasta nueve cifras.<\/strong><\/div>\n<div><strong>2. Descomposici\u00f3n de n\u00fameros, seg\u00fan el valor de posici\u00f3n y el orden de unidades.<\/strong><\/div>\n<div><strong>3. Composici\u00f3n de n\u00fameros.<\/strong><\/div>\n<div><strong>4. Representar y leer n\u00fameros en el \u00e1baco. (<a href=\"https:\/\/www.ictgames.com\/mobilePage\/abacus\/\">pincha aqu\u00ed<\/a>)<\/strong><\/div>\n<div><strong>5. Comparaci\u00f3n de cantidades con la misma y con distinta cantidad de cifras.<\/strong><\/div>\n<div><strong>6. Ordenaci\u00f3n de n\u00fameros.<\/strong><\/div>\n<div><strong>7. Propiedades de la suma.<\/strong><\/div>\n<div><strong>8. Prueba de la resta.<\/strong><\/div>\n<div><strong>9.&nbsp;<\/strong><strong>Resoluci\u00f3n de problemas.&nbsp;<\/strong><\/div>\n<div><strong>10. C\u00e1lculo mental: suma y resta de centenas completas.<\/strong><\/div>\n<div>&nbsp;<\/div>\n<div><iframe loading=\"lazy\" src=\"https:\/\/drive.google.com\/file\/d\/1GXCtaXCEipR4dG3oMeq25CNsq0zZwASF\/preview\" width=\"640\" height=\"480\"><\/iframe><\/div>\n<div>&nbsp;<\/div>\n<div><span style=\"color: #3366ff\"><strong>* ACTIVIDADES COMPLEMENTARIAS (FICHAS):<\/strong><\/span><\/div>\n<ul style=\"list-style-type: square\">\n<li style=\"list-style-type: none\">\n<ul style=\"list-style-type: square\">\n<li><span style=\"color: #000000\"><strong>&nbsp; MISI\u00d3N 1 DE LOS S\u00daPER MATIH\u00c9ROES \u00abHIP\u00d3TESIS\u00bb:<\/strong><\/span><\/li>\n<\/ul>\n<\/li>\n<\/ul>\n<p><iframe loading=\"lazy\" src=\"https:\/\/drive.google.com\/file\/d\/1XVEaoyja46a44t-6E5HilcZM2-mLDGDj\/preview\" width=\"640\" height=\"480\"><\/iframe><\/p>\n<div><span style=\"color: #3366ff\"><strong>* ACTIVIDADES DE REFUERZO Y AMPLIACI\u00d3N (DIGITALES):<\/strong><\/span><\/div>\n<ul>\n<li><span style=\"color: #000000\"><strong>REPASO N\u00daMEROS NATURALES:<\/strong><\/span><\/li>\n<\/ul>\n<p><a href=\"https:\/\/cplosangeles.educarex.es\/web\/quinto_curso\/matematicas_5\/index.htm\"><img loading=\"lazy\" decoding=\"async\" class=\"alignnone wp-image-476\" src=\"https:\/\/blogsaverroes.juntadeandalucia.es\/manuroca03\/files\/2020\/10\/Captura-1-300x91.jpg\" alt=\"\" width=\"613\" height=\"186\" srcset=\"https:\/\/blogsaverroes.juntadeandalucia.es\/manuroca03\/files\/2020\/10\/Captura-1-300x91.jpg 300w, https:\/\/blogsaverroes.juntadeandalucia.es\/manuroca03\/files\/2020\/10\/Captura-1-1024x312.jpg 1024w, https:\/\/blogsaverroes.juntadeandalucia.es\/manuroca03\/files\/2020\/10\/Captura-1-768x234.jpg 768w, https:\/\/blogsaverroes.juntadeandalucia.es\/manuroca03\/files\/2020\/10\/Captura-1-24x7.jpg 24w, https:\/\/blogsaverroes.juntadeandalucia.es\/manuroca03\/files\/2020\/10\/Captura-1-36x11.jpg 36w, https:\/\/blogsaverroes.juntadeandalucia.es\/manuroca03\/files\/2020\/10\/Captura-1-48x15.jpg 48w, https:\/\/blogsaverroes.juntadeandalucia.es\/manuroca03\/files\/2020\/10\/Captura-1.jpg 1285w\" sizes=\"(max-width: 613px) 100vw, 613px\" \/><\/a>&nbsp;<\/p>\n<ul>\n<li><span style=\"color: #000000\"><strong>LABERINTO DE DESCOMPOSICIONES:<\/strong><\/span><\/li>\n<\/ul>\n<div style=\"padding-bottom: 56.25%;padding-top: 0;height: 0\"><iframe loading=\"lazy\" src=\"https:\/\/view.genial.ly\/5bd895f7429dc211d9d1c9b6\" width=\"600px\" height=\"375px\" frameborder=\"0\" scrolling=\"yes\"><span data-mce-type=\"bookmark\" style=\"width: 0px;overflow: hidden;line-height: 0\" class=\"mce_SELRES_start\">\ufeff<\/span><\/iframe><\/div>\n<\/div>\n","protected":false},"excerpt":{"rendered":"<p>* ACTIVIDADES COMUNES (CUADERNO): 1. Lectura y escritura de n\u00fameros de hasta nueve cifras. 2. Descomposici\u00f3n de n\u00fameros, seg\u00fan el valor de posici\u00f3n y el orden de unidades. 3. Composici\u00f3n de n\u00fameros. 4. Representar y leer n\u00fameros en el \u00e1baco. (pincha aqu\u00ed) 5. Comparaci\u00f3n de cantidades con la misma y con distinta cantidad de cifras. &hellip; <\/p>\n<p><a class=\"more-link btn\" href=\"https:\/\/blogsaverroes.juntadeandalucia.es\/manuroca03\/tema-1\/actividades\/\">Seguir leyendo<\/a><\/p>\n","protected":false},"author":10452,"featured_media":0,"parent":136,"menu_order":2,"comment_status":"open","ping_status":"closed","template":"","meta":{"ngg_post_thumbnail":0,"footnotes":""},"aioseo_notices":[],"_links":{"self":[{"href":"https:\/\/blogsaverroes.juntadeandalucia.es\/manuroca03\/wp-json\/wp\/v2\/pages\/202"}],"collection":[{"href":"https:\/\/blogsaverroes.juntadeandalucia.es\/manuroca03\/wp-json\/wp\/v2\/pages"}],"about":[{"href":"https:\/\/blogsaverroes.juntadeandalucia.es\/manuroca03\/wp-json\/wp\/v2\/types\/page"}],"author":[{"embeddable":true,"href":"https:\/\/blogsaverroes.juntadeandalucia.es\/manuroca03\/wp-json\/wp\/v2\/users\/10452"}],"replies":[{"embeddable":true,"href":"https:\/\/blogsaverroes.juntadeandalucia.es\/manuroca03\/wp-json\/wp\/v2\/comments?post=202"}],"version-history":[{"count":21,"href":"https:\/\/blogsaverroes.juntadeandalucia.es\/manuroca03\/wp-json\/wp\/v2\/pages\/202\/revisions"}],"predecessor-version":[{"id":493,"href":"https:\/\/blogsaverroes.juntadeandalucia.es\/manuroca03\/wp-json\/wp\/v2\/pages\/202\/revisions\/493"}],"up":[{"embeddable":true,"href":"https:\/\/blogsaverroes.juntadeandalucia.es\/manuroca03\/wp-json\/wp\/v2\/pages\/136"}],"wp:attachment":[{"href":"https:\/\/blogsaverroes.juntadeandalucia.es\/manuroca03\/wp-json\/wp\/v2\/media?parent=202"}],"curies":[{"name":"wp","href":"https:\/\/api.w.org\/{rel}","templated":true}]}}