{"id":2058,"date":"2025-04-20T10:03:51","date_gmt":"2025-04-20T10:03:51","guid":{"rendered":"https:\/\/blogsaverroes.juntadeandalucia.es\/manuroca03\/?page_id=2058"},"modified":"2025-04-21T18:27:17","modified_gmt":"2025-04-21T18:27:17","slug":"u11_lc_6oep","status":"publish","type":"page","link":"https:\/\/blogsaverroes.juntadeandalucia.es\/manuroca03\/u11_lc_6oep\/","title":{"rendered":"LC6\u00baU11. Descubrimos el gran azul."},"content":{"rendered":"<p>Ya casi estamos acabando&#8230;<\/p>\n<ul>\n<li>En esta unidad trabajaremos los textos period\u00edsticos como la noticia y el reportaje.<\/li>\n<li>Distinguiremos entre abreviaturas, siglas y acr\u00f3nimos.<\/li>\n<li>Dramatizaremos una entrevista.<\/li>\n<li>Escribiremos un texto publicitario.<\/li>\n<li>Conoceremos los atributos del verbo: el atributo, el Complemento Directo, el Complemento Indirecto y los Complementos Circunstanciales.<\/li>\n<li>En Ortograf\u00eda repasaremos los usos de la z, la c y la cc y las palabras con g y j.<\/li>\n<\/ul>\n<h4><strong>LOS TEXTOS PERIOD\u00cdSTICOS<\/strong><\/h4>\n<p><img loading=\"lazy\" decoding=\"async\" class=\"wp-image-1821 alignright\" src=\"https:\/\/blogsaverroes.juntadeandalucia.es\/verainqueclase\/files\/2020\/12\/descarga-2-2-300x300.png\" alt=\"\" width=\"158\" height=\"158\"><\/p>\n<p>El&nbsp;<strong>reportaje es un texto period\u00edstico de investigaci\u00f3n<\/strong>&nbsp;que informa<br \/>\nsobre un tema en profundidad.<\/p>\n<p>Incluye opiniones de personas expertas, estudios sobre el tema, entrevistas, estad\u00edsticas e im\u00e1genes. Adem\u00e1s, puede contener las opiniones del autor o de la autora.<\/p>\n<p><a href=\"https:\/\/view.genial.ly\/5fe5d39da666f40d7dc6a6f9\/vertical-infographic-timeline-genially-sin-titulo\"><img loading=\"lazy\" decoding=\"async\" class=\"\" src=\"https:\/\/blogsaverroes.juntadeandalucia.es\/verainqueclase\/files\/2020\/12\/genially-reportaje-300x162.jpg\" width=\"711\" height=\"384\"><\/a><\/p>\n<h4><strong>LAS ABREVIATURAS, LAS SIGLAS Y LOS ACR\u00d3NIMOS<\/strong><\/h4>\n<p><a href=\"https:\/\/view.genially.com\/5fc167f32c85d8120cbefe3b\/horizontal-infographic-lists-abreviaturas-siglas-y-acronimos\"><img loading=\"lazy\" decoding=\"async\" class=\"alignnone wp-image-5536\" src=\"https:\/\/blogsaverroes.juntadeandalucia.es\/verainqueclase\/files\/2025\/03\/genially-ACRONIMOS-300x161.jpg\" alt=\"\" width=\"915\" height=\"491\"><\/a><\/p>\n<table>\n<tbody>\n<tr>\n<td><a href=\"https:\/\/wordwall.net\/es\/resource\/4692980\/siglas-abreviaturas-y-acr%c3%b3nimos\"><img decoding=\"async\" src=\"https:\/\/blogsaverroes.juntadeandalucia.es\/verainqueclase\/files\/2020\/11\/juego-siglas-3-300x164.jpg\"><\/a><\/td>\n<td><a href=\"https:\/\/wordwall.net\/es\/resource\/5132947\/abreviaturas\"><img decoding=\"async\" src=\"https:\/\/blogsaverroes.juntadeandalucia.es\/verainqueclase\/files\/2020\/11\/juego-siglas-4-300x165.jpg\"><\/a><\/td>\n<td><a href=\"https:\/\/wordwall.net\/es\/resource\/5326987\/abreviaturas\"><img decoding=\"async\" src=\"https:\/\/blogsaverroes.juntadeandalucia.es\/verainqueclase\/files\/2020\/11\/juego-siglas-5-300x165.jpg\"><\/a><\/td>\n<\/tr>\n<tr>\n<td><a href=\"https:\/\/www.mundoprimaria.com\/juegos-educativos\/juegos-lenguaje\/juego-de-abreviaturas\"><img loading=\"lazy\" decoding=\"async\" class=\"\" src=\"https:\/\/blogsaverroes.juntadeandalucia.es\/verainqueclase\/files\/2020\/11\/juego-abreviaturas-300x234.jpg\" width=\"176\" height=\"138\"><\/a><\/td>\n<td><a href=\"https:\/\/www.mundoprimaria.com\/juegos-educativos\/juegos-lenguaje\/juego-abreviaturas\"><img loading=\"lazy\" decoding=\"async\" class=\"alignnone size-medium wp-image-5538\" src=\"https:\/\/blogsaverroes.juntadeandalucia.es\/verainqueclase\/files\/2025\/03\/juego-abreviaturas-300x161.jpg\" alt=\"\" width=\"300\" height=\"161\"><\/a><\/td>\n<td><a href=\"https:\/\/www.mundoprimaria.com\/juegos-educativos\/juegos-lenguaje\/juego-siglas-acronimos\"><img loading=\"lazy\" decoding=\"async\" class=\"alignnone size-medium wp-image-5539\" src=\"https:\/\/blogsaverroes.juntadeandalucia.es\/verainqueclase\/files\/2025\/03\/juego-siglas-300x161.jpg\" alt=\"\" width=\"300\" height=\"161\"><\/a><\/td>\n<\/tr>\n<tr>\n<td><a href=\"https:\/\/wordwall.net\/es\/resource\/32069062\/abreviaturas-y-siglas\"><img loading=\"lazy\" decoding=\"async\" class=\"alignnone size-medium wp-image-5541\" src=\"https:\/\/blogsaverroes.juntadeandalucia.es\/verainqueclase\/files\/2025\/03\/juego-siglas-2-300x161.jpg\" alt=\"\" width=\"300\" height=\"161\"><\/a><\/td>\n<td><a href=\"https:\/\/wordwall.net\/es\/resource\/15781404\/abreviaturas-y-siglas\"><img loading=\"lazy\" decoding=\"async\" class=\"alignnone size-medium wp-image-5542\" src=\"https:\/\/blogsaverroes.juntadeandalucia.es\/verainqueclase\/files\/2025\/03\/juego-siglas-3-300x161.jpg\" alt=\"\" width=\"300\" height=\"161\"><\/a><\/td>\n<td>&nbsp;<\/td>\n<\/tr>\n<\/tbody>\n<\/table>\n<h4><strong>DRAMATIZO UNA ENTREVISTA<\/strong><\/h4>\n<p><a href=\"https:\/\/view.genially.com\/63026abbb5bda6001283abba\/horizontal-infographic-review-45-la-entrevista\"><img loading=\"lazy\" decoding=\"async\" class=\"alignnone wp-image-5543\" src=\"https:\/\/blogsaverroes.juntadeandalucia.es\/verainqueclase\/files\/2025\/03\/genially-la-entrevista-300x161.jpg\" alt=\"\" width=\"878\" height=\"471\"><\/a><\/p>\n<h4><strong>ESCRIBO UN TEXTO PUBLICITARIO<\/strong><\/h4>\n<p><a href=\"https:\/\/view.genially.com\/5fe8b2544a35bd0d034e84a1\/horizontal-infographic-review-la-publicidad\"><img loading=\"lazy\" decoding=\"async\" class=\"\" src=\"https:\/\/blogsaverroes.juntadeandalucia.es\/verainqueclase\/files\/2020\/12\/genially-publicidad-300x166.jpg\" width=\"934\" height=\"517\"><\/a><\/p>\n<h4><strong>LOS COMPLEMENTOS DEL VERBO<\/strong><\/h4>\n<p><a href=\"https:\/\/view.genially.com\/5fe5d8b7a666f40d7dc6a71b\/horizontal-infographic-lists-atributo-y-c-directo\"><img loading=\"lazy\" decoding=\"async\" class=\"alignnone wp-image-5544\" src=\"https:\/\/blogsaverroes.juntadeandalucia.es\/verainqueclase\/files\/2025\/03\/genially-atributo-complemento-directo-300x161.jpg\" alt=\"\" width=\"920\" height=\"494\"><\/a><\/p>\n<table>\n<tbody>\n<tr>\n<td><a href=\"https:\/\/wordwall.net\/es\/resource\/31833580\/tiene-atributo\"><img loading=\"lazy\" decoding=\"async\" class=\"alignnone size-medium wp-image-5548\" src=\"https:\/\/blogsaverroes.juntadeandalucia.es\/verainqueclase\/files\/2025\/03\/juego-atributo-300x161.jpg\" alt=\"\" width=\"300\" height=\"161\"><\/a><\/td>\n<td><a href=\"https:\/\/wordwall.net\/es\/resource\/2795868\/atributo-o-cd\"><img loading=\"lazy\" decoding=\"async\" class=\"alignnone size-medium wp-image-5549\" src=\"https:\/\/blogsaverroes.juntadeandalucia.es\/verainqueclase\/files\/2025\/03\/juego-atributo-2-300x161.jpg\" alt=\"\" width=\"300\" height=\"161\"><\/a><\/td>\n<td><a href=\"https:\/\/wordwall.net\/es\/resource\/32267249\/tiene-atributo\"><img loading=\"lazy\" decoding=\"async\" class=\"alignnone size-medium wp-image-5550\" src=\"https:\/\/blogsaverroes.juntadeandalucia.es\/verainqueclase\/files\/2025\/03\/juego-atributo-3-300x161.jpg\" alt=\"\" width=\"300\" height=\"161\"><\/a><\/td>\n<\/tr>\n<tr>\n<td><a href=\"https:\/\/wordwall.net\/es\/resource\/16351481\/lengua-6%C2%BA-gram%C3%A1tica-u-10-atributo-y-complemento-directo\"><img loading=\"lazy\" decoding=\"async\" class=\"alignnone size-medium wp-image-5551\" src=\"https:\/\/blogsaverroes.juntadeandalucia.es\/verainqueclase\/files\/2025\/03\/juego-atributo-4-300x161.jpg\" alt=\"\" width=\"300\" height=\"161\"><\/a><\/td>\n<td><a href=\"https:\/\/wordwall.net\/es\/resource\/29964887\/an%C3%A1lisis-sint%C3%A1ctico-2-el-complemento-directo\"><img loading=\"lazy\" decoding=\"async\" class=\"alignnone size-medium wp-image-5524\" src=\"https:\/\/blogsaverroes.juntadeandalucia.es\/verainqueclase\/files\/2025\/03\/juego-nucleos-300x161.jpg\" alt=\"\" width=\"300\" height=\"161\"><\/a><\/td>\n<td>&nbsp;<\/td>\n<\/tr>\n<\/tbody>\n<\/table>\n<p><a href=\"https:\/\/view.genial.ly\/5fe668bda666f40d7dc6ab82\/horizontal-infographic-lists-atributo-y-c-directo-copia\"><img loading=\"lazy\" decoding=\"async\" class=\"alignnone wp-image-1840\" src=\"https:\/\/blogsaverroes.juntadeandalucia.es\/verainqueclase\/files\/2020\/12\/complemento-indirecto-300x168.jpg\" alt=\"\" width=\"879\" height=\"492\"><\/a><\/p>\n<table style=\"width: 98%;height: 313px\">\n<tbody>\n<tr style=\"height: 147px\">\n<td style=\"height: 147px\"><a href=\"https:\/\/wordwall.net\/es\/resource\/2153285\/sintaxis-sujeto-predicado-atributo-cd-y-ci\"><img loading=\"lazy\" decoding=\"async\" class=\"alignnone size-medium wp-image-5524\" src=\"https:\/\/blogsaverroes.juntadeandalucia.es\/verainqueclase\/files\/2025\/03\/juego-nucleos-300x161.jpg\" alt=\"\" width=\"300\" height=\"161\"><\/a><\/td>\n<td style=\"height: 147px\"><a href=\"https:\/\/wordwall.net\/es\/resource\/55649292\/cd-ci-y-atributo\"><img loading=\"lazy\" decoding=\"async\" class=\"alignnone size-medium wp-image-5552\" src=\"https:\/\/blogsaverroes.juntadeandalucia.es\/verainqueclase\/files\/2025\/03\/juego-complementos-300x161.jpg\" alt=\"\" width=\"300\" height=\"161\"><\/a><\/td>\n<td style=\"height: 147px\"><a href=\"https:\/\/view.genial.ly\/5cebd18269b82e0f535fdef0\"><img decoding=\"async\" src=\"https:\/\/blogsaverroes.juntadeandalucia.es\/verainqueclase\/files\/2020\/12\/juego-an%C3%A1lisis-300x168.jpg\"><\/a><\/td>\n<\/tr>\n<tr style=\"height: 147px\">\n<td style=\"height: 147px\"><a href=\"https:\/\/wordwall.net\/es\/resource\/30797248\/complemento-directo-e-indirecto\"><img loading=\"lazy\" decoding=\"async\" class=\"alignnone size-medium wp-image-5524\" src=\"https:\/\/blogsaverroes.juntadeandalucia.es\/verainqueclase\/files\/2025\/03\/juego-nucleos-300x161.jpg\" alt=\"\" width=\"300\" height=\"161\"><\/a><\/td>\n<td style=\"height: 147px\"><a href=\"https:\/\/wordwall.net\/es\/resource\/27894083\/sintaxis\"><img loading=\"lazy\" decoding=\"async\" class=\"alignnone size-medium wp-image-5553\" src=\"https:\/\/blogsaverroes.juntadeandalucia.es\/verainqueclase\/files\/2025\/03\/juego-complementos-2-300x161.jpg\" alt=\"\" width=\"300\" height=\"161\"><\/a><\/td>\n<td style=\"height: 147px\">&nbsp;<\/td>\n<\/tr>\n<\/tbody>\n<\/table>\n<h4><strong>LA Z, C Y CC<\/strong><\/h4>\n<p><strong>Escribimos con -c-:<\/strong><\/p>\n<ul>\n<li>Plural de nombres cuyo singular termina en -z: luces (luz), jueces (juez)\u2026<\/li>\n<\/ul>\n<p><strong>Escribimos con -cc-:<\/strong><\/p>\n<ul>\n<li>Palabras acabadas en -ci\u00f3n, si en su misma familia tiene las letras -ct\u2013: inspecci\u00f3n (inspector).<\/li>\n<li>Palabras como accesorio, acceso, accidente, occidente\u2026 y sus derivados.<\/li>\n<\/ul>\n<p><strong>Se escriben con z:<\/strong><\/p>\n<ul>\n<li>1\u00aa persona del presente de indicativo de los verbos acabados en -ecer, -acer, -ocer y -ucir: desaparezco (desaparecer), conozco (conocer) \u2026<\/li>\n<\/ul>\n","protected":false},"excerpt":{"rendered":"<p>Ya casi estamos acabando&#8230; En esta unidad trabajaremos los textos period\u00edsticos como la noticia y el reportaje. Distinguiremos entre abreviaturas, siglas y acr\u00f3nimos. Dramatizaremos una entrevista. Escribiremos un texto publicitario. Conoceremos los atributos del verbo: el atributo, el Complemento Directo, el Complemento Indirecto y los Complementos Circunstanciales. En Ortograf\u00eda repasaremos los usos de la z, &hellip; <\/p>\n<p><a class=\"more-link btn\" href=\"https:\/\/blogsaverroes.juntadeandalucia.es\/manuroca03\/u11_lc_6oep\/\">Seguir leyendo<\/a><\/p>\n","protected":false},"author":10452,"featured_media":0,"parent":0,"menu_order":0,"comment_status":"closed","ping_status":"closed","template":"","meta":{"ngg_post_thumbnail":0,"footnotes":""},"aioseo_notices":[],"_links":{"self":[{"href":"https:\/\/blogsaverroes.juntadeandalucia.es\/manuroca03\/wp-json\/wp\/v2\/pages\/2058"}],"collection":[{"href":"https:\/\/blogsaverroes.juntadeandalucia.es\/manuroca03\/wp-json\/wp\/v2\/pages"}],"about":[{"href":"https:\/\/blogsaverroes.juntadeandalucia.es\/manuroca03\/wp-json\/wp\/v2\/types\/page"}],"author":[{"embeddable":true,"href":"https:\/\/blogsaverroes.juntadeandalucia.es\/manuroca03\/wp-json\/wp\/v2\/users\/10452"}],"replies":[{"embeddable":true,"href":"https:\/\/blogsaverroes.juntadeandalucia.es\/manuroca03\/wp-json\/wp\/v2\/comments?post=2058"}],"version-history":[{"count":2,"href":"https:\/\/blogsaverroes.juntadeandalucia.es\/manuroca03\/wp-json\/wp\/v2\/pages\/2058\/revisions"}],"predecessor-version":[{"id":2092,"href":"https:\/\/blogsaverroes.juntadeandalucia.es\/manuroca03\/wp-json\/wp\/v2\/pages\/2058\/revisions\/2092"}],"wp:attachment":[{"href":"https:\/\/blogsaverroes.juntadeandalucia.es\/manuroca03\/wp-json\/wp\/v2\/media?parent=2058"}],"curies":[{"name":"wp","href":"https:\/\/api.w.org\/{rel}","templated":true}]}}