{"id":2061,"date":"2025-04-20T10:05:14","date_gmt":"2025-04-20T10:05:14","guid":{"rendered":"https:\/\/blogsaverroes.juntadeandalucia.es\/manuroca03\/?page_id=2061"},"modified":"2025-04-21T18:28:13","modified_gmt":"2025-04-21T18:28:13","slug":"u12_lc_6oep","status":"publish","type":"page","link":"https:\/\/blogsaverroes.juntadeandalucia.es\/manuroca03\/u12_lc_6oep\/","title":{"rendered":"LC6\u00baU12. \u00a1C\u00e1mara y acci\u00f3n!"},"content":{"rendered":"<p>Terminamos el libro con el tema 12, centrado en el cine:<\/p>\n<ul>\n<li>Aprenderemos qu\u00e9 son los neologismos.<\/li>\n<li>Veremos las caracter\u00edsticas de la publicidad y las pondremos en pr\u00e1ctica para hacer un anuncio.<\/li>\n<li>En Gram\u00e1tica aprenderemos a analizar las oraciones.<\/li>\n<li>En Ortograf\u00eda repasaremos el uso de la s, la x, la b y la v.<\/li>\n<li>Terminaremos viendo la relaci\u00f3n existente entre el cine y la literatura.<\/li>\n<\/ul>\n<h4><strong>LOS NEOLOGISMOS<\/strong><\/h4>\n<p><a href=\"https:\/\/view.genial.ly\/5fe8adb94a35bd0d034e8439\/horizontal-infographic-review-la-tragedia-y-la-comedia-copia\"><img loading=\"lazy\" decoding=\"async\" class=\"alignnone wp-image-1857\" src=\"https:\/\/blogsaverroes.juntadeandalucia.es\/verainqueclase\/files\/2020\/12\/genially-neologismos-300x166.jpg\" alt=\"\" width=\"788\" height=\"436\"><\/a><\/p>\n<table>\n<tbody>\n<tr>\n<td><a href=\"https:\/\/www.mundoprimaria.com\/juegos-educativos\/juegos-lenguaje\/juego-neologismos\"><img loading=\"lazy\" decoding=\"async\" class=\"alignnone size-medium wp-image-1858\" src=\"https:\/\/blogsaverroes.juntadeandalucia.es\/verainqueclase\/files\/2020\/12\/juego-mundo-neologismos-300x166.jpg\" alt=\"\" width=\"300\" height=\"166\"><\/a><\/td>\n<td><a href=\"https:\/\/www.mundoprimaria.com\/juegos-educativos\/juegos-lenguaje\/juego-extranjerismos\"><img loading=\"lazy\" decoding=\"async\" class=\"alignnone size-medium wp-image-1859\" src=\"https:\/\/blogsaverroes.juntadeandalucia.es\/verainqueclase\/files\/2020\/12\/juego-mundo-extranjerismos-300x166.jpg\" alt=\"\" width=\"300\" height=\"166\"><\/a><\/td>\n<td>&nbsp;<\/td>\n<\/tr>\n<\/tbody>\n<\/table>\n<h4><strong>LA PUBLICIDAD<\/strong><\/h4>\n<p><a href=\"https:\/\/view.genial.ly\/5fe8b2544a35bd0d034e84a1\/horizontal-infographic-review-genially-sin-titulo\"><img loading=\"lazy\" decoding=\"async\" class=\"alignnone wp-image-1861\" src=\"https:\/\/blogsaverroes.juntadeandalucia.es\/verainqueclase\/files\/2020\/12\/genially-publicidad-300x166.jpg\" alt=\"\" width=\"790\" height=\"437\"><\/a><\/p>\n<h4><strong>EL AN\u00c1LISIS SINT\u00c1CTICO<\/strong><\/h4>\n<p><a href=\"https:\/\/view.genial.ly\/5fe8b6b2a666f40d7dc6bdf9\/vertical-infographic-timeline-genially-sin-titulo\"><img loading=\"lazy\" decoding=\"async\" class=\"alignnone wp-image-1863\" src=\"https:\/\/blogsaverroes.juntadeandalucia.es\/verainqueclase\/files\/2020\/12\/genially-analisis-300x166.jpg\" alt=\"\" width=\"755\" height=\"418\"><\/a><\/p>\n<h4><a href=\"https:\/\/view.genial.ly\/5eb35aa8d4d59a0d61ff76e8\/presentation-analisis-sintactico\"><img loading=\"lazy\" decoding=\"async\" class=\"alignnone wp-image-1846\" src=\"https:\/\/blogsaverroes.juntadeandalucia.es\/verainqueclase\/files\/2020\/12\/genially-an%C3%A1lisis-300x168.jpg\" alt=\"\" width=\"771\" height=\"432\"><\/a><\/h4>\n<table>\n<tbody>\n<tr>\n<td><a href=\"https:\/\/view.genial.ly\/5738b3cb32d08c1b5850a7a6\/interactive-content-analisis-sintactico-o-simple\"><img loading=\"lazy\" decoding=\"async\" class=\"alignnone size-medium wp-image-1825\" src=\"https:\/\/blogsaverroes.juntadeandalucia.es\/verainqueclase\/files\/2020\/12\/genially-an%C3%A1lisis-sintactico-300x162.jpg\" alt=\"\" width=\"300\" height=\"162\"><\/a><\/td>\n<td><a href=\"https:\/\/view.genial.ly\/5cd1c68cdecf900f570656cc\/game-breakout-los-grupos-sintacticos\"><img loading=\"lazy\" decoding=\"async\" class=\"alignnone size-medium wp-image-1842\" src=\"https:\/\/blogsaverroes.juntadeandalucia.es\/verainqueclase\/files\/2020\/12\/juego-grupos-300x168.jpg\" alt=\"\" width=\"300\" height=\"168\"><\/a><\/td>\n<td><a href=\"https:\/\/view.genial.ly\/5ceb91da2763660f307ac269\"><img loading=\"lazy\" decoding=\"async\" class=\"alignnone size-medium wp-image-1841\" src=\"https:\/\/blogsaverroes.juntadeandalucia.es\/verainqueclase\/files\/2020\/12\/juego-an%C3%A1lisis-300x168.jpg\" alt=\"\" width=\"300\" height=\"168\"><\/a><\/td>\n<\/tr>\n<tr>\n<td><a href=\"https:\/\/view.genial.ly\/603b7c2c3f847e0d0193a4cf\/presentation-analisis-sujeto-y-predicado\"><img loading=\"lazy\" decoding=\"async\" class=\"alignnone size-medium wp-image-1933\" src=\"https:\/\/blogsaverroes.juntadeandalucia.es\/verainqueclase\/files\/2021\/05\/juego-an%C3%A1lisis-300x142.jpg\" alt=\"\" width=\"300\" height=\"142\"><\/a><\/td>\n<td>&nbsp;<\/td>\n<td>&nbsp;<\/td>\n<\/tr>\n<\/tbody>\n<\/table>\n<h4><strong>LA S y LA X \/ LA B Y LA V<\/strong><\/h4>\n<p><a href=\"https:\/\/view.genial.ly\/5fe8be7c6157fe0d69195839\/horizontal-infographic-lists-la-s-x-b-y-v\"><img loading=\"lazy\" decoding=\"async\" class=\"alignnone wp-image-1867\" src=\"https:\/\/blogsaverroes.juntadeandalucia.es\/verainqueclase\/files\/2020\/12\/genially-s-x-b-v-300x166.jpg\" alt=\"\" width=\"886\" height=\"490\"><\/a><\/p>\n<table>\n<tbody>\n<tr>\n<td><a href=\"https:\/\/view.genial.ly\/5c02ac2419e0bd2c9d32716a\/interactive-content-2x02-viaje-a-babaria\"><img loading=\"lazy\" decoding=\"async\" class=\"alignnone size-medium wp-image-1533\" src=\"https:\/\/blogsaverroes.juntadeandalucia.es\/verainqueclase\/files\/2020\/12\/juego-sherlock-b-v-300x167.jpg\" alt=\"\" width=\"300\" height=\"167\"><\/a><\/td>\n<td><a href=\"https:\/\/view.genial.ly\/5e4f9fa6daf68f65087dd34b\/interactive-content-2x01-el-caso-del-valle-del-pueblo-nevado\"><img loading=\"lazy\" decoding=\"async\" class=\"alignnone size-medium wp-image-1800\" src=\"https:\/\/blogsaverroes.juntadeandalucia.es\/verainqueclase\/files\/2020\/12\/sherlock-pueblo-nevado-300x166.jpg\" alt=\"\" width=\"300\" height=\"166\"><\/a><\/td>\n<td><a href=\"https:\/\/view.genial.ly\/5c80304ea159c7762916785f\/interactive-content-especial-estas-fallas-son-la-bomba\"><img loading=\"lazy\" decoding=\"async\" class=\"alignnone size-medium wp-image-1802\" src=\"https:\/\/blogsaverroes.juntadeandalucia.es\/verainqueclase\/files\/2020\/12\/sherlock-fallas-300x166.jpg\" alt=\"\" width=\"300\" height=\"166\"><\/a><\/td>\n<\/tr>\n<\/tbody>\n<\/table>\n<h4><strong>CINE Y LITERATURA<\/strong><\/h4>\n<div class=\"fluid-width-video-wrapper\"><iframe src=\"https:\/\/www.youtube.com\/embed\/MuboW_I3IXg\"><\/iframe><\/div>\n","protected":false},"excerpt":{"rendered":"<p>Terminamos el libro con el tema 12, centrado en el cine: Aprenderemos qu\u00e9 son los neologismos. Veremos las caracter\u00edsticas de la publicidad y las pondremos en pr\u00e1ctica para hacer un anuncio. En Gram\u00e1tica aprenderemos a analizar las oraciones. En Ortograf\u00eda repasaremos el uso de la s, la x, la b y la v. Terminaremos viendo &hellip; <\/p>\n<p><a class=\"more-link btn\" href=\"https:\/\/blogsaverroes.juntadeandalucia.es\/manuroca03\/u12_lc_6oep\/\">Seguir leyendo<\/a><\/p>\n","protected":false},"author":10452,"featured_media":0,"parent":0,"menu_order":0,"comment_status":"closed","ping_status":"closed","template":"","meta":{"ngg_post_thumbnail":0,"footnotes":""},"aioseo_notices":[],"_links":{"self":[{"href":"https:\/\/blogsaverroes.juntadeandalucia.es\/manuroca03\/wp-json\/wp\/v2\/pages\/2061"}],"collection":[{"href":"https:\/\/blogsaverroes.juntadeandalucia.es\/manuroca03\/wp-json\/wp\/v2\/pages"}],"about":[{"href":"https:\/\/blogsaverroes.juntadeandalucia.es\/manuroca03\/wp-json\/wp\/v2\/types\/page"}],"author":[{"embeddable":true,"href":"https:\/\/blogsaverroes.juntadeandalucia.es\/manuroca03\/wp-json\/wp\/v2\/users\/10452"}],"replies":[{"embeddable":true,"href":"https:\/\/blogsaverroes.juntadeandalucia.es\/manuroca03\/wp-json\/wp\/v2\/comments?post=2061"}],"version-history":[{"count":2,"href":"https:\/\/blogsaverroes.juntadeandalucia.es\/manuroca03\/wp-json\/wp\/v2\/pages\/2061\/revisions"}],"predecessor-version":[{"id":2093,"href":"https:\/\/blogsaverroes.juntadeandalucia.es\/manuroca03\/wp-json\/wp\/v2\/pages\/2061\/revisions\/2093"}],"wp:attachment":[{"href":"https:\/\/blogsaverroes.juntadeandalucia.es\/manuroca03\/wp-json\/wp\/v2\/media?parent=2061"}],"curies":[{"name":"wp","href":"https:\/\/api.w.org\/{rel}","templated":true}]}}