{"id":2064,"date":"2025-04-20T10:06:55","date_gmt":"2025-04-20T10:06:55","guid":{"rendered":"https:\/\/blogsaverroes.juntadeandalucia.es\/manuroca03\/?page_id=2064"},"modified":"2025-04-21T18:25:11","modified_gmt":"2025-04-21T18:25:11","slug":"u10_mt_6oep","status":"publish","type":"page","link":"https:\/\/blogsaverroes.juntadeandalucia.es\/manuroca03\/u10_mt_6oep\/","title":{"rendered":"MT6\u00baU10. Innovamos."},"content":{"rendered":"<p>Ya estamos en la unidad 10&#8230;<\/p>\n<ul>\n<li>En ella vamos a aprender qu\u00e9 es una circunferencia y sus partes.<\/li>\n<li>Continuaremos con los c\u00edrculos y las figuras circulares.<\/li>\n<li>Despu\u00e9s veremos las posiciones que puede tener un punto o una recta con respecto a una circunferencia.<\/li>\n<li>Aprenderemos a medir la longitud de una circunferencia y a calcular el \u00e1rea de un c\u00edrculo.<\/li>\n<\/ul>\n<h4><strong>LA CIRCUNFERENCIA (partes) y EL C\u00cdRCULO (figuras circulares)<\/strong><\/h4>\n<p><a href=\"https:\/\/view.genially.com\/67cf31feb52582a15f44403d\/horizontal-infographic-lists-610-la-circunferencia-y-el-circulo\"><img loading=\"lazy\" decoding=\"async\" class=\"alignnone wp-image-5569\" src=\"https:\/\/blogsaverroes.juntadeandalucia.es\/verainqueclase\/files\/2025\/03\/genially-circunferencia-300x163.jpg\" alt=\"\" width=\"778\" height=\"423\"><\/a><\/p>\n<p>&nbsp;<\/p>\n<table>\n<tbody>\n<tr>\n<td><a href=\"https:\/\/www.mundoprimaria.com\/juegos-educativos\/juegos-matematicas\/juego-partes-de-una-circunferencia\"><img loading=\"lazy\" decoding=\"async\" class=\"alignnone size-medium wp-image-1717\" src=\"https:\/\/blogsaverroes.juntadeandalucia.es\/verainqueclase\/files\/2020\/12\/mundo-partes-circulo-300x187.jpg\" alt=\"\" width=\"300\" height=\"187\"><\/a><\/td>\n<td><a href=\"https:\/\/wordwall.net\/es\/resource\/4462371\/circunferencia\"><img loading=\"lazy\" decoding=\"async\" class=\"alignnone size-medium wp-image-5571\" src=\"https:\/\/blogsaverroes.juntadeandalucia.es\/verainqueclase\/files\/2025\/03\/juego-circunferencia-300x163.jpg\" alt=\"\" width=\"300\" height=\"163\"><\/a><\/td>\n<td><a href=\"https:\/\/wordwall.net\/es\/resource\/17477948\/elementos-de-la-circunferencia\"><img loading=\"lazy\" decoding=\"async\" class=\"alignnone size-medium wp-image-5572\" src=\"https:\/\/blogsaverroes.juntadeandalucia.es\/verainqueclase\/files\/2025\/03\/juego-circunferencia-2-300x163.jpg\" alt=\"\" width=\"300\" height=\"163\"><\/a><\/td>\n<\/tr>\n<tr>\n<td><a href=\"https:\/\/wordwall.net\/es\/resource\/4827294\/elementos-de-la-circunferencia-y-circulo\"><img loading=\"lazy\" decoding=\"async\" class=\"alignnone size-medium wp-image-5573\" src=\"https:\/\/blogsaverroes.juntadeandalucia.es\/verainqueclase\/files\/2025\/03\/juego-circunferencia-3-300x163.jpg\" alt=\"\" width=\"300\" height=\"163\"><\/a><\/td>\n<td>&nbsp;<\/td>\n<td>&nbsp;<\/td>\n<\/tr>\n<\/tbody>\n<\/table>\n<h4><strong>POSICI\u00d3N RELATIVA DE PUNTOS, RECTAS Y CIRCUNFERENCIAS<\/strong><\/h4>\n<p><a href=\"https:\/\/view.genially.com\/67cf3bf6b52582a15f4dc4dc\/interactive-content-610-circunferencias-y-rectas\"><img loading=\"lazy\" decoding=\"async\" class=\"alignnone wp-image-5575\" src=\"https:\/\/blogsaverroes.juntadeandalucia.es\/verainqueclase\/files\/2025\/03\/genially-posiciones-300x163.jpg\" alt=\"\" width=\"793\" height=\"431\"><\/a><\/p>\n<table>\n<tbody>\n<tr>\n<td><a href=\"https:\/\/www.mundoprimaria.com\/juegos-educativos\/juegos-matematicas\/ejercicios-de-rectas-y-circunferencias\"><img loading=\"lazy\" decoding=\"async\" class=\"alignnone size-medium wp-image-5578\" src=\"https:\/\/blogsaverroes.juntadeandalucia.es\/verainqueclase\/files\/2025\/03\/juego-posiciones-2-300x163.jpg\" alt=\"\" width=\"300\" height=\"163\"><\/a><\/td>\n<td><a href=\"https:\/\/www.mundoprimaria.com\/juegos-educativos\/juegos-matematicas\/juego-posiciones-relativas\"><img loading=\"lazy\" decoding=\"async\" class=\"alignnone size-medium wp-image-5579\" src=\"https:\/\/blogsaverroes.juntadeandalucia.es\/verainqueclase\/files\/2025\/03\/juego-posiciones-3-300x163.jpg\" alt=\"\" width=\"300\" height=\"163\"><\/a><\/td>\n<td><a href=\"https:\/\/www.mundoprimaria.com\/juegos-educativos\/juegos-matematicas\/juego-posiciones-relativas-rectas-y-circunferencias\"><img loading=\"lazy\" decoding=\"async\" class=\"alignnone size-medium wp-image-5582\" src=\"https:\/\/blogsaverroes.juntadeandalucia.es\/verainqueclase\/files\/2025\/03\/JUEGO-POSICIONES-4-300x159.jpg\" alt=\"\" width=\"300\" height=\"159\"><\/a><\/td>\n<\/tr>\n<tr>\n<td><a href=\"https:\/\/wordwall.net\/es\/resource\/14913695\/circunferencia-c%C3%ADrculo\"><img loading=\"lazy\" decoding=\"async\" class=\"alignnone size-medium wp-image-5576\" src=\"https:\/\/blogsaverroes.juntadeandalucia.es\/verainqueclase\/files\/2025\/03\/juego-posiciones-300x163.jpg\" alt=\"\" width=\"300\" height=\"163\"><\/a><\/td>\n<td><a href=\"https:\/\/wordwall.net\/es\/resource\/4834506\/elementos-de-la-circunferencia-y-circulo\"><img loading=\"lazy\" decoding=\"async\" class=\"alignnone size-medium wp-image-5585\" src=\"https:\/\/blogsaverroes.juntadeandalucia.es\/verainqueclase\/files\/2025\/03\/juego-sopa-300x159.jpg\" alt=\"\" width=\"300\" height=\"159\"><\/a><\/td>\n<td><a href=\"https:\/\/wordwall.net\/es\/resource\/15050033\/5%C2%BA-rectas-y-circunferencias\"><img loading=\"lazy\" decoding=\"async\" class=\"alignnone size-medium wp-image-5586\" src=\"https:\/\/blogsaverroes.juntadeandalucia.es\/verainqueclase\/files\/2025\/03\/juego-posiciones-5-300x159.jpg\" alt=\"\" width=\"300\" height=\"159\"><\/a><\/td>\n<\/tr>\n<\/tbody>\n<\/table>\n<h4><strong>LONGITUD DE LA CIRCUNFERENCIA y \u00c1REA DEL C\u00cdRCULO<\/strong><\/h4>\n<p><a href=\"https:\/\/view.genially.com\/67cf42fbd48b61de43bbee2c\/interactive-content-610-longitud-y-area-circulo\"><img loading=\"lazy\" decoding=\"async\" class=\"alignnone wp-image-5580\" src=\"https:\/\/blogsaverroes.juntadeandalucia.es\/verainqueclase\/files\/2025\/03\/genially-longitud-y-area-300x163.jpg\" alt=\"\" width=\"931\" height=\"506\"><\/a><\/p>\n<table>\n<tbody>\n<tr>\n<td><a href=\"https:\/\/www.mundoprimaria.com\/juegos-educativos\/juegos-matematicas\/juego-ejercicios-longitud-circunferencia\"><img loading=\"lazy\" decoding=\"async\" class=\"alignnone size-medium wp-image-1713\" src=\"https:\/\/blogsaverroes.juntadeandalucia.es\/verainqueclase\/files\/2020\/12\/mundo-longitud-circunferencia-300x187.jpg\" alt=\"\" width=\"300\" height=\"187\"><\/a><\/td>\n<td><a href=\"https:\/\/www.mundoprimaria.com\/juegos-educativos\/juegos-matematicas\/juego-figuras-geometricas-areas\"><img loading=\"lazy\" decoding=\"async\" class=\"alignnone size-medium wp-image-1714\" src=\"https:\/\/blogsaverroes.juntadeandalucia.es\/verainqueclase\/files\/2020\/12\/mundo-areas-300x187.jpg\" alt=\"\" width=\"300\" height=\"187\"><\/a><\/td>\n<td><a href=\"https:\/\/wordwall.net\/es\/resource\/16304114\/per%C3%ADmetro-y-%C3%A1rea-de-la-circunferencia\"><img loading=\"lazy\" decoding=\"async\" class=\"alignnone size-medium wp-image-5574\" src=\"https:\/\/blogsaverroes.juntadeandalucia.es\/verainqueclase\/files\/2025\/03\/juego-circunferencia-4-300x163.jpg\" alt=\"\" width=\"300\" height=\"163\"><\/a><\/td>\n<\/tr>\n<\/tbody>\n<\/table>\n","protected":false},"excerpt":{"rendered":"<p>Ya estamos en la unidad 10&#8230; En ella vamos a aprender qu\u00e9 es una circunferencia y sus partes. Continuaremos con los c\u00edrculos y las figuras circulares. Despu\u00e9s veremos las posiciones que puede tener un punto o una recta con respecto a una circunferencia. Aprenderemos a medir la longitud de una circunferencia y a calcular el &hellip; <\/p>\n<p><a class=\"more-link btn\" href=\"https:\/\/blogsaverroes.juntadeandalucia.es\/manuroca03\/u10_mt_6oep\/\">Seguir leyendo<\/a><\/p>\n","protected":false},"author":10452,"featured_media":0,"parent":0,"menu_order":0,"comment_status":"closed","ping_status":"closed","template":"","meta":{"ngg_post_thumbnail":0,"footnotes":""},"aioseo_notices":[],"_links":{"self":[{"href":"https:\/\/blogsaverroes.juntadeandalucia.es\/manuroca03\/wp-json\/wp\/v2\/pages\/2064"}],"collection":[{"href":"https:\/\/blogsaverroes.juntadeandalucia.es\/manuroca03\/wp-json\/wp\/v2\/pages"}],"about":[{"href":"https:\/\/blogsaverroes.juntadeandalucia.es\/manuroca03\/wp-json\/wp\/v2\/types\/page"}],"author":[{"embeddable":true,"href":"https:\/\/blogsaverroes.juntadeandalucia.es\/manuroca03\/wp-json\/wp\/v2\/users\/10452"}],"replies":[{"embeddable":true,"href":"https:\/\/blogsaverroes.juntadeandalucia.es\/manuroca03\/wp-json\/wp\/v2\/comments?post=2064"}],"version-history":[{"count":3,"href":"https:\/\/blogsaverroes.juntadeandalucia.es\/manuroca03\/wp-json\/wp\/v2\/pages\/2064\/revisions"}],"predecessor-version":[{"id":2090,"href":"https:\/\/blogsaverroes.juntadeandalucia.es\/manuroca03\/wp-json\/wp\/v2\/pages\/2064\/revisions\/2090"}],"wp:attachment":[{"href":"https:\/\/blogsaverroes.juntadeandalucia.es\/manuroca03\/wp-json\/wp\/v2\/media?parent=2064"}],"curies":[{"name":"wp","href":"https:\/\/api.w.org\/{rel}","templated":true}]}}