{"id":2070,"date":"2025-04-20T10:10:08","date_gmt":"2025-04-20T10:10:08","guid":{"rendered":"https:\/\/blogsaverroes.juntadeandalucia.es\/manuroca03\/?page_id=2070"},"modified":"2025-04-21T18:30:27","modified_gmt":"2025-04-21T18:30:27","slug":"u12_mt_6oep","status":"publish","type":"page","link":"https:\/\/blogsaverroes.juntadeandalucia.es\/manuroca03\/u12_mt_6oep\/","title":{"rendered":"MT6\u00baU12. Estad\u00edstica y probabilidad."},"content":{"rendered":"<p>Ya hemos llegado al final del libro, madre m\u00eda y del curso.<\/p>\n<p>En esta unidad veremos contenidos relacionados con la estad\u00edstica y la probabilidad, algo que ya vimos en un tema del curso pasado as\u00ed que seguro que lo recuerdas.&nbsp;<\/p>\n<p><strong>TABLA DE FRECUENCIAS Y GR\u00c1FICOS DE BARRAS<\/strong><a href=\"https:\/\/view.genial.ly\/5fe3a4eb6157fe0d69192ebc\/horizontal-infographic-review-genially-sin-titulo\"><img loading=\"lazy\" decoding=\"async\" class=\"alignnone wp-image-1742\" src=\"https:\/\/blogsaverroes.juntadeandalucia.es\/verainqueclase\/files\/2020\/12\/genially-frecuencias-300x166.jpg\" alt=\"\" width=\"819\" height=\"453\"><\/a><iframe src=\"https:\/\/www.youtube.com\/embed\/wMHThC0G5Nw\"><\/iframe><strong>MEDIA, MODA Y RANGO<\/strong><a href=\"https:\/\/view.genial.ly\/5fe3b6d94a35bd0d034e5da4\/horizontal-infographic-review-regla-de-tres-copia\"><img loading=\"lazy\" decoding=\"async\" class=\"alignnone wp-image-1743\" src=\"https:\/\/blogsaverroes.juntadeandalucia.es\/verainqueclase\/files\/2020\/12\/genially-media-moda-y-rango-300x166.jpg\" alt=\"\" width=\"842\" height=\"466\"><\/a><strong>GR\u00c1FICO DE SECTORES<\/strong><a href=\"https:\/\/view.genial.ly\/5fe3bb14a666f40d7dc6976a\/horizontal-infographic-review-tabla-de-frecuencias-copia\"><img loading=\"lazy\" decoding=\"async\" class=\"alignnone wp-image-1745\" src=\"https:\/\/blogsaverroes.juntadeandalucia.es\/verainqueclase\/files\/2020\/12\/genially-sectores-300x166.jpg\" alt=\"\" width=\"1023\" height=\"566\"><\/a><strong>POL\u00cdGONOS DE FRECUENCIAS<\/strong><a href=\"https:\/\/view.genial.ly\/5fe3beb46157fe0d6919306d\/horizontal-infographic-review-grafico-de-sectores-copia\"><img loading=\"lazy\" decoding=\"async\" class=\"alignnone wp-image-1747\" src=\"https:\/\/blogsaverroes.juntadeandalucia.es\/verainqueclase\/files\/2020\/12\/genially-pol%C3%ADgonos-de-frecuencias-300x166.jpg\" alt=\"\" width=\"848\" height=\"469\"><\/a><strong>EXPERIENCIAS ALEATORIAS Y SUCESOS<\/strong><a href=\"https:\/\/view.genial.ly\/5fe3c247fa68050cfca41ecb\/horizontal-infographic-review-decimales-ordenes-de-unidades-copia\"><img loading=\"lazy\" decoding=\"async\" class=\"alignnone wp-image-1749\" src=\"https:\/\/blogsaverroes.juntadeandalucia.es\/verainqueclase\/files\/2020\/12\/genially-azar-300x166.jpg\" alt=\"\" width=\"848\" height=\"469\"><\/a><strong>PROBABILIDAD Y FRACCIONES \/ PROBABILIDAD Y LOS DATOS<\/strong><a href=\"https:\/\/view.genial.ly\/5fe478c6fa68050cfca424b8\/horizontal-infographic-review-grafico-de-sectores-copia\"><img loading=\"lazy\" decoding=\"async\" class=\"alignnone wp-image-1757\" src=\"https:\/\/blogsaverroes.juntadeandalucia.es\/verainqueclase\/files\/2020\/12\/genially-probabilidad-300x166.jpg\" alt=\"\" width=\"802\" height=\"444\"><\/a><strong>REPASO<\/strong><\/p>\n<table style=\"width: 97.9888%\">\n<tbody>\n<tr>\n<td style=\"width: 341px\"><a href=\"https:\/\/view.genial.ly\/5cf4abfee4094f0f52e2798f\/game-estadistica\"><img loading=\"lazy\" decoding=\"async\" class=\"alignnone size-medium wp-image-1744\" src=\"https:\/\/blogsaverroes.juntadeandalucia.es\/verainqueclase\/files\/2020\/12\/JUEGO-media-y-frecuencias-300x166.jpg\" alt=\"\" width=\"300\" height=\"166\"><\/a><\/td>\n<td style=\"width: 341px\">&nbsp;<\/td>\n<\/tr>\n<tr>\n<td style=\"width: 341px\"><a href=\"https:\/\/view.genial.ly\/5cf4c2da277efb0f5fa11edb\/game-probabilidad\"><img loading=\"lazy\" decoding=\"async\" class=\"alignnone size-medium wp-image-1753\" src=\"https:\/\/blogsaverroes.juntadeandalucia.es\/verainqueclase\/files\/2020\/12\/JUEGO-probabilidad-1-300x166.jpg\" alt=\"\" width=\"300\" height=\"166\"><\/a><\/td>\n<td style=\"width: 341px\">&nbsp;<\/td>\n<\/tr>\n<tr>\n<td style=\"width: 341px\"><a href=\"https:\/\/view.genial.ly\/5cb8c770b822870ef5d13f94\/presentation-estadistica-y-probabilidad\"><img loading=\"lazy\" decoding=\"async\" class=\"alignnone size-medium wp-image-1751\" src=\"https:\/\/blogsaverroes.juntadeandalucia.es\/verainqueclase\/files\/2020\/12\/genially-estad%C3%ADstica-y-probabilidad-2-300x167.jpg\" alt=\"\" width=\"300\" height=\"167\"><\/a><\/td>\n<td style=\"width: 341px\"><a href=\"https:\/\/view.genial.ly\/5ccd7f7fdb97e30f5d61b1e6\/presentation-tema-12\"><img loading=\"lazy\" decoding=\"async\" class=\"alignnone size-medium wp-image-1752\" src=\"https:\/\/blogsaverroes.juntadeandalucia.es\/verainqueclase\/files\/2020\/12\/genially-estad%C3%ADstica-y-probabilidad-1-300x166.jpg\" alt=\"\" width=\"300\" height=\"166\"><\/a><\/td>\n<\/tr>\n<\/tbody>\n<\/table>\n","protected":false},"excerpt":{"rendered":"<p>Ya hemos llegado al final del libro, madre m\u00eda y del curso. En esta unidad veremos contenidos relacionados con la estad\u00edstica y la probabilidad, algo que ya vimos en un tema del curso pasado as\u00ed que seguro que lo recuerdas.&nbsp; TABLA DE FRECUENCIAS Y GR\u00c1FICOS DE BARRASMEDIA, MODA Y RANGOGR\u00c1FICO DE SECTORESPOL\u00cdGONOS DE FRECUENCIASEXPERIENCIAS ALEATORIAS &hellip; <\/p>\n<p><a class=\"more-link btn\" href=\"https:\/\/blogsaverroes.juntadeandalucia.es\/manuroca03\/u12_mt_6oep\/\">Seguir leyendo<\/a><\/p>\n","protected":false},"author":10452,"featured_media":0,"parent":0,"menu_order":0,"comment_status":"closed","ping_status":"closed","template":"","meta":{"ngg_post_thumbnail":0,"footnotes":""},"aioseo_notices":[],"_links":{"self":[{"href":"https:\/\/blogsaverroes.juntadeandalucia.es\/manuroca03\/wp-json\/wp\/v2\/pages\/2070"}],"collection":[{"href":"https:\/\/blogsaverroes.juntadeandalucia.es\/manuroca03\/wp-json\/wp\/v2\/pages"}],"about":[{"href":"https:\/\/blogsaverroes.juntadeandalucia.es\/manuroca03\/wp-json\/wp\/v2\/types\/page"}],"author":[{"embeddable":true,"href":"https:\/\/blogsaverroes.juntadeandalucia.es\/manuroca03\/wp-json\/wp\/v2\/users\/10452"}],"replies":[{"embeddable":true,"href":"https:\/\/blogsaverroes.juntadeandalucia.es\/manuroca03\/wp-json\/wp\/v2\/comments?post=2070"}],"version-history":[{"count":2,"href":"https:\/\/blogsaverroes.juntadeandalucia.es\/manuroca03\/wp-json\/wp\/v2\/pages\/2070\/revisions"}],"predecessor-version":[{"id":2095,"href":"https:\/\/blogsaverroes.juntadeandalucia.es\/manuroca03\/wp-json\/wp\/v2\/pages\/2070\/revisions\/2095"}],"wp:attachment":[{"href":"https:\/\/blogsaverroes.juntadeandalucia.es\/manuroca03\/wp-json\/wp\/v2\/media?parent=2070"}],"curies":[{"name":"wp","href":"https:\/\/api.w.org\/{rel}","templated":true}]}}