{"id":2074,"date":"2025-04-20T10:12:13","date_gmt":"2025-04-20T10:12:13","guid":{"rendered":"https:\/\/blogsaverroes.juntadeandalucia.es\/manuroca03\/?page_id=2074"},"modified":"2025-04-21T18:31:11","modified_gmt":"2025-04-21T18:31:11","slug":"u8_cm_6oep","status":"publish","type":"page","link":"https:\/\/blogsaverroes.juntadeandalucia.es\/manuroca03\/u8_cm_6oep\/","title":{"rendered":"CM6\u00baU8. Espa\u00f1a en el siglo XX y XXI."},"content":{"rendered":"<p>Ya casi estamos terminando. En esta unidad aprenderemos lo que sucedi\u00f3 en Espa\u00f1a en el s. XX:<\/p>\n<ul>\n<li>Inicios del s. XX.<\/li>\n<li>Causas y consecuencias de la Guerra Civil.<\/li>\n<li>La Transici\u00f3n.<\/li>\n<li>Espa\u00f1a y la Uni\u00f3n Europea.<\/li>\n<li>Andaluc\u00eda en el s. XX.<\/li>\n<li>Personajes del s. XX.<\/li>\n<\/ul>\n<p><strong>COMIENZOS DEL S. XX.<\/strong><a href=\"https:\/\/view.genially.com\/5faef6952288050d3531ca8d\/horizontal-infographic-timeline-espana-en-el-s-xx\"><img loading=\"lazy\" decoding=\"async\" class=\"\" src=\"https:\/\/blogsaverroes.juntadeandalucia.es\/verainqueclase\/files\/2020\/11\/genially-1902-1936-300x146.jpg\" width=\"750\" height=\"365\"><\/a><strong>CAUSAS Y CONSECUENCIA DE LA GUERRA CIVIL ESPA\u00d1OLA<\/strong><a href=\"https:\/\/view.genially.com\/5faf04f50f2ccc0d2e97baea\/horizontal-infographic-timeline-historia-de-espana-s-xx-2a-parte\"><img loading=\"lazy\" decoding=\"async\" class=\"\" src=\"https:\/\/blogsaverroes.juntadeandalucia.es\/verainqueclase\/files\/2020\/11\/genially-1936-1975-300x146.jpg\" width=\"783\" height=\"381\"><\/a><strong>LA TRANSICI\u00d3N<\/strong><a href=\"https:\/\/view.genially.com\/5faf0ef9f21b400d02d72cb2\/horizontal-infographic-timeline-historia-de-espana-s-xx-3a-parte\"><img loading=\"lazy\" decoding=\"async\" class=\"\" src=\"https:\/\/blogsaverroes.juntadeandalucia.es\/verainqueclase\/files\/2020\/11\/genially-1975-2020-300x146.jpg\" width=\"791\" height=\"385\"><\/a><strong>ESPA\u00d1A Y LA UNI\u00d3N EUROPEA<\/strong><a href=\"https:\/\/view.genially.com\/660aeaf38c8bfe0014d38411\/horizontal-infographic-maps-57-la-union-europea\"><img loading=\"lazy\" decoding=\"async\" class=\"\" src=\"https:\/\/blogsaverroes.juntadeandalucia.es\/verainqueclase\/files\/2020\/11\/genially-espa%C3%B1a-union-europea-300x167.jpg\" width=\"848\" height=\"472\"><\/a><strong>\u00bfQU\u00c9 OCURRI\u00d3 EN ANDALUC\u00cdA?<\/strong><a href=\"https:\/\/view.genially.com\/5fb00cc14438070d07a79435\/horizontal-infographic-timeline-andalucia-en-el-s-xx\"><img loading=\"lazy\" decoding=\"async\" class=\"\" src=\"https:\/\/blogsaverroes.juntadeandalucia.es\/verainqueclase\/files\/2020\/11\/genially-andalucia-s-xx-300x167.jpg\" width=\"1006\" height=\"560\"><\/a><strong>\u00bfQUI\u00c9N ES QUI\u00c9N?<\/strong><a href=\"https:\/\/view.genially.com\/67eeb4b0637626d34fc3cefb\/presentation-68-quien-es-quien-en-el-s-xx\"><img loading=\"lazy\" decoding=\"async\" class=\"alignnone wp-image-5629\" src=\"https:\/\/blogsaverroes.juntadeandalucia.es\/verainqueclase\/files\/2025\/04\/genially-quien-300x176.jpg\" alt=\"\" width=\"816\" height=\"479\"><\/a><\/p>\n<p>&nbsp;<\/p>\n<table>\n<tbody>\n<tr>\n<td><a href=\"https:\/\/view.genially.com\/67f38f4bf82f970e40d92eae\/interactive-content-quiz-comienzos-s-xx\"><img loading=\"lazy\" decoding=\"async\" class=\"alignnone size-medium wp-image-5633\" src=\"https:\/\/blogsaverroes.juntadeandalucia.es\/verainqueclase\/files\/2025\/04\/juego-comienzo-s.-xx-300x162.jpg\" alt=\"\" width=\"300\" height=\"162\"><\/a><\/td>\n<td>&nbsp;<\/td>\n<td>&nbsp;<\/td>\n<\/tr>\n<tr>\n<td><a href=\"https:\/\/view.genially.com\/67f4dff44dfd7896a650fb4c\/interactive-content-quiz-guerra-civil-espanola\"><img loading=\"lazy\" decoding=\"async\" class=\"alignnone size-medium wp-image-5632\" src=\"https:\/\/blogsaverroes.juntadeandalucia.es\/verainqueclase\/files\/2025\/04\/juego-guerra-civil-300x169.jpg\" alt=\"\" width=\"300\" height=\"169\"><\/a><\/td>\n<td><a href=\"https:\/\/www.mundoprimaria.com\/juegos-educativos\/jueg-soci-hdt-22\"><img loading=\"lazy\" decoding=\"async\" class=\"alignnone size-medium wp-image-5636\" src=\"https:\/\/blogsaverroes.juntadeandalucia.es\/verainqueclase\/files\/2025\/04\/juego-guerra-civil-2-300x193.jpg\" alt=\"\" width=\"300\" height=\"193\"><\/a><\/td>\n<td><a href=\"https:\/\/wordwall.net\/es\/resource\/2233766\/historia-siglo-xx\/guerra-civil-espa%c3%b1ola\"><img loading=\"lazy\" decoding=\"async\" class=\"alignnone size-medium wp-image-5638\" src=\"https:\/\/blogsaverroes.juntadeandalucia.es\/verainqueclase\/files\/2025\/04\/juego-guerra-civil-3-300x183.jpg\" alt=\"\" width=\"300\" height=\"183\"><\/a><\/td>\n<\/tr>\n<tr>\n<td><a href=\"https:\/\/wordwall.net\/es\/resource\/32570362\/primera-mitad-del-siglo-xx\"><img loading=\"lazy\" decoding=\"async\" class=\"alignnone size-medium wp-image-5640\" src=\"https:\/\/blogsaverroes.juntadeandalucia.es\/verainqueclase\/files\/2025\/04\/juego-politica-s-xx-3-300x180.jpg\" alt=\"\" width=\"300\" height=\"180\"><\/a><\/td>\n<td>&nbsp;<\/td>\n<td>&nbsp;<\/td>\n<\/tr>\n<tr>\n<td><a href=\"https:\/\/www.mundoprimaria.com\/juegos-educativos\/jueg-soci-hdt-22\"><img loading=\"lazy\" decoding=\"async\" class=\"alignnone size-medium wp-image-5635\" src=\"https:\/\/blogsaverroes.juntadeandalucia.es\/verainqueclase\/files\/2025\/04\/juego-politica-s-xx-300x174.jpg\" alt=\"\" width=\"300\" height=\"174\"><\/a><\/td>\n<td><a href=\"https:\/\/www.mundoprimaria.com\/juegos-educativos\/jueg-soci-hdt-22\"><img loading=\"lazy\" decoding=\"async\" class=\"alignnone size-medium wp-image-5637\" src=\"https:\/\/blogsaverroes.juntadeandalucia.es\/verainqueclase\/files\/2025\/04\/juego-presidentes-democracia-300x192.jpg\" alt=\"\" width=\"300\" height=\"192\"><\/a><\/td>\n<td><a href=\"https:\/\/wordwall.net\/es\/resource\/27641032\/sopa-de-letras-de-la-espa%C3%B1a-en-el-siglo-xx\"><img loading=\"lazy\" decoding=\"async\" class=\"alignnone size-medium wp-image-5639\" src=\"https:\/\/blogsaverroes.juntadeandalucia.es\/verainqueclase\/files\/2025\/04\/juego-politica-s-xx-2-300x178.jpg\" alt=\"\" width=\"300\" height=\"178\"><\/a><\/td>\n<\/tr>\n<tr>\n<td><a href=\"https:\/\/mapasinteractivos.didactalia.net\/comunidad\/mapasflashinteractivos\/recurso\/paises-de-la-union-europea\/99704108-8b32-4e2d-a4f2-f8779870b35b\"><img decoding=\"async\" src=\"https:\/\/blogsaverroes.juntadeandalucia.es\/verainqueclase\/files\/2024\/04\/mapa-uni%C3%B3n-europea-300x170.jpg\"><\/a><\/td>\n<td>&nbsp;<\/td>\n<td>&nbsp;<\/td>\n<\/tr>\n<tr>\n<td><a href=\"https:\/\/view.genially.com\/5fb17f8f4438070d07a7aff0\/learning-experience-challenges-espana-en-el-s-xx\"><img decoding=\"async\" src=\"https:\/\/blogsaverroes.juntadeandalucia.es\/verainqueclase\/files\/2020\/11\/genially-juego-ordenar-300x168.jpg\"><\/a><\/td>\n<td><a href=\"https:\/\/view.genially.com\/5fb1a1494847550d25c69828\/game-juego-personajes-s-xx\"><img decoding=\"async\" src=\"https:\/\/blogsaverroes.juntadeandalucia.es\/verainqueclase\/files\/2020\/11\/genially-juego-pistas-2-300x167.jpg\"><\/a><\/td>\n<td>&nbsp;<\/td>\n<\/tr>\n<tr>\n<td>&nbsp;<\/td>\n<td>&nbsp;<\/td>\n<td>&nbsp;<\/td>\n<\/tr>\n<\/tbody>\n<\/table>\n","protected":false},"excerpt":{"rendered":"<p>Ya casi estamos terminando. En esta unidad aprenderemos lo que sucedi\u00f3 en Espa\u00f1a en el s. XX: Inicios del s. XX. Causas y consecuencias de la Guerra Civil. La Transici\u00f3n. Espa\u00f1a y la Uni\u00f3n Europea. Andaluc\u00eda en el s. XX. Personajes del s. XX. COMIENZOS DEL S. XX.CAUSAS Y CONSECUENCIA DE LA GUERRA CIVIL ESPA\u00d1OLALA &hellip; <\/p>\n<p><a class=\"more-link btn\" href=\"https:\/\/blogsaverroes.juntadeandalucia.es\/manuroca03\/u8_cm_6oep\/\">Seguir leyendo<\/a><\/p>\n","protected":false},"author":10452,"featured_media":0,"parent":0,"menu_order":0,"comment_status":"closed","ping_status":"closed","template":"","meta":{"ngg_post_thumbnail":0,"footnotes":""},"aioseo_notices":[],"_links":{"self":[{"href":"https:\/\/blogsaverroes.juntadeandalucia.es\/manuroca03\/wp-json\/wp\/v2\/pages\/2074"}],"collection":[{"href":"https:\/\/blogsaverroes.juntadeandalucia.es\/manuroca03\/wp-json\/wp\/v2\/pages"}],"about":[{"href":"https:\/\/blogsaverroes.juntadeandalucia.es\/manuroca03\/wp-json\/wp\/v2\/types\/page"}],"author":[{"embeddable":true,"href":"https:\/\/blogsaverroes.juntadeandalucia.es\/manuroca03\/wp-json\/wp\/v2\/users\/10452"}],"replies":[{"embeddable":true,"href":"https:\/\/blogsaverroes.juntadeandalucia.es\/manuroca03\/wp-json\/wp\/v2\/comments?post=2074"}],"version-history":[{"count":2,"href":"https:\/\/blogsaverroes.juntadeandalucia.es\/manuroca03\/wp-json\/wp\/v2\/pages\/2074\/revisions"}],"predecessor-version":[{"id":2096,"href":"https:\/\/blogsaverroes.juntadeandalucia.es\/manuroca03\/wp-json\/wp\/v2\/pages\/2074\/revisions\/2096"}],"wp:attachment":[{"href":"https:\/\/blogsaverroes.juntadeandalucia.es\/manuroca03\/wp-json\/wp\/v2\/media?parent=2074"}],"curies":[{"name":"wp","href":"https:\/\/api.w.org\/{rel}","templated":true}]}}