{"id":2077,"date":"2025-04-20T10:13:07","date_gmt":"2025-04-20T10:13:07","guid":{"rendered":"https:\/\/blogsaverroes.juntadeandalucia.es\/manuroca03\/?page_id=2077"},"modified":"2025-04-21T18:31:51","modified_gmt":"2025-04-21T18:31:51","slug":"u9_cm_6oep","status":"publish","type":"page","link":"https:\/\/blogsaverroes.juntadeandalucia.es\/manuroca03\/u9_cm_6oep\/","title":{"rendered":"CM6\u00baU9. Econom\u00eda, sociedad y cultura."},"content":{"rendered":"<p>Terminamos el curso con un tema sobre la sociedad en los s. XIX y XX:<\/p>\n<ul>\n<li>La Revoluci\u00f3n Industrial y la sociedad de clases.<\/li>\n<li>Cambios en las ciudades.<\/li>\n<li>Econom\u00eda y sociedad en los s. XX y s. XXI<\/li>\n<li>Cambios en la cultura y el arte.<\/li>\n<li>Personajes de esta \u00e9poca.<\/li>\n<\/ul>\n","protected":false},"excerpt":{"rendered":"<p>Terminamos el curso con un tema sobre la sociedad en los s. XIX y XX: La Revoluci\u00f3n Industrial y la sociedad de clases. Cambios en las ciudades. Econom\u00eda y sociedad en los s. XX y s. XXI Cambios en la cultura y el arte. Personajes de esta \u00e9poca.<\/p>\n","protected":false},"author":10452,"featured_media":0,"parent":0,"menu_order":0,"comment_status":"closed","ping_status":"closed","template":"","meta":{"ngg_post_thumbnail":0,"footnotes":""},"aioseo_notices":[],"_links":{"self":[{"href":"https:\/\/blogsaverroes.juntadeandalucia.es\/manuroca03\/wp-json\/wp\/v2\/pages\/2077"}],"collection":[{"href":"https:\/\/blogsaverroes.juntadeandalucia.es\/manuroca03\/wp-json\/wp\/v2\/pages"}],"about":[{"href":"https:\/\/blogsaverroes.juntadeandalucia.es\/manuroca03\/wp-json\/wp\/v2\/types\/page"}],"author":[{"embeddable":true,"href":"https:\/\/blogsaverroes.juntadeandalucia.es\/manuroca03\/wp-json\/wp\/v2\/users\/10452"}],"replies":[{"embeddable":true,"href":"https:\/\/blogsaverroes.juntadeandalucia.es\/manuroca03\/wp-json\/wp\/v2\/comments?post=2077"}],"version-history":[{"count":2,"href":"https:\/\/blogsaverroes.juntadeandalucia.es\/manuroca03\/wp-json\/wp\/v2\/pages\/2077\/revisions"}],"predecessor-version":[{"id":2097,"href":"https:\/\/blogsaverroes.juntadeandalucia.es\/manuroca03\/wp-json\/wp\/v2\/pages\/2077\/revisions\/2097"}],"wp:attachment":[{"href":"https:\/\/blogsaverroes.juntadeandalucia.es\/manuroca03\/wp-json\/wp\/v2\/media?parent=2077"}],"curies":[{"name":"wp","href":"https:\/\/api.w.org\/{rel}","templated":true}]}}