{"id":305,"date":"2020-10-12T14:39:41","date_gmt":"2020-10-12T14:39:41","guid":{"rendered":"https:\/\/blogsaverroes.juntadeandalucia.es\/manuroca03\/?page_id=305"},"modified":"2021-04-25T09:55:37","modified_gmt":"2021-04-25T09:55:37","slug":"actividades-t3","status":"publish","type":"page","link":"https:\/\/blogsaverroes.juntadeandalucia.es\/manuroca03\/3-divisiones\/actividades-t3\/","title":{"rendered":"Actividades T3"},"content":{"rendered":"<div><span style=\"color: #0000ff\"><strong>* ACTIVIDADES COMUNES (CUADERNO):<\/strong><\/span><\/div>\n<div><strong>1. Divisiones con divisores de dos cifras y prueba de la divisi\u00f3n.<\/strong><\/div>\n<div><strong>2. Divisiones con divisores de tres cifras y prueba de la divisi\u00f3n.<\/strong><\/div>\n<div><strong>3. Divisiones con ceros en el cociente y prueba de la divisi\u00f3n.<\/strong><\/div>\n<div><strong>4. Divisiones con ceros finales en el dividendo y divisor y prueba de la divisi\u00f3n.<\/strong><\/div>\n<div><strong>5. Resoluci\u00f3n y planteamiento de problemas con divisiones.<\/strong><\/div>\n<div><strong>6. Aplicaci\u00f3n de la propiedad fundamental de la divisi\u00f3n exacta.<\/strong><\/div>\n<div><strong>7. C\u00e1lculo mental: suma y resta 11 a n\u00fameros de dos y tres cifras.<\/strong><\/div>\n<div>\n<p><iframe loading=\"lazy\" src=\"https:\/\/drive.google.com\/file\/d\/1-Xdn64dsyOVW0uvZyAmsfGbcFoUhPGoU\/preview\" width=\"640\" height=\"480\"><\/iframe>&nbsp;<\/p>\n<div>\n<div><span style=\"color: #0000ff\"><strong>* ACTIVIDADES COMPLEMENTARIAS (FICHAS):<\/strong><\/span><\/div>\n<ul>\n<li><strong>&nbsp; MISI\u00d3N 3 DE LOS S\u00daPER MATIH\u00c9ROES \u00abC\u00c1LCULUS\u00bb:<\/strong><\/li>\n<\/ul>\n<\/div>\n<p><iframe loading=\"lazy\" src=\"https:\/\/drive.google.com\/file\/d\/1MYF0zRrh0oQdp6qbIZAk2cGqMDLjLUKU\/preview\" width=\"640\" height=\"480\"><\/iframe>&nbsp;<\/p>\n<div><span style=\"color: #0000ff\"><strong>* ACTIVIDADES DE REFUERZO Y AMPLIACI\u00d3N (DIGITALES):<\/strong><\/span><\/div>\n<ul>\n<li><strong>REPASO DIVISIONES:<\/strong><\/li>\n<\/ul>\n<p><a href=\"https:\/\/cplosangeles.educarex.es\/web\/quinto_curso\/matematicas_5\/index.htm\"><img loading=\"lazy\" decoding=\"async\" class=\"alignnone wp-image-476\" src=\"https:\/\/blogsaverroes.juntadeandalucia.es\/manuroca03\/files\/2020\/10\/Captura-1-300x91.jpg\" alt=\"\" width=\"610\" height=\"185\" srcset=\"https:\/\/blogsaverroes.juntadeandalucia.es\/manuroca03\/files\/2020\/10\/Captura-1-300x91.jpg 300w, https:\/\/blogsaverroes.juntadeandalucia.es\/manuroca03\/files\/2020\/10\/Captura-1-1024x312.jpg 1024w, https:\/\/blogsaverroes.juntadeandalucia.es\/manuroca03\/files\/2020\/10\/Captura-1-768x234.jpg 768w, https:\/\/blogsaverroes.juntadeandalucia.es\/manuroca03\/files\/2020\/10\/Captura-1-24x7.jpg 24w, https:\/\/blogsaverroes.juntadeandalucia.es\/manuroca03\/files\/2020\/10\/Captura-1-36x11.jpg 36w, https:\/\/blogsaverroes.juntadeandalucia.es\/manuroca03\/files\/2020\/10\/Captura-1-48x15.jpg 48w, https:\/\/blogsaverroes.juntadeandalucia.es\/manuroca03\/files\/2020\/10\/Captura-1.jpg 1285w\" sizes=\"(max-width: 610px) 100vw, 610px\" \/><\/a><\/p>\n<ul>\n<li><strong>DIVISIONES CON SONIC:<\/strong><\/li>\n<\/ul>\n<p>Vamos a repasar las&nbsp;<strong>Divisiones&nbsp;<\/strong>con Sonic.<\/p>\n<p><strong>-Niveles:<\/strong><\/p>\n<ul>\n<li><strong>Nivel 1:&nbsp;<\/strong>divisiones entre una cifra.<\/li>\n<li><strong>Nivel 2:<\/strong>&nbsp;divisiones entre dos cifras.<\/li>\n<li><strong>Nivel 3:&nbsp;<\/strong>divisiones entre tres cifras.<\/li>\n<\/ul>\n<p><strong>-Partes de cada nivel:<\/strong><\/p>\n<ul>\n<li><strong>Practica:<\/strong>&nbsp;juego dentro de Genially para practicar las divisiones.<\/li>\n<li><strong>Lucha:&nbsp;<\/strong>formulario de Google para evaluar el contenido.<\/li>\n<\/ul>\n<div style=\"width: 100%\">\n<div style=\"padding-bottom: 56.25%;padding-top: 0;height: 0\"><iframe loading=\"lazy\" src=\"https:\/\/view.genial.ly\/5e1b44a2753abd1738f4ec58\" width=\"600px\" height=\"375px\" frameborder=\"0\" scrolling=\"yes\"><span data-mce-type=\"bookmark\" style=\"width: 0px;overflow: hidden;line-height: 0\" class=\"mce_SELRES_start\">\ufeff<\/span><\/iframe><\/div>\n<\/div>\n<ul>\n<li><strong>LABERINTO DE DIVISIONES Y RESTAS:<\/strong><\/li>\n<\/ul>\n<div style=\"width: 100%\">\n<div style=\"padding-bottom: 56.25%;padding-top: 0;height: 0\">\n<div style=\"width: 100%\">\n<div style=\"padding-bottom: 56.25%;padding-top: 0;height: 0\">\n<div style=\"width: 100%\">\n<div style=\"padding-bottom: 56.25%;padding-top: 0;height: 0\">\n<div style=\"width: 100%\">\n<div style=\"padding-bottom: 56.25%;padding-top: 0;height: 0\"><iframe loading=\"lazy\" src=\"https:\/\/view.genial.ly\/5e91906eb5f8e60d8ffea219\" width=\"600px\" height=\"375px\" frameborder=\"0\" scrolling=\"yes\"><span data-mce-type=\"bookmark\" style=\"width: 0px;overflow: hidden;line-height: 0\" class=\"mce_SELRES_start\">\ufeff<\/span><\/iframe><\/div>\n<\/div>\n<\/div>\n<\/div>\n<\/div>\n<\/div>\n<\/div>\n<\/div>\n<\/div>\n","protected":false},"excerpt":{"rendered":"<p>* ACTIVIDADES COMUNES (CUADERNO): 1. Divisiones con divisores de dos cifras y prueba de la divisi\u00f3n. 2. Divisiones con divisores de tres cifras y prueba de la divisi\u00f3n. 3. Divisiones con ceros en el cociente y prueba de la divisi\u00f3n. 4. Divisiones con ceros finales en el dividendo y divisor y prueba de la divisi\u00f3n. &hellip; <\/p>\n<p><a class=\"more-link btn\" href=\"https:\/\/blogsaverroes.juntadeandalucia.es\/manuroca03\/3-divisiones\/actividades-t3\/\">Seguir leyendo<\/a><\/p>\n","protected":false},"author":10452,"featured_media":0,"parent":162,"menu_order":2,"comment_status":"open","ping_status":"closed","template":"","meta":{"ngg_post_thumbnail":0,"footnotes":""},"aioseo_notices":[],"_links":{"self":[{"href":"https:\/\/blogsaverroes.juntadeandalucia.es\/manuroca03\/wp-json\/wp\/v2\/pages\/305"}],"collection":[{"href":"https:\/\/blogsaverroes.juntadeandalucia.es\/manuroca03\/wp-json\/wp\/v2\/pages"}],"about":[{"href":"https:\/\/blogsaverroes.juntadeandalucia.es\/manuroca03\/wp-json\/wp\/v2\/types\/page"}],"author":[{"embeddable":true,"href":"https:\/\/blogsaverroes.juntadeandalucia.es\/manuroca03\/wp-json\/wp\/v2\/users\/10452"}],"replies":[{"embeddable":true,"href":"https:\/\/blogsaverroes.juntadeandalucia.es\/manuroca03\/wp-json\/wp\/v2\/comments?post=305"}],"version-history":[{"count":10,"href":"https:\/\/blogsaverroes.juntadeandalucia.es\/manuroca03\/wp-json\/wp\/v2\/pages\/305\/revisions"}],"predecessor-version":[{"id":1091,"href":"https:\/\/blogsaverroes.juntadeandalucia.es\/manuroca03\/wp-json\/wp\/v2\/pages\/305\/revisions\/1091"}],"up":[{"embeddable":true,"href":"https:\/\/blogsaverroes.juntadeandalucia.es\/manuroca03\/wp-json\/wp\/v2\/pages\/162"}],"wp:attachment":[{"href":"https:\/\/blogsaverroes.juntadeandalucia.es\/manuroca03\/wp-json\/wp\/v2\/media?parent=305"}],"curies":[{"name":"wp","href":"https:\/\/api.w.org\/{rel}","templated":true}]}}