{"id":308,"date":"2020-10-12T14:39:41","date_gmt":"2020-10-12T14:39:41","guid":{"rendered":"https:\/\/blogsaverroes.juntadeandalucia.es\/manuroca03\/?page_id=308"},"modified":"2023-11-09T09:42:57","modified_gmt":"2023-11-09T09:42:57","slug":"operaciones-ev-inicial","status":"publish","type":"page","link":"https:\/\/blogsaverroes.juntadeandalucia.es\/manuroca03\/operaciones-ev-inicial\/","title":{"rendered":"Breakout Operaciones 5\u00ba"},"content":{"rendered":"<p><span style=\"font-size: 18pt\"><strong>DESACTIVA LA BOMBA:<\/strong><\/span><\/p>\n<p style=\"text-align: center\"><span style=\"font-family: 'book antiqua', palatino, serif;font-size: 18pt\">Este primer <strong>Breakout <\/strong>consiste en desactivar una <strong>BOMBA<\/strong> que explotar\u00e1 en 30 minutos. Para ello, tendr\u00e9is que hacer las <em><strong>operaciones necesarias<\/strong><\/em> en vuestro cuaderno. Con los resultados obtenidos podr\u00e9is averiguar la<strong> CLAVE SECRETA<\/strong>. \u00a1Adelante!<\/span><\/p>\n<p>&nbsp; &nbsp; &nbsp; &nbsp; &nbsp; <iframe loading=\"lazy\" src=\"https:\/\/www.youtube.com\/embed\/CLFzptuBTXA\" width=\"560\" height=\"315\" frameborder=\"0\"><\/iframe><br \/>\n<img loading=\"lazy\" decoding=\"async\" class=\"alignnone size-full wp-image-1673\" src=\"https:\/\/blogsaverroes.juntadeandalucia.es\/manuroca03\/files\/2023\/11\/3DE2DE53-F797-4C80-99FE-EB9016B5117E.jpeg\" alt=\"\" width=\"1179\" height=\"1664\" srcset=\"https:\/\/blogsaverroes.juntadeandalucia.es\/manuroca03\/files\/2023\/11\/3DE2DE53-F797-4C80-99FE-EB9016B5117E.jpeg 1179w, https:\/\/blogsaverroes.juntadeandalucia.es\/manuroca03\/files\/2023\/11\/3DE2DE53-F797-4C80-99FE-EB9016B5117E-213x300.jpeg 213w, https:\/\/blogsaverroes.juntadeandalucia.es\/manuroca03\/files\/2023\/11\/3DE2DE53-F797-4C80-99FE-EB9016B5117E-726x1024.jpeg 726w, https:\/\/blogsaverroes.juntadeandalucia.es\/manuroca03\/files\/2023\/11\/3DE2DE53-F797-4C80-99FE-EB9016B5117E-768x1084.jpeg 768w, https:\/\/blogsaverroes.juntadeandalucia.es\/manuroca03\/files\/2023\/11\/3DE2DE53-F797-4C80-99FE-EB9016B5117E-1088x1536.jpeg 1088w\" sizes=\"(max-width: 1179px) 100vw, 1179px\" \/><\/p>\n<p style=\"text-align: center\"><span style=\"font-size: 18pt\"><strong>Y LA CLAVE SECRETA ES&#8230;<\/strong><\/span><\/p>\n<p><strong><span style=\"color: #3366ff\">Primer n\u00famero<\/span>: la cifra de las unidades de millar del resultado de la suma azul.<\/strong><\/p>\n<p><strong><span style=\"color: #3366ff\">Segundo n\u00famero<\/span>: la cifra de las decenas del resultado de la resta azul.<\/strong><\/p>\n<p><strong><span style=\"color: #3366ff\">Tercer n\u00famero<\/span>: la cifra de las centenas del resultado de la multiplicaci\u00f3n azul.<\/strong><\/p>\n<p><strong><span style=\"color: #3366ff\">Cuarto n\u00famero<\/span>: la cifra de las unidades del resultado de la divisi\u00f3n azul.&nbsp;<\/strong><\/p>\n<div style=\"width: 100%\">\n<div style=\"padding-bottom: 56.25%;padding-top: 0;height: 0\"><iframe loading=\"lazy\" src=\"https:\/\/view.genial.ly\/5f84d2e64977856eccca5530\" width=\"650\" height=\"375\" frameborder=\"0\" scrolling=\"yes\"><span data-mce-type=\"bookmark\" style=\"width: 0px;overflow: hidden;line-height: 0\" class=\"mce_SELRES_start\">\ufeff<\/span><span data-mce-type=\"bookmark\" style=\"width: 0px;overflow: hidden;line-height: 0\" class=\"mce_SELRES_start\">\ufeff<\/span><\/iframe><\/div>\n<div>&nbsp;<\/div>\n<div><strong style=\"font-size: 10pt\">*Idea recogida del maestro Carlos D\u00edaz Negr\u00edn (@profenegrin)<\/strong><\/div>\n<\/div>\n","protected":false},"excerpt":{"rendered":"<p>DESACTIVA LA BOMBA: Este primer Breakout consiste en desactivar una BOMBA que explotar\u00e1 en 30 minutos. Para ello, tendr\u00e9is que hacer las operaciones necesarias en vuestro cuaderno. Con los resultados obtenidos podr\u00e9is averiguar la CLAVE SECRETA. \u00a1Adelante! &nbsp; &nbsp; &nbsp; &nbsp; &nbsp; Y LA CLAVE SECRETA ES&#8230; Primer n\u00famero: la cifra de las unidades de &hellip; <\/p>\n<p><a class=\"more-link btn\" href=\"https:\/\/blogsaverroes.juntadeandalucia.es\/manuroca03\/operaciones-ev-inicial\/\">Seguir leyendo<\/a><\/p>\n","protected":false},"author":10452,"featured_media":0,"parent":0,"menu_order":0,"comment_status":"open","ping_status":"closed","template":"","meta":{"ngg_post_thumbnail":0,"footnotes":""},"aioseo_notices":[],"_links":{"self":[{"href":"https:\/\/blogsaverroes.juntadeandalucia.es\/manuroca03\/wp-json\/wp\/v2\/pages\/308"}],"collection":[{"href":"https:\/\/blogsaverroes.juntadeandalucia.es\/manuroca03\/wp-json\/wp\/v2\/pages"}],"about":[{"href":"https:\/\/blogsaverroes.juntadeandalucia.es\/manuroca03\/wp-json\/wp\/v2\/types\/page"}],"author":[{"embeddable":true,"href":"https:\/\/blogsaverroes.juntadeandalucia.es\/manuroca03\/wp-json\/wp\/v2\/users\/10452"}],"replies":[{"embeddable":true,"href":"https:\/\/blogsaverroes.juntadeandalucia.es\/manuroca03\/wp-json\/wp\/v2\/comments?post=308"}],"version-history":[{"count":17,"href":"https:\/\/blogsaverroes.juntadeandalucia.es\/manuroca03\/wp-json\/wp\/v2\/pages\/308\/revisions"}],"predecessor-version":[{"id":1674,"href":"https:\/\/blogsaverroes.juntadeandalucia.es\/manuroca03\/wp-json\/wp\/v2\/pages\/308\/revisions\/1674"}],"wp:attachment":[{"href":"https:\/\/blogsaverroes.juntadeandalucia.es\/manuroca03\/wp-json\/wp\/v2\/media?parent=308"}],"curies":[{"name":"wp","href":"https:\/\/api.w.org\/{rel}","templated":true}]}}