{"id":354,"date":"2020-10-15T15:16:58","date_gmt":"2020-10-15T15:16:58","guid":{"rendered":"https:\/\/blogsaverroes.juntadeandalucia.es\/manuroca03\/?page_id=354"},"modified":"2020-10-15T15:33:56","modified_gmt":"2020-10-15T15:33:56","slug":"code","status":"publish","type":"page","link":"https:\/\/blogsaverroes.juntadeandalucia.es\/manuroca03\/code\/","title":{"rendered":"Code"},"content":{"rendered":"<h2>Introducci\u00f3n a la programaci\u00f3n con CODE.ORG:<\/h2>\n<h2><a href=\"https:\/\/code.org\/\"><img loading=\"lazy\" decoding=\"async\" class=\"size-full wp-image-365 aligncenter\" src=\"https:\/\/blogsaverroes.juntadeandalucia.es\/manuroca03\/files\/2020\/10\/code.jpg\" alt=\"\" width=\"253\" height=\"150\" srcset=\"https:\/\/blogsaverroes.juntadeandalucia.es\/manuroca03\/files\/2020\/10\/code.jpg 253w, https:\/\/blogsaverroes.juntadeandalucia.es\/manuroca03\/files\/2020\/10\/code-24x14.jpg 24w, https:\/\/blogsaverroes.juntadeandalucia.es\/manuroca03\/files\/2020\/10\/code-36x21.jpg 36w, https:\/\/blogsaverroes.juntadeandalucia.es\/manuroca03\/files\/2020\/10\/code-48x28.jpg 48w\" sizes=\"(max-width: 253px) 100vw, 253px\" \/><\/a><\/h2>\n<p style=\"text-align: center\"><strong>ACCEDE A CODE.ORG PINCHANDO EN EL LOGO<\/strong><\/p>\n<p>Debemos comenzar hablando de los <strong>beneficios de la programaci\u00f3n para ni\u00f1os<\/strong>:<\/p>\n<p>Hay informaci\u00f3n de sobra en Internet al respecto, as\u00ed que simplemente voy a resumir los principales beneficios que supone para los ni\u00f1os comenzar a programar a edades tempranas:<\/p>\n<ul>\n<li><em><strong>Mayor capacidad de atenci\u00f3n, m\u00e1s autonom\u00eda, y un mayor inter\u00e9s en&nbsp;el descubrimiento de nuevos conceptos.<\/strong><\/em><\/li>\n<li><em><strong>Mejores resultados en pruebas de matem\u00e1ticas, razonamiento y resoluci\u00f3n de problemas.<\/strong><\/em><\/li>\n<li><em><strong>Impacto positivo en la creatividad y respuesta emocional de ni\u00f1os con dificultades de aprendizaje, as\u00ed como en el desarrollo de las habilidades cognitivas y socio-emocionales.<\/strong><\/em><\/li>\n<\/ul>\n<p>Comienzo con <a href=\"https:\/\/code.org\/\">code.org<\/a> porque es la herramienta que considero m\u00e1s adecuada&nbsp;<strong>para ni\u00f1os de infantil y primeros cursos de primaria<\/strong>. Esto no quiere decir que no pueda usarse con edades mas avanzadas. De hecho existen&nbsp;cursos preparados para secundaria y bachillerato.<\/p>\n<p>Al igual que en otras plataformas como <strong>Scratch<\/strong>, se programa por bloques, esto quiere decir que no necesitamos conocer ni escribir c\u00f3digo. Las distintas \u00f3rdenes que configuran un programa van en bloques que encajan entre si como si se tratara de un puzzle.<\/p>\n<p>Lo mejor de&nbsp;<strong>code.org<\/strong>, en mi opini\u00f3n, es que puedes empezar a programar sin tener ning\u00fan conocimiento ya que los cursos que encontramos en la plataforma empiezan desde cero.<\/p>\n<p>Adem\u00e1s, cada curso viene acompa\u00f1ado de una documentaci\u00f3n muy completa para el profesor. Eso si, est\u00e1 en ingl\u00e9s.<\/p>\n<p>Por \u00faltimo, comentar que desde hace unos meses tambi\u00e9n han habilitado una plataforma dentro de <strong>Code<\/strong> para&nbsp;<strong>programar aplicaciones<\/strong>. No la he probado, as\u00ed que no puedo pronunciarme, pero solo viendo la interfaz he de decir que me recuerda algo a la de Scratch y que tiene muy buena pinta.<\/p>\n<p><img loading=\"lazy\" decoding=\"async\" class=\"wp-image-366 aligncenter\" src=\"https:\/\/blogsaverroes.juntadeandalucia.es\/manuroca03\/files\/2020\/10\/programar-code-org-300x212.jpg\" alt=\"\" width=\"577\" height=\"408\" srcset=\"https:\/\/blogsaverroes.juntadeandalucia.es\/manuroca03\/files\/2020\/10\/programar-code-org-300x212.jpg 300w, https:\/\/blogsaverroes.juntadeandalucia.es\/manuroca03\/files\/2020\/10\/programar-code-org-768x543.jpg 768w, https:\/\/blogsaverroes.juntadeandalucia.es\/manuroca03\/files\/2020\/10\/programar-code-org-24x17.jpg 24w, https:\/\/blogsaverroes.juntadeandalucia.es\/manuroca03\/files\/2020\/10\/programar-code-org-36x25.jpg 36w, https:\/\/blogsaverroes.juntadeandalucia.es\/manuroca03\/files\/2020\/10\/programar-code-org-48x34.jpg 48w, https:\/\/blogsaverroes.juntadeandalucia.es\/manuroca03\/files\/2020\/10\/programar-code-org.jpg 775w\" sizes=\"(max-width: 577px) 100vw, 577px\" \/><\/p>\n<p><span style=\"font-size: 8pt\"><b style=\"font-size: 8pt\">Informaci\u00f3n <\/b><span style=\"font-size: 10.6667px\"><b>extra\u00edda<\/b><\/span><b style=\"font-size: 8pt\"> de la web www.educaryjugar.com\/docentes\/programacion-para-ninos<\/b><\/span><\/p>\n","protected":false},"excerpt":{"rendered":"<p>Introducci\u00f3n a la programaci\u00f3n con CODE.ORG: ACCEDE A CODE.ORG PINCHANDO EN EL LOGO Debemos comenzar hablando de los beneficios de la programaci\u00f3n para ni\u00f1os: Hay informaci\u00f3n de sobra en Internet al respecto, as\u00ed que simplemente voy a resumir los principales beneficios que supone para los ni\u00f1os comenzar a programar a edades tempranas: Mayor capacidad de &hellip; <\/p>\n<p><a class=\"more-link btn\" href=\"https:\/\/blogsaverroes.juntadeandalucia.es\/manuroca03\/code\/\">Seguir leyendo<\/a><\/p>\n","protected":false},"author":10452,"featured_media":0,"parent":0,"menu_order":0,"comment_status":"closed","ping_status":"closed","template":"","meta":{"ngg_post_thumbnail":0,"footnotes":""},"aioseo_notices":[],"_links":{"self":[{"href":"https:\/\/blogsaverroes.juntadeandalucia.es\/manuroca03\/wp-json\/wp\/v2\/pages\/354"}],"collection":[{"href":"https:\/\/blogsaverroes.juntadeandalucia.es\/manuroca03\/wp-json\/wp\/v2\/pages"}],"about":[{"href":"https:\/\/blogsaverroes.juntadeandalucia.es\/manuroca03\/wp-json\/wp\/v2\/types\/page"}],"author":[{"embeddable":true,"href":"https:\/\/blogsaverroes.juntadeandalucia.es\/manuroca03\/wp-json\/wp\/v2\/users\/10452"}],"replies":[{"embeddable":true,"href":"https:\/\/blogsaverroes.juntadeandalucia.es\/manuroca03\/wp-json\/wp\/v2\/comments?post=354"}],"version-history":[{"count":3,"href":"https:\/\/blogsaverroes.juntadeandalucia.es\/manuroca03\/wp-json\/wp\/v2\/pages\/354\/revisions"}],"predecessor-version":[{"id":367,"href":"https:\/\/blogsaverroes.juntadeandalucia.es\/manuroca03\/wp-json\/wp\/v2\/pages\/354\/revisions\/367"}],"wp:attachment":[{"href":"https:\/\/blogsaverroes.juntadeandalucia.es\/manuroca03\/wp-json\/wp\/v2\/media?parent=354"}],"curies":[{"name":"wp","href":"https:\/\/api.w.org\/{rel}","templated":true}]}}