{"id":376,"date":"2020-10-18T15:23:14","date_gmt":"2020-10-18T15:23:14","guid":{"rendered":"https:\/\/blogsaverroes.juntadeandalucia.es\/manuroca03\/?page_id=376"},"modified":"2021-04-25T09:00:35","modified_gmt":"2021-04-25T09:00:35","slug":"2-among-maths","status":"publish","type":"page","link":"https:\/\/blogsaverroes.juntadeandalucia.es\/manuroca03\/2-among-maths\/","title":{"rendered":"Among Maths N\u00fameros I"},"content":{"rendered":"<div style=\"width: 100%\">\n<div>\n<p><strong>El nuevo \u00abEpic Reto\u00bb de LUDOMATES mola mogoll\u00f3n, \u00bfte atreves? Trabajaremos los n\u00fameros naturales mediante la lectura y descomposici\u00f3n de n\u00fameros, comparaciones, aproximaciones, operaciones b\u00e1sicas y combinadas, potencias y ra\u00edces cuadradas.&nbsp;<\/strong><\/p>\n<p><strong>AVERIGUA LOS N\u00daMEROS QUE FALTAN EN LA SIGUIENTE OPERACI\u00d3N COMBINADA Y EL RESULTADO TE DAR\u00c1 LA CONTRASE\u00d1A PARA CONVOCAR LA REUNI\u00d3N DE LA CAFETER\u00cdA:<\/strong><\/p>\n<p>___ + ( ___ x ___ ) &#8211; ___ : ___ + ( ___ &#8211; ___ ) = <strong>CONTRASE\u00d1A<\/strong><\/p>\n<p><strong>C\u00d3MO JUGAR:<\/strong><\/p>\n<\/div>\n<div>\n<p>Ocho individuos encerrados en una nave espacial han de intentar realizar las tareas pertinentes para repararla y poder volver a casa. Pero uno de ellos es un impostor y est\u00e1 intentando sabotear vuestra misi\u00f3n.<\/p>\n<div>Supera los diferentes retos que encontrar\u00e1s en cada estancia de la nave y consigue pistas para poder descubrir al impostor que est\u00e1 entre nosotros.<\/div>\n<div>Cuando tengas todas las pistas, podr\u00e1s ir a la cafeter\u00eda y convocar una reuni\u00f3n para decidir qui\u00e9n es el impostor. Pero para poder llegar aqu\u00ed, has de superar todas las tareas, ya que necesitar\u00e1s la clave correcta para poder convocar la reuni\u00f3n.<\/div>\n<div>\n<div>&nbsp;<\/div>\n<div>Puedes emprender la aventura de forma lineal siguiendo el orden de las estancias a visitar que te sugieren las flechas gu\u00eda.<\/div>\n<div>Pero tambi\u00e9n puedes seguir la aventura a tu gusto desde el mapa general, donde podr\u00e1s ir&nbsp; a cada una de las estancias que desees en el orden que prefieras. Si eliges esta forma, recuerda pasar por todas, porque si no, no lograr\u00e1s conseguir todas las pistas necesarias para desenmascarar al impostor ni las cifras que necesitas para convocar la reuni\u00f3n.<\/div>\n<div>&nbsp;<\/div>\n<\/div>\n<div>\u00a1Mucha suerte!<\/div>\n<\/div>\n<div>&nbsp;<\/div>\n<div><strong>DE MOMENTO, INTENTA RESOLVER SOLAMENTE LAS PRUEBAS DE LAS SIETE SALAS QUE APARECEN EN ESTA IMAGEN (LAS TACHADAS NO SE HACEN). PLAZO HASTA EL D\u00cdA DE LA PRUEBA ESCRITA DEL TEMA 1.<\/strong><\/div>\n<div><img loading=\"lazy\" decoding=\"async\" class=\" wp-image-454 aligncenter\" src=\"https:\/\/blogsaverroes.juntadeandalucia.es\/manuroca03\/files\/2020\/10\/Amongs-300x167.jpg\" alt=\"\" width=\"433\" height=\"241\" srcset=\"https:\/\/blogsaverroes.juntadeandalucia.es\/manuroca03\/files\/2020\/10\/Amongs-300x167.jpg 300w, https:\/\/blogsaverroes.juntadeandalucia.es\/manuroca03\/files\/2020\/10\/Amongs-1024x570.jpg 1024w, https:\/\/blogsaverroes.juntadeandalucia.es\/manuroca03\/files\/2020\/10\/Amongs-768x427.jpg 768w, https:\/\/blogsaverroes.juntadeandalucia.es\/manuroca03\/files\/2020\/10\/Amongs-24x13.jpg 24w, https:\/\/blogsaverroes.juntadeandalucia.es\/manuroca03\/files\/2020\/10\/Amongs-36x20.jpg 36w, https:\/\/blogsaverroes.juntadeandalucia.es\/manuroca03\/files\/2020\/10\/Amongs-48x27.jpg 48w, https:\/\/blogsaverroes.juntadeandalucia.es\/manuroca03\/files\/2020\/10\/Amongs.jpg 1242w\" sizes=\"(max-width: 433px) 100vw, 433px\" \/>&nbsp;<\/div>\n<\/div>\n<div style=\"width: 100%\">\n<div style=\"padding-bottom: 56.25%;padding-top: 0;height: 0\"><iframe loading=\"lazy\" src=\"https:\/\/view.genial.ly\/5f8cb0b783a9980d6ce8daf3\" width=\"600\" height=\"375\" frameborder=\"0\" scrolling=\"yes\"><\/iframe><\/div>\n<\/div>\n<p>&nbsp;<\/p>\n","protected":false},"excerpt":{"rendered":"<p>El nuevo \u00abEpic Reto\u00bb de LUDOMATES mola mogoll\u00f3n, \u00bfte atreves? Trabajaremos los n\u00fameros naturales mediante la lectura y descomposici\u00f3n de n\u00fameros, comparaciones, aproximaciones, operaciones b\u00e1sicas y combinadas, potencias y ra\u00edces cuadradas.&nbsp; AVERIGUA LOS N\u00daMEROS QUE FALTAN EN LA SIGUIENTE OPERACI\u00d3N COMBINADA Y EL RESULTADO TE DAR\u00c1 LA CONTRASE\u00d1A PARA CONVOCAR LA REUNI\u00d3N DE LA CAFETER\u00cdA: &hellip; <\/p>\n<p><a class=\"more-link btn\" href=\"https:\/\/blogsaverroes.juntadeandalucia.es\/manuroca03\/2-among-maths\/\">Seguir leyendo<\/a><\/p>\n","protected":false},"author":10452,"featured_media":0,"parent":0,"menu_order":0,"comment_status":"closed","ping_status":"closed","template":"","meta":{"ngg_post_thumbnail":0,"footnotes":""},"aioseo_notices":[],"_links":{"self":[{"href":"https:\/\/blogsaverroes.juntadeandalucia.es\/manuroca03\/wp-json\/wp\/v2\/pages\/376"}],"collection":[{"href":"https:\/\/blogsaverroes.juntadeandalucia.es\/manuroca03\/wp-json\/wp\/v2\/pages"}],"about":[{"href":"https:\/\/blogsaverroes.juntadeandalucia.es\/manuroca03\/wp-json\/wp\/v2\/types\/page"}],"author":[{"embeddable":true,"href":"https:\/\/blogsaverroes.juntadeandalucia.es\/manuroca03\/wp-json\/wp\/v2\/users\/10452"}],"replies":[{"embeddable":true,"href":"https:\/\/blogsaverroes.juntadeandalucia.es\/manuroca03\/wp-json\/wp\/v2\/comments?post=376"}],"version-history":[{"count":12,"href":"https:\/\/blogsaverroes.juntadeandalucia.es\/manuroca03\/wp-json\/wp\/v2\/pages\/376\/revisions"}],"predecessor-version":[{"id":1071,"href":"https:\/\/blogsaverroes.juntadeandalucia.es\/manuroca03\/wp-json\/wp\/v2\/pages\/376\/revisions\/1071"}],"wp:attachment":[{"href":"https:\/\/blogsaverroes.juntadeandalucia.es\/manuroca03\/wp-json\/wp\/v2\/media?parent=376"}],"curies":[{"name":"wp","href":"https:\/\/api.w.org\/{rel}","templated":true}]}}