{"id":496,"date":"2020-10-31T19:34:50","date_gmt":"2020-10-31T19:34:50","guid":{"rendered":"https:\/\/blogsaverroes.juntadeandalucia.es\/manuroca03\/?page_id=496"},"modified":"2025-09-30T17:44:24","modified_gmt":"2025-09-30T17:44:24","slug":"proyecto-matiheroes","status":"publish","type":"page","link":"https:\/\/blogsaverroes.juntadeandalucia.es\/manuroca03\/proyecto-matiheroes\/","title":{"rendered":"Proyecto adaptado a nuestra clase"},"content":{"rendered":"<p><img loading=\"lazy\" decoding=\"async\" class=\"alignnone  wp-image-2172\" src=\"https:\/\/blogsaverroes.juntadeandalucia.es\/manuroca03\/files\/2025\/09\/SMTH-Clase-Chismosa.png\" alt=\"\" width=\"719\" height=\"206\" srcset=\"https:\/\/blogsaverroes.juntadeandalucia.es\/manuroca03\/files\/2025\/09\/SMTH-Clase-Chismosa.png 1597w, https:\/\/blogsaverroes.juntadeandalucia.es\/manuroca03\/files\/2025\/09\/SMTH-Clase-Chismosa-300x86.png 300w, https:\/\/blogsaverroes.juntadeandalucia.es\/manuroca03\/files\/2025\/09\/SMTH-Clase-Chismosa-1024x293.png 1024w, https:\/\/blogsaverroes.juntadeandalucia.es\/manuroca03\/files\/2025\/09\/SMTH-Clase-Chismosa-768x220.png 768w, https:\/\/blogsaverroes.juntadeandalucia.es\/manuroca03\/files\/2025\/09\/SMTH-Clase-Chismosa-1536x440.png 1536w, https:\/\/blogsaverroes.juntadeandalucia.es\/manuroca03\/files\/2025\/09\/SMTH-Clase-Chismosa-750x215.png 750w\" sizes=\"(max-width: 719px) 100vw, 719px\" \/><\/p>\n<p>Los S\u00faper Matih\u00e9roes es un proyecto gamificado que consiste en ir rescatando a los S\u00faper Matih\u00e9roes que han sido capturados por los malvados Dedeking y Contradicci\u00f3n. Para ello, en cada tema nos enfrentaremos a una <strong>MISI\u00d3N o RETO <\/strong>con diferentes actividades relacionadas con lo aprendido en ese tema. Si conseguimos sacar buena nota en la misi\u00f3n\/reto, liberaremos a un <strong>Matih\u00e9roe<\/strong> y ganaremos su <strong>insignia<\/strong>, la cual deberemos pegar en nuestro <strong><em>\u00e1lbum de los \u00abS\u00faper Matih\u00e9roes\u00bb<\/em><\/strong>. Por cada insignia conseguida obtendremos una <strong>bonificaci\u00f3n<\/strong> <strong>(+20 XP)<\/strong> en <strong>MyClassGame<\/strong>. Todos aquellos\/as que consig\u00e1is al menos 10 de las 12 insignias totales, obtendr\u00e9is un <strong>S\u00daPER REGALO<\/strong> sorpresa a final de curso. \u00bfEst\u00e1s preparado para ayudar a liberar a todos los Matih\u00e9roes y atrapar a los malvados?<\/p>\n<p><strong>AQU\u00cd OS PRESENTO A LOS DIEZ MATIH\u00c9ROES Y A LOS DOS MALVADOS&#8230;&nbsp;<\/strong><\/p>\n<p>ngg_shortcode_0_placeholder<strong>\u00bfSER\u00c1S CAPAZ DE COMPLETAR EL \u00c1LBUM DE LOS S\u00daPER MATIH\u00c9ROES?<\/strong><\/p>\n<p><img loading=\"lazy\" decoding=\"async\" class=\"alignnone wp-image-515\" src=\"https:\/\/blogsaverroes.juntadeandalucia.es\/manuroca03\/files\/2020\/11\/Captura-de-pantalla-2020-11-01-17.46.07-300x202.png\" alt=\"\" width=\"710\" height=\"478\" srcset=\"https:\/\/blogsaverroes.juntadeandalucia.es\/manuroca03\/files\/2020\/11\/Captura-de-pantalla-2020-11-01-17.46.07-300x202.png 300w, https:\/\/blogsaverroes.juntadeandalucia.es\/manuroca03\/files\/2020\/11\/Captura-de-pantalla-2020-11-01-17.46.07-24x16.png 24w, https:\/\/blogsaverroes.juntadeandalucia.es\/manuroca03\/files\/2020\/11\/Captura-de-pantalla-2020-11-01-17.46.07-36x24.png 36w, https:\/\/blogsaverroes.juntadeandalucia.es\/manuroca03\/files\/2020\/11\/Captura-de-pantalla-2020-11-01-17.46.07-48x32.png 48w, https:\/\/blogsaverroes.juntadeandalucia.es\/manuroca03\/files\/2020\/11\/Captura-de-pantalla-2020-11-01-17.46.07.png 598w\" sizes=\"(max-width: 710px) 100vw, 710px\" \/><\/p>\n<p><strong><span style=\"font-size: 10pt\">*ENORMEMENTE AGRADECIDOS A SU AUTOR, AAR\u00d3N ASENCIO, POR HACERNOS DISFRUTAR TANTO.<\/span><\/strong><\/p>\n","protected":false},"excerpt":{"rendered":"<p>Los S\u00faper Matih\u00e9roes es un proyecto gamificado que consiste en ir rescatando a los S\u00faper Matih\u00e9roes que han sido capturados por los malvados Dedeking y Contradicci\u00f3n. Para ello, en cada tema nos enfrentaremos a una MISI\u00d3N o RETO con diferentes actividades relacionadas con lo aprendido en ese tema. Si conseguimos sacar buena nota en la &hellip; <\/p>\n<p><a class=\"more-link btn\" href=\"https:\/\/blogsaverroes.juntadeandalucia.es\/manuroca03\/proyecto-matiheroes\/\">Seguir leyendo<\/a><\/p>\n","protected":false},"author":10452,"featured_media":0,"parent":0,"menu_order":0,"comment_status":"closed","ping_status":"closed","template":"","meta":{"ngg_post_thumbnail":0,"footnotes":""},"aioseo_notices":[],"_links":{"self":[{"href":"https:\/\/blogsaverroes.juntadeandalucia.es\/manuroca03\/wp-json\/wp\/v2\/pages\/496"}],"collection":[{"href":"https:\/\/blogsaverroes.juntadeandalucia.es\/manuroca03\/wp-json\/wp\/v2\/pages"}],"about":[{"href":"https:\/\/blogsaverroes.juntadeandalucia.es\/manuroca03\/wp-json\/wp\/v2\/types\/page"}],"author":[{"embeddable":true,"href":"https:\/\/blogsaverroes.juntadeandalucia.es\/manuroca03\/wp-json\/wp\/v2\/users\/10452"}],"replies":[{"embeddable":true,"href":"https:\/\/blogsaverroes.juntadeandalucia.es\/manuroca03\/wp-json\/wp\/v2\/comments?post=496"}],"version-history":[{"count":15,"href":"https:\/\/blogsaverroes.juntadeandalucia.es\/manuroca03\/wp-json\/wp\/v2\/pages\/496\/revisions"}],"predecessor-version":[{"id":2173,"href":"https:\/\/blogsaverroes.juntadeandalucia.es\/manuroca03\/wp-json\/wp\/v2\/pages\/496\/revisions\/2173"}],"wp:attachment":[{"href":"https:\/\/blogsaverroes.juntadeandalucia.es\/manuroca03\/wp-json\/wp\/v2\/media?parent=496"}],"curies":[{"name":"wp","href":"https:\/\/api.w.org\/{rel}","templated":true}]}}