{"id":520,"date":"2020-11-02T18:42:43","date_gmt":"2020-11-02T18:42:43","guid":{"rendered":"https:\/\/blogsaverroes.juntadeandalucia.es\/manuroca03\/?page_id=520"},"modified":"2021-04-25T09:00:51","modified_gmt":"2021-04-25T09:00:51","slug":"3-among-maths-ii","status":"publish","type":"page","link":"https:\/\/blogsaverroes.juntadeandalucia.es\/manuroca03\/3-among-maths-ii\/","title":{"rendered":"Among Maths N\u00fameros II"},"content":{"rendered":"<div style=\"width: 100%\">\n<div>\n<p><strong>Vamos a por la segunda parte del \u00abEpic Reto\u00bb de LUDOMATES que tanto os ha gustado, \u00bfseguimos? Trabajaremos los n\u00fameros naturales mediante la lectura y descomposici\u00f3n de n\u00fameros, comparaciones, aproximaciones, operaciones b\u00e1sicas y combinadas, potencias y ra\u00edces cuadradas.&nbsp;<\/strong><\/p>\n<p><strong>Una vez descifrada la contrase\u00f1a para acceder a la reuni\u00f3n de la cafeter\u00eda (Among Maths I), ahora necesitamos conocer las pistas que nos ayudar\u00e1n a descubrir al impostor.&nbsp;<\/strong><\/p>\n<p><strong>* COPIA LAS SIETE PISTAS EN LA TABLA ENTREGADA POR EL MAESTRO.<\/strong><\/p>\n<p><img loading=\"lazy\" decoding=\"async\" class=\"alignnone wp-image-546\" src=\"https:\/\/blogsaverroes.juntadeandalucia.es\/manuroca03\/files\/2020\/11\/pistas-300x120.jpg\" alt=\"\" width=\"618\" height=\"247\"><\/p>\n<p><strong>C\u00d3MO JUGAR:<\/strong><\/p>\n<\/div>\n<div>\n<p>Ocho individuos encerrados en una nave espacial han de intentar realizar las tareas pertinentes para repararla y poder volver a casa. Pero uno de ellos es un impostor y est\u00e1 intentando sabotear vuestra misi\u00f3n.<\/p>\n<div>Supera los diferentes retos que encontrar\u00e1s en cada estancia de la nave y consigue pistas para poder descubrir al impostor que est\u00e1 entre nosotros.<\/div>\n<div>&nbsp;<\/div>\n<div>Cuando tengas todas las pistas, podr\u00e1s ir a la cafeter\u00eda y convocar una reuni\u00f3n para decidir qui\u00e9n es el impostor. Pero para poder llegar aqu\u00ed, has de superar todas las tareas, ya que necesitar\u00e1s la clave correcta para poder convocar la reuni\u00f3n.<\/div>\n<div>\n<div>&nbsp;<\/div>\n<div>Puedes emprender la aventura de forma lineal siguiendo el orden de las estancias a visitar que te sugieren las flechas gu\u00eda. Pero tambi\u00e9n puedes seguir la aventura a tu gusto desde el mapa general, donde podr\u00e1s ir&nbsp; a cada una de las estancias que desees en el orden que prefieras. Si eliges esta forma, recuerda pasar por todas, porque si no, no lograr\u00e1s conseguir todas las pistas necesarias para desenmascarar al impostor ni las cifras que necesitas para convocar la reuni\u00f3n.<\/div>\n<div>&nbsp;<\/div>\n<\/div>\n<div>\u00a1Mucha suerte!<\/div>\n<\/div>\n<div>&nbsp;<\/div>\n<div><strong>AHORA, INTENTA RESOLVER LAS PRUEBAS DE LAS SIETE SALAS QUE APARECEN EN ESTA IMAGEN EN VERDE. PLAZO HASTA EL D\u00cdA DE LA PRUEBA ESCRITA DEL TEMA 2.<\/strong><\/div>\n<div>\n<p><img loading=\"lazy\" decoding=\"async\" class=\" wp-image-548\" src=\"https:\/\/blogsaverroes.juntadeandalucia.es\/manuroca03\/files\/2020\/11\/Pistas-300x169.jpeg\" alt=\"\" width=\"602\" height=\"339\" srcset=\"https:\/\/blogsaverroes.juntadeandalucia.es\/manuroca03\/files\/2020\/11\/Pistas-300x169.jpeg 300w, https:\/\/blogsaverroes.juntadeandalucia.es\/manuroca03\/files\/2020\/11\/Pistas-1024x575.jpeg 1024w, https:\/\/blogsaverroes.juntadeandalucia.es\/manuroca03\/files\/2020\/11\/Pistas-768x432.jpeg 768w, https:\/\/blogsaverroes.juntadeandalucia.es\/manuroca03\/files\/2020\/11\/Pistas-24x13.jpeg 24w, https:\/\/blogsaverroes.juntadeandalucia.es\/manuroca03\/files\/2020\/11\/Pistas-36x20.jpeg 36w, https:\/\/blogsaverroes.juntadeandalucia.es\/manuroca03\/files\/2020\/11\/Pistas-48x27.jpeg 48w, https:\/\/blogsaverroes.juntadeandalucia.es\/manuroca03\/files\/2020\/11\/Pistas.jpeg 1242w\" sizes=\"(max-width: 602px) 100vw, 602px\" \/><\/p>\n<\/div>\n<\/div>\n<div style=\"width: 100%\">\n<div style=\"padding-bottom: 56.25%;padding-top: 0;height: 0\"><iframe loading=\"lazy\" src=\"https:\/\/view.genial.ly\/5f8cb0b783a9980d6ce8daf3\" width=\"600\" height=\"375\" frameborder=\"0\" scrolling=\"yes\"><\/iframe><\/div>\n<\/div>\n<p>&nbsp;<\/p>\n","protected":false},"excerpt":{"rendered":"<p>Vamos a por la segunda parte del \u00abEpic Reto\u00bb de LUDOMATES que tanto os ha gustado, \u00bfseguimos? Trabajaremos los n\u00fameros naturales mediante la lectura y descomposici\u00f3n de n\u00fameros, comparaciones, aproximaciones, operaciones b\u00e1sicas y combinadas, potencias y ra\u00edces cuadradas.&nbsp; Una vez descifrada la contrase\u00f1a para acceder a la reuni\u00f3n de la cafeter\u00eda (Among Maths I), ahora &hellip; <\/p>\n<p><a class=\"more-link btn\" href=\"https:\/\/blogsaverroes.juntadeandalucia.es\/manuroca03\/3-among-maths-ii\/\">Seguir leyendo<\/a><\/p>\n","protected":false},"author":10452,"featured_media":0,"parent":0,"menu_order":0,"comment_status":"closed","ping_status":"closed","template":"","meta":{"ngg_post_thumbnail":0,"footnotes":""},"aioseo_notices":[],"_links":{"self":[{"href":"https:\/\/blogsaverroes.juntadeandalucia.es\/manuroca03\/wp-json\/wp\/v2\/pages\/520"}],"collection":[{"href":"https:\/\/blogsaverroes.juntadeandalucia.es\/manuroca03\/wp-json\/wp\/v2\/pages"}],"about":[{"href":"https:\/\/blogsaverroes.juntadeandalucia.es\/manuroca03\/wp-json\/wp\/v2\/types\/page"}],"author":[{"embeddable":true,"href":"https:\/\/blogsaverroes.juntadeandalucia.es\/manuroca03\/wp-json\/wp\/v2\/users\/10452"}],"replies":[{"embeddable":true,"href":"https:\/\/blogsaverroes.juntadeandalucia.es\/manuroca03\/wp-json\/wp\/v2\/comments?post=520"}],"version-history":[{"count":11,"href":"https:\/\/blogsaverroes.juntadeandalucia.es\/manuroca03\/wp-json\/wp\/v2\/pages\/520\/revisions"}],"predecessor-version":[{"id":1072,"href":"https:\/\/blogsaverroes.juntadeandalucia.es\/manuroca03\/wp-json\/wp\/v2\/pages\/520\/revisions\/1072"}],"wp:attachment":[{"href":"https:\/\/blogsaverroes.juntadeandalucia.es\/manuroca03\/wp-json\/wp\/v2\/media?parent=520"}],"curies":[{"name":"wp","href":"https:\/\/api.w.org\/{rel}","templated":true}]}}