{"id":529,"date":"2020-11-04T17:51:03","date_gmt":"2020-11-04T17:51:03","guid":{"rendered":"https:\/\/blogsaverroes.juntadeandalucia.es\/manuroca03\/?page_id=529"},"modified":"2023-12-06T17:36:10","modified_gmt":"2023-12-06T17:36:10","slug":"rubik","status":"publish","type":"page","link":"https:\/\/blogsaverroes.juntadeandalucia.es\/manuroca03\/rubik\/","title":{"rendered":"RUBIK"},"content":{"rendered":"<div><strong>Os presento uno de mis hobbies favoritos, el cubo de RUBIK. \u00bfLo conoc\u00e9is?<\/strong><\/div>\n<div class=\"separator\" style=\"clear: both;text-align: center\">&nbsp;<\/div>\n<div style=\"text-align: justify\"><span style=\"font-family: Georgia, Times New Roman, serif\"><b>El cubo de RUBIK es un rompecabezas mec\u00e1nico tridimensional inventado por el escultor y profesor de arquitectura h\u00fangaro Ern\u0151 Rubik en 1974. Originalmente llamado \u00abcubo m\u00e1gico\u00bb, el rompecabezas fue licenciado por Rubik para ser vendido por \u00abIdeal Toy Corp\u00bb en 1980 y gan\u00f3 el premio alem\u00e1n a mejor juego del a\u00f1o en la categor\u00eda Mejor rompecabezas ese mismo a\u00f1o. Hasta enero de 2009 se hab\u00edan vendido 350 millones de cubos en todo el mundo, haci\u00e9ndolo el juego de rompecabezas m\u00e1s vendido del mundo. Es considerado ampliamente el juguete m\u00e1s vendido del mundo.<\/b><\/span><\/div>\n<div>&nbsp;<\/div>\n<div><b><span style=\"font-size: large\">\u00bfQUER\u00c9IS APRENDER A HACERLO? <\/span><\/b><b><span style=\"font-size: large\">\u00a1VAMOS APRACTICAR UN POCO!<\/span><\/b><\/div>\n<div><iframe loading=\"lazy\" src=\"https:\/\/www.youtube.com\/embed\/CuBioKkV6HE?si=w0uUBCXoH_Sgh5GN\" width=\"560\" height=\"315\" frameborder=\"0\"><\/iframe>&nbsp;<\/div>\n<div style=\"text-align: center\">\n<table class=\"tr-caption-container alignleft\" style=\"margin-left: auto;margin-right: auto;text-align: justify\" cellspacing=\"0\" cellpadding=\"0\" align=\"center\">\n<tbody>\n<tr>\n<td style=\"text-align: center\"><span style=\"margin-left: auto;margin-right: auto\"><a href=\"http:\/\/www.randelshofer.ch\/rubik\/virtual_cubes\/rubik\/instructions\/instructions.html\" target=\"_blank\" rel=\"noopener noreferrer\"><img loading=\"lazy\" decoding=\"async\" src=\"https:\/\/3.bp.blogspot.com\/-TThvfFM2LLo\/VNeZTAJIkMI\/AAAAAAAADvM\/QRE9s6BLAH0\/s1600\/Captura%2Bde%2Bpantalla%2B2015-02-08%2B18.11.08.png\" width=\"320\" height=\"231\" border=\"0\"><\/a><\/span><\/td>\n<\/tr>\n<tr>\n<td class=\"tr-caption\" style=\"text-align: center\"><a href=\"http:\/\/www.randelshofer.ch\/rubik\/virtual_cubes\/pocket\/instructions\/2x_instructions_big.html\"><b>\u00bfERES CAPAZ DE HACERLO AQUI?<\/b><\/a><\/td>\n<\/tr>\n<\/tbody>\n<\/table>\n<div style=\"text-align: left\">&nbsp;<\/div>\n<\/div>\n<div style=\"text-align: center\">\n<div style=\"text-align: left\"><iframe loading=\"lazy\" src=\"\/\/www.youtube.com\/embed\/8PCWMORNfQg\" width=\"450\" height=\"315\" frameborder=\"0\"><\/iframe><\/div>\n<div>&nbsp;<\/div>\n<div style=\"text-align: left\">&nbsp;<\/div>\n<\/div>\n","protected":false},"excerpt":{"rendered":"<p>Os presento uno de mis hobbies favoritos, el cubo de RUBIK. \u00bfLo conoc\u00e9is? &nbsp; El cubo de RUBIK es un rompecabezas mec\u00e1nico tridimensional inventado por el escultor y profesor de arquitectura h\u00fangaro Ern\u0151 Rubik en 1974. Originalmente llamado \u00abcubo m\u00e1gico\u00bb, el rompecabezas fue licenciado por Rubik para ser vendido por \u00abIdeal Toy Corp\u00bb en 1980 &hellip; <\/p>\n<p><a class=\"more-link btn\" href=\"https:\/\/blogsaverroes.juntadeandalucia.es\/manuroca03\/rubik\/\">Seguir leyendo<\/a><\/p>\n","protected":false},"author":10452,"featured_media":0,"parent":0,"menu_order":0,"comment_status":"closed","ping_status":"closed","template":"","meta":{"ngg_post_thumbnail":0,"footnotes":""},"aioseo_notices":[],"_links":{"self":[{"href":"https:\/\/blogsaverroes.juntadeandalucia.es\/manuroca03\/wp-json\/wp\/v2\/pages\/529"}],"collection":[{"href":"https:\/\/blogsaverroes.juntadeandalucia.es\/manuroca03\/wp-json\/wp\/v2\/pages"}],"about":[{"href":"https:\/\/blogsaverroes.juntadeandalucia.es\/manuroca03\/wp-json\/wp\/v2\/types\/page"}],"author":[{"embeddable":true,"href":"https:\/\/blogsaverroes.juntadeandalucia.es\/manuroca03\/wp-json\/wp\/v2\/users\/10452"}],"replies":[{"embeddable":true,"href":"https:\/\/blogsaverroes.juntadeandalucia.es\/manuroca03\/wp-json\/wp\/v2\/comments?post=529"}],"version-history":[{"count":4,"href":"https:\/\/blogsaverroes.juntadeandalucia.es\/manuroca03\/wp-json\/wp\/v2\/pages\/529\/revisions"}],"predecessor-version":[{"id":1701,"href":"https:\/\/blogsaverroes.juntadeandalucia.es\/manuroca03\/wp-json\/wp\/v2\/pages\/529\/revisions\/1701"}],"wp:attachment":[{"href":"https:\/\/blogsaverroes.juntadeandalucia.es\/manuroca03\/wp-json\/wp\/v2\/media?parent=529"}],"curies":[{"name":"wp","href":"https:\/\/api.w.org\/{rel}","templated":true}]}}