{"id":535,"date":"2020-11-04T18:52:31","date_gmt":"2020-11-04T18:52:31","guid":{"rendered":"https:\/\/blogsaverroes.juntadeandalucia.es\/manuroca03\/?page_id=535"},"modified":"2020-11-17T22:38:12","modified_gmt":"2020-11-17T22:38:12","slug":"2-breakout-multiplicaciones","status":"publish","type":"page","link":"https:\/\/blogsaverroes.juntadeandalucia.es\/manuroca03\/2-breakout-multiplicaciones\/","title":{"rendered":"2.Breakout Multiplicaciones"},"content":{"rendered":"<p><span style=\"font-size: 18pt\"><strong>EL LAGARTO DE JA\u00c9N:<\/strong><\/span><\/p>\n<p><span style=\"font-family: 'book antiqua', palatino, serif;font-size: 18pt\">El segundo <strong>Breakout<\/strong> o <strong>minimisi\u00f3n<\/strong> consiste en activar un temporizador de <strong>EXPLOSIVOS <\/strong>(panel de abajo), antes de que acabe el tiempo, <em><strong>40 minutos<\/strong><\/em>. Para ello, tendr\u00e9is que hacer en vuestro cuaderno las <em><strong>multiplicaciones <\/strong><\/em>que encontrar\u00e9is en los<em><strong> c\u00f3digos QR <\/strong><\/em>colocados en clase. Con los resultados obtenidos podr\u00e9is averiguar el<strong> C\u00d3DIGO DE ACTIVACI\u00d3N<\/strong>. Veamos el v\u00eddeo y&#8230; \u00a1acci\u00f3n!&nbsp;<\/span><\/p>\n<p><span style=\"font-size: 14pt\"><strong>INTRO Y TEMPORIZADOR:<\/strong><\/span><\/p>\n<p><iframe loading=\"lazy\" src=\"https:\/\/www.youtube.com\/embed\/6uBschx-0Wo\" width=\"560\" height=\"315\" frameborder=\"0\"><\/iframe><\/p>\n<p><span style=\"font-size: 14pt\"><strong>MULTIPLICACIONES EN C\u00d3DIGOS QR (imprimir):<\/strong><\/span><\/p>\n<p>ngg_shortcode_0_placeholder<span style=\"font-size: 14pt\"><strong>Y EL C\u00d3DIGO DE ACTIVACI\u00d3N ES&#8230;<\/strong><\/span><\/p>\n<p><span style=\"color: #000000\"><strong>Primer n\u00famero: <\/strong>cifra de las decenas del resultado de la multiplicaci\u00f3n b)<\/span><\/p>\n<p><span style=\"color: #000000\"><strong>Segundo n\u00famero: <\/strong>cifra de las centenas del resultado de la multiplicaci\u00f3n e)<\/span><\/p>\n<p><span style=\"color: #000000\"><strong>Tercer n\u00famero: <\/strong>cifra de las UMM del resultado de la multiplicaci\u00f3n f)<\/span><\/p>\n<p><span style=\"color: #000000\"><strong>Cuarto n\u00famero: <\/strong>cifra de las centenas del resultado de la multiplicaci\u00f3n i)<\/span><\/p>\n<p><span style=\"color: #000000\"><strong>Quinto n\u00famero: <\/strong>cifra de las UM del resultado de la multiplicaci\u00f3n d)<\/span><\/p>\n<div style=\"width: 100%\">\n<div style=\"padding-bottom: 56.25%;padding-top: 0;height: 0\"><iframe loading=\"lazy\" src=\"https:\/\/view.genial.ly\/5faff3402288050d3531d9ac\" width=\"600\" height=\"375\" frameborder=\"0\" scrolling=\"yes\"><span data-mce-type=\"bookmark\" style=\"width: 0px;overflow: hidden;line-height: 0\" class=\"mce_SELRES_start\">\ufeff<\/span><\/iframe><\/div>\n<\/div>\n<p>&nbsp;<\/p>\n<p>&nbsp;<\/p>\n","protected":false},"excerpt":{"rendered":"<p>EL LAGARTO DE JA\u00c9N: El segundo Breakout o minimisi\u00f3n consiste en activar un temporizador de EXPLOSIVOS (panel de abajo), antes de que acabe el tiempo, 40 minutos. Para ello, tendr\u00e9is que hacer en vuestro cuaderno las multiplicaciones que encontrar\u00e9is en los c\u00f3digos QR colocados en clase. Con los resultados obtenidos podr\u00e9is averiguar el C\u00d3DIGO DE &hellip; <\/p>\n<p><a class=\"more-link btn\" href=\"https:\/\/blogsaverroes.juntadeandalucia.es\/manuroca03\/2-breakout-multiplicaciones\/\">Seguir leyendo<\/a><\/p>\n","protected":false},"author":10452,"featured_media":0,"parent":0,"menu_order":0,"comment_status":"closed","ping_status":"closed","template":"","meta":{"ngg_post_thumbnail":0,"footnotes":""},"aioseo_notices":[],"_links":{"self":[{"href":"https:\/\/blogsaverroes.juntadeandalucia.es\/manuroca03\/wp-json\/wp\/v2\/pages\/535"}],"collection":[{"href":"https:\/\/blogsaverroes.juntadeandalucia.es\/manuroca03\/wp-json\/wp\/v2\/pages"}],"about":[{"href":"https:\/\/blogsaverroes.juntadeandalucia.es\/manuroca03\/wp-json\/wp\/v2\/types\/page"}],"author":[{"embeddable":true,"href":"https:\/\/blogsaverroes.juntadeandalucia.es\/manuroca03\/wp-json\/wp\/v2\/users\/10452"}],"replies":[{"embeddable":true,"href":"https:\/\/blogsaverroes.juntadeandalucia.es\/manuroca03\/wp-json\/wp\/v2\/comments?post=535"}],"version-history":[{"count":14,"href":"https:\/\/blogsaverroes.juntadeandalucia.es\/manuroca03\/wp-json\/wp\/v2\/pages\/535\/revisions"}],"predecessor-version":[{"id":585,"href":"https:\/\/blogsaverroes.juntadeandalucia.es\/manuroca03\/wp-json\/wp\/v2\/pages\/535\/revisions\/585"}],"wp:attachment":[{"href":"https:\/\/blogsaverroes.juntadeandalucia.es\/manuroca03\/wp-json\/wp\/v2\/media?parent=535"}],"curies":[{"name":"wp","href":"https:\/\/api.w.org\/{rel}","templated":true}]}}