{"id":630,"date":"2020-12-05T14:50:03","date_gmt":"2020-12-05T14:50:03","guid":{"rendered":"https:\/\/blogsaverroes.juntadeandalucia.es\/manuroca03\/?page_id=630"},"modified":"2023-11-05T17:05:50","modified_gmt":"2023-11-05T17:05:50","slug":"tarea-final-smth-t3","status":"publish","type":"page","link":"https:\/\/blogsaverroes.juntadeandalucia.es\/manuroca03\/tarea-final-smth-t3\/","title":{"rendered":"Tarea final SMTH T3"},"content":{"rendered":"<p style=\"text-align: center\"><span style=\"font-size: 14pt\"><strong>TAREA FINAL DEL TEMA 3: <\/strong><\/span><span style=\"font-size: 14pt\"><strong>PROYECTO S\u00daPER MATIH\u00c9ROES <\/strong><\/span><\/p>\n<p style=\"text-align: center\"><span style=\"font-size: 14pt\"><strong>\u00abRUBIKSTUBERS DE LAS DIVISIONES\u00bb<\/strong><\/span><\/p>\n<p>Nos vamos a convertir en el Rubius, TheGreg; FernanFloo&#8230; Creamos un <strong>minitutorial<\/strong> al m\u00e1s puro estilo \u00ab<strong>youtubers<\/strong>\u00bb explicando alguna de las divisiones aprendidas en esta unidad cuyos v\u00eddeos encontarr\u00e1s m\u00e1s abajo de esta p\u00e1gina (<em><strong>entre 2 cifras; entre 3 cifras; con ceros en el cociente; y con ceros finales en dividendo y divisor<\/strong><\/em>):<\/p>\n<ul>\n<li><strong>En clase<\/strong> elegimos la divisi\u00f3n que vamos a explicar, vemos el v\u00eddeo correspondiente tantas veces como necesitemos y preparamos el boceto con los pasos a seguir.<\/li>\n<li><strong>En casa<\/strong> realizamos el v\u00eddeo con la ayuda de la mam\u00e1\/pap\u00e1 o alg\u00fan familiar. Ellos solo te tienen que grabar, lo dem\u00e1s lo haces t\u00fa. El v\u00eddeo no puede durar m\u00e1s de 2 minutos. Sube el v\u00eddeo a la actividad creada en Classroom.<\/li>\n<\/ul>\n<p><strong>*R\u00daBRICA PARA EVALUAR EL V\u00cdDEO EDUCATIVO:<\/strong><\/p>\n<table style=\"height: 96px;width: 100%;border-collapse: collapse\">\n<tbody>\n<tr style=\"height: 24px\">\n<td style=\"width: 25%;height: 24px\"><strong>CONTENIDO<\/strong><\/td>\n<td style=\"width: 25%;height: 24px\">Habla de todos los pasos de la divisi\u00f3n. (7 puntos)<\/td>\n<td style=\"width: 25%;height: 24px\">Habla de casi todos los pasos de la divisi\u00f3n. (4 puntos)<\/td>\n<td style=\"width: 25%;height: 24px\">Habla solo de una parte de la divisi\u00f3n. (1 punto)<\/td>\n<\/tr>\n<tr style=\"height: 24px\">\n<td style=\"width: 25%;height: 24px\"><strong>DURACI\u00d3N<\/strong><\/td>\n<td style=\"width: 25%;height: 24px\">Se ajusta al tiempo establecido. (1 punto)<\/td>\n<td style=\"width: 25%;height: 24px\">Hay poca diferencia con el tiempo establecido. (0&#8217;5 puntos)<\/td>\n<td style=\"width: 25%;height: 24px\">Hay mucha diferencia con el tiempo establecido. (0&#8217;25 puntos)<\/td>\n<\/tr>\n<tr style=\"height: 24px\">\n<td style=\"width: 25%;height: 24px\"><strong>CALIDAD AUDIO<\/strong><\/td>\n<td style=\"width: 25%;height: 24px\">Volumen y vocabulario excelente. (1 punto)<\/td>\n<td style=\"width: 25%;height: 24px\">Volumen y\/o vocabulario mejorable. (0&#8217;5 puntos)<\/td>\n<td style=\"width: 25%;height: 24px\">Volumen y\/o vocabulario muy mejorable. (0&#8217;25 puntos)<\/td>\n<\/tr>\n<tr style=\"height: 24px\">\n<td style=\"width: 25%;height: 24px\"><strong>CALIDAD V\u00cdDEO<\/strong><\/td>\n<td style=\"width: 25%;height: 24px\">Iluminaci\u00f3n y presentaci\u00f3n excelente. (1 punto)<\/td>\n<td style=\"width: 25%;height: 24px\">Iluminaci\u00f3n y\/o presentaci\u00f3n mejorable. (0&#8217;5 puntos)<\/td>\n<td style=\"width: 25%;height: 24px\">Iluminaci\u00f3n y presentaci\u00f3n muy mejorable. (0&#8217;25 puntos)<\/td>\n<\/tr>\n<\/tbody>\n<\/table>\n<h4><strong>1.- DIVISIONES:<\/strong><\/h4>\n<p><strong>1.1. Entre dos cifras:<\/strong><\/p>\n<ul>\n<li><strong>Nivel principiante:<\/strong><\/li>\n<\/ul>\n<p><iframe loading=\"lazy\" src=\"https:\/\/www.youtube.com\/embed\/mEqZ_8oZ_H0\" width=\"560\" height=\"315\" frameborder=\"0\"><\/iframe>&nbsp;<\/p>\n<ul>\n<li><strong>Nivel avanzado:<\/strong><\/li>\n<\/ul>\n<p><iframe loading=\"lazy\" src=\"https:\/\/www.youtube.com\/embed\/KxPT7y_48sg\" width=\"560\" height=\"315\" frameborder=\"0\"><\/iframe>&nbsp;<\/p>\n<p><strong>1.2. Entre tres cifras:&nbsp;<\/strong><\/p>\n<p><iframe loading=\"lazy\" src=\"https:\/\/www.youtube.com\/embed\/GvfWhxmpZk4\" width=\"560\" height=\"315\" frameborder=\"0\"><\/iframe>&nbsp;<\/p>\n<p><strong>1.3. Con ceros en el cociente:&nbsp;<\/strong><\/p>\n<p><iframe loading=\"lazy\" src=\"https:\/\/www.youtube.com\/embed\/ryc_eQAZRZY\" width=\"560\" height=\"315\" frameborder=\"0\"><\/iframe>&nbsp;<\/p>\n<p><strong>1.4. Con ceros finales en el dividendo y el divisor:<\/strong><\/p>\n<p><strong>&nbsp;<iframe loading=\"lazy\" src=\"https:\/\/www.youtube.com\/embed\/KzpOzlAexpY\" width=\"560\" height=\"315\" frameborder=\"0\"><\/iframe><\/strong><\/p>\n","protected":false},"excerpt":{"rendered":"<p>TAREA FINAL DEL TEMA 3: PROYECTO S\u00daPER MATIH\u00c9ROES \u00abRUBIKSTUBERS DE LAS DIVISIONES\u00bb Nos vamos a convertir en el Rubius, TheGreg; FernanFloo&#8230; Creamos un minitutorial al m\u00e1s puro estilo \u00abyoutubers\u00bb explicando alguna de las divisiones aprendidas en esta unidad cuyos v\u00eddeos encontarr\u00e1s m\u00e1s abajo de esta p\u00e1gina (entre 2 cifras; entre 3 cifras; con ceros en &hellip; <\/p>\n<p><a class=\"more-link btn\" href=\"https:\/\/blogsaverroes.juntadeandalucia.es\/manuroca03\/tarea-final-smth-t3\/\">Seguir leyendo<\/a><\/p>\n","protected":false},"author":10452,"featured_media":0,"parent":0,"menu_order":0,"comment_status":"closed","ping_status":"closed","template":"","meta":{"ngg_post_thumbnail":0,"footnotes":""},"aioseo_notices":[],"_links":{"self":[{"href":"https:\/\/blogsaverroes.juntadeandalucia.es\/manuroca03\/wp-json\/wp\/v2\/pages\/630"}],"collection":[{"href":"https:\/\/blogsaverroes.juntadeandalucia.es\/manuroca03\/wp-json\/wp\/v2\/pages"}],"about":[{"href":"https:\/\/blogsaverroes.juntadeandalucia.es\/manuroca03\/wp-json\/wp\/v2\/types\/page"}],"author":[{"embeddable":true,"href":"https:\/\/blogsaverroes.juntadeandalucia.es\/manuroca03\/wp-json\/wp\/v2\/users\/10452"}],"replies":[{"embeddable":true,"href":"https:\/\/blogsaverroes.juntadeandalucia.es\/manuroca03\/wp-json\/wp\/v2\/comments?post=630"}],"version-history":[{"count":5,"href":"https:\/\/blogsaverroes.juntadeandalucia.es\/manuroca03\/wp-json\/wp\/v2\/pages\/630\/revisions"}],"predecessor-version":[{"id":1662,"href":"https:\/\/blogsaverroes.juntadeandalucia.es\/manuroca03\/wp-json\/wp\/v2\/pages\/630\/revisions\/1662"}],"wp:attachment":[{"href":"https:\/\/blogsaverroes.juntadeandalucia.es\/manuroca03\/wp-json\/wp\/v2\/media?parent=630"}],"curies":[{"name":"wp","href":"https:\/\/api.w.org\/{rel}","templated":true}]}}