{"id":631,"date":"2020-12-05T14:50:03","date_gmt":"2020-12-05T14:50:03","guid":{"rendered":"https:\/\/blogsaverroes.juntadeandalucia.es\/manuroca03\/?page_id=631"},"modified":"2024-03-08T16:10:29","modified_gmt":"2024-03-08T16:10:29","slug":"tarea-final-smth-t4","status":"publish","type":"page","link":"https:\/\/blogsaverroes.juntadeandalucia.es\/manuroca03\/tarea-final-smth-t4\/","title":{"rendered":"Tarea final SMTH T8"},"content":{"rendered":"<p style=\"text-align: center\"><span style=\"font-size: 14pt\"><strong>TAREA FINAL DEL TEMA 8: <\/strong><\/span><span style=\"font-size: 14pt\"><strong>PROYECTO S\u00daPER MATIH\u00c9ROES <\/strong><\/span><\/p>\n<p style=\"text-align: center\"><span style=\"font-size: 14pt\"><strong>\u00abRUBIKSYOUTUBERS DE LAS ESTAD\u00cdSTICAS\u00bb<\/strong><\/span><\/p>\n<p>De nuevo nos vamos a convertir en el Rubius, TheGreg, etc. Vamos a crear un <strong>minitutorial,<\/strong> al estilo del v\u00eddeo que ten\u00e9is aqu\u00ed abajo, grabando el trabajo de vuestro cuaderno y explicando las tres fases de la <strong>Estad\u00edstica<\/strong>:<\/p>\n<p><iframe loading=\"lazy\" src=\"https:\/\/www.youtube.com\/embed\/lfSPP14pwj8\" width=\"560\" height=\"315\" frameborder=\"0\"><\/iframe>&nbsp;<\/p>\n<ul>\n<li><strong>En clase, <\/strong>primero realizaremos la encuesta a nuestros compa\u00f1eros\/as y anotaremos sus respuestas en nuestro cuaderno. Despu\u00e9s, organizaremos las respuestas o datos en una tabla de frecuencias. Y por \u00faltimo, representaremos la tabla en un gr\u00e1fico de barras dibujando el pol\u00edgono de frecuencias. Cada parte la realizaremos en una hoja diferente de nuestro cuaderno, con la mejor presentaci\u00f3n posible y usando colores.&nbsp;<\/li>\n<li><strong>En casa<\/strong> realizamos el v\u00eddeo con la ayuda de la mam\u00e1\/pap\u00e1 o alg\u00fan familiar. Ellos solo te tienen que grabar, lo dem\u00e1s lo haces t\u00fa. El v\u00eddeo no puede durar m\u00e1s de 2 minutos. Sube el v\u00eddeo a la actividad creada en Classroom.<\/li>\n<\/ul>\n<p><img loading=\"lazy\" decoding=\"async\" class=\"alignnone wp-image-745\" src=\"https:\/\/blogsaverroes.juntadeandalucia.es\/manuroca03\/files\/2021\/01\/Captura-de-pantalla-2021-01-20-23.05.29-300x169.png\" alt=\"\" width=\"543\" height=\"306\" srcset=\"https:\/\/blogsaverroes.juntadeandalucia.es\/manuroca03\/files\/2021\/01\/Captura-de-pantalla-2021-01-20-23.05.29-300x169.png 300w, https:\/\/blogsaverroes.juntadeandalucia.es\/manuroca03\/files\/2021\/01\/Captura-de-pantalla-2021-01-20-23.05.29-1024x576.png 1024w, https:\/\/blogsaverroes.juntadeandalucia.es\/manuroca03\/files\/2021\/01\/Captura-de-pantalla-2021-01-20-23.05.29-768x432.png 768w, https:\/\/blogsaverroes.juntadeandalucia.es\/manuroca03\/files\/2021\/01\/Captura-de-pantalla-2021-01-20-23.05.29-24x13.png 24w, https:\/\/blogsaverroes.juntadeandalucia.es\/manuroca03\/files\/2021\/01\/Captura-de-pantalla-2021-01-20-23.05.29-36x20.png 36w, https:\/\/blogsaverroes.juntadeandalucia.es\/manuroca03\/files\/2021\/01\/Captura-de-pantalla-2021-01-20-23.05.29-48x27.png 48w, https:\/\/blogsaverroes.juntadeandalucia.es\/manuroca03\/files\/2021\/01\/Captura-de-pantalla-2021-01-20-23.05.29.png 1366w\" sizes=\"(max-width: 543px) 100vw, 543px\" \/>&nbsp;<\/p>\n<p><img loading=\"lazy\" decoding=\"async\" class=\"alignnone wp-image-746\" src=\"https:\/\/blogsaverroes.juntadeandalucia.es\/manuroca03\/files\/2021\/01\/Captura-de-pantalla-2021-01-20-23.05.32-300x169.png\" alt=\"\" width=\"543\" height=\"306\" srcset=\"https:\/\/blogsaverroes.juntadeandalucia.es\/manuroca03\/files\/2021\/01\/Captura-de-pantalla-2021-01-20-23.05.32-300x169.png 300w, https:\/\/blogsaverroes.juntadeandalucia.es\/manuroca03\/files\/2021\/01\/Captura-de-pantalla-2021-01-20-23.05.32-1024x576.png 1024w, https:\/\/blogsaverroes.juntadeandalucia.es\/manuroca03\/files\/2021\/01\/Captura-de-pantalla-2021-01-20-23.05.32-768x432.png 768w, https:\/\/blogsaverroes.juntadeandalucia.es\/manuroca03\/files\/2021\/01\/Captura-de-pantalla-2021-01-20-23.05.32-24x13.png 24w, https:\/\/blogsaverroes.juntadeandalucia.es\/manuroca03\/files\/2021\/01\/Captura-de-pantalla-2021-01-20-23.05.32-36x20.png 36w, https:\/\/blogsaverroes.juntadeandalucia.es\/manuroca03\/files\/2021\/01\/Captura-de-pantalla-2021-01-20-23.05.32-48x27.png 48w, https:\/\/blogsaverroes.juntadeandalucia.es\/manuroca03\/files\/2021\/01\/Captura-de-pantalla-2021-01-20-23.05.32.png 1366w\" sizes=\"(max-width: 543px) 100vw, 543px\" \/><\/p>\n<p><img loading=\"lazy\" decoding=\"async\" class=\"alignnone wp-image-747\" src=\"https:\/\/blogsaverroes.juntadeandalucia.es\/manuroca03\/files\/2021\/01\/Captura-de-pantalla-2021-01-20-23.05.33-300x169.png\" alt=\"\" width=\"543\" height=\"306\" srcset=\"https:\/\/blogsaverroes.juntadeandalucia.es\/manuroca03\/files\/2021\/01\/Captura-de-pantalla-2021-01-20-23.05.33-300x169.png 300w, https:\/\/blogsaverroes.juntadeandalucia.es\/manuroca03\/files\/2021\/01\/Captura-de-pantalla-2021-01-20-23.05.33-1024x576.png 1024w, https:\/\/blogsaverroes.juntadeandalucia.es\/manuroca03\/files\/2021\/01\/Captura-de-pantalla-2021-01-20-23.05.33-768x432.png 768w, https:\/\/blogsaverroes.juntadeandalucia.es\/manuroca03\/files\/2021\/01\/Captura-de-pantalla-2021-01-20-23.05.33-24x13.png 24w, https:\/\/blogsaverroes.juntadeandalucia.es\/manuroca03\/files\/2021\/01\/Captura-de-pantalla-2021-01-20-23.05.33-36x20.png 36w, https:\/\/blogsaverroes.juntadeandalucia.es\/manuroca03\/files\/2021\/01\/Captura-de-pantalla-2021-01-20-23.05.33-48x27.png 48w, https:\/\/blogsaverroes.juntadeandalucia.es\/manuroca03\/files\/2021\/01\/Captura-de-pantalla-2021-01-20-23.05.33.png 1366w\" sizes=\"(max-width: 543px) 100vw, 543px\" \/><\/p>\n<p><img loading=\"lazy\" decoding=\"async\" class=\"alignnone wp-image-748\" src=\"https:\/\/blogsaverroes.juntadeandalucia.es\/manuroca03\/files\/2021\/01\/Captura-de-pantalla-2021-01-20-23.05.35-300x169.png\" alt=\"\" width=\"540\" height=\"304\" srcset=\"https:\/\/blogsaverroes.juntadeandalucia.es\/manuroca03\/files\/2021\/01\/Captura-de-pantalla-2021-01-20-23.05.35-300x169.png 300w, https:\/\/blogsaverroes.juntadeandalucia.es\/manuroca03\/files\/2021\/01\/Captura-de-pantalla-2021-01-20-23.05.35-1024x576.png 1024w, https:\/\/blogsaverroes.juntadeandalucia.es\/manuroca03\/files\/2021\/01\/Captura-de-pantalla-2021-01-20-23.05.35-768x432.png 768w, https:\/\/blogsaverroes.juntadeandalucia.es\/manuroca03\/files\/2021\/01\/Captura-de-pantalla-2021-01-20-23.05.35-24x13.png 24w, https:\/\/blogsaverroes.juntadeandalucia.es\/manuroca03\/files\/2021\/01\/Captura-de-pantalla-2021-01-20-23.05.35-36x20.png 36w, https:\/\/blogsaverroes.juntadeandalucia.es\/manuroca03\/files\/2021\/01\/Captura-de-pantalla-2021-01-20-23.05.35-48x27.png 48w, https:\/\/blogsaverroes.juntadeandalucia.es\/manuroca03\/files\/2021\/01\/Captura-de-pantalla-2021-01-20-23.05.35.png 1366w\" sizes=\"(max-width: 540px) 100vw, 540px\" \/><\/p>\n<p><strong>*R\u00daBRICA PARA EVALUAR EL V\u00cdDEO EDUCATIVO:<\/strong><\/p>\n<table style=\"height: 96px;width: 100%;border-collapse: collapse\">\n<tbody>\n<tr style=\"height: 24px\">\n<td style=\"width: 25%;height: 24px\"><strong>CONTENIDO<\/strong><\/td>\n<td style=\"width: 25%;height: 24px\">Habla de todos las fases de la estad\u00edstica. (7 puntos)<\/td>\n<td style=\"width: 25%;height: 24px\">Habla de casi todas las fases de la estad\u00edstica. (4 puntos)<\/td>\n<td style=\"width: 25%;height: 24px\">Habla solo de una fase de la estad\u00edstica. (1 punto)<\/td>\n<\/tr>\n<tr style=\"height: 24px\">\n<td style=\"width: 25%;height: 24px\"><strong>DURACI\u00d3N<\/strong><\/td>\n<td style=\"width: 25%;height: 24px\">Se ajusta al tiempo establecido. (1 punto)<\/td>\n<td style=\"width: 25%;height: 24px\">Hay poca diferencia con el tiempo establecido. (0&#8217;5 puntos)<\/td>\n<td style=\"width: 25%;height: 24px\">Hay mucha diferencia con el tiempo establecido. (0&#8217;25 puntos)<\/td>\n<\/tr>\n<tr style=\"height: 24px\">\n<td style=\"width: 25%;height: 24px\"><strong>CALIDAD AUDIO<\/strong><\/td>\n<td style=\"width: 25%;height: 24px\">Volumen y vocabulario excelente. (1 punto)<\/td>\n<td style=\"width: 25%;height: 24px\">Volumen y\/o vocabulario mejorable. (0&#8217;5 puntos)<\/td>\n<td style=\"width: 25%;height: 24px\">Volumen y\/o vocabulario muy mejorable. (0&#8217;25 puntos)<\/td>\n<\/tr>\n<tr style=\"height: 24px\">\n<td style=\"width: 25%;height: 24px\"><strong>CALIDAD V\u00cdDEO<\/strong><\/td>\n<td style=\"width: 25%;height: 24px\">Iluminaci\u00f3n y presentaci\u00f3n excelente. (1 punto)<\/td>\n<td style=\"width: 25%;height: 24px\">Iluminaci\u00f3n y\/o presentaci\u00f3n mejorable. (0&#8217;5 puntos)<\/td>\n<td style=\"width: 25%;height: 24px\">Iluminaci\u00f3n y presentaci\u00f3n muy mejorable. (0&#8217;25 puntos)<\/td>\n<\/tr>\n<\/tbody>\n<\/table>\n<p>&nbsp;<\/p>\n","protected":false},"excerpt":{"rendered":"<p>TAREA FINAL DEL TEMA 8: PROYECTO S\u00daPER MATIH\u00c9ROES \u00abRUBIKSYOUTUBERS DE LAS ESTAD\u00cdSTICAS\u00bb De nuevo nos vamos a convertir en el Rubius, TheGreg, etc. Vamos a crear un minitutorial, al estilo del v\u00eddeo que ten\u00e9is aqu\u00ed abajo, grabando el trabajo de vuestro cuaderno y explicando las tres fases de la Estad\u00edstica: &nbsp; En clase, primero realizaremos &hellip; <\/p>\n<p><a class=\"more-link btn\" href=\"https:\/\/blogsaverroes.juntadeandalucia.es\/manuroca03\/tarea-final-smth-t4\/\">Seguir leyendo<\/a><\/p>\n","protected":false},"author":10452,"featured_media":0,"parent":0,"menu_order":0,"comment_status":"closed","ping_status":"closed","template":"","meta":{"ngg_post_thumbnail":0,"footnotes":""},"aioseo_notices":[],"_links":{"self":[{"href":"https:\/\/blogsaverroes.juntadeandalucia.es\/manuroca03\/wp-json\/wp\/v2\/pages\/631"}],"collection":[{"href":"https:\/\/blogsaverroes.juntadeandalucia.es\/manuroca03\/wp-json\/wp\/v2\/pages"}],"about":[{"href":"https:\/\/blogsaverroes.juntadeandalucia.es\/manuroca03\/wp-json\/wp\/v2\/types\/page"}],"author":[{"embeddable":true,"href":"https:\/\/blogsaverroes.juntadeandalucia.es\/manuroca03\/wp-json\/wp\/v2\/users\/10452"}],"replies":[{"embeddable":true,"href":"https:\/\/blogsaverroes.juntadeandalucia.es\/manuroca03\/wp-json\/wp\/v2\/comments?post=631"}],"version-history":[{"count":8,"href":"https:\/\/blogsaverroes.juntadeandalucia.es\/manuroca03\/wp-json\/wp\/v2\/pages\/631\/revisions"}],"predecessor-version":[{"id":1768,"href":"https:\/\/blogsaverroes.juntadeandalucia.es\/manuroca03\/wp-json\/wp\/v2\/pages\/631\/revisions\/1768"}],"wp:attachment":[{"href":"https:\/\/blogsaverroes.juntadeandalucia.es\/manuroca03\/wp-json\/wp\/v2\/media?parent=631"}],"curies":[{"name":"wp","href":"https:\/\/api.w.org\/{rel}","templated":true}]}}