{"id":641,"date":"2020-12-05T15:14:57","date_gmt":"2020-12-05T15:14:57","guid":{"rendered":"https:\/\/blogsaverroes.juntadeandalucia.es\/manuroca03\/?page_id=641"},"modified":"2021-04-25T09:49:52","modified_gmt":"2021-04-25T09:49:52","slug":"los-pitufos-potencias","status":"publish","type":"page","link":"https:\/\/blogsaverroes.juntadeandalucia.es\/manuroca03\/los-pitufos-potencias\/","title":{"rendered":"Potencias (Los Pitufos)"},"content":{"rendered":"<p>Vamos a repasar las <strong>Potencias<\/strong>. Tendr\u00e1s que superar cuatro pruebas en orden, empezando por la primera, despu\u00e9s la segunda&#8230; Al finalizar cada prueba los pitufos te dar\u00e1n un n\u00famero que deber\u00e1s apuntar para terminar de acabar con Gargamel. Si lo consigues, conseguir\u00e1s un <strong>COMOD\u00cdN<\/strong> para la prueba escrita del tema. Deber\u00e1s imprimirlo o mand\u00e1rselo al maestro para que te lo imprima \u00e9l. \u00a1\u00c1nimo!<\/p>\n<div style=\"width: 100%\">\n<div style=\"padding-bottom: 56.25%;padding-top: 0;height: 0\"><iframe loading=\"lazy\" src=\"https:\/\/view.genial.ly\/5dffb0f6dc63a91471ff9e17\" width=\"600px\" height=\"375px\" frameborder=\"0\" scrolling=\"yes\"><span data-mce-type=\"bookmark\" style=\"width: 0px;overflow: hidden;line-height: 0\" class=\"mce_SELRES_start\">\ufeff<\/span><\/iframe><\/div>\n<\/div>\n<p>&nbsp;<\/p>\n","protected":false},"excerpt":{"rendered":"<p>Vamos a repasar las Potencias. Tendr\u00e1s que superar cuatro pruebas en orden, empezando por la primera, despu\u00e9s la segunda&#8230; Al finalizar cada prueba los pitufos te dar\u00e1n un n\u00famero que deber\u00e1s apuntar para terminar de acabar con Gargamel. Si lo consigues, conseguir\u00e1s un COMOD\u00cdN para la prueba escrita del tema. Deber\u00e1s imprimirlo o mand\u00e1rselo al &hellip; <\/p>\n<p><a class=\"more-link btn\" href=\"https:\/\/blogsaverroes.juntadeandalucia.es\/manuroca03\/los-pitufos-potencias\/\">Seguir leyendo<\/a><\/p>\n","protected":false},"author":10452,"featured_media":0,"parent":0,"menu_order":0,"comment_status":"closed","ping_status":"closed","template":"","meta":{"ngg_post_thumbnail":0,"footnotes":""},"aioseo_notices":[],"_links":{"self":[{"href":"https:\/\/blogsaverroes.juntadeandalucia.es\/manuroca03\/wp-json\/wp\/v2\/pages\/641"}],"collection":[{"href":"https:\/\/blogsaverroes.juntadeandalucia.es\/manuroca03\/wp-json\/wp\/v2\/pages"}],"about":[{"href":"https:\/\/blogsaverroes.juntadeandalucia.es\/manuroca03\/wp-json\/wp\/v2\/types\/page"}],"author":[{"embeddable":true,"href":"https:\/\/blogsaverroes.juntadeandalucia.es\/manuroca03\/wp-json\/wp\/v2\/users\/10452"}],"replies":[{"embeddable":true,"href":"https:\/\/blogsaverroes.juntadeandalucia.es\/manuroca03\/wp-json\/wp\/v2\/comments?post=641"}],"version-history":[{"count":4,"href":"https:\/\/blogsaverroes.juntadeandalucia.es\/manuroca03\/wp-json\/wp\/v2\/pages\/641\/revisions"}],"predecessor-version":[{"id":1088,"href":"https:\/\/blogsaverroes.juntadeandalucia.es\/manuroca03\/wp-json\/wp\/v2\/pages\/641\/revisions\/1088"}],"wp:attachment":[{"href":"https:\/\/blogsaverroes.juntadeandalucia.es\/manuroca03\/wp-json\/wp\/v2\/media?parent=641"}],"curies":[{"name":"wp","href":"https:\/\/api.w.org\/{rel}","templated":true}]}}