{"id":660,"date":"2020-12-05T15:48:47","date_gmt":"2020-12-05T15:48:47","guid":{"rendered":"https:\/\/blogsaverroes.juntadeandalucia.es\/manuroca03\/?page_id=660"},"modified":"2026-02-19T20:27:25","modified_gmt":"2026-02-19T20:27:25","slug":"among-maths-ii","status":"publish","type":"page","link":"https:\/\/blogsaverroes.juntadeandalucia.es\/manuroca03\/among-maths-ii\/","title":{"rendered":"Among Maths Decimales"},"content":{"rendered":"<div>\n<p><strong>Este RETO de LUDOMATES mola mogoll\u00f3n, \u00bfte atreves?&nbsp;<\/strong><\/p>\n<p><strong>Vamos a jugar al famoso juego \u00abAMONG US\u00bb pero trabajando<\/strong><strong>&nbsp;con los n\u00fameros decimales.&nbsp;<\/strong><\/p>\n<p><strong>1\u00ba) AVERIGUA LOS SEIS N\u00daMEROS DECIMALES QUE FALTAN EN LA SIGUIENTE OPERACI\u00d3N COMBINADA Y EL RESULTADO SER\u00c1 LA CONTRASE\u00d1A PARA CONVOCAR LA REUNI\u00d3N DE LA CAFETER\u00cdA:<\/strong><\/p>\n<p>( ___ + ___ ) x ___ &#8211; ___ +&nbsp; ___ x ___&nbsp; = <strong>CONTRASE\u00d1A CAFETER\u00cdA<\/strong><\/p>\n<p><strong>Sumar\u00e1s +0,50 puntos por entrar en la cafeter\u00eda en el cole o 0,25 puntos si lo haces en casa.<\/strong><\/p>\n<p><strong>2\u00ba) AVERIGUA LAS CINCO PISTAS PARA DESCUBRIR AL IMPOSTOR:<\/strong><\/p>\n<p><img loading=\"lazy\" decoding=\"async\" class=\"alignnone wp-image-546\" src=\"https:\/\/blogsaverroes.juntadeandalucia.es\/manuroca03\/files\/2020\/11\/pistas-300x120.jpg\" alt=\"\" width=\"618\" height=\"247\"><\/p>\n<p><strong>Sumar\u00e1s +1 punto por encontrar al impostor en el cole o 0,5 puntos si lo haces en casa.&nbsp;<\/strong><\/p>\n<p><strong>C\u00d3MO JUGAR:<\/strong><\/p>\n<\/div>\n<div>\n<p>Ocho individuos encerrados en una nave espacial han de intentar realizar las tareas pertinentes para repararla y poder volver a casa. Pero uno de ellos es un impostor y est\u00e1 intentando sabotear vuestra misi\u00f3n.<\/p>\n<div>Supera los diferentes retos que encontrar\u00e1s en cada estancia de la nave (hay 11 estancias adem\u00e1s de la cafeter\u00eda) y consigue pistas para poder descubrir al impostor que est\u00e1 entre nosotros.<\/div>\n<div>Cuando tengas todas las pistas, podr\u00e1s ir a la cafeter\u00eda y convocar una reuni\u00f3n para decidir qui\u00e9n es el impostor. Pero para poder llegar aqu\u00ed, has de superar todas las tareas, ya que necesitar\u00e1s la clave correcta para poder convocar la reuni\u00f3n.<\/div>\n<div>\n<div>&nbsp;<\/div>\n<div>Puedes emprender la aventura de forma lineal siguiendo el orden de las estancias a visitar que te sugieren las flechas gu\u00eda. Pero tambi\u00e9n puedes seguir la aventura a tu gusto desde el mapa general, donde podr\u00e1s ir&nbsp; a cada una de las estancias que desees en el orden que prefieras. Si eliges esta forma, recuerda pasar por todas, porque si no, no lograr\u00e1s conseguir todas las pistas necesarias para desenmascarar al impostor ni las cifras que necesitas para convocar la reuni\u00f3n.<\/div>\n<div>&nbsp;<\/div>\n<\/div>\n<div>\n<p>\u00a1Mucha suerte!<\/p>\n<p><a href=\"https:\/\/view.genial.ly\/5fb96af00871e00d358a6b69\"><img loading=\"lazy\" decoding=\"async\" class=\"alignnone wp-image-866\" src=\"https:\/\/blogsaverroes.juntadeandalucia.es\/manuroca03\/files\/2021\/02\/among-300x169.png\" alt=\"\" width=\"696\" height=\"392\" srcset=\"https:\/\/blogsaverroes.juntadeandalucia.es\/manuroca03\/files\/2021\/02\/among-300x169.png 300w, https:\/\/blogsaverroes.juntadeandalucia.es\/manuroca03\/files\/2021\/02\/among-1024x578.png 1024w, https:\/\/blogsaverroes.juntadeandalucia.es\/manuroca03\/files\/2021\/02\/among-768x434.png 768w, https:\/\/blogsaverroes.juntadeandalucia.es\/manuroca03\/files\/2021\/02\/among.png 1101w\" sizes=\"(max-width: 696px) 100vw, 696px\" \/><\/a><\/p>\n<\/div>\n<\/div>\n","protected":false},"excerpt":{"rendered":"<p>Este RETO de LUDOMATES mola mogoll\u00f3n, \u00bfte atreves?&nbsp; Vamos a jugar al famoso juego \u00abAMONG US\u00bb pero trabajando&nbsp;con los n\u00fameros decimales.&nbsp; 1\u00ba) AVERIGUA LOS SEIS N\u00daMEROS DECIMALES QUE FALTAN EN LA SIGUIENTE OPERACI\u00d3N COMBINADA Y EL RESULTADO SER\u00c1 LA CONTRASE\u00d1A PARA CONVOCAR LA REUNI\u00d3N DE LA CAFETER\u00cdA: ( ___ + ___ ) x ___ &#8211; &hellip; <\/p>\n<p><a class=\"more-link btn\" href=\"https:\/\/blogsaverroes.juntadeandalucia.es\/manuroca03\/among-maths-ii\/\">Seguir leyendo<\/a><\/p>\n","protected":false},"author":10452,"featured_media":0,"parent":0,"menu_order":0,"comment_status":"closed","ping_status":"closed","template":"","meta":{"ngg_post_thumbnail":0,"footnotes":""},"aioseo_notices":[],"_links":{"self":[{"href":"https:\/\/blogsaverroes.juntadeandalucia.es\/manuroca03\/wp-json\/wp\/v2\/pages\/660"}],"collection":[{"href":"https:\/\/blogsaverroes.juntadeandalucia.es\/manuroca03\/wp-json\/wp\/v2\/pages"}],"about":[{"href":"https:\/\/blogsaverroes.juntadeandalucia.es\/manuroca03\/wp-json\/wp\/v2\/types\/page"}],"author":[{"embeddable":true,"href":"https:\/\/blogsaverroes.juntadeandalucia.es\/manuroca03\/wp-json\/wp\/v2\/users\/10452"}],"replies":[{"embeddable":true,"href":"https:\/\/blogsaverroes.juntadeandalucia.es\/manuroca03\/wp-json\/wp\/v2\/comments?post=660"}],"version-history":[{"count":12,"href":"https:\/\/blogsaverroes.juntadeandalucia.es\/manuroca03\/wp-json\/wp\/v2\/pages\/660\/revisions"}],"predecessor-version":[{"id":2182,"href":"https:\/\/blogsaverroes.juntadeandalucia.es\/manuroca03\/wp-json\/wp\/v2\/pages\/660\/revisions\/2182"}],"wp:attachment":[{"href":"https:\/\/blogsaverroes.juntadeandalucia.es\/manuroca03\/wp-json\/wp\/v2\/media?parent=660"}],"curies":[{"name":"wp","href":"https:\/\/api.w.org\/{rel}","templated":true}]}}