{"id":663,"date":"2020-12-05T15:49:45","date_gmt":"2020-12-05T15:49:45","guid":{"rendered":"https:\/\/blogsaverroes.juntadeandalucia.es\/manuroca03\/?page_id=663"},"modified":"2021-04-25T08:59:01","modified_gmt":"2021-04-25T08:59:01","slug":"among-maths-iii","status":"publish","type":"page","link":"https:\/\/blogsaverroes.juntadeandalucia.es\/manuroca03\/among-maths-iii\/","title":{"rendered":"Among Maths Fracciones"},"content":{"rendered":"<div>\n<p><strong>El nuevo \u00abEpic Reto\u00bb de LUDOMATES mola mogoll\u00f3n, \u00bfte atreves? Vamos a trabajar fracciones.&nbsp;<\/strong><\/p>\n<p><strong>AVERIGUA LOS N\u00daMEROS QUE FALTAN EN LA SIGUIENTE OPERACI\u00d3N COMBINADA Y EL RESULTADO TE DAR\u00c1 LA CONTRASE\u00d1A PARA CONVOCAR LA REUNI\u00d3N DE LA LANZADERA:<\/strong><\/p>\n<p>___ + ___ x ___&nbsp; \u2013 ( ___ : ___ ) +&nbsp; ___&nbsp; = <strong>CONTRASE\u00d1A<\/strong><\/p>\n<p><strong>Una vez descifrada la contrase\u00f1a para acceder a la reuni\u00f3n de la lanzadera, ahora necesitamos conocer las pistas que nos ayudar\u00e1n a descubrir al impostor.&nbsp;<\/strong><\/p>\n<p><strong>* COPIA LAS SIETE PISTAS EN LA TABLA ENTREGADA POR EL MAESTRO.<\/strong><\/p>\n<p><img loading=\"lazy\" decoding=\"async\" class=\"alignnone wp-image-546\" src=\"https:\/\/blogsaverroes.juntadeandalucia.es\/manuroca03\/files\/2020\/11\/pistas-300x120.jpg\" alt=\"\" width=\"618\" height=\"247\"><\/p>\n<p><strong>C\u00d3MO JUGAR:<\/strong><\/p>\n<\/div>\n<div>\n<p>Ocho individuos encerrados en una nave espacial han de intentar realizar las tareas pertinentes para repararla y poder volver a casa. Pero uno de ellos es un impostor y est\u00e1 intentando sabotear vuestra misi\u00f3n.<\/p>\n<div>Supera los diferentes retos que encontrar\u00e1s en cada estancia de la nave y consigue pistas para poder descubrir al impostor que est\u00e1 entre nosotros.<\/div>\n<div>Cuando tengas todas las pistas, podr\u00e1s ir a la cafeter\u00eda y convocar una reuni\u00f3n para decidir qui\u00e9n es el impostor. Pero para poder llegar aqu\u00ed, has de superar todas las tareas, ya que necesitar\u00e1s la clave correcta para poder convocar la reuni\u00f3n.<\/div>\n<div>\n<div>&nbsp;<\/div>\n<div>Puedes emprender la aventura de forma lineal siguiendo el orden de las estancias a visitar que te sugieren las flechas gu\u00eda.<\/div>\n<div>Pero tambi\u00e9n puedes seguir la aventura a tu gusto desde el mapa general, donde podr\u00e1s ir&nbsp; a cada una de las estancias que desees en el orden que prefieras. Si eliges esta forma, recuerda pasar por todas, porque si no, no lograr\u00e1s conseguir todas las pistas necesarias para desenmascarar al impostor ni las cifras que necesitas para convocar la reuni\u00f3n.<\/div>\n<div>&nbsp;<\/div>\n<\/div>\n<div>\u00a1Mucha suerte!<\/div>\n<div>&nbsp;<\/div>\n<\/div>\n<div style=\"width: 100%\">\n<div style=\"padding-bottom: 56.25%;padding-top: 0;height: 0\"><iframe loading=\"lazy\" src=\"https:\/\/view.genial.ly\/5fc293bfb4ceef0d0bcfc6a3\" width=\"600px\" height=\"375px\" frameborder=\"0\" scrolling=\"yes\"><span data-mce-type=\"bookmark\" style=\"width: 0px;overflow: hidden;line-height: 0\" class=\"mce_SELRES_start\">\ufeff<\/span><\/iframe><\/div>\n<\/div>\n<p>&nbsp;<\/p>\n","protected":false},"excerpt":{"rendered":"<p>El nuevo \u00abEpic Reto\u00bb de LUDOMATES mola mogoll\u00f3n, \u00bfte atreves? Vamos a trabajar fracciones.&nbsp; AVERIGUA LOS N\u00daMEROS QUE FALTAN EN LA SIGUIENTE OPERACI\u00d3N COMBINADA Y EL RESULTADO TE DAR\u00c1 LA CONTRASE\u00d1A PARA CONVOCAR LA REUNI\u00d3N DE LA LANZADERA: ___ + ___ x ___&nbsp; \u2013 ( ___ : ___ ) +&nbsp; ___&nbsp; = CONTRASE\u00d1A Una vez &hellip; <\/p>\n<p><a class=\"more-link btn\" href=\"https:\/\/blogsaverroes.juntadeandalucia.es\/manuroca03\/among-maths-iii\/\">Seguir leyendo<\/a><\/p>\n","protected":false},"author":10452,"featured_media":0,"parent":0,"menu_order":0,"comment_status":"closed","ping_status":"closed","template":"","meta":{"ngg_post_thumbnail":0,"footnotes":""},"aioseo_notices":[],"_links":{"self":[{"href":"https:\/\/blogsaverroes.juntadeandalucia.es\/manuroca03\/wp-json\/wp\/v2\/pages\/663"}],"collection":[{"href":"https:\/\/blogsaverroes.juntadeandalucia.es\/manuroca03\/wp-json\/wp\/v2\/pages"}],"about":[{"href":"https:\/\/blogsaverroes.juntadeandalucia.es\/manuroca03\/wp-json\/wp\/v2\/types\/page"}],"author":[{"embeddable":true,"href":"https:\/\/blogsaverroes.juntadeandalucia.es\/manuroca03\/wp-json\/wp\/v2\/users\/10452"}],"replies":[{"embeddable":true,"href":"https:\/\/blogsaverroes.juntadeandalucia.es\/manuroca03\/wp-json\/wp\/v2\/comments?post=663"}],"version-history":[{"count":5,"href":"https:\/\/blogsaverroes.juntadeandalucia.es\/manuroca03\/wp-json\/wp\/v2\/pages\/663\/revisions"}],"predecessor-version":[{"id":1069,"href":"https:\/\/blogsaverroes.juntadeandalucia.es\/manuroca03\/wp-json\/wp\/v2\/pages\/663\/revisions\/1069"}],"wp:attachment":[{"href":"https:\/\/blogsaverroes.juntadeandalucia.es\/manuroca03\/wp-json\/wp\/v2\/media?parent=663"}],"curies":[{"name":"wp","href":"https:\/\/api.w.org\/{rel}","templated":true}]}}