{"id":676,"date":"2020-12-05T19:35:44","date_gmt":"2020-12-05T19:35:44","guid":{"rendered":"https:\/\/blogsaverroes.juntadeandalucia.es\/manuroca03\/?page_id=676"},"modified":"2020-12-08T16:08:30","modified_gmt":"2020-12-08T16:08:30","slug":"3-breakout-divisiones","status":"publish","type":"page","link":"https:\/\/blogsaverroes.juntadeandalucia.es\/manuroca03\/3-breakout-divisiones\/","title":{"rendered":"3.Breakout Divisiones"},"content":{"rendered":"<p><strong>AYUDA A LOS HACKERS:<\/strong><\/p>\n<p>El tercer <strong>Breakout<\/strong>&nbsp;o&nbsp;<strong>minimisi\u00f3n<\/strong> consiste en eliminar un virus inform\u00e1tico antes de que se expanda por todo el mundo y destruya todos los dispositivos conectados a Internet. Averigua la contrase\u00f1a que eliminar\u00e1 el virus antes de que acabe el tiempo,&nbsp;<em><strong>40 minutos<\/strong><\/em>. Para ello, tendr\u00e9is que hacer en vuestro cuaderno las&nbsp;<em><strong>divisiones <\/strong><\/em>que encontrar\u00e9is m\u00e1s abajo. Con los resultados obtenidos podr\u00e9is averiguar la <strong>CONTRASE\u00d1A<\/strong>. Veamos el v\u00eddeo y\u2026 \u00a1al l\u00edo!&nbsp;<\/p>\n<p><strong>INTRO Y TEMPORIZADOR:<\/strong><\/p>\n<p><iframe loading=\"lazy\" src=\"https:\/\/www.youtube.com\/embed\/aQEzpkJVdBw\" width=\"560\" height=\"315\" frameborder=\"0\"><\/iframe>&nbsp;<\/p>\n<p><strong>DIVISIONES:<\/strong><\/p>\n<p><img loading=\"lazy\" decoding=\"async\" class=\"alignnone wp-image-700\" src=\"https:\/\/blogsaverroes.juntadeandalucia.es\/manuroca03\/files\/2020\/12\/division-1-300x169.jpg\" alt=\"\" width=\"638\" height=\"359\" srcset=\"https:\/\/blogsaverroes.juntadeandalucia.es\/manuroca03\/files\/2020\/12\/division-1-300x169.jpg 300w, https:\/\/blogsaverroes.juntadeandalucia.es\/manuroca03\/files\/2020\/12\/division-1-24x13.jpg 24w, https:\/\/blogsaverroes.juntadeandalucia.es\/manuroca03\/files\/2020\/12\/division-1-36x20.jpg 36w, https:\/\/blogsaverroes.juntadeandalucia.es\/manuroca03\/files\/2020\/12\/division-1-48x27.jpg 48w, https:\/\/blogsaverroes.juntadeandalucia.es\/manuroca03\/files\/2020\/12\/division-1.jpg 600w\" sizes=\"(max-width: 638px) 100vw, 638px\" \/> &nbsp;<\/p>\n<p><img loading=\"lazy\" decoding=\"async\" class=\"alignnone wp-image-701\" src=\"https:\/\/blogsaverroes.juntadeandalucia.es\/manuroca03\/files\/2020\/12\/division-2-300x133.jpg\" alt=\"\" width=\"629\" height=\"279\" srcset=\"https:\/\/blogsaverroes.juntadeandalucia.es\/manuroca03\/files\/2020\/12\/division-2-300x133.jpg 300w, https:\/\/blogsaverroes.juntadeandalucia.es\/manuroca03\/files\/2020\/12\/division-2-24x11.jpg 24w, https:\/\/blogsaverroes.juntadeandalucia.es\/manuroca03\/files\/2020\/12\/division-2-36x16.jpg 36w, https:\/\/blogsaverroes.juntadeandalucia.es\/manuroca03\/files\/2020\/12\/division-2-48x21.jpg 48w, https:\/\/blogsaverroes.juntadeandalucia.es\/manuroca03\/files\/2020\/12\/division-2.jpg 600w\" sizes=\"(max-width: 629px) 100vw, 629px\" \/><img loading=\"lazy\" decoding=\"async\" class=\"alignnone wp-image-702\" src=\"https:\/\/blogsaverroes.juntadeandalucia.es\/manuroca03\/files\/2020\/12\/division-3-300x240.jpg\" alt=\"\" width=\"625\" height=\"500\" srcset=\"https:\/\/blogsaverroes.juntadeandalucia.es\/manuroca03\/files\/2020\/12\/division-3-300x240.jpg 300w, https:\/\/blogsaverroes.juntadeandalucia.es\/manuroca03\/files\/2020\/12\/division-3-24x19.jpg 24w, https:\/\/blogsaverroes.juntadeandalucia.es\/manuroca03\/files\/2020\/12\/division-3-36x29.jpg 36w, https:\/\/blogsaverroes.juntadeandalucia.es\/manuroca03\/files\/2020\/12\/division-3-48x38.jpg 48w, https:\/\/blogsaverroes.juntadeandalucia.es\/manuroca03\/files\/2020\/12\/division-3.jpg 600w\" sizes=\"(max-width: 625px) 100vw, 625px\" \/>&nbsp;<\/p>\n<p><img loading=\"lazy\" decoding=\"async\" class=\"alignnone wp-image-707\" src=\"https:\/\/blogsaverroes.juntadeandalucia.es\/manuroca03\/files\/2020\/12\/division-4-1-300x171.jpg\" alt=\"\" width=\"616\" height=\"351\" srcset=\"https:\/\/blogsaverroes.juntadeandalucia.es\/manuroca03\/files\/2020\/12\/division-4-1-300x171.jpg 300w, https:\/\/blogsaverroes.juntadeandalucia.es\/manuroca03\/files\/2020\/12\/division-4-1-24x14.jpg 24w, https:\/\/blogsaverroes.juntadeandalucia.es\/manuroca03\/files\/2020\/12\/division-4-1-36x20.jpg 36w, https:\/\/blogsaverroes.juntadeandalucia.es\/manuroca03\/files\/2020\/12\/division-4-1-48x27.jpg 48w, https:\/\/blogsaverroes.juntadeandalucia.es\/manuroca03\/files\/2020\/12\/division-4-1.jpg 600w\" sizes=\"(max-width: 616px) 100vw, 616px\" \/><\/p>\n<p><strong>Y LA CONTRASE\u00d1A ES\u2026<\/strong><\/p>\n<p><strong>Primer n\u00famero:&nbsp;<\/strong>cifra de las centenas del resultado de la segunda divisi\u00f3n.<\/p>\n<p><strong>Segundo n\u00famero: <\/strong>el cuarto n\u00famero impar (n\u00famero favorito del maestro)<\/p>\n<p><strong>Tercer n\u00famero:&nbsp;<\/strong>cifra del resto de la primera divisi\u00f3n.<\/p>\n<p><strong>Cuarto n\u00famero:&nbsp;<\/strong>cifra de las unidades del resultado de la tercera divisi\u00f3n.<\/p>\n<p><strong>Quinto n\u00famero: <\/strong>cifra del divisor de la cuarta divisi\u00f3n.&nbsp;<\/p>\n<div>\n<div>\n<div style=\"width: 100%\">\n<div style=\"padding-bottom: 56.25%;padding-top: 0;height: 0\"><iframe loading=\"lazy\" src=\"https:\/\/view.genial.ly\/5fcf7f2c185a0d0d977cee0a\" width=\"600px\" height=\"375px\" frameborder=\"0\" scrolling=\"yes\"><span data-mce-type=\"bookmark\" style=\"width: 0px;overflow: hidden;line-height: 0\" class=\"mce_SELRES_start\">\ufeff<\/span><\/iframe><\/div>\n<\/div>\n<p>&nbsp;<\/p>\n<\/div>\n<\/div>\n<p>&nbsp;<\/p>\n<p>&nbsp;<\/p>\n","protected":false},"excerpt":{"rendered":"<p>AYUDA A LOS HACKERS: El tercer Breakout&nbsp;o&nbsp;minimisi\u00f3n consiste en eliminar un virus inform\u00e1tico antes de que se expanda por todo el mundo y destruya todos los dispositivos conectados a Internet. Averigua la contrase\u00f1a que eliminar\u00e1 el virus antes de que acabe el tiempo,&nbsp;40 minutos. Para ello, tendr\u00e9is que hacer en vuestro cuaderno las&nbsp;divisiones que encontrar\u00e9is &hellip; <\/p>\n<p><a class=\"more-link btn\" href=\"https:\/\/blogsaverroes.juntadeandalucia.es\/manuroca03\/3-breakout-divisiones\/\">Seguir leyendo<\/a><\/p>\n","protected":false},"author":10452,"featured_media":0,"parent":0,"menu_order":0,"comment_status":"closed","ping_status":"closed","template":"","meta":{"ngg_post_thumbnail":0,"footnotes":""},"aioseo_notices":[],"_links":{"self":[{"href":"https:\/\/blogsaverroes.juntadeandalucia.es\/manuroca03\/wp-json\/wp\/v2\/pages\/676"}],"collection":[{"href":"https:\/\/blogsaverroes.juntadeandalucia.es\/manuroca03\/wp-json\/wp\/v2\/pages"}],"about":[{"href":"https:\/\/blogsaverroes.juntadeandalucia.es\/manuroca03\/wp-json\/wp\/v2\/types\/page"}],"author":[{"embeddable":true,"href":"https:\/\/blogsaverroes.juntadeandalucia.es\/manuroca03\/wp-json\/wp\/v2\/users\/10452"}],"replies":[{"embeddable":true,"href":"https:\/\/blogsaverroes.juntadeandalucia.es\/manuroca03\/wp-json\/wp\/v2\/comments?post=676"}],"version-history":[{"count":7,"href":"https:\/\/blogsaverroes.juntadeandalucia.es\/manuroca03\/wp-json\/wp\/v2\/pages\/676\/revisions"}],"predecessor-version":[{"id":710,"href":"https:\/\/blogsaverroes.juntadeandalucia.es\/manuroca03\/wp-json\/wp\/v2\/pages\/676\/revisions\/710"}],"wp:attachment":[{"href":"https:\/\/blogsaverroes.juntadeandalucia.es\/manuroca03\/wp-json\/wp\/v2\/media?parent=676"}],"curies":[{"name":"wp","href":"https:\/\/api.w.org\/{rel}","templated":true}]}}