{"id":756,"date":"2021-01-24T16:47:07","date_gmt":"2021-01-24T16:47:07","guid":{"rendered":"https:\/\/blogsaverroes.juntadeandalucia.es\/manuroca03\/?page_id=756"},"modified":"2021-04-04T07:29:04","modified_gmt":"2021-04-04T07:29:04","slug":"evaluacion-t8","status":"publish","type":"page","link":"https:\/\/blogsaverroes.juntadeandalucia.es\/manuroca03\/evaluacion-t8\/","title":{"rendered":"Evaluaci\u00f3n T8"},"content":{"rendered":"<p><strong>&nbsp;1. EVALUACI\u00d3N: \u00bfQU\u00c9 DEBER\u00c1S SABER AL FINALIZAR EL TEMA?<\/strong><\/p>\n<p><img loading=\"lazy\" decoding=\"async\" class=\"alignnone wp-image-954\" src=\"https:\/\/blogsaverroes.juntadeandalucia.es\/manuroca03\/files\/2021\/04\/tabla-T8-300x74.png\" alt=\"\" width=\"653\" height=\"161\" srcset=\"https:\/\/blogsaverroes.juntadeandalucia.es\/manuroca03\/files\/2021\/04\/tabla-T8-300x74.png 300w, https:\/\/blogsaverroes.juntadeandalucia.es\/manuroca03\/files\/2021\/04\/tabla-T8.png 757w\" sizes=\"(max-width: 653px) 100vw, 653px\" \/><\/p>\n<p><strong>2. AUTOEVALUACI\u00d3N (DIANA Y TABLA):&nbsp;<\/strong><\/p>\n<p><img loading=\"lazy\" decoding=\"async\" class=\"alignnone  wp-image-956\" src=\"https:\/\/blogsaverroes.juntadeandalucia.es\/manuroca03\/files\/2021\/04\/Captura-300x170.png\" alt=\"\" width=\"642\" height=\"364\" srcset=\"https:\/\/blogsaverroes.juntadeandalucia.es\/manuroca03\/files\/2021\/04\/Captura-300x170.png 300w, https:\/\/blogsaverroes.juntadeandalucia.es\/manuroca03\/files\/2021\/04\/Captura.png 667w\" sizes=\"(max-width: 642px) 100vw, 642px\" \/><\/p>\n<p><img loading=\"lazy\" decoding=\"async\" class=\"alignnone  wp-image-957\" src=\"https:\/\/blogsaverroes.juntadeandalucia.es\/manuroca03\/files\/2021\/04\/Captura-1-300x167.png\" alt=\"\" width=\"663\" height=\"369\" srcset=\"https:\/\/blogsaverroes.juntadeandalucia.es\/manuroca03\/files\/2021\/04\/Captura-1-300x167.png 300w, https:\/\/blogsaverroes.juntadeandalucia.es\/manuroca03\/files\/2021\/04\/Captura-1.png 416w\" sizes=\"(max-width: 663px) 100vw, 663px\" \/><\/p>\n<p><strong>3. INDICADORES DE EVALUACI\u00d3N (AMI):&nbsp;<\/strong><\/p>\n<table style=\"width: 98.9397%;height: 980px\" width=\"0\">\n<tbody>\n<tr style=\"height: 72px\">\n<td style=\"width: 98.8528%;height: 72px\" width=\"83\">3.1.1.&nbsp;En un contexto de <strong>resoluci\u00f3n de problemas sencillos<\/strong>, anticipa una soluci\u00f3n razonable y busca los procedimientos matem\u00e1ticos adecuados para abordar el proceso de resoluci\u00f3n.<\/td>\n<\/tr>\n<tr style=\"height: 80px\">\n<td style=\"width: 98.8528%;height: 80px\" width=\"79\">3.1.2.&nbsp;Valora las diferentes estrategias y <strong>persevera<\/strong> en la b\u00fasqueda de datos y soluciones precisas,<strong> tanto en la formulaci\u00f3n como en la resoluci\u00f3n de un problema<\/strong>.<\/td>\n<\/tr>\n<tr style=\"height: 80px\">\n<td style=\"width: 98.8528%;height: 80px\" width=\"49\">3.1.3.&nbsp;Expresa de forma <strong>ordenada y clara<\/strong>, oralmente y por escrito, el proceso seguido en la <strong>resoluci\u00f3n de problemas<\/strong>.<\/td>\n<\/tr>\n<tr>\n<td style=\"width: 98.8528%\" width=\"136\">3.3.1.&nbsp;Desarrolla <strong>actitudes personales<\/strong> inherentes al quehacer matem\u00e1tico, planteando la resoluci\u00f3n de retos y problemas con <strong>precisi\u00f3n, esmero e inter\u00e9s<\/strong>.<\/td>\n<\/tr>\n<tr style=\"height: 104px\">\n<td style=\"width: 98.8528%;height: 104px\" width=\"94\">3.3.2.&nbsp;<strong>Reflexiona<\/strong> sobre los procesos, decisiones tomadas y resultados obtenidos, <strong>transfiriendo lo aprendido<\/strong> a situaciones similares futuras, <strong>superando los bloqueos e inseguridades<\/strong> ante la resoluci\u00f3n de situaciones desconocidas.<\/td>\n<\/tr>\n<tr>\n<td style=\"width: 98.8528%\" width=\"79\">3.4.2.&nbsp;<strong>Lee y escribe fracciones sencillas<\/strong>.<\/td>\n<\/tr>\n<tr>\n<td style=\"width: 98.8528%\" width=\"79\">3.4.4.&nbsp;<strong>Ordena<\/strong> n\u00fameros naturales, enteros, decimales y <strong>fracciones b\u00e1sicas<\/strong> por comparaci\u00f3n, representaci\u00f3n en la recta num\u00e9rica y transformaci\u00f3n de unos en otros.<\/td>\n<\/tr>\n<tr style=\"height: 48px\">\n<td style=\"width: 98.8528%;height: 48px\" width=\"83\">3.5.1.&nbsp;Realiza <strong>c\u00e1lculos mentales<\/strong> con las cuatro operaciones utilizando diferentes estrategias personales y acad\u00e9micas, teniendo en cuenta la jerarqu\u00eda de las operaciones.<\/td>\n<\/tr>\n<tr>\n<td style=\"width: 98.8528%\" width=\"49\">3.5.4.&nbsp;<strong>Utiliza la calculadora<\/strong> con criterio y autonom\u00eda para ensayar, investigar y resolver problemas.<\/td>\n<\/tr>\n<tr>\n<td style=\"width: 98.8528%\" width=\"79\">3.5.5.&nbsp;<strong>Decide seg\u00fan la naturaleza del c\u00e1lculo, el procedimiento a utilizar<\/strong> (mental, algor\u00edtmico, tanteo, estimaci\u00f3n, calculadora), explicando con claridad el proceso seguido.<\/td>\n<\/tr>\n<tr>\n<td style=\"width: 98.8528%\" width=\"79\">3.6.1.&nbsp;<strong>Utiliza los porcentajes para expresar partes<\/strong>. Identifica e interpreta datos y mensajes de textos num\u00e9ricos sencillos de la vida cotidiana (facturas, folletos publicitarios, rebajas, repartos\u2026).<\/td>\n<\/tr>\n<tr>\n<td style=\"width: 98.8528%\" width=\"49\">3.6.3.&nbsp;<strong>Realiza equivalencias<\/strong> de las redes num\u00e9ricas b\u00e1sicas (1\/2, 0,5, 50%, la mitad) <strong>para resolver problemas.<\/strong><\/td>\n<\/tr>\n<tr>\n<td style=\"width: 98.8528%\" width=\"49\">3.6.4.&nbsp;<strong>Aplica las equivalencias num\u00e9ricas entre fracciones, decimales y porcentajes para intercambiar y comunicar mensajes.<\/strong><\/td>\n<\/tr>\n<\/tbody>\n<\/table>\n","protected":false},"excerpt":{"rendered":"<p>&nbsp;1. EVALUACI\u00d3N: \u00bfQU\u00c9 DEBER\u00c1S SABER AL FINALIZAR EL TEMA? 2. AUTOEVALUACI\u00d3N (DIANA Y TABLA):&nbsp; 3. INDICADORES DE EVALUACI\u00d3N (AMI):&nbsp; 3.1.1.&nbsp;En un contexto de resoluci\u00f3n de problemas sencillos, anticipa una soluci\u00f3n razonable y busca los procedimientos matem\u00e1ticos adecuados para abordar el proceso de resoluci\u00f3n. 3.1.2.&nbsp;Valora las diferentes estrategias y persevera en la b\u00fasqueda de datos y &hellip; <\/p>\n<p><a class=\"more-link btn\" href=\"https:\/\/blogsaverroes.juntadeandalucia.es\/manuroca03\/evaluacion-t8\/\">Seguir leyendo<\/a><\/p>\n","protected":false},"author":10452,"featured_media":0,"parent":0,"menu_order":0,"comment_status":"closed","ping_status":"closed","template":"","meta":{"ngg_post_thumbnail":0,"footnotes":""},"aioseo_notices":[],"_links":{"self":[{"href":"https:\/\/blogsaverroes.juntadeandalucia.es\/manuroca03\/wp-json\/wp\/v2\/pages\/756"}],"collection":[{"href":"https:\/\/blogsaverroes.juntadeandalucia.es\/manuroca03\/wp-json\/wp\/v2\/pages"}],"about":[{"href":"https:\/\/blogsaverroes.juntadeandalucia.es\/manuroca03\/wp-json\/wp\/v2\/types\/page"}],"author":[{"embeddable":true,"href":"https:\/\/blogsaverroes.juntadeandalucia.es\/manuroca03\/wp-json\/wp\/v2\/users\/10452"}],"replies":[{"embeddable":true,"href":"https:\/\/blogsaverroes.juntadeandalucia.es\/manuroca03\/wp-json\/wp\/v2\/comments?post=756"}],"version-history":[{"count":4,"href":"https:\/\/blogsaverroes.juntadeandalucia.es\/manuroca03\/wp-json\/wp\/v2\/pages\/756\/revisions"}],"predecessor-version":[{"id":958,"href":"https:\/\/blogsaverroes.juntadeandalucia.es\/manuroca03\/wp-json\/wp\/v2\/pages\/756\/revisions\/958"}],"wp:attachment":[{"href":"https:\/\/blogsaverroes.juntadeandalucia.es\/manuroca03\/wp-json\/wp\/v2\/media?parent=756"}],"curies":[{"name":"wp","href":"https:\/\/api.w.org\/{rel}","templated":true}]}}