{"id":757,"date":"2021-01-24T16:47:07","date_gmt":"2021-01-24T16:47:07","guid":{"rendered":"https:\/\/blogsaverroes.juntadeandalucia.es\/manuroca03\/?page_id=757"},"modified":"2024-01-09T19:58:11","modified_gmt":"2024-01-09T19:58:11","slug":"u5_mt_5oep","status":"publish","type":"page","link":"https:\/\/blogsaverroes.juntadeandalucia.es\/manuroca03\/u5_mt_5oep\/","title":{"rendered":"MT5\u00baU5. Vida min\u00fascula"},"content":{"rendered":"<p>Comenzamos el segundo trimestre con una unidad nueva, los n\u00fameros decimales.<\/p>\n<ul>\n<li>Comprendo las unidades decimales.<\/li>\n<li>Conozco los n\u00fameros decimales.<\/li>\n<li>Comparo los n\u00fameros decimales.<\/li>\n<li>Represento y aproximo n\u00fameros decimales en la recta.<\/li>\n<\/ul>\n<div class=\"fluid-width-video-wrapper\">&nbsp;<\/div>\n<h4><strong>Comprendo las unidades decimales.<\/strong><\/h4>\n<p><a href=\"https:\/\/view.genial.ly\/5fce18fd34487c74a6da89dc\/horizontal-infographic-review-decimales-ordenes-de-unidades\"><img loading=\"lazy\" decoding=\"async\" class=\"\" src=\"https:\/\/blogsaverroes.juntadeandalucia.es\/verainqueclase\/files\/2020\/12\/genially-ordenes-decimales-300x167.jpg\" width=\"920\" height=\"512\"><\/a><\/p>\n<table>\n<tbody>\n<tr>\n<td><a href=\"https:\/\/www.mundoprimaria.com\/recursos-matematicas\/numeros-decimales\"><img loading=\"lazy\" decoding=\"async\" class=\"alignnone wp-image-4651\" src=\"https:\/\/blogsaverroes.juntadeandalucia.es\/verainqueclase\/files\/2023\/12\/juego-decimales-300x209.jpg\" alt=\"\" width=\"181\" height=\"127\"><\/a><\/td>\n<td><a href=\"https:\/\/www.mundoprimaria.com\/juegos-educativos\/jueg-mat-num-95\"><img decoding=\"async\" src=\"https:\/\/blogsaverroes.juntadeandalucia.es\/verainqueclase\/files\/2023\/02\/juego-d%C3%A9cimas-y-cent%C3%A9simas-300x163.jpg\"><\/a><\/td>\n<td><a href=\"https:\/\/www.mundoprimaria.com\/juegos-educativos\/jueg-mat-num-130\"><img decoding=\"async\" src=\"https:\/\/blogsaverroes.juntadeandalucia.es\/verainqueclase\/files\/2023\/02\/juego-n%C3%BAmeros-decimales-300x163.jpg\"><\/a><\/td>\n<\/tr>\n<tr>\n<td><a href=\"https:\/\/wordwall.net\/es\/resource\/52207303\/matem%c3%a1ticas\/n%c2%ba-decimales\"><img decoding=\"async\" src=\"https:\/\/blogsaverroes.juntadeandalucia.es\/verainqueclase\/files\/2023\/02\/juego-n%C3%BAmeros-decimales-2-300x163.jpg\"><\/a><\/td>\n<td>&nbsp;<\/td>\n<td>&nbsp;<\/td>\n<\/tr>\n<tr>\n<td>&nbsp;<\/td>\n<td>&nbsp;<\/td>\n<td>&nbsp;<\/td>\n<\/tr>\n<\/tbody>\n<\/table>\n<h4><strong>Conozco los n\u00fameros decimales.<\/strong><\/h4>\n<p><a href=\"https:\/\/view.genial.ly\/657058b8ea3876001435b3a0\/horizontal-infographic-review-copia-decimales-ordenes-de-unidades\"><img loading=\"lazy\" decoding=\"async\" class=\"alignnone wp-image-4653\" src=\"https:\/\/blogsaverroes.juntadeandalucia.es\/verainqueclase\/files\/2023\/12\/genially-presentaci%C3%B3n-300x157.jpg\" alt=\"\" width=\"736\" height=\"385\"><\/a><\/p>\n<table>\n<tbody>\n<tr>\n<td><a href=\"https:\/\/www.mundoprimaria.com\/recursos-matematicas\/numeros-decimales\"><img loading=\"lazy\" decoding=\"async\" class=\"alignnone wp-image-4651\" src=\"https:\/\/blogsaverroes.juntadeandalucia.es\/verainqueclase\/files\/2023\/12\/juego-decimales-300x209.jpg\" alt=\"\" width=\"181\" height=\"127\"><\/a><\/td>\n<td><a href=\"https:\/\/wordwall.net\/es\/resource\/15947252\/decimales\"><img decoding=\"async\" src=\"https:\/\/wordwallscreens.azureedge.net\/400\/e96ea0934b9048deafc86d4ff9249a14_0\" alt=\"Decimales\"><\/a><\/td>\n<td><a href=\"https:\/\/wordwall.net\/es\/resource\/3534602\/decimales\"><img decoding=\"async\" src=\"https:\/\/wordwallscreens.azureedge.net\/400\/bb0b7931f38649a1ab1f3cbad3ff5f7b_0\" alt=\"Decimales\"><\/a><\/td>\n<\/tr>\n<tr>\n<td><a href=\"https:\/\/wordwall.net\/es\/resource\/2553133\/numeros-decimales\"><img decoding=\"async\" src=\"https:\/\/wordwallscreens.azureedge.net\/400\/b79c84dc9c8944c4ade23760c1c37fc4_0\" alt=\"Numeros Decimales\"><\/a><\/td>\n<td><a href=\"https:\/\/wordwall.net\/es\/resource\/942126\/empezamos-los-decimales\"><img decoding=\"async\" src=\"https:\/\/wordwallscreens.azureedge.net\/400\/90eb41d06eeb4bbba5a1c1bc0a8bdc02\" alt=\"Empezamos los decimales\"><\/a><\/td>\n<td>&nbsp;<\/td>\n<\/tr>\n<\/tbody>\n<\/table>\n<h4><strong>Comparo los n\u00fameros decimales.<\/strong><\/h4>\n<p><a href=\"https:\/\/view.genial.ly\/63e29d92d1f4b6001890f575\/horizontal-infographic-review-47-decimales-comparar-decimales\"><img loading=\"lazy\" decoding=\"async\" class=\"\" src=\"https:\/\/blogsaverroes.juntadeandalucia.es\/verainqueclase\/files\/2023\/02\/genially-comparaos-n%C3%BAmeros-decimales-300x163.jpg\" width=\"696\" height=\"378\"><\/a><\/p>\n<table>\n<tbody>\n<tr>\n<td><a href=\"https:\/\/www.mundoprimaria.com\/juegos-educativos\/jueg-mat-num-97\"><img decoding=\"async\" src=\"https:\/\/blogsaverroes.juntadeandalucia.es\/verainqueclase\/files\/2023\/02\/juego-comparaci%C3%B3n-decimales-300x163.jpg\"><\/a><\/td>\n<td><a href=\"https:\/\/www.mundoprimaria.com\/juegos-educativos\/jueg-mat-num-132\"><img decoding=\"async\" src=\"https:\/\/blogsaverroes.juntadeandalucia.es\/verainqueclase\/files\/2023\/02\/juego-comparaci%C3%B3n-decimales-2-300x163.jpg\"><\/a><\/td>\n<td><a href=\"https:\/\/www.mundoprimaria.com\/juegos-educativos\/jueg-mat-num-167\"><img decoding=\"async\" src=\"https:\/\/blogsaverroes.juntadeandalucia.es\/verainqueclase\/files\/2023\/02\/juego-comparaci%C3%B3n-decimales-3-300x163.jpg\"><\/a><\/td>\n<\/tr>\n<tr>\n<td><a href=\"https:\/\/wordwall.net\/es\/resource\/9708447\/comparar-n%c3%bameros-decimales\"><img decoding=\"async\" src=\"https:\/\/blogsaverroes.juntadeandalucia.es\/verainqueclase\/files\/2023\/02\/juego-comparaci%C3%B3n-decimales-4-300x163.jpg\"><\/a><\/td>\n<td><a href=\"https:\/\/wordwall.net\/es\/resource\/4440128\/n%c3%bameros-decimales\"><img decoding=\"async\" src=\"https:\/\/wordwallscreens.azureedge.net\/400\/9395914ebc2d4eb69aafbf7e4e3113b4_0\" alt=\"N\u00fameros decimales\"><\/a><\/td>\n<td><a href=\"https:\/\/wordwall.net\/es\/resource\/2554668\/ordenar-numeros-decimales\"><img decoding=\"async\" src=\"https:\/\/wordwallscreens.azureedge.net\/400\/ceaba251d4de464c9410cd24fbcf46e3_0\" alt=\"Ordenar numeros decimales\"><\/a><\/td>\n<\/tr>\n<tr>\n<td><a href=\"https:\/\/www.mundoprimaria.com\/recursos-matematicas\/numeros-decimales\"><img loading=\"lazy\" decoding=\"async\" class=\"alignnone wp-image-4651\" src=\"https:\/\/blogsaverroes.juntadeandalucia.es\/verainqueclase\/files\/2023\/12\/juego-decimales-300x209.jpg\" alt=\"\" width=\"181\" height=\"127\"><\/a><\/td>\n<td>&nbsp;<\/td>\n<td>&nbsp;<\/td>\n<\/tr>\n<\/tbody>\n<\/table>\n<h4><strong>Represento y aproximo n\u00fameros decimales en la recta.<\/strong><\/h4>\n<p><a href=\"https:\/\/view.genial.ly\/63e2a02c89e9540017ebf648\/horizontal-infographic-review-47-decimales-aproximar-decimales\"><img loading=\"lazy\" decoding=\"async\" class=\"\" src=\"https:\/\/blogsaverroes.juntadeandalucia.es\/verainqueclase\/files\/2023\/02\/genially-aproximaci%C3%B3n-n%C3%BAmeros-decimales-300x161.jpg\" width=\"768\" height=\"412\"><\/a><\/p>\n<table>\n<tbody>\n<tr>\n<td><a href=\"https:\/\/www.mundoprimaria.com\/recursos-matematicas\/numeros-decimales\"><img loading=\"lazy\" decoding=\"async\" class=\"alignnone wp-image-4651\" src=\"https:\/\/blogsaverroes.juntadeandalucia.es\/verainqueclase\/files\/2023\/12\/juego-decimales-300x209.jpg\" alt=\"\" width=\"181\" height=\"127\"><\/a><\/td>\n<td><a href=\"https:\/\/www.mundoprimaria.com\/juegos-educativos\/jueg-mat-num-96\"><img decoding=\"async\" src=\"https:\/\/blogsaverroes.juntadeandalucia.es\/verainqueclase\/files\/2023\/02\/juego-decimales-recta-num%C3%A9rica-300x163.jpg\"><\/a><\/td>\n<td><a href=\"https:\/\/www.mundoprimaria.com\/juegos-educativos\/jueg-mat-num-131\"><img decoding=\"async\" src=\"https:\/\/blogsaverroes.juntadeandalucia.es\/verainqueclase\/files\/2023\/02\/juego-decimales-recta-num%C3%A9rica-1-300x163.jpg\"><\/a><\/td>\n<\/tr>\n<tr>\n<td><a href=\"https:\/\/www.mundoprimaria.com\/juegos-educativos\/jueg-mat-num-133\"><img decoding=\"async\" src=\"https:\/\/blogsaverroes.juntadeandalucia.es\/verainqueclase\/files\/2023\/02\/juego-aproximaci%C3%B3n-decimales-300x163.jpg\"><\/a><\/td>\n<td>&nbsp;<\/td>\n<td>&nbsp;<\/td>\n<\/tr>\n<\/tbody>\n<\/table>\n<h4><strong>REPASO<\/strong><\/h4>\n<table>\n<tbody>\n<tr>\n<td><a href=\"https:\/\/view.genial.ly\/59bd717b2b068d0ca8bfa7bd\/interactive-content-numeros-decimales\"><img loading=\"lazy\" decoding=\"async\" class=\"\" src=\"https:\/\/blogsaverroes.juntadeandalucia.es\/verainqueclase\/files\/2020\/12\/genially-decimales-300x178.jpg\" width=\"929\" height=\"551\"><\/a><\/td>\n<td><a href=\"https:\/\/wordwall.net\/es\/resource\/11823297\/decimales\"><img decoding=\"async\" src=\"https:\/\/wordwallscreens.azureedge.net\/400\/3493088d1a93408ca8d69aab2d400f3e_0\" alt=\"DECIMALES\"><\/a><\/td>\n<td>&nbsp;<\/td>\n<\/tr>\n<tr>\n<td>&nbsp;<\/td>\n<td>&nbsp;<\/td>\n<td>&nbsp;<\/td>\n<\/tr>\n<\/tbody>\n<\/table>\n","protected":false},"excerpt":{"rendered":"<p>Comenzamos el segundo trimestre con una unidad nueva, los n\u00fameros decimales. Comprendo las unidades decimales. Conozco los n\u00fameros decimales. Comparo los n\u00fameros decimales. Represento y aproximo n\u00fameros decimales en la recta. &nbsp; Comprendo las unidades decimales. &nbsp; &nbsp; &nbsp; &nbsp; &nbsp; Conozco los n\u00fameros decimales. &nbsp; Comparo los n\u00fameros decimales. &nbsp; &nbsp; Represento y aproximo &hellip; <\/p>\n<p><a class=\"more-link btn\" href=\"https:\/\/blogsaverroes.juntadeandalucia.es\/manuroca03\/u5_mt_5oep\/\">Seguir leyendo<\/a><\/p>\n","protected":false},"author":10452,"featured_media":0,"parent":0,"menu_order":0,"comment_status":"closed","ping_status":"closed","template":"","meta":{"ngg_post_thumbnail":0,"footnotes":""},"aioseo_notices":[],"_links":{"self":[{"href":"https:\/\/blogsaverroes.juntadeandalucia.es\/manuroca03\/wp-json\/wp\/v2\/pages\/757"}],"collection":[{"href":"https:\/\/blogsaverroes.juntadeandalucia.es\/manuroca03\/wp-json\/wp\/v2\/pages"}],"about":[{"href":"https:\/\/blogsaverroes.juntadeandalucia.es\/manuroca03\/wp-json\/wp\/v2\/types\/page"}],"author":[{"embeddable":true,"href":"https:\/\/blogsaverroes.juntadeandalucia.es\/manuroca03\/wp-json\/wp\/v2\/users\/10452"}],"replies":[{"embeddable":true,"href":"https:\/\/blogsaverroes.juntadeandalucia.es\/manuroca03\/wp-json\/wp\/v2\/comments?post=757"}],"version-history":[{"count":7,"href":"https:\/\/blogsaverroes.juntadeandalucia.es\/manuroca03\/wp-json\/wp\/v2\/pages\/757\/revisions"}],"predecessor-version":[{"id":1715,"href":"https:\/\/blogsaverroes.juntadeandalucia.es\/manuroca03\/wp-json\/wp\/v2\/pages\/757\/revisions\/1715"}],"wp:attachment":[{"href":"https:\/\/blogsaverroes.juntadeandalucia.es\/manuroca03\/wp-json\/wp\/v2\/media?parent=757"}],"curies":[{"name":"wp","href":"https:\/\/api.w.org\/{rel}","templated":true}]}}