{"id":760,"date":"2021-01-24T16:47:08","date_gmt":"2021-01-24T16:47:08","guid":{"rendered":"https:\/\/blogsaverroes.juntadeandalucia.es\/manuroca03\/?page_id=760"},"modified":"2023-12-03T17:42:36","modified_gmt":"2023-12-03T17:42:36","slug":"explicaciones-t4","status":"publish","type":"page","link":"https:\/\/blogsaverroes.juntadeandalucia.es\/manuroca03\/explicaciones-t4\/","title":{"rendered":"MT5\u00baU4. Cultiva la vida."},"content":{"rendered":"<p>Terminamos el trimestre con un tema del que ya aprendimos algo en cuarto, las fracciones.<\/p>\n<ul>\n<li>Aprendo fracciones.<\/li>\n<li>Fracci\u00f3n y unidad.<\/li>\n<li>Fracciones equivalentes.<\/li>\n<li>Comparo fracciones.<\/li>\n<li>Sumo y resto fracciones.<\/li>\n<li>Fracci\u00f3n de una cantidad.<\/li>\n<\/ul>\n<p><strong>1<\/strong><strong>.- APRENDO FRACCIONES:<\/strong><\/p>\n<p>Con una fracci\u00f3n expresamos la parte que tomamos (<strong>numerador<\/strong>) de las partes iguales en las que est\u00e1 dividida una unidad (<strong>denominador<\/strong>).<\/p>\n<p><iframe loading=\"lazy\" src=\"https:\/\/www.youtube.com\/embed\/gkCj2Wq1Pv0?si=jZboEeYmo3LExKqY\" width=\"560\" height=\"315\" frameborder=\"0\"><\/iframe>&nbsp;<\/p>\n<p><iframe loading=\"lazy\" src=\"https:\/\/www.youtube.com\/embed\/wtarlG2TM_w\" width=\"560\" height=\"315\" frameborder=\"0\"><\/iframe>&nbsp;<\/p>\n<p><img loading=\"lazy\" decoding=\"async\" class=\"alignnone wp-image-1001\" src=\"https:\/\/blogsaverroes.juntadeandalucia.es\/manuroca03\/files\/2021\/04\/Q-300x167.png\" alt=\"\" width=\"647\" height=\"360\" srcset=\"https:\/\/blogsaverroes.juntadeandalucia.es\/manuroca03\/files\/2021\/04\/Q-300x167.png 300w, https:\/\/blogsaverroes.juntadeandalucia.es\/manuroca03\/files\/2021\/04\/Q-768x426.png 768w, https:\/\/blogsaverroes.juntadeandalucia.es\/manuroca03\/files\/2021\/04\/Q.png 924w\" sizes=\"(max-width: 647px) 100vw, 647px\" \/><\/p>\n<h4><a href=\"https:\/\/view.genial.ly\/6543d3d285942a0011e17df7\/horizontal-infographic-review-copia-46-las-fracciones-y-sus-terminos\"><img loading=\"lazy\" decoding=\"async\" class=\"alignnone wp-image-4600\" src=\"https:\/\/blogsaverroes.juntadeandalucia.es\/verainqueclase\/files\/2023\/11\/genially-fracciones-300x151.jpg\" alt=\"\" width=\"797\" height=\"401\"><\/a><\/h4>\n<table>\n<tbody>\n<tr>\n<td><a href=\"https:\/\/view.genial.ly\/5e7e24bd05e3d20e6efd69ba\/game-laberintofraccionario\"><img decoding=\"async\" src=\"https:\/\/blogsaverroes.juntadeandalucia.es\/verainqueclase\/files\/2020\/12\/laberinto-de-fracciones-300x171.jpg\"><\/a><\/td>\n<td><a href=\"https:\/\/www.thatquiz.org\/es-6\/matematicas\/identificar\/fracciones\/\"><img decoding=\"async\" src=\"https:\/\/blogsaverroes.juntadeandalucia.es\/verainqueclase\/files\/2020\/12\/juego-fracciones-300x182.jpg\"><\/a><\/td>\n<td><a href=\"https:\/\/www.mundoprimaria.com\/recursos-matematicas\/fracciones\"><img loading=\"lazy\" decoding=\"async\" class=\"alignnone size-medium wp-image-4602\" src=\"https:\/\/blogsaverroes.juntadeandalucia.es\/verainqueclase\/files\/2023\/11\/Juego-fracciones-300x151.jpg\" alt=\"\" width=\"300\" height=\"151\"><\/a><\/td>\n<\/tr>\n<tr>\n<td><a href=\"https:\/\/www.mundoprimaria.com\/juegos-educativos\/jueg-mat-num-116\"><img decoding=\"async\" src=\"https:\/\/blogsaverroes.juntadeandalucia.es\/verainqueclase\/files\/2022\/09\/juego-fracciones-300x191.jpg\"><\/a><\/td>\n<td><a href=\"https:\/\/www.mundoprimaria.com\/juegos-educativos\/jueg-mat-num-117\"><img decoding=\"async\" src=\"https:\/\/blogsaverroes.juntadeandalucia.es\/verainqueclase\/files\/2022\/09\/juego-medio-tercio-cuarto-300x191.jpg\"><\/a><\/td>\n<td><a href=\"https:\/\/www.mundoprimaria.com\/juegos-educativos\/jueg-mat-num-118\"><img decoding=\"async\" src=\"https:\/\/blogsaverroes.juntadeandalucia.es\/verainqueclase\/files\/2022\/09\/juego-comparar-fracciones-300x191.jpg\"><\/a><\/td>\n<\/tr>\n<tr>\n<td><a href=\"http:\/\/www.accedetic.es\/fracciones\/fracciones\/index\"><img decoding=\"async\" src=\"https:\/\/blogsaverroes.juntadeandalucia.es\/verainqueclase\/files\/2020\/12\/juego-fracciones-3-300x200.jpg\"><\/a><\/td>\n<\/tr>\n<\/tbody>\n<\/table>\n<p><strong>2.- FRACCI\u00d3N Y UNIDAD:<\/strong><\/p>\n<p><a href=\"https:\/\/view.genial.ly\/6543df33cc52dc0011760b5e\/horizontal-infographic-review-copia-las-fracciones\"><img loading=\"lazy\" decoding=\"async\" class=\"alignnone wp-image-4604\" src=\"https:\/\/blogsaverroes.juntadeandalucia.es\/verainqueclase\/files\/2023\/11\/Genially-fracciones-propias-e-impropias-300x151.jpg\" alt=\"\" width=\"757\" height=\"381\"><\/a><\/p>\n<table>\n<tbody>\n<tr>\n<td><a href=\"https:\/\/www.mundoprimaria.com\/recursos-matematicas\/fracciones-propias-impropias-numero-mixto\"><img loading=\"lazy\" decoding=\"async\" class=\"alignnone size-medium wp-image-4605\" src=\"https:\/\/blogsaverroes.juntadeandalucia.es\/verainqueclase\/files\/2023\/11\/Juego-fracciones-impropias-300x151.jpg\" alt=\"\" width=\"300\" height=\"151\"><\/a><\/td>\n<td>&nbsp;<\/td>\n<td>&nbsp;<\/td>\n<\/tr>\n<\/tbody>\n<\/table>\n<p><strong>3.- FRACCIONES EQUIVALENTES:<\/strong><\/p>\n<p><a href=\"https:\/\/view.genial.ly\/5fce84c2f4bedc0d202e2b3f\/horizontal-infographic-review-fracciones-equivalentes\"><img loading=\"lazy\" decoding=\"async\" class=\"\" src=\"https:\/\/blogsaverroes.juntadeandalucia.es\/verainqueclase\/files\/2020\/12\/genially-fracciones-equivalentes-300x176.jpg\" width=\"828\" height=\"486\"><\/a><\/p>\n<table>\n<tbody>\n<tr>\n<td><a href=\"https:\/\/www.mundoprimaria.com\/recursos-matematicas\/fracciones-equivalentes\"><img loading=\"lazy\" decoding=\"async\" class=\"alignnone size-medium wp-image-4606\" src=\"https:\/\/blogsaverroes.juntadeandalucia.es\/verainqueclase\/files\/2023\/11\/Juego-fracciones-equivalentes-300x151.jpg\" alt=\"\" width=\"300\" height=\"151\"><\/a><\/td>\n<td><a href=\"https:\/\/view.genial.ly\/5c5a8f6ba558062c2eb7a57c\/interactive-content-fracciones-equivalentes\"><img loading=\"lazy\" decoding=\"async\" class=\"\" src=\"https:\/\/blogsaverroes.juntadeandalucia.es\/verainqueclase\/files\/2020\/12\/genially-equivalentes-2-300x182.jpg\" width=\"194\" height=\"119\"><\/a><\/td>\n<td><a href=\"https:\/\/view.genial.ly\/5ffc70791ac90d0d0daf7c5c\/game-breakout-juegos-fracciones\"><img decoding=\"async\" src=\"https:\/\/blogsaverroes.juntadeandalucia.es\/verainqueclase\/files\/2021\/02\/juego-Fracciones-equivalentes-300x168.jpg\"><\/a><\/td>\n<\/tr>\n<tr>\n<td><a href=\"http:\/\/www.accedetic.es\/fracciones\/fracciones\/index\"><img loading=\"lazy\" decoding=\"async\" class=\"\" src=\"https:\/\/blogsaverroes.juntadeandalucia.es\/verainqueclase\/files\/2020\/12\/juego-fracciones-3-300x200.jpg\" width=\"168\" height=\"113\"><\/a><\/td>\n<td><a href=\"https:\/\/view.genial.ly\/609c4bdb6cb6890cfaa53e6e\/interactive-content-escape-castillo-fracciones\"><img loading=\"lazy\" decoding=\"async\" class=\"alignnone size-medium wp-image-4618\" src=\"https:\/\/blogsaverroes.juntadeandalucia.es\/verainqueclase\/files\/2023\/11\/juego-fracciones-equivalentes-2-300x153.jpg\" alt=\"\" width=\"300\" height=\"153\"><\/a><\/td>\n<td>&nbsp;<\/td>\n<\/tr>\n<\/tbody>\n<\/table>\n<p><strong>4.- COMPARACI\u00d3N DE FRACCIONES:<\/strong>&nbsp;<\/p>\n<p><img loading=\"lazy\" decoding=\"async\" class=\"alignnone wp-image-999\" src=\"https:\/\/blogsaverroes.juntadeandalucia.es\/manuroca03\/files\/2021\/04\/3-300x268.png\" alt=\"\" width=\"647\" height=\"578\" srcset=\"https:\/\/blogsaverroes.juntadeandalucia.es\/manuroca03\/files\/2021\/04\/3-300x268.png 300w, https:\/\/blogsaverroes.juntadeandalucia.es\/manuroca03\/files\/2021\/04\/3.png 576w\" sizes=\"(max-width: 647px) 100vw, 647px\" \/><\/p>\n<div style=\"width: 100%\">\n<div style=\"padding-bottom: 56.25%;padding-top: 0;height: 0\"><a href=\"https:\/\/view.genial.ly\/6547b68a069a9100118b296a\/horizontal-infographic-review-copia-comparacion-de-fracciones\"><img loading=\"lazy\" decoding=\"async\" class=\"alignnone wp-image-4608\" src=\"https:\/\/blogsaverroes.juntadeandalucia.es\/verainqueclase\/files\/2023\/11\/genially-comparar-fracciones-300x153.jpg\" alt=\"\" width=\"941\" height=\"480\"><\/a><\/div>\n<\/div>\n<table>\n<tbody>\n<tr>\n<td><a href=\"https:\/\/www.mundoprimaria.com\/juegos-educativos\/jueg-mat-num-119\"><img decoding=\"async\" src=\"https:\/\/blogsaverroes.juntadeandalucia.es\/verainqueclase\/files\/2022\/09\/juego-comparar-fracciones-igual-denominador-300x191.jpg\"><\/a><\/td>\n<td><a href=\"https:\/\/www.mundoprimaria.com\/juegos-educativos\/jueg-mat-num-136\"><img decoding=\"async\" src=\"https:\/\/blogsaverroes.juntadeandalucia.es\/verainqueclase\/files\/2022\/09\/juego-comparar-fracciones-igual-denominador-2-300x191.jpg\"><\/a><\/td>\n<td>&nbsp;<\/td>\n<\/tr>\n<\/tbody>\n<\/table>\n<p><strong>5.- SUMO Y RESTO FRACCIONES:&nbsp;<\/strong><\/p>\n<p><a href=\"https:\/\/view.genial.ly\/6547b8dc3cef7b0011cd889f\/horizontal-infographic-review-copia-suma-y-resta-fracciones\"><img loading=\"lazy\" decoding=\"async\" class=\"alignnone wp-image-4610\" src=\"https:\/\/blogsaverroes.juntadeandalucia.es\/verainqueclase\/files\/2023\/11\/genially-sumar-y-restar-fracciones-300x153.jpg\" alt=\"\" width=\"943\" height=\"481\"><\/a><\/p>\n<table>\n<tbody>\n<tr>\n<td><a href=\"https:\/\/www.mundoprimaria.com\/recursos-matematicas\/suma-resta-fracciones\"><img loading=\"lazy\" decoding=\"async\" class=\"alignnone size-medium wp-image-4612\" src=\"https:\/\/blogsaverroes.juntadeandalucia.es\/verainqueclase\/files\/2023\/11\/juego-sumar-y-restar-fracciones-300x153.jpg\" alt=\"\" width=\"300\" height=\"153\"><\/a><\/td>\n<td><a href=\"https:\/\/www.mundoprimaria.com\/juegos-educativos\/juegos-matematicas\/sumas-mismo-denominador\"><img loading=\"lazy\" decoding=\"async\" class=\"\" src=\"https:\/\/blogsaverroes.juntadeandalucia.es\/verainqueclase\/files\/2020\/12\/Suma-y-resta-de-fracciones-juego-300x204.jpg\" width=\"196\" height=\"134\"><\/a><\/td>\n<td><a href=\"http:\/\/www.accedetic.es\/fracciones\/fracciones\/index\"><img loading=\"lazy\" decoding=\"async\" class=\"\" src=\"https:\/\/blogsaverroes.juntadeandalucia.es\/verainqueclase\/files\/2020\/12\/juego-fracciones-3-300x200.jpg\" width=\"204\" height=\"137\"><\/a><\/td>\n<\/tr>\n<tr>\n<td>&nbsp;<\/td>\n<td>&nbsp;<\/td>\n<td>&nbsp;<\/td>\n<\/tr>\n<\/tbody>\n<\/table>\n<h4><strong>6.- FRACCI\u00d3N DE UNA CANTIDAD:<\/strong><\/h4>\n<p><a href=\"https:\/\/view.genial.ly\/5fce7d13b311230dad3172a2\/horizontal-infographic-review-fraccion-de-una-cantidad\"><img loading=\"lazy\" decoding=\"async\" class=\"\" src=\"https:\/\/blogsaverroes.juntadeandalucia.es\/verainqueclase\/files\/2020\/12\/genially-fracci%C3%B3n-de-una-cantidad-300x167.jpg\" width=\"931\" height=\"518\"><\/a><\/p>\n<p>&nbsp;<\/p>\n<div style=\"width: 100%\">\n<div style=\"padding-bottom: 50%;padding-top: 0;height: 0\">\n<p><iframe loading=\"lazy\" src=\"https:\/\/view.genial.ly\/5e274b71fe3f0803dcd7eb92\" width=\"600px\" height=\"375px\" frameborder=\"0\" scrolling=\"yes\"><span data-mce-type=\"bookmark\" style=\"width: 0px;overflow: hidden;line-height: 0\" class=\"mce_SELRES_start\">\ufeff<\/span><\/iframe><\/p>\n<\/div>\n<\/div>\n","protected":false},"excerpt":{"rendered":"<p>Terminamos el trimestre con un tema del que ya aprendimos algo en cuarto, las fracciones. Aprendo fracciones. Fracci\u00f3n y unidad. Fracciones equivalentes. Comparo fracciones. Sumo y resto fracciones. Fracci\u00f3n de una cantidad. 1.- APRENDO FRACCIONES: Con una fracci\u00f3n expresamos la parte que tomamos (numerador) de las partes iguales en las que est\u00e1 dividida una unidad &hellip; <\/p>\n<p><a class=\"more-link btn\" href=\"https:\/\/blogsaverroes.juntadeandalucia.es\/manuroca03\/explicaciones-t4\/\">Seguir leyendo<\/a><\/p>\n","protected":false},"author":10452,"featured_media":0,"parent":0,"menu_order":0,"comment_status":"closed","ping_status":"closed","template":"","meta":{"ngg_post_thumbnail":0,"footnotes":""},"aioseo_notices":[],"_links":{"self":[{"href":"https:\/\/blogsaverroes.juntadeandalucia.es\/manuroca03\/wp-json\/wp\/v2\/pages\/760"}],"collection":[{"href":"https:\/\/blogsaverroes.juntadeandalucia.es\/manuroca03\/wp-json\/wp\/v2\/pages"}],"about":[{"href":"https:\/\/blogsaverroes.juntadeandalucia.es\/manuroca03\/wp-json\/wp\/v2\/types\/page"}],"author":[{"embeddable":true,"href":"https:\/\/blogsaverroes.juntadeandalucia.es\/manuroca03\/wp-json\/wp\/v2\/users\/10452"}],"replies":[{"embeddable":true,"href":"https:\/\/blogsaverroes.juntadeandalucia.es\/manuroca03\/wp-json\/wp\/v2\/comments?post=760"}],"version-history":[{"count":7,"href":"https:\/\/blogsaverroes.juntadeandalucia.es\/manuroca03\/wp-json\/wp\/v2\/pages\/760\/revisions"}],"predecessor-version":[{"id":1692,"href":"https:\/\/blogsaverroes.juntadeandalucia.es\/manuroca03\/wp-json\/wp\/v2\/pages\/760\/revisions\/1692"}],"wp:attachment":[{"href":"https:\/\/blogsaverroes.juntadeandalucia.es\/manuroca03\/wp-json\/wp\/v2\/media?parent=760"}],"curies":[{"name":"wp","href":"https:\/\/api.w.org\/{rel}","templated":true}]}}