{"id":970,"date":"2021-04-04T22:12:13","date_gmt":"2021-04-04T22:12:13","guid":{"rendered":"https:\/\/blogsaverroes.juntadeandalucia.es\/manuroca03\/?page_id=970"},"modified":"2024-02-04T16:05:14","modified_gmt":"2024-02-04T16:05:14","slug":"actividades-t10","status":"publish","type":"page","link":"https:\/\/blogsaverroes.juntadeandalucia.es\/manuroca03\/actividades-t10\/","title":{"rendered":"Actividades T7"},"content":{"rendered":"<div><span style=\"color: #0000ff\"><strong>* ACTIVIDADES COMUNES (CUADERNO):<\/strong><\/span><\/div>\n<div><strong>1. El sistema m\u00e9trico decimal.<\/strong><\/div>\n<div><strong>2. Unidades de medida de longitud.<\/strong><\/div>\n<div><strong>3. Unidades de medida de capacidad.<\/strong><\/div>\n<div><strong>4. Unidades de medida de masa.<\/strong><\/div>\n<div><strong>5. Expresiones complejas e incomplejas.<\/strong><\/div>\n<div><strong>6. Sumas y restas con expresiones complejas e incomplejas.&nbsp;<\/strong><\/div>\n<div><strong>7. Multiplica n\u00fameros de dos cifras por 9 y por 99.<\/strong><\/div>\n<div><iframe loading=\"lazy\" src=\"https:\/\/drive.google.com\/file\/d\/10setrjjhohdo8MD5X6rqgSZgB1vzWVmo\/preview\" width=\"640\" height=\"480\"><\/iframe>&nbsp;<\/div>\n<div>&nbsp;<\/div>\n<div>\n<div><span style=\"color: #0000ff\"><strong>* ACTIVIDADES COMPLEMENTARIAS (FICHAS):<\/strong><\/span><\/div>\n<ul>\n<li><strong>&nbsp; MISI\u00d3N 10 DE LOS S\u00daPER MATIH\u00c9ROES \u00abVECTOR\u00bb:<\/strong><\/li>\n<\/ul>\n<\/div>\n<p><iframe loading=\"lazy\" src=\"https:\/\/drive.google.com\/file\/d\/1vHcsMWjFZYNj9Gv0uvvaHlQ7lJe8HYTm\/preview\" width=\"640\" height=\"480\"><\/iframe>&nbsp;<\/p>\n<div><span style=\"color: #0000ff\"><strong>* ACTIVIDADES DE REFUERZO Y AMPLIACI\u00d3N (DIGITALES):<\/strong><\/span><\/div>\n<ul>\n<li><strong>REPASO DEL SISTEMA M\u00c9TRICO DECIMAL:<\/strong><\/li>\n<\/ul>\n<p><a href=\"https:\/\/cplosangeles.educarex.es\/web\/quinto_curso\/matematicas_5\/index.htm\"><img loading=\"lazy\" decoding=\"async\" class=\"alignnone wp-image-476\" src=\"https:\/\/blogsaverroes.juntadeandalucia.es\/manuroca03\/files\/2020\/10\/Captura-1-300x91.jpg\" alt=\"\" width=\"610\" height=\"185\" srcset=\"https:\/\/blogsaverroes.juntadeandalucia.es\/manuroca03\/files\/2020\/10\/Captura-1-300x91.jpg 300w, https:\/\/blogsaverroes.juntadeandalucia.es\/manuroca03\/files\/2020\/10\/Captura-1-1024x312.jpg 1024w, https:\/\/blogsaverroes.juntadeandalucia.es\/manuroca03\/files\/2020\/10\/Captura-1-768x234.jpg 768w, https:\/\/blogsaverroes.juntadeandalucia.es\/manuroca03\/files\/2020\/10\/Captura-1-24x7.jpg 24w, https:\/\/blogsaverroes.juntadeandalucia.es\/manuroca03\/files\/2020\/10\/Captura-1-36x11.jpg 36w, https:\/\/blogsaverroes.juntadeandalucia.es\/manuroca03\/files\/2020\/10\/Captura-1-48x15.jpg 48w, https:\/\/blogsaverroes.juntadeandalucia.es\/manuroca03\/files\/2020\/10\/Captura-1.jpg 1285w\" sizes=\"(max-width: 610px) 100vw, 610px\" \/><\/a><\/p>\n<ul>\n<li><strong>GENIALLY \u00abUNIDADES DE MEDIDA\u00bb:<\/strong><\/li>\n<\/ul>\n<div style=\"width: 100%\">\n<div style=\"padding-bottom: 56.25%;padding-top: 0;height: 0\"><iframe loading=\"lazy\" src=\"https:\/\/view.genial.ly\/5e8dd13c124be30da5037de1\" width=\"600px\" height=\"375px\" frameborder=\"0\" scrolling=\"yes\"><span data-mce-type=\"bookmark\" style=\"width: 0px;overflow: hidden;line-height: 0\" class=\"mce_SELRES_start\">\ufeff<\/span><\/iframe><\/div>\n<\/div>\n<div style=\"padding-bottom: 56.25%;padding-top: 0;height: 0\">\n<ul>\n<li><strong>GENIALLY \u00abSISTEMA M\u00c9TRICO DECIMAL\u00bb:<\/strong><\/li>\n<\/ul>\n<div style=\"width: 100%\">\n<div style=\"padding-bottom: 56.25%;padding-top: 0;height: 0\"><iframe loading=\"lazy\" src=\"https:\/\/view.genial.ly\/5e93505cf4ee500d9fe411aa\" width=\"600px\" height=\"375px\" frameborder=\"0\" scrolling=\"yes\"><\/iframe><\/div>\n<\/div>\n<p>&nbsp;<\/p>\n<ul>\n<li><strong>WORDWALL \u00abEXPRESIONES COMPLEJAS E INCOMPLEJAS\u00bb:<\/strong><\/li>\n<\/ul>\n<p><a href=\"https:\/\/wordwall.net\/play\/1598\/374\/638\"><img loading=\"lazy\" decoding=\"async\" class=\"alignnone wp-image-1141\" src=\"https:\/\/blogsaverroes.juntadeandalucia.es\/manuroca03\/files\/2021\/05\/1-300x128.png\" alt=\"\" width=\"663\" height=\"283\" srcset=\"https:\/\/blogsaverroes.juntadeandalucia.es\/manuroca03\/files\/2021\/05\/1-300x128.png 300w, https:\/\/blogsaverroes.juntadeandalucia.es\/manuroca03\/files\/2021\/05\/1-1024x436.png 1024w, https:\/\/blogsaverroes.juntadeandalucia.es\/manuroca03\/files\/2021\/05\/1-768x327.png 768w, https:\/\/blogsaverroes.juntadeandalucia.es\/manuroca03\/files\/2021\/05\/1.png 1286w\" sizes=\"(max-width: 663px) 100vw, 663px\" \/><\/a><\/p>\n<ul>\n<li><strong>WORDWALL \u00abSUMA Y RESTAS DE EXPRESIONES COMPLEJAS\u00bb:<\/strong><\/li>\n<\/ul>\n<p><a href=\"https:\/\/wordwall.net\/play\/1607\/482\/661\"><img loading=\"lazy\" decoding=\"async\" class=\"alignnone wp-image-1140\" src=\"https:\/\/blogsaverroes.juntadeandalucia.es\/manuroca03\/files\/2021\/05\/2-300x137.png\" alt=\"\" width=\"661\" height=\"302\" srcset=\"https:\/\/blogsaverroes.juntadeandalucia.es\/manuroca03\/files\/2021\/05\/2-300x137.png 300w, https:\/\/blogsaverroes.juntadeandalucia.es\/manuroca03\/files\/2021\/05\/2-1024x468.png 1024w, https:\/\/blogsaverroes.juntadeandalucia.es\/manuroca03\/files\/2021\/05\/2-768x351.png 768w, https:\/\/blogsaverroes.juntadeandalucia.es\/manuroca03\/files\/2021\/05\/2.png 1195w\" sizes=\"(max-width: 661px) 100vw, 661px\" \/><\/a><\/p>\n<\/div>\n<div>&nbsp;<\/div>\n<div>&nbsp;<\/div>\n<div>&nbsp;<\/div>\n<div>&nbsp;<\/div>\n<div>&nbsp;<\/div>\n<div>&nbsp;<\/div>\n<div>&nbsp;<\/div>\n<div>&nbsp;<\/div>\n<div>&nbsp;<\/div>\n<div>&nbsp;<\/div>\n<div>&nbsp;<\/div>\n<div>&nbsp;<\/div>\n","protected":false},"excerpt":{"rendered":"<p>* ACTIVIDADES COMUNES (CUADERNO): 1. El sistema m\u00e9trico decimal. 2. Unidades de medida de longitud. 3. Unidades de medida de capacidad. 4. Unidades de medida de masa. 5. Expresiones complejas e incomplejas. 6. Sumas y restas con expresiones complejas e incomplejas.&nbsp; 7. Multiplica n\u00fameros de dos cifras por 9 y por 99. &nbsp; &nbsp; * &hellip; <\/p>\n<p><a class=\"more-link btn\" href=\"https:\/\/blogsaverroes.juntadeandalucia.es\/manuroca03\/actividades-t10\/\">Seguir leyendo<\/a><\/p>\n","protected":false},"author":10452,"featured_media":0,"parent":0,"menu_order":0,"comment_status":"closed","ping_status":"closed","template":"","meta":{"ngg_post_thumbnail":0,"footnotes":""},"aioseo_notices":[],"_links":{"self":[{"href":"https:\/\/blogsaverroes.juntadeandalucia.es\/manuroca03\/wp-json\/wp\/v2\/pages\/970"}],"collection":[{"href":"https:\/\/blogsaverroes.juntadeandalucia.es\/manuroca03\/wp-json\/wp\/v2\/pages"}],"about":[{"href":"https:\/\/blogsaverroes.juntadeandalucia.es\/manuroca03\/wp-json\/wp\/v2\/types\/page"}],"author":[{"embeddable":true,"href":"https:\/\/blogsaverroes.juntadeandalucia.es\/manuroca03\/wp-json\/wp\/v2\/users\/10452"}],"replies":[{"embeddable":true,"href":"https:\/\/blogsaverroes.juntadeandalucia.es\/manuroca03\/wp-json\/wp\/v2\/comments?post=970"}],"version-history":[{"count":14,"href":"https:\/\/blogsaverroes.juntadeandalucia.es\/manuroca03\/wp-json\/wp\/v2\/pages\/970\/revisions"}],"predecessor-version":[{"id":1754,"href":"https:\/\/blogsaverroes.juntadeandalucia.es\/manuroca03\/wp-json\/wp\/v2\/pages\/970\/revisions\/1754"}],"wp:attachment":[{"href":"https:\/\/blogsaverroes.juntadeandalucia.es\/manuroca03\/wp-json\/wp\/v2\/media?parent=970"}],"curies":[{"name":"wp","href":"https:\/\/api.w.org\/{rel}","templated":true}]}}