{"id":971,"date":"2021-04-04T22:12:13","date_gmt":"2021-04-04T22:12:13","guid":{"rendered":"https:\/\/blogsaverroes.juntadeandalucia.es\/manuroca03\/?page_id=971"},"modified":"2024-02-04T16:06:09","modified_gmt":"2024-02-04T16:06:09","slug":"tarea-final-smth-t10","status":"publish","type":"page","link":"https:\/\/blogsaverroes.juntadeandalucia.es\/manuroca03\/tarea-final-smth-t10\/","title":{"rendered":"Tarea final SMTH T7"},"content":{"rendered":"<p style=\"text-align: center\"><span style=\"font-size: 14pt\"><strong>TAREA FINAL DEL TEMA 7: <\/strong><strong>PROYECTO S\u00daPER MATIH\u00c9ROES<\/strong><\/span><\/p>\n<p style=\"text-align: center\"><span style=\"font-size: 14pt\"><strong>\u00abCREAMATES: SMD Y CREATIVIDAD\u00bb<\/strong><\/span><\/p>\n<p>En este tema vamos a realizar un \u00ab<strong>Tutorial creativo<\/strong>\u00ab. Fijaos en el siguiente v\u00eddeo de ejemplo de mi antigua \u00ab<strong>Clase Molona<\/strong>\u00ab. Vamos a hacer nosotros nuestro propio tutorial intentando mejorar el del v\u00eddeo.<\/p>\n<p><iframe loading=\"lazy\" src=\"https:\/\/www.youtube.com\/embed\/2vHhDNvQYA8\" width=\"560\" height=\"315\" frameborder=\"0\"><\/iframe><\/p>\n<p>Una vez visto el v\u00eddeo, formamos cinco equipos en clase. Cada equipo se encargar\u00e1 de elaborar el guion y el material de un apartado del tema y luego explicarlo. Se trata de ir elaborando tarjetas ilustrativas que acompa\u00f1en las explicaciones en el v\u00eddeo, y que se ir\u00e1n introduciendo progresivamente.&nbsp;<\/p>\n<p>En esta ocasi\u00f3n, el v\u00eddeo lo grabaremos en el colegio con la ayuda del maestro y luego se subir\u00e1 al canal de Youtube. Cada grupo dispone aproximadamente de 1 minuto para exponer su parte del tema.<\/p>\n<p>&nbsp;<strong>*R\u00daBRICA PARA EVALUAR EL V\u00cdDEO EDUCATIVO:<\/strong><\/p>\n<table style=\"width: 100%;height: 384px\">\n<tbody>\n<tr style=\"height: 96px\">\n<td style=\"height: 96px\"><strong>CONTENIDO<\/strong><\/td>\n<td style=\"height: 96px\">Hace una buena explicaci\u00f3n. (7 puntos)<\/td>\n<td style=\"height: 96px\">Hace una explicaci\u00f3n aceptable. (4 puntos)<\/td>\n<td style=\"height: 96px\">Hace una explicaci\u00f3n mejorable. (1 punto)<\/td>\n<\/tr>\n<tr style=\"height: 96px\">\n<td style=\"height: 96px\"><strong>DURACI\u00d3N<\/strong><\/td>\n<td style=\"height: 96px\">Se ajusta al tiempo establecido. (1 punto)<\/td>\n<td style=\"height: 96px\">Hay poca diferencia con el tiempo establecido. (0\u20195 puntos)<\/td>\n<td style=\"height: 96px\">Hay mucha diferencia con el tiempo establecido. (0\u201925 puntos)<\/td>\n<\/tr>\n<tr style=\"height: 96px\">\n<td style=\"height: 96px\"><strong>CALIDAD AUDIO<\/strong><\/td>\n<td style=\"height: 96px\">Volumen y vocabulario excelente. (1 punto)<\/td>\n<td style=\"height: 96px\">Volumen y\/o vocabulario mejorable. (0\u20195 puntos)<\/td>\n<td style=\"height: 96px\">Volumen y\/o vocabulario muy mejorable. (0\u201925 puntos)<\/td>\n<\/tr>\n<tr style=\"height: 96px\">\n<td style=\"height: 96px\"><strong>CALIDAD V\u00cdDEO<\/strong><\/td>\n<td style=\"height: 96px\">Iluminaci\u00f3n y presentaci\u00f3n excelente. (1 punto)<\/td>\n<td style=\"height: 96px\">Iluminaci\u00f3n y\/o presentaci\u00f3n mejorable. (0\u20195 puntos)<\/td>\n<td style=\"height: 96px\">Iluminaci\u00f3n y presentaci\u00f3n muy mejorable. (0\u201925 puntos)<\/td>\n<\/tr>\n<\/tbody>\n<\/table>\n<p>&nbsp;<\/p>\n","protected":false},"excerpt":{"rendered":"<p>TAREA FINAL DEL TEMA 7: PROYECTO S\u00daPER MATIH\u00c9ROES \u00abCREAMATES: SMD Y CREATIVIDAD\u00bb En este tema vamos a realizar un \u00abTutorial creativo\u00ab. Fijaos en el siguiente v\u00eddeo de ejemplo de mi antigua \u00abClase Molona\u00ab. Vamos a hacer nosotros nuestro propio tutorial intentando mejorar el del v\u00eddeo. Una vez visto el v\u00eddeo, formamos cinco equipos en clase. &hellip; <\/p>\n<p><a class=\"more-link btn\" href=\"https:\/\/blogsaverroes.juntadeandalucia.es\/manuroca03\/tarea-final-smth-t10\/\">Seguir leyendo<\/a><\/p>\n","protected":false},"author":10452,"featured_media":0,"parent":0,"menu_order":0,"comment_status":"closed","ping_status":"closed","template":"","meta":{"ngg_post_thumbnail":0,"footnotes":""},"aioseo_notices":[],"_links":{"self":[{"href":"https:\/\/blogsaverroes.juntadeandalucia.es\/manuroca03\/wp-json\/wp\/v2\/pages\/971"}],"collection":[{"href":"https:\/\/blogsaverroes.juntadeandalucia.es\/manuroca03\/wp-json\/wp\/v2\/pages"}],"about":[{"href":"https:\/\/blogsaverroes.juntadeandalucia.es\/manuroca03\/wp-json\/wp\/v2\/types\/page"}],"author":[{"embeddable":true,"href":"https:\/\/blogsaverroes.juntadeandalucia.es\/manuroca03\/wp-json\/wp\/v2\/users\/10452"}],"replies":[{"embeddable":true,"href":"https:\/\/blogsaverroes.juntadeandalucia.es\/manuroca03\/wp-json\/wp\/v2\/comments?post=971"}],"version-history":[{"count":8,"href":"https:\/\/blogsaverroes.juntadeandalucia.es\/manuroca03\/wp-json\/wp\/v2\/pages\/971\/revisions"}],"predecessor-version":[{"id":1756,"href":"https:\/\/blogsaverroes.juntadeandalucia.es\/manuroca03\/wp-json\/wp\/v2\/pages\/971\/revisions\/1756"}],"wp:attachment":[{"href":"https:\/\/blogsaverroes.juntadeandalucia.es\/manuroca03\/wp-json\/wp\/v2\/media?parent=971"}],"curies":[{"name":"wp","href":"https:\/\/api.w.org\/{rel}","templated":true}]}}