{"id":141,"date":"2026-02-19T10:00:24","date_gmt":"2026-02-19T10:00:24","guid":{"rendered":"http:\/\/blogsaverroes.juntadeandalucia.es\/pre\/ceip\/?page_id=141"},"modified":"2026-03-01T21:07:53","modified_gmt":"2026-03-01T21:07:53","slug":"documentacion","status":"publish","type":"page","link":"https:\/\/blogsaverroes.juntadeandalucia.es\/marargentea\/documentacion\/","title":{"rendered":"Documentaci\u00f3n"},"content":{"rendered":"<h2><strong><span style=\"color: #3366ff\">DOCUMENTACI\u00d3N: ADMISI\u00d3N CURSO 2026-27<\/span><\/strong><\/h2>\n<p>&nbsp;<\/p>\n<p style=\"text-align: center\">PRESENTACI\u00d3N DE SOLICITUDES DE ADMISI\u00d3N: <span style=\"color: #ff6600\"><strong>DEL 1 AL 31 DE MARZO <\/strong><\/span>(ambos incluidos)<\/p>\n<table style=\"border-collapse: collapse;width: 100.088%;height: 181px\">\n<tbody>\n<tr style=\"height: 164px\">\n<td style=\"width: 33.3907%;text-align: center;height: 164px\"><a title=\"Plazas Vacantes\" href=\"https:\/\/drive.google.com\/file\/d\/1UpkIb5neSoW9_svrmHQCQg6haiewaPv5\/view?usp=sharing\" target=\"_blank\" rel=\"noopener\"><img loading=\"lazy\" decoding=\"async\" class=\"aligncenter wp-image-3545\" title=\"Oferta Educativa\" src=\"https:\/\/blogsaverroes.juntadeandalucia.es\/marargentea\/files\/2021\/02\/3.jpg\" alt=\"\" width=\"144\" height=\"93\" srcset=\"https:\/\/blogsaverroes.juntadeandalucia.es\/marargentea\/files\/2021\/02\/3.jpg 1600w, https:\/\/blogsaverroes.juntadeandalucia.es\/marargentea\/files\/2021\/02\/3-300x193.jpg 300w, https:\/\/blogsaverroes.juntadeandalucia.es\/marargentea\/files\/2021\/02\/3-1024x658.jpg 1024w, https:\/\/blogsaverroes.juntadeandalucia.es\/marargentea\/files\/2021\/02\/3-768x493.jpg 768w, https:\/\/blogsaverroes.juntadeandalucia.es\/marargentea\/files\/2021\/02\/3-1536x987.jpg 1536w, https:\/\/blogsaverroes.juntadeandalucia.es\/marargentea\/files\/2021\/02\/3-2048x1316.jpg 2048w\" sizes=\"(max-width: 144px) 100vw, 144px\" \/><\/a><\/td>\n<td style=\"width: 33.2337%;text-align: center;height: 164px\"><a title=\"Calendario\" href=\"https:\/\/drive.google.com\/file\/d\/1h26-CH6Buddsp-QAKieS587InB5B6oCq\/view?usp=sharing\" target=\"_blank\" rel=\"noopener\"><img loading=\"lazy\" decoding=\"async\" class=\"aligncenter wp-image-3547\" title=\"CALENDARIO DE ACTUACI\u00d3N\" src=\"https:\/\/blogsaverroes.juntadeandalucia.es\/marargentea\/files\/2021\/02\/5.jpg\" alt=\"\" width=\"144\" height=\"93\" srcset=\"https:\/\/blogsaverroes.juntadeandalucia.es\/marargentea\/files\/2021\/02\/5.jpg 1600w, https:\/\/blogsaverroes.juntadeandalucia.es\/marargentea\/files\/2021\/02\/5-300x193.jpg 300w, https:\/\/blogsaverroes.juntadeandalucia.es\/marargentea\/files\/2021\/02\/5-1024x658.jpg 1024w, https:\/\/blogsaverroes.juntadeandalucia.es\/marargentea\/files\/2021\/02\/5-768x493.jpg 768w, https:\/\/blogsaverroes.juntadeandalucia.es\/marargentea\/files\/2021\/02\/5-1536x987.jpg 1536w, https:\/\/blogsaverroes.juntadeandalucia.es\/marargentea\/files\/2021\/02\/5-2048x1315.jpg 2048w\" sizes=\"(max-width: 144px) 100vw, 144px\" \/><\/a><\/td>\n<td style=\"width: 34.0377%;text-align: center;height: 164px\"><a title=\"Baremo\" href=\"https:\/\/drive.google.com\/file\/d\/1_ERjbSTr40XddvE2Ulx6AA3_0yP3YWCq\/view?usp=sharing\" target=\"_blank\" rel=\"noopener\"><img loading=\"lazy\" decoding=\"async\" class=\"aligncenter wp-image-3546\" title=\"BAREMACI\u00d3N\" src=\"https:\/\/blogsaverroes.juntadeandalucia.es\/marargentea\/files\/2021\/02\/4.jpg\" alt=\"\" width=\"144\" height=\"93\" srcset=\"https:\/\/blogsaverroes.juntadeandalucia.es\/marargentea\/files\/2021\/02\/4.jpg 1600w, https:\/\/blogsaverroes.juntadeandalucia.es\/marargentea\/files\/2021\/02\/4-300x193.jpg 300w, https:\/\/blogsaverroes.juntadeandalucia.es\/marargentea\/files\/2021\/02\/4-1024x658.jpg 1024w, https:\/\/blogsaverroes.juntadeandalucia.es\/marargentea\/files\/2021\/02\/4-768x493.jpg 768w, https:\/\/blogsaverroes.juntadeandalucia.es\/marargentea\/files\/2021\/02\/4-1536x987.jpg 1536w, https:\/\/blogsaverroes.juntadeandalucia.es\/marargentea\/files\/2021\/02\/4-2048x1316.jpg 2048w\" sizes=\"(max-width: 144px) 100vw, 144px\" \/><\/a><\/td>\n<\/tr>\n<\/tbody>\n<\/table>\n<table style=\"border-collapse: collapse;width: 100%\">\n<tbody>\n<tr>\n<td style=\"width: 50%\"><a title=\"Viales\" href=\"https:\/\/drive.google.com\/file\/d\/1b90padpn1aMwhexQ2iphefj0ftPAGpaA\/view?usp=sharing\" target=\"_blank\" rel=\"noopener\"><img loading=\"lazy\" decoding=\"async\" class=\"aligncenter wp-image-3549\" title=\"CALLEJERO: Informe de Viales\" src=\"https:\/\/blogsaverroes.juntadeandalucia.es\/marargentea\/files\/2021\/02\/7.jpg\" alt=\"\" width=\"145\" height=\"93\" srcset=\"https:\/\/blogsaverroes.juntadeandalucia.es\/marargentea\/files\/2021\/02\/7.jpg 1600w, https:\/\/blogsaverroes.juntadeandalucia.es\/marargentea\/files\/2021\/02\/7-300x193.jpg 300w, https:\/\/blogsaverroes.juntadeandalucia.es\/marargentea\/files\/2021\/02\/7-1024x658.jpg 1024w, https:\/\/blogsaverroes.juntadeandalucia.es\/marargentea\/files\/2021\/02\/7-768x493.jpg 768w, https:\/\/blogsaverroes.juntadeandalucia.es\/marargentea\/files\/2021\/02\/7-1536x987.jpg 1536w, https:\/\/blogsaverroes.juntadeandalucia.es\/marargentea\/files\/2021\/02\/7-2048x1316.jpg 2048w\" sizes=\"(max-width: 145px) 100vw, 145px\" \/><\/a><\/td>\n<td style=\"width: 50%\"><a title=\"Mapa: Zona Influencia\" href=\"https:\/\/drive.google.com\/file\/d\/1s0gHIublRdqmMrEttkBxQACWVFLYWJgG\/view?usp=sharing\" target=\"_blank\" rel=\"noopener\"><img loading=\"lazy\" decoding=\"async\" class=\"aligncenter wp-image-3548\" title=\"MAPA: Zona de influencia\" src=\"https:\/\/blogsaverroes.juntadeandalucia.es\/marargentea\/files\/2021\/02\/6.jpg\" alt=\"\" width=\"144\" height=\"93\" srcset=\"https:\/\/blogsaverroes.juntadeandalucia.es\/marargentea\/files\/2021\/02\/6.jpg 1600w, https:\/\/blogsaverroes.juntadeandalucia.es\/marargentea\/files\/2021\/02\/6-300x193.jpg 300w, https:\/\/blogsaverroes.juntadeandalucia.es\/marargentea\/files\/2021\/02\/6-1024x658.jpg 1024w, https:\/\/blogsaverroes.juntadeandalucia.es\/marargentea\/files\/2021\/02\/6-768x493.jpg 768w, https:\/\/blogsaverroes.juntadeandalucia.es\/marargentea\/files\/2021\/02\/6-1536x987.jpg 1536w, https:\/\/blogsaverroes.juntadeandalucia.es\/marargentea\/files\/2021\/02\/6-2048x1315.jpg 2048w\" sizes=\"(max-width: 144px) 100vw, 144px\" \/><\/a><\/td>\n<\/tr>\n<\/tbody>\n<\/table>\n<p>&nbsp;<\/p>\n<p style=\"text-align: center\">Puede acceder al Portal de la Junta de Andaluc\u00eda haciendo clic en la imagen:&nbsp;<\/p>\n<p style=\"text-align: justify\"><a href=\"https:\/\/www.juntadeandalucia.es\/educacion\/portales\/web\/escolarizacion\" target=\"_blank\" rel=\"noopener noreferrer\"><img loading=\"lazy\" decoding=\"async\" class=\"aligncenter wp-image-3543\" title=\"PORTAL Junta de Andaluc\u00eda\" src=\"https:\/\/blogsaverroes.juntadeandalucia.es\/marargentea\/files\/2021\/02\/1-231x300.jpg\" alt=\"\" width=\"106\" height=\"138\" srcset=\"https:\/\/blogsaverroes.juntadeandalucia.es\/marargentea\/files\/2021\/02\/1-231x300.jpg 231w, https:\/\/blogsaverroes.juntadeandalucia.es\/marargentea\/files\/2021\/02\/1-789x1024.jpg 789w, https:\/\/blogsaverroes.juntadeandalucia.es\/marargentea\/files\/2021\/02\/1-768x996.jpg 768w, https:\/\/blogsaverroes.juntadeandalucia.es\/marargentea\/files\/2021\/02\/1-1184x1536.jpg 1184w, https:\/\/blogsaverroes.juntadeandalucia.es\/marargentea\/files\/2021\/02\/1-1579x2048.jpg 1579w, https:\/\/blogsaverroes.juntadeandalucia.es\/marargentea\/files\/2021\/02\/1.jpg 1233w\" sizes=\"(max-width: 106px) 100vw, 106px\" \/><\/a><\/p>\n<p>&nbsp;<\/p>\n","protected":false},"excerpt":{"rendered":"<p>DOCUMENTACI\u00d3N: ADMISI\u00d3N CURSO 2026-27 &nbsp; PRESENTACI\u00d3N DE SOLICITUDES DE ADMISI\u00d3N: DEL 1 AL 31 DE MARZO (ambos incluidos) &nbsp; Puede acceder al Portal de la Junta de Andaluc\u00eda haciendo clic en la imagen:&nbsp; &nbsp;<\/p>\n","protected":false},"author":1,"featured_media":0,"parent":0,"menu_order":0,"comment_status":"closed","ping_status":"open","template":"","meta":{"ngg_post_thumbnail":0,"footnotes":"","_mc_calendar":[]},"aioseo_notices":[],"_links":{"self":[{"href":"https:\/\/blogsaverroes.juntadeandalucia.es\/marargentea\/wp-json\/wp\/v2\/pages\/141"}],"collection":[{"href":"https:\/\/blogsaverroes.juntadeandalucia.es\/marargentea\/wp-json\/wp\/v2\/pages"}],"about":[{"href":"https:\/\/blogsaverroes.juntadeandalucia.es\/marargentea\/wp-json\/wp\/v2\/types\/page"}],"author":[{"embeddable":true,"href":"https:\/\/blogsaverroes.juntadeandalucia.es\/marargentea\/wp-json\/wp\/v2\/users\/1"}],"replies":[{"embeddable":true,"href":"https:\/\/blogsaverroes.juntadeandalucia.es\/marargentea\/wp-json\/wp\/v2\/comments?post=141"}],"version-history":[{"count":108,"href":"https:\/\/blogsaverroes.juntadeandalucia.es\/marargentea\/wp-json\/wp\/v2\/pages\/141\/revisions"}],"predecessor-version":[{"id":5934,"href":"https:\/\/blogsaverroes.juntadeandalucia.es\/marargentea\/wp-json\/wp\/v2\/pages\/141\/revisions\/5934"}],"wp:attachment":[{"href":"https:\/\/blogsaverroes.juntadeandalucia.es\/marargentea\/wp-json\/wp\/v2\/media?parent=141"}],"curies":[{"name":"wp","href":"https:\/\/api.w.org\/{rel}","templated":true}]}}