{"id":198,"date":"2015-03-17T09:55:36","date_gmt":"2015-03-17T09:55:36","guid":{"rendered":"http:\/\/blogsaverroes.juntadeandalucia.es\/pre\/ceip\/?page_id=198"},"modified":"2022-09-09T14:28:49","modified_gmt":"2022-09-09T14:28:49","slug":"ampa","status":"publish","type":"page","link":"https:\/\/blogsaverroes.juntadeandalucia.es\/marargentea\/ampa\/","title":{"rendered":"AMPA"},"content":{"rendered":"<p><img loading=\"lazy\" decoding=\"async\" class=\"aligncenter wp-image-2783\" src=\"https:\/\/blogsaverroes.juntadeandalucia.es\/marargentea\/files\/2020\/12\/Ampa-EL-OLIVAR-1024x1024.png\" alt=\"\" width=\"294\" height=\"294\" srcset=\"https:\/\/blogsaverroes.juntadeandalucia.es\/marargentea\/files\/2020\/12\/Ampa-EL-OLIVAR-1024x1024.png 1024w, https:\/\/blogsaverroes.juntadeandalucia.es\/marargentea\/files\/2020\/12\/Ampa-EL-OLIVAR-300x300.png 300w, https:\/\/blogsaverroes.juntadeandalucia.es\/marargentea\/files\/2020\/12\/Ampa-EL-OLIVAR-150x150.png 150w, https:\/\/blogsaverroes.juntadeandalucia.es\/marargentea\/files\/2020\/12\/Ampa-EL-OLIVAR-768x768.png 768w, https:\/\/blogsaverroes.juntadeandalucia.es\/marargentea\/files\/2020\/12\/Ampa-EL-OLIVAR-100x100.png 100w, https:\/\/blogsaverroes.juntadeandalucia.es\/marargentea\/files\/2020\/12\/Ampa-EL-OLIVAR-1536x1536.png 1536w, https:\/\/blogsaverroes.juntadeandalucia.es\/marargentea\/files\/2020\/12\/Ampa-EL-OLIVAR-24x24.png 24w, https:\/\/blogsaverroes.juntadeandalucia.es\/marargentea\/files\/2020\/12\/Ampa-EL-OLIVAR-36x36.png 36w, https:\/\/blogsaverroes.juntadeandalucia.es\/marargentea\/files\/2020\/12\/Ampa-EL-OLIVAR-48x48.png 48w, https:\/\/blogsaverroes.juntadeandalucia.es\/marargentea\/files\/2020\/12\/Ampa-EL-OLIVAR-1024x1024-978x978.png 978w, https:\/\/blogsaverroes.juntadeandalucia.es\/marargentea\/files\/2020\/12\/Ampa-EL-OLIVAR.png 1600w\" sizes=\"(max-width: 294px) 100vw, 294px\" \/><\/p>\n<p><a href=\"https:\/\/blogsaverroes.juntadeandalucia.es\/marargentea\/files\/2022\/09\/AMPA.jpeg\"><img loading=\"lazy\" decoding=\"async\" class=\"wp-image-4201 aligncenter\" src=\"https:\/\/blogsaverroes.juntadeandalucia.es\/marargentea\/files\/2022\/09\/AMPA-190x300.jpeg\" alt=\"\" width=\"439\" height=\"693\" srcset=\"https:\/\/blogsaverroes.juntadeandalucia.es\/marargentea\/files\/2022\/09\/AMPA-190x300.jpeg 190w, https:\/\/blogsaverroes.juntadeandalucia.es\/marargentea\/files\/2022\/09\/AMPA.jpeg 649w\" sizes=\"(max-width: 439px) 100vw, 439px\" \/><\/a><\/p>\n<p>&nbsp;<\/p>\n<p>El <strong>AMPA<\/strong> es una asociaci\u00f3n sin \u00e1nimo de lucro que formada por los padres y madres de todo el alumnado del Colegio.<\/p>\n<p>Es un punto de encuentro y de trabajo independiente, abierto y plural.<\/p>\n<p>Desde el AMPA podemos contribuir a la mejora de la calidad de la educaci\u00f3n, la convivencia del centro y de las instalaciones.<\/p>\n<h3>\u00bfPor qu\u00e9 es importante vuestra participaci\u00f3n?<\/h3>\n<p>En el colegio existen espacios de participaci\u00f3n, siendo el AMPA &nbsp;el \u00fanico espacio de participaci\u00f3n aut\u00f3nomo de padres y madres. El AMPA es importante porque:<\/p>\n<ul>\n<li>Somos corresponsables de la educaci\u00f3n que nuestros hijos\/as reciben en el colegio.<\/li>\n<li>Es un espacio para aportar iniciativas y trabajar con la direcci\u00f3n del Centro, sin depender de esta.<\/li>\n<\/ul>\n<h3>\u00bfC\u00f3mo puedes participar?<\/h3>\n<p>Participar en el AMPA es muy f\u00e1cil y cada uno decide el nivel de implicaci\u00f3n.<\/p>\n<ul>\n<li>Podemos asociarnos en cualquier momento, aunque se entrega a las familias una ficha de inscripci\u00f3n con la matr\u00edcula en la que se indica la cuota anual por cada familia (la cuota es por familia no por ni\u00f1o\/a)<\/li>\n<li>Podemos tambi\u00e9n participar a trav\u00e9s de las asambleas, incorpor\u00e1ndote a las reuniones&nbsp;abiertas que se convoquen.<\/li>\n<li>Podemos colaborar en los diferentes grupos de trabajo o&nbsp;en actividades puntuales que se organizan desde el AMPA a lo largo del curso.<\/li>\n<li>Podemos proponer iniciativas, plantear temas de debate, organizar actividades, etc., &nbsp;dirigi\u00e9ndote a cualquier miembro de la junta directiva o a trav\u00e9s del blog.<\/li>\n<\/ul>\n<p>Como ves, hay muchas formas de participar y es muy importante que m\u00e1s padres y madres pasemos a la participa-ACCI\u00d3N,&nbsp;&nbsp;de forma activa y colectiva.<\/p>\n<h3>\u00bfPara qu\u00e9 sirve?<\/h3>\n<ul>\n<li>Para defender y velar por el derecho a una educaci\u00f3n de calidad, democr\u00e1tica, atendiendo a las necesidades de todos los ni\u00f1os\/as &nbsp;y cr\u00edtica.<\/li>\n<li>Para promover la participaci\u00f3n de padres y madres en la vida del centro, defendiendo los intereses del alumnado y de toda la comunidad educativa.<\/li>\n<li>Para buscar soluciones de forma colectiva a temas relacionados con la ense\u00f1anza y educaci\u00f3n de nuestros hijos\/as.<\/li>\n<li>Para crear espacios de encuentro y trabajo en el resto de la comunidad educativa y con el entorno.<\/li>\n<li>Para crear espacios de reflexi\u00f3n y participaci\u00f3n compartida sobre la educaci\u00f3n de nuestros hijos\/as<br \/>\nPara participar en la gesti\u00f3n del colegio.<\/li>\n<\/ul>\n<h3>\u00bfC\u00f3mo se financia?<\/h3>\n<p>El AMPA &nbsp;se financia a trav\u00e9s de las cuotas de socios\/as.<br \/>\nLa cuota de socios\/as es el \u00fanico pago que realizan las familias y que gestiona el AMPA para el beneficio exclusivo de la comunidad educativa y en definitiva de la educaci\u00f3n que reciben&nbsp; nuestros hijos\/as en el centro.<\/p>\n<!--themify_builder_content-->\n<div id=\"themify_builder_content-198\" data-postid=\"198\" class=\"themify_builder_content themify_builder_content-198 themify_builder tf_clear\">\n    <\/div>\n<!--\/themify_builder_content-->\n","protected":false},"excerpt":{"rendered":"<p>&nbsp; El AMPA es una asociaci\u00f3n sin \u00e1nimo de lucro que formada por los padres y madres de todo el alumnado del Colegio. Es un punto de encuentro y de trabajo independiente, abierto y plural. Desde el AMPA podemos contribuir a la mejora de la calidad de la educaci\u00f3n, la convivencia del centro y de [&hellip;]<\/p>\n","protected":false},"author":1,"featured_media":0,"parent":0,"menu_order":0,"comment_status":"closed","ping_status":"open","template":"","meta":{"ngg_post_thumbnail":0,"footnotes":"","_mc_calendar":[]},"aioseo_notices":[],"_links":{"self":[{"href":"https:\/\/blogsaverroes.juntadeandalucia.es\/marargentea\/wp-json\/wp\/v2\/pages\/198"}],"collection":[{"href":"https:\/\/blogsaverroes.juntadeandalucia.es\/marargentea\/wp-json\/wp\/v2\/pages"}],"about":[{"href":"https:\/\/blogsaverroes.juntadeandalucia.es\/marargentea\/wp-json\/wp\/v2\/types\/page"}],"author":[{"embeddable":true,"href":"https:\/\/blogsaverroes.juntadeandalucia.es\/marargentea\/wp-json\/wp\/v2\/users\/1"}],"replies":[{"embeddable":true,"href":"https:\/\/blogsaverroes.juntadeandalucia.es\/marargentea\/wp-json\/wp\/v2\/comments?post=198"}],"version-history":[{"count":21,"href":"https:\/\/blogsaverroes.juntadeandalucia.es\/marargentea\/wp-json\/wp\/v2\/pages\/198\/revisions"}],"predecessor-version":[{"id":4205,"href":"https:\/\/blogsaverroes.juntadeandalucia.es\/marargentea\/wp-json\/wp\/v2\/pages\/198\/revisions\/4205"}],"wp:attachment":[{"href":"https:\/\/blogsaverroes.juntadeandalucia.es\/marargentea\/wp-json\/wp\/v2\/media?parent=198"}],"curies":[{"name":"wp","href":"https:\/\/api.w.org\/{rel}","templated":true}]}}