{"id":2470,"date":"2020-11-13T21:49:48","date_gmt":"2020-11-13T21:49:48","guid":{"rendered":"http:\/\/blogsaverroes.juntadeandalucia.es\/marargentea\/?page_id=2470"},"modified":"2025-07-05T13:31:24","modified_gmt":"2025-07-05T13:31:24","slug":"proyecto-aldea-2","status":"publish","type":"page","link":"https:\/\/blogsaverroes.juntadeandalucia.es\/marargentea\/proyecto-aldea-2\/","title":{"rendered":"Proyecto ALDEA"},"content":{"rendered":"<p><img loading=\"lazy\" decoding=\"async\" class=\"size-full wp-image-2510 alignleft\" src=\"https:\/\/blogsaverroes.juntadeandalucia.es\/marargentea\/files\/2020\/12\/layout_set_logo.png\" alt=\"\" width=\"237\" height=\"122\" srcset=\"https:\/\/blogsaverroes.juntadeandalucia.es\/marargentea\/files\/2020\/12\/layout_set_logo.png 237w, https:\/\/blogsaverroes.juntadeandalucia.es\/marargentea\/files\/2020\/12\/layout_set_logo-24x12.png 24w, https:\/\/blogsaverroes.juntadeandalucia.es\/marargentea\/files\/2020\/12\/layout_set_logo-36x19.png 36w, https:\/\/blogsaverroes.juntadeandalucia.es\/marargentea\/files\/2020\/12\/layout_set_logo-48x25.png 48w\" sizes=\"(max-width: 237px) 100vw, 237px\" \/><\/p>\n<div>\n<div class=\"texto_parrafo_texto_educacion\">\n<div>\n<p>En nuestro centro, dentro de los Planes y Programas que se desarrollan, se encontraba el Programa Aldea con el objetivo de promover el desarrollo integrado de iniciativas de educaci\u00f3n para la conservaci\u00f3n de los recursos naturales y el fomento del desarrollo sostenible en el \u00e1mbito de la comunidad educativa andaluza, al objeto de contribuir a una sociedad m\u00e1s proambiental, justa y solidaria, permitiendo el logro de una educaci\u00f3n integral, que comparte y se asienta en los cuatro pilares educativos que propone la UNESCO: Aprender a ser \/ Aprender a convivir \/ Aprender a conocer \/ Aprender a hacer.<\/p>\n<div>&nbsp;<\/div>\n<div style=\"text-align: justify\">Aldea, Educaci\u00f3n Ambiental para la Comunidad Educativa se configura como una herramienta para favorecer el desarrollo de las competencias clave del alumnado, el intercambio de experiencias educativas, el trabajo en equipo, la creaci\u00f3n de redes profesionales, el trabajo por proyectos u otras metodolog\u00edas activas e innovadoras que propicien, en definitiva, un cambio en conductas ambientales con nuestro entorno y que incida en la pr\u00e1ctica educativa diaria.<\/div>\n<div>&nbsp;<\/div>\n<\/div>\n<\/div>\n<\/div>\n<div>Desde el curso 2023\/24 ya no se est\u00e1 llevando acabo en nuestro centro dicho programa. A\u00fan as\u00ed queremos seguir compartiendo con ustedes algunas de las actividades que se realizaron con el alumnado:&nbsp;<\/div>\n<div>\n<div class=\"texto_parrafo_texto_educacion\">\n<div>&nbsp;<\/div>\n<h4 style=\"text-align: center\"><span style=\"color: #339966\"><a style=\"color: #339966\" title=\"Presentaci\u00f3n Proyecto Aldea 2019-20\" href=\"https:\/\/view.genial.ly\/5e492d13286e0e46371369e2\/presentation-genially-sin-titulo\" target=\"_blank\" rel=\"noopener noreferrer\">Curso Escolar 2019-20<\/a><\/span><\/h4>\n<h4 style=\"text-align: center\"><a title=\"Actividades 22\/23\" href=\"https:\/\/blogsaverroes.juntadeandalucia.es\/marargentea\/category\/actividades-aldea-2022-23\/\" target=\"_blank\" rel=\"noopener noreferrer\"><span style=\"color: #339966\">Curso Escolar 2022-23<\/span><\/a><\/h4>\n<div>&nbsp;<\/div>\n<\/div>\n<div><img loading=\"lazy\" decoding=\"async\" class=\"aligncenter wp-image-3076 size-full\" title=\" Enlace Junta de Andaluc\u00eda: Innovaci\u00f3n Educativa, Aldea \" src=\"https:\/\/blogsaverroes.juntadeandalucia.es\/marargentea\/files\/2020\/12\/Proyecto-Aldea.jpeg\" alt=\"\" width=\"389\" height=\"129\" srcset=\"https:\/\/blogsaverroes.juntadeandalucia.es\/marargentea\/files\/2020\/12\/Proyecto-Aldea.jpeg 389w, https:\/\/blogsaverroes.juntadeandalucia.es\/marargentea\/files\/2020\/12\/Proyecto-Aldea-300x99.jpeg 300w, https:\/\/blogsaverroes.juntadeandalucia.es\/marargentea\/files\/2020\/12\/Proyecto-Aldea-24x8.jpeg 24w, https:\/\/blogsaverroes.juntadeandalucia.es\/marargentea\/files\/2020\/12\/Proyecto-Aldea-36x12.jpeg 36w, https:\/\/blogsaverroes.juntadeandalucia.es\/marargentea\/files\/2020\/12\/Proyecto-Aldea-48x16.jpeg 48w\" sizes=\"(max-width: 389px) 100vw, 389px\" \/><\/div>\n<\/div>\n","protected":false},"excerpt":{"rendered":"<p>En nuestro centro, dentro de los Planes y Programas que se desarrollan, se encontraba el Programa Aldea con el objetivo de promover el desarrollo integrado de iniciativas de educaci\u00f3n para la conservaci\u00f3n de los recursos naturales y el fomento del desarrollo sostenible en el \u00e1mbito de la comunidad educativa andaluza, al objeto de contribuir a [&hellip;]<\/p>\n","protected":false},"author":4610,"featured_media":0,"parent":0,"menu_order":0,"comment_status":"closed","ping_status":"closed","template":"","meta":{"ngg_post_thumbnail":0,"footnotes":"","_mc_calendar":[]},"aioseo_notices":[],"_links":{"self":[{"href":"https:\/\/blogsaverroes.juntadeandalucia.es\/marargentea\/wp-json\/wp\/v2\/pages\/2470"}],"collection":[{"href":"https:\/\/blogsaverroes.juntadeandalucia.es\/marargentea\/wp-json\/wp\/v2\/pages"}],"about":[{"href":"https:\/\/blogsaverroes.juntadeandalucia.es\/marargentea\/wp-json\/wp\/v2\/types\/page"}],"author":[{"embeddable":true,"href":"https:\/\/blogsaverroes.juntadeandalucia.es\/marargentea\/wp-json\/wp\/v2\/users\/4610"}],"replies":[{"embeddable":true,"href":"https:\/\/blogsaverroes.juntadeandalucia.es\/marargentea\/wp-json\/wp\/v2\/comments?post=2470"}],"version-history":[{"count":28,"href":"https:\/\/blogsaverroes.juntadeandalucia.es\/marargentea\/wp-json\/wp\/v2\/pages\/2470\/revisions"}],"predecessor-version":[{"id":5870,"href":"https:\/\/blogsaverroes.juntadeandalucia.es\/marargentea\/wp-json\/wp\/v2\/pages\/2470\/revisions\/5870"}],"wp:attachment":[{"href":"https:\/\/blogsaverroes.juntadeandalucia.es\/marargentea\/wp-json\/wp\/v2\/media?parent=2470"}],"curies":[{"name":"wp","href":"https:\/\/api.w.org\/{rel}","templated":true}]}}