{"id":2473,"date":"2020-11-13T21:54:43","date_gmt":"2020-11-13T21:54:43","guid":{"rendered":"http:\/\/blogsaverroes.juntadeandalucia.es\/marargentea\/?page_id=2473"},"modified":"2025-03-05T20:35:15","modified_gmt":"2025-03-05T20:35:15","slug":"bilinguismo","status":"publish","type":"page","link":"https:\/\/blogsaverroes.juntadeandalucia.es\/marargentea\/bilinguismo\/","title":{"rendered":"Biling\u00fcismo"},"content":{"rendered":"<p><img loading=\"lazy\" decoding=\"async\" class=\"aligncenter size-full wp-image-3949\" src=\"https:\/\/blogsaverroes.juntadeandalucia.es\/marargentea\/files\/2021\/11\/Captura-de-pantalla-2021-11-25-213447.png\" alt=\"\" width=\"1247\" height=\"193\" srcset=\"https:\/\/blogsaverroes.juntadeandalucia.es\/marargentea\/files\/2021\/11\/Captura-de-pantalla-2021-11-25-213447.png 1247w, https:\/\/blogsaverroes.juntadeandalucia.es\/marargentea\/files\/2021\/11\/Captura-de-pantalla-2021-11-25-213447-300x46.png 300w, https:\/\/blogsaverroes.juntadeandalucia.es\/marargentea\/files\/2021\/11\/Captura-de-pantalla-2021-11-25-213447-1024x158.png 1024w, https:\/\/blogsaverroes.juntadeandalucia.es\/marargentea\/files\/2021\/11\/Captura-de-pantalla-2021-11-25-213447-768x119.png 768w\" sizes=\"(max-width: 1247px) 100vw, 1247px\" \/><\/p>\n<p style=\"text-align: justify\"><span style=\"font-weight: 400\">Lo que caracteriza al Programa Biling\u00fce es la ense\u00f1anza y el aprendizaje de determinadas&nbsp; \u00e1reas del conocimiento en dos lenguas y no s\u00f3lo un incremento del horario de la segunda lengua&nbsp; (lengua extranjera). Esta segunda lengua es, por lo tanto, una lengua instrumental, de aprendizaje,&nbsp; vehicular, paralela a la primera lengua (lengua materna) y, en ning\u00fan momento, invalida la primera,&nbsp; que sigue siendo la lengua de acogida. Se trata, en suma, de estudiar determinadas materias en las dos&nbsp; lenguas. De esta forma, la finalidad general de la Educaci\u00f3n Biling\u00fce pasa a ser el fomento del&nbsp; pluriling\u00fcismo y de la diversidad ling\u00fc\u00edstica y se utiliza para ello el m\u00e9todo natural de ba\u00f1o de lengua,&nbsp; basado en la comunicaci\u00f3n, la interacci\u00f3n y en la priorizaci\u00f3n del c\u00f3digo oral.&nbsp;<\/span><\/p>\n<p style=\"text-align: justify\"><span style=\"font-weight: 400\">La justificaci\u00f3n de nuestro proyecto radica en la oferta que hacemos a nuestro alumnado de&nbsp; poder adquirir, a lo largo de su proceso de escolarizaci\u00f3n, una mayor competencia ling\u00fc\u00edstica en el uso&nbsp; de la lengua inglesa.&nbsp;&nbsp;<\/span><\/p>\n<p style=\"text-align: justify\"><span style=\"font-weight: 400\">El concepto de biling\u00fcismo pues, en nuestro caso, consiste fundamentalmente en adquirir la&nbsp; capacidad de expresarse y hacerse entender en m\u00e1s de un idioma. Esto conllevar\u00eda una mejora en el&nbsp; nivel de conocimiento y dominio del castellano, puesto que el aprendizaje de lenguas extranjeras&nbsp; favorece la reflexi\u00f3n ling\u00fc\u00edstica y una mejor comprensi\u00f3n de la lengua materna, aprendiendo a&nbsp; aprender mejor.&nbsp;&nbsp;<\/span><\/p>\n<p style=\"text-align: justify\"><span style=\"font-weight: 400\">As\u00ed mismo, ayuda a desarrollar actitudes m\u00e1s respetuosas hacia personas de diferentes pa\u00edses,&nbsp; puesto que les pone en contacto con otras culturas. Para ello, contamos con los recursos pedag\u00f3gicos&nbsp; que nos ofrecen las tecnolog\u00edas de la informaci\u00f3n y la comunicaci\u00f3n, aprendiendo a utilizar la&nbsp; tecnolog\u00eda de manera eficaz y provechosa y modificando la forma de trabajar, al imponer una&nbsp; metodolog\u00eda basada en el trabajo cooperativo.&nbsp;&nbsp;<\/span><\/p>\n<p style=\"text-align: justify\"><span style=\"font-weight: 400\">De todo esto se desprende, finalmente, la necesidad de una mayor y mejor formaci\u00f3n del&nbsp; profesorado que imparte docencia en \u00e1reas ling\u00fc\u00edsticas y no ling\u00fc\u00edsticas, anim\u00e1ndole a iniciar,&nbsp; experimentar y evaluar nuevos enfoques y materiales did\u00e1cticos.&nbsp;<\/span><\/p>\n<p>&nbsp;<\/p>\n<p><a title=\"Portal Junta de Andalucia - Pluriling\u00fcismo\" href=\"https:\/\/www.juntadeandalucia.es\/educacion\/portals\/web\/plurilinguismo\" target=\"_blank\" rel=\"noopener noreferrer\"><img loading=\"lazy\" decoding=\"async\" class=\"aligncenter size-full wp-image-3950\" src=\"https:\/\/blogsaverroes.juntadeandalucia.es\/marargentea\/files\/2021\/11\/Plurilinguismo.png\" alt=\"\" width=\"395\" height=\"118\" srcset=\"https:\/\/blogsaverroes.juntadeandalucia.es\/marargentea\/files\/2021\/11\/Plurilinguismo.png 395w, https:\/\/blogsaverroes.juntadeandalucia.es\/marargentea\/files\/2021\/11\/Plurilinguismo-300x90.png 300w\" sizes=\"(max-width: 395px) 100vw, 395px\" \/><\/a><\/p>\n<p>&nbsp;<\/p>\n<p><a href=\"https:\/\/blogsaverroes.juntadeandalucia.es\/marargentea\/category\/auxiliar-de-conversacion\/\" target=\"_blank\" rel=\"noopener noreferrer\"><img loading=\"lazy\" decoding=\"async\" class=\"aligncenter\" title=\"INFORMATION SHEET FOR LANGUAGE ASSISTANTS\" src=\"https:\/\/www.juntadeandalucia.es\/educacion\/portals\/delegate\/thumbnail\/abaco_big\/4b3024d9-7e40-4087-bddc-c79f124e2b24\" alt=\"Auxiliares conversaci\u00f3n - Consejer\u00eda de Educaci\u00f3n y Deporte\" width=\"123\" height=\"123\"><\/a><\/p>\n<p>&nbsp;<\/p>\n<h1 style=\"text-align: center\"><strong><a title=\"Halloween\" href=\"https:\/\/blogsaverroes.juntadeandalucia.es\/marargentea\/?page_id=3954&amp;preview=true\" target=\"_blank\" rel=\"noopener noreferrer\"><span style=\"color: #ff6600\">Halloween<\/span><\/a><\/strong><\/h1>\n<h1 class=\"elementor-heading-title elementor-size-default\" style=\"text-align: center\"><a title=\"St. Patrick's Day\" href=\"https:\/\/blogsaverroes.juntadeandalucia.es\/marargentea\/?p=4710&amp;preview=true\" target=\"_blank\" rel=\"noopener noreferrer\"><strong><span style=\"color: #339966\">St. Patrick\u2019s Day<\/span><\/strong><\/a><\/h1>\n<h1 style=\"text-align: center\"><a title=\"Valentine's Day\" href=\"http:\/\/blogsaverroes.juntadeandalucia.es\/marargentea\/2023\/02\/15\/valentines-day\/\" target=\"_blank\" rel=\"noopener noreferrer\"><strong><span style=\"color: #ff0000\">Valentine&#8217;s Day<\/span><\/strong><\/a><\/h1>\n<p>&nbsp;<\/p>\n<h4 style=\"text-align: center\"><span style=\"color: #339966\">DESDE EL CURSO 2024\/25 LAS ACTIVIDADES REALIZADAS SE LE DAR\u00c1N VISIBILIDAD A TRAV\u00c9S DE NUESTRO INSTAGRAM<\/span><\/h4>\n<pre style=\"text-align: center\"><a href=\"https:\/\/www.instagram.com\/mar_argentea\/?utm_source=qr&amp;igsh=MWZ5MXMyeG8yeXkwZw%3D%3D#\"><img loading=\"lazy\" decoding=\"async\" class=\"aligncenter wp-image-5808 \" src=\"https:\/\/blogsaverroes.juntadeandalucia.es\/marargentea\/files\/2025\/03\/WhatsApp-Image-2025-01-30-at-00.19.35-251x300.jpeg\" alt=\"\" width=\"132\" height=\"158\" srcset=\"https:\/\/blogsaverroes.juntadeandalucia.es\/marargentea\/files\/2025\/03\/WhatsApp-Image-2025-01-30-at-00.19.35-251x300.jpeg 251w, https:\/\/blogsaverroes.juntadeandalucia.es\/marargentea\/files\/2025\/03\/WhatsApp-Image-2025-01-30-at-00.19.35.jpeg 419w\" sizes=\"(max-width: 132px) 100vw, 132px\" \/><\/a><\/pre>\n<p>&nbsp;<\/p>\n<p>&nbsp;<\/p>\n<div>&nbsp;<\/div>\n<!--themify_builder_content-->\n<div id=\"themify_builder_content-2473\" data-postid=\"2473\" class=\"themify_builder_content themify_builder_content-2473 themify_builder tf_clear\">\n    <\/div>\n<!--\/themify_builder_content-->\n","protected":false},"excerpt":{"rendered":"<p>Lo que caracteriza al Programa Biling\u00fce es la ense\u00f1anza y el aprendizaje de determinadas&nbsp; \u00e1reas del conocimiento en dos lenguas y no s\u00f3lo un incremento del horario de la segunda lengua&nbsp; (lengua extranjera). Esta segunda lengua es, por lo tanto, una lengua instrumental, de aprendizaje,&nbsp; vehicular, paralela a la primera lengua (lengua materna) y, en [&hellip;]<\/p>\n","protected":false},"author":4610,"featured_media":0,"parent":0,"menu_order":0,"comment_status":"closed","ping_status":"closed","template":"","meta":{"ngg_post_thumbnail":0,"footnotes":"","_mc_calendar":[]},"aioseo_notices":[],"_links":{"self":[{"href":"https:\/\/blogsaverroes.juntadeandalucia.es\/marargentea\/wp-json\/wp\/v2\/pages\/2473"}],"collection":[{"href":"https:\/\/blogsaverroes.juntadeandalucia.es\/marargentea\/wp-json\/wp\/v2\/pages"}],"about":[{"href":"https:\/\/blogsaverroes.juntadeandalucia.es\/marargentea\/wp-json\/wp\/v2\/types\/page"}],"author":[{"embeddable":true,"href":"https:\/\/blogsaverroes.juntadeandalucia.es\/marargentea\/wp-json\/wp\/v2\/users\/4610"}],"replies":[{"embeddable":true,"href":"https:\/\/blogsaverroes.juntadeandalucia.es\/marargentea\/wp-json\/wp\/v2\/comments?post=2473"}],"version-history":[{"count":30,"href":"https:\/\/blogsaverroes.juntadeandalucia.es\/marargentea\/wp-json\/wp\/v2\/pages\/2473\/revisions"}],"predecessor-version":[{"id":5810,"href":"https:\/\/blogsaverroes.juntadeandalucia.es\/marargentea\/wp-json\/wp\/v2\/pages\/2473\/revisions\/5810"}],"wp:attachment":[{"href":"https:\/\/blogsaverroes.juntadeandalucia.es\/marargentea\/wp-json\/wp\/v2\/media?parent=2473"}],"curies":[{"name":"wp","href":"https:\/\/api.w.org\/{rel}","templated":true}]}}