{"id":3008,"date":"2020-12-10T21:27:44","date_gmt":"2020-12-10T21:27:44","guid":{"rendered":"http:\/\/blogsaverroes.juntadeandalucia.es\/marargentea\/?page_id=3008"},"modified":"2025-09-09T21:03:46","modified_gmt":"2025-09-09T21:03:46","slug":"actividades-extraescolares","status":"publish","type":"page","link":"https:\/\/blogsaverroes.juntadeandalucia.es\/marargentea\/actividades-extraescolares\/","title":{"rendered":"Actividades Extraescolares"},"content":{"rendered":"<p style=\"text-align: center\">Las actividades extraescolares son aquellas que&nbsp;se realizan fuera del horario lectivo de los ni\u00f1os, por tanto suelen desarrollarse por la tarde.<\/p>\n<p style=\"text-align: center\">La empresa encargada de dar este servicio en nuestro centro es <span style=\"color: #800080\"><strong><span style=\"color: #666699\">\u00abHalona\u00bb.<\/span><\/strong><\/span><\/p>\n<table style=\"border-collapse: collapse;width: 100%\">\n<tbody>\n<tr>\n<td style=\"width: 50%\">\n<h4 style=\"text-align: center\"><em style=\"font-family: inherit;font-size: inherit\"><img loading=\"lazy\" decoding=\"async\" class=\"\" src=\"https:\/\/cdn-icons-png.flaticon.com\/512\/4230\/4230785.png\" alt=\"Atenci\u00f3n al cliente - Iconos gratis de personas\" width=\"59\" height=\"59\"><\/em><\/h4>\n<h5 style=\"text-align: center\"><em>HORARIO DE ATEN<\/em><em style=\"font-family: inherit;font-size: inherit\">CI\u00d3<\/em><em style=\"font-family: inherit;font-size: inherit\">N A LAS FAMILIAS<\/em><\/h5>\n<p style=\"text-align: center\">Lunes y mi\u00e9rcoles de 9.15 a 10.15 horas.<\/p>\n<\/td>\n<td style=\"width: 50%\">\n<h4 style=\"text-align: center\"><img loading=\"lazy\" decoding=\"async\" class=\"\" src=\"https:\/\/cinegeticalamancha.com\/wp-content\/uploads\/2017\/10\/icono-telefono-01.png\" alt=\"icono-telefono-01 - Cinegetica La Mancha\" width=\"66\" height=\"66\"><\/h4>\n<h5 style=\"text-align: center\"><em>TEL\u00c9FON<\/em><em style=\"font-family: inherit;font-size: inherit\">OS DE CONTACTO<\/em><\/h5>\n<p style=\"text-align: center\">Cristi: 671 51 48 43<br \/>\nCharo: 671 51 48 46<\/p>\n<\/td>\n<\/tr>\n<\/tbody>\n<\/table>\n<p>Las <em><strong>ACTIVIDADES PROPUESTAS<\/strong><\/em> para el curso escolar 2025\/26<\/p>\n<p>Bonificadas:&nbsp;<\/p>\n<table style=\"width: 100%;border-collapse: collapse;border-color: #c22bd6;background-color: #e0d7e0\">\n<tbody>\n<tr>\n<td style=\"width: 33.2945%\">\n<ul>\n<li>Pintura<\/li>\n<li>Apoyo 1<\/li>\n<li>Multideportes<\/li>\n<\/ul>\n<\/td>\n<td style=\"width: 33.2945%\">\n<ul>\n<li>Ingl\u00e9s infantil<\/li>\n<li>Ingl\u00e9s primaria<\/li>\n<\/ul>\n<\/td>\n<td style=\"width: 33.2945%\">\n<ul>\n<li>Baile moderno primaria<\/li>\n<li>Baile infantil<\/li>\n<\/ul>\n<\/td>\n<\/tr>\n<\/tbody>\n<\/table>\n<p>No Bonificadas:&nbsp;<\/p>\n<table style=\"width: 100%;border-collapse: collapse;border-color: #c22bd6;background-color: #e0d7e0\">\n<tbody>\n<tr>\n<td style=\"width: 283.455px\">\n<ul>\n<li>Futbol Infantil<\/li>\n<li>Futbol 1\u00ba y 2\u00ba<\/li>\n<li>Futbol 3\u00ba&nbsp; y 4\u00ba<\/li>\n<li>Futbol 5\u00ba y 6\u00ba<\/li>\n<\/ul>\n<\/td>\n<td style=\"width: 283.455px\">\n<ul>\n<li>Ludoteca 1<\/li>\n<li>Ludoteca 2<\/li>\n<li>Ludoteca 3<\/li>\n<\/ul>\n<\/td>\n<td style=\"width: 283.455px\">\n<ul>\n<li>Yoga<\/li>\n<li>Defensa personal<\/li>\n<li>Viernes de pintura<\/li>\n<\/ul>\n<\/td>\n<\/tr>\n<\/tbody>\n<\/table>\n<p>&nbsp;<\/p>\n<p><em><strong>INFORMACI\u00d3N:&nbsp;<\/strong><\/em><\/p>\n<ul>\n<li>El precio por actividad (dos horas semanales): 17,51\u20ac \/ mes actividad <em><strong>bonificada<\/strong><\/em>. 25\u20ac\/mes actividad <strong><em>no bonificada<\/em><\/strong>.<\/li>\n<li>El cobro se realizar\u00e1 a trav\u00e9s <em><strong>de domiciliaci\u00f3n bancaria<\/strong><\/em> a principio de cada mes.<\/li>\n<li>Las <em><strong>altas o bajas<\/strong><\/em> de las actividades se realizar\u00e1n antes del <strong><em>25 de cada Mes<\/em><\/strong>.<\/li>\n<li>La no asistencia a las actividades <em><strong>no implica la baja de la misma<\/strong><\/em>, por lo tanto el recibo se cobrar\u00e1 hasta no tener la baja firmada.<\/li>\n<li>Los <strong><em>recibos bancarios devuelto<\/em> <\/strong>tendr\u00e1n un <strong><em>cargo de 3\u20ac<\/em><\/strong> adicional, ya que ese importe lo carga el banco.<\/li>\n<li>Los meses de <strong><em>Septiembre y Junio<\/em><\/strong> la Junta <strong><em>no aplica bonificaci\u00f3n<\/em><\/strong> en las actividades extraescolares<\/li>\n<li>Horario sujeto a <em><strong>modificaciones<\/strong><\/em>.<\/li>\n<li><em><strong>M\u00ednimo<\/strong> <\/em>de alumnos por actividad.<\/li>\n<\/ul>\n<p>&nbsp;<\/p>\n<p><strong><em>SOLICITUD DE ALTA EN LAS ACTIVIDADES PARA EL CURSO 25\/26:<\/em><\/strong><\/p>\n<p><strong><em> <a title=\"Solicitud Actividades Extraescolares\" href=\"https:\/\/drive.google.com\/file\/d\/1mycG5i1ceTZ3GUtVTqtIBNFJi6TYpf7_\/view?usp=drive_link\" target=\"_blank\" rel=\"noopener\"><img loading=\"lazy\" decoding=\"async\" class=\"aligncenter wp-image-4821\" src=\"https:\/\/blogsaverroes.juntadeandalucia.es\/marargentea\/files\/2023\/05\/Icono-Descargar-PDF-262x300.png\" alt=\"\" width=\"92\" height=\"106\" srcset=\"https:\/\/blogsaverroes.juntadeandalucia.es\/marargentea\/files\/2023\/05\/Icono-Descargar-PDF-262x300.png 262w, https:\/\/blogsaverroes.juntadeandalucia.es\/marargentea\/files\/2023\/05\/Icono-Descargar-PDF-895x1024.png 895w, https:\/\/blogsaverroes.juntadeandalucia.es\/marargentea\/files\/2023\/05\/Icono-Descargar-PDF-768x879.png 768w, https:\/\/blogsaverroes.juntadeandalucia.es\/marargentea\/files\/2023\/05\/Icono-Descargar-PDF-1343x1536.png 1343w, https:\/\/blogsaverroes.juntadeandalucia.es\/marargentea\/files\/2023\/05\/Icono-Descargar-PDF.png 1399w\" sizes=\"(max-width: 92px) 100vw, 92px\" \/><\/a><\/em><\/strong><\/p>\n<p>&nbsp;<\/p>\n","protected":false},"excerpt":{"rendered":"<p>Las actividades extraescolares son aquellas que&nbsp;se realizan fuera del horario lectivo de los ni\u00f1os, por tanto suelen desarrollarse por la tarde. La empresa encargada de dar este servicio en nuestro centro es \u00abHalona\u00bb. HORARIO DE ATENCI\u00d3N A LAS FAMILIAS Lunes y mi\u00e9rcoles de 9.15 a 10.15 horas. TEL\u00c9FONOS DE CONTACTO Cristi: 671 51 48 43 [&hellip;]<\/p>\n","protected":false},"author":4610,"featured_media":0,"parent":0,"menu_order":0,"comment_status":"closed","ping_status":"closed","template":"","meta":{"ngg_post_thumbnail":0,"footnotes":"","_mc_calendar":[]},"aioseo_notices":[],"_links":{"self":[{"href":"https:\/\/blogsaverroes.juntadeandalucia.es\/marargentea\/wp-json\/wp\/v2\/pages\/3008"}],"collection":[{"href":"https:\/\/blogsaverroes.juntadeandalucia.es\/marargentea\/wp-json\/wp\/v2\/pages"}],"about":[{"href":"https:\/\/blogsaverroes.juntadeandalucia.es\/marargentea\/wp-json\/wp\/v2\/types\/page"}],"author":[{"embeddable":true,"href":"https:\/\/blogsaverroes.juntadeandalucia.es\/marargentea\/wp-json\/wp\/v2\/users\/4610"}],"replies":[{"embeddable":true,"href":"https:\/\/blogsaverroes.juntadeandalucia.es\/marargentea\/wp-json\/wp\/v2\/comments?post=3008"}],"version-history":[{"count":52,"href":"https:\/\/blogsaverroes.juntadeandalucia.es\/marargentea\/wp-json\/wp\/v2\/pages\/3008\/revisions"}],"predecessor-version":[{"id":3929,"href":"https:\/\/blogsaverroes.juntadeandalucia.es\/marargentea\/wp-json\/wp\/v2\/pages\/3008\/revisions\/3929"}],"wp:attachment":[{"href":"https:\/\/blogsaverroes.juntadeandalucia.es\/marargentea\/wp-json\/wp\/v2\/media?parent=3008"}],"curies":[{"name":"wp","href":"https:\/\/api.w.org\/{rel}","templated":true}]}}