{"id":3112,"date":"2020-12-12T21:58:05","date_gmt":"2020-12-12T21:58:05","guid":{"rendered":"http:\/\/blogsaverroes.juntadeandalucia.es\/marargentea\/?page_id=3112"},"modified":"2021-12-09T23:47:50","modified_gmt":"2021-12-09T23:47:50","slug":"efemerides-y-dias-conmemorativos","status":"publish","type":"page","link":"https:\/\/blogsaverroes.juntadeandalucia.es\/marargentea\/efemerides-y-dias-conmemorativos\/","title":{"rendered":""},"content":{"rendered":"<h2 style=\"text-align: center\"><span style=\"color: #808080\"><strong>En esta secci\u00f3n queremos compartir informaci\u00f3n, fotos, videos, experiencias, materiales&#8230; relacionadas con los principales d\u00edas conmemorativos. Puedes encontrar d\u00edas institucionalizados y d\u00edas de celebraci\u00f3n relacionados con festividades celebradas en nuestro centro anteriores al curso 2020.<\/strong><\/span><\/h2>\n<!--themify_builder_content-->\n<div id=\"themify_builder_content-3112\" data-postid=\"3112\" class=\"themify_builder_content themify_builder_content-3112 themify_builder tf_clear\">\n    <\/div>\n<!--\/themify_builder_content-->\n","protected":false},"excerpt":{"rendered":"<p>En esta secci\u00f3n queremos compartir informaci\u00f3n, fotos, videos, experiencias, materiales&#8230; relacionadas con los principales d\u00edas conmemorativos. Puedes encontrar d\u00edas institucionalizados y d\u00edas de celebraci\u00f3n relacionados con festividades celebradas en nuestro centro anteriores al curso 2020.<\/p>\n","protected":false},"author":4610,"featured_media":0,"parent":0,"menu_order":0,"comment_status":"closed","ping_status":"closed","template":"","meta":{"ngg_post_thumbnail":0,"footnotes":"","_mc_calendar":[]},"aioseo_notices":[],"_links":{"self":[{"href":"https:\/\/blogsaverroes.juntadeandalucia.es\/marargentea\/wp-json\/wp\/v2\/pages\/3112"}],"collection":[{"href":"https:\/\/blogsaverroes.juntadeandalucia.es\/marargentea\/wp-json\/wp\/v2\/pages"}],"about":[{"href":"https:\/\/blogsaverroes.juntadeandalucia.es\/marargentea\/wp-json\/wp\/v2\/types\/page"}],"author":[{"embeddable":true,"href":"https:\/\/blogsaverroes.juntadeandalucia.es\/marargentea\/wp-json\/wp\/v2\/users\/4610"}],"replies":[{"embeddable":true,"href":"https:\/\/blogsaverroes.juntadeandalucia.es\/marargentea\/wp-json\/wp\/v2\/comments?post=3112"}],"version-history":[{"count":14,"href":"https:\/\/blogsaverroes.juntadeandalucia.es\/marargentea\/wp-json\/wp\/v2\/pages\/3112\/revisions"}],"predecessor-version":[{"id":4013,"href":"https:\/\/blogsaverroes.juntadeandalucia.es\/marargentea\/wp-json\/wp\/v2\/pages\/3112\/revisions\/4013"}],"wp:attachment":[{"href":"https:\/\/blogsaverroes.juntadeandalucia.es\/marargentea\/wp-json\/wp\/v2\/media?parent=3112"}],"curies":[{"name":"wp","href":"https:\/\/api.w.org\/{rel}","templated":true}]}}