{"id":3336,"date":"2021-02-01T20:52:27","date_gmt":"2021-02-01T20:52:27","guid":{"rendered":"http:\/\/blogsaverroes.juntadeandalucia.es\/marargentea\/?page_id=3336"},"modified":"2025-07-05T13:34:06","modified_gmt":"2025-07-05T13:34:06","slug":"escuela-espacio-de-paz","status":"publish","type":"page","link":"https:\/\/blogsaverroes.juntadeandalucia.es\/marargentea\/escuela-espacio-de-paz\/","title":{"rendered":"Escuela: Espacio de Paz"},"content":{"rendered":"<p style=\"text-align: justify\"><img loading=\"lazy\" decoding=\"async\" class=\"aligncenter wp-image-3338 size-medium\" src=\"https:\/\/blogsaverroes.juntadeandalucia.es\/marargentea\/files\/2021\/02\/Logo-RAEEP-color-590x423-copia-300x215.jpg\" alt=\"\" width=\"300\" height=\"215\" srcset=\"https:\/\/blogsaverroes.juntadeandalucia.es\/marargentea\/files\/2021\/02\/Logo-RAEEP-color-590x423-copia-300x215.jpg 300w, https:\/\/blogsaverroes.juntadeandalucia.es\/marargentea\/files\/2021\/02\/Logo-RAEEP-color-590x423-copia-24x17.jpg 24w, https:\/\/blogsaverroes.juntadeandalucia.es\/marargentea\/files\/2021\/02\/Logo-RAEEP-color-590x423-copia-36x26.jpg 36w, https:\/\/blogsaverroes.juntadeandalucia.es\/marargentea\/files\/2021\/02\/Logo-RAEEP-color-590x423-copia-48x34.jpg 48w, https:\/\/blogsaverroes.juntadeandalucia.es\/marargentea\/files\/2021\/02\/Logo-RAEEP-color-590x423-copia.jpg 590w\" sizes=\"(max-width: 300px) 100vw, 300px\" \/><\/p>\n<p>&nbsp;<\/p>\n<p style=\"text-align: justify\">La Red Andaluza \u00abEscuela: Espacio de Paz\u00bb es una red de centros interesados en compartir iniciativas, recursos y experiencias para la mejora de la convivencia escolar y la difusi\u00f3n de la Cultura de Paz, contrayendo un compromiso de profundizaci\u00f3n en aspectos concretos de su Plan de Convivencia.<\/p>\n<p style=\"text-align: justify\">Entre las se\u00f1as de identidad de los centros que integran la Red Andaluza \u00abEscuela: Espacio de Paz\u00bb destacan la promoci\u00f3n de los valores propios de una sociedad democr\u00e1tica, el respeto mutuo, la igualdad, el di\u00e1logo, la solidaridad y la resoluci\u00f3n pac\u00edfica de los conflictos, contando con la participaci\u00f3n de toda la comunidad educativa en la vida de los centros y la vinculaci\u00f3n e implicaci\u00f3n con su entorno.<\/p>\n<p style=\"text-align: justify\">Desde la Red Andaluza \u00abEscuela: Espacio de Paz\u00bb se proponen seis \u00e1mbitos de actuaci\u00f3n y profundizaci\u00f3n para la mejora de la convivencia escolar:<\/p>\n<ol>\n<li>Mejora desde la gesti\u00f3n y organizaci\u00f3n.<\/li>\n<li>Desarrollo de la participaci\u00f3n.<\/li>\n<li>Promoci\u00f3n de la convivencia: desarrollo de valores, actitudes, habilidades y h\u00e1bitos.<\/li>\n<li>Prevenci\u00f3n de situaciones de riesgo para la convivencia.<\/li>\n<li>Intervenci\u00f3n ante conductas contrarias a la convivencia.<\/li>\n<li>Reeducaci\u00f3n de actitudes y restauraci\u00f3n de la convivencia.<\/li>\n<\/ol>\n<p>Las actividades que se est\u00e1n llevando a cabo en nuestro centro:<\/p>\n<h3 style=\"text-align: center\"><span style=\"color: #000000\"><a style=\"color: #000000\" href=\"https:\/\/blogsaverroes.juntadeandalucia.es\/marargentea\/paz-curso-2020-21\/\" target=\"_blank\" rel=\"noopener noreferrer\"><strong>Curso escolar 2020-21<\/strong><\/a><\/span><\/h3>\n<h3 style=\"text-align: center\"><span style=\"color: #000000\"><a style=\"color: #000000\" href=\"https:\/\/blogsaverroes.juntadeandalucia.es\/marargentea\/30-de-enero-dia-de-la-paz\/\" target=\"_blank\" rel=\"noopener noreferrer\"><strong>Curso escolar 2022-23<\/strong><\/a><\/span><\/h3>\n<h3 style=\"text-align: center\"><span style=\"color: #333333\"><strong><a style=\"color: #333333\" href=\"https:\/\/blogsaverroes.juntadeandalucia.es\/marargentea\/dia-de-la-paz-2\" target=\"_blank\" rel=\"noopener noreferrer\">Curso escolar 2023-24<\/a><\/strong><\/span><\/h3>\n<p style=\"text-align: center\"><strong>A partir del curso escolar 2024\/25<\/strong> las actividades realizadas en nuestro centro para este proyecto, se podr\u00e1n ver en nuestro Instagram:<\/p>\n<p><a title=\"@mar_argentea\" href=\"https:\/\/www.instagram.com\/mar_argentea\/?utm_source=qr&amp;igsh=MWZ5MXMyeG8yeXkwZw%3D%3D\" target=\"_blank\" rel=\"noopener\"><img loading=\"lazy\" decoding=\"async\" class=\"aligncenter\" src=\"https:\/\/i0.wp.com\/eltallerdehector.com\/wp-content\/uploads\/2022\/06\/7fac6-logo-instagram-transparent.png?resize=512%2C512&amp;ssl=1\" alt=\"Logo instagram\" width=\"82\" height=\"82\"><\/a><\/p>\n","protected":false},"excerpt":{"rendered":"<p>&nbsp; La Red Andaluza \u00abEscuela: Espacio de Paz\u00bb es una red de centros interesados en compartir iniciativas, recursos y experiencias para la mejora de la convivencia escolar y la difusi\u00f3n de la Cultura de Paz, contrayendo un compromiso de profundizaci\u00f3n en aspectos concretos de su Plan de Convivencia. Entre las se\u00f1as de identidad de los [&hellip;]<\/p>\n","protected":false},"author":4610,"featured_media":0,"parent":0,"menu_order":0,"comment_status":"closed","ping_status":"closed","template":"","meta":{"ngg_post_thumbnail":0,"footnotes":"","_mc_calendar":[]},"aioseo_notices":[],"_links":{"self":[{"href":"https:\/\/blogsaverroes.juntadeandalucia.es\/marargentea\/wp-json\/wp\/v2\/pages\/3336"}],"collection":[{"href":"https:\/\/blogsaverroes.juntadeandalucia.es\/marargentea\/wp-json\/wp\/v2\/pages"}],"about":[{"href":"https:\/\/blogsaverroes.juntadeandalucia.es\/marargentea\/wp-json\/wp\/v2\/types\/page"}],"author":[{"embeddable":true,"href":"https:\/\/blogsaverroes.juntadeandalucia.es\/marargentea\/wp-json\/wp\/v2\/users\/4610"}],"replies":[{"embeddable":true,"href":"https:\/\/blogsaverroes.juntadeandalucia.es\/marargentea\/wp-json\/wp\/v2\/comments?post=3336"}],"version-history":[{"count":49,"href":"https:\/\/blogsaverroes.juntadeandalucia.es\/marargentea\/wp-json\/wp\/v2\/pages\/3336\/revisions"}],"predecessor-version":[{"id":5872,"href":"https:\/\/blogsaverroes.juntadeandalucia.es\/marargentea\/wp-json\/wp\/v2\/pages\/3336\/revisions\/5872"}],"wp:attachment":[{"href":"https:\/\/blogsaverroes.juntadeandalucia.es\/marargentea\/wp-json\/wp\/v2\/media?parent=3336"}],"curies":[{"name":"wp","href":"https:\/\/api.w.org\/{rel}","templated":true}]}}