{"id":3365,"date":"2021-02-04T23:34:11","date_gmt":"2021-02-04T23:34:11","guid":{"rendered":"http:\/\/blogsaverroes.juntadeandalucia.es\/marargentea\/?page_id=3365"},"modified":"2021-02-14T22:55:16","modified_gmt":"2021-02-14T22:55:16","slug":"quiero-ser-delegado-a","status":"publish","type":"page","link":"https:\/\/blogsaverroes.juntadeandalucia.es\/marargentea\/escuela-espacio-de-paz\/quiero-ser-delegado-a\/","title":{"rendered":"\u00a1Quiero ser Delegado\/a!"},"content":{"rendered":"<p style=\"text-align: justify\"><img loading=\"lazy\" decoding=\"async\" class=\"aligncenter wp-image-3360\" src=\"https:\/\/blogsaverroes.juntadeandalucia.es\/marargentea\/files\/2021\/02\/Primaria.jpg\" alt=\"\" width=\"256\" height=\"217\" srcset=\"https:\/\/blogsaverroes.juntadeandalucia.es\/marargentea\/files\/2021\/02\/Primaria.jpg 650w, https:\/\/blogsaverroes.juntadeandalucia.es\/marargentea\/files\/2021\/02\/Primaria-300x255.jpg 300w, https:\/\/blogsaverroes.juntadeandalucia.es\/marargentea\/files\/2021\/02\/Primaria-24x20.jpg 24w, https:\/\/blogsaverroes.juntadeandalucia.es\/marargentea\/files\/2021\/02\/Primaria-36x31.jpg 36w, https:\/\/blogsaverroes.juntadeandalucia.es\/marargentea\/files\/2021\/02\/Primaria-48x41.jpg 48w\" sizes=\"(max-width: 256px) 100vw, 256px\" \/><\/p>\n<p>En la etapa de primaria existe la figura de delegado y delegada, siendo estos quienes representan a todos sus compa\u00f1eros y exponen al tutor y a los maestros especialistas los problemas que van surgiendo en el grupo al que pertenezcan.<\/p>\n<p>Este a\u00f1o, durante el mes de noviembre, se han realizado las votaciones de delegado en todas las aulas de primaria:<\/p>\n<pre>&nbsp;<\/pre>\n<p><strong>EL DELEGADO DE GRUPO DEBE (funciones):<\/strong><\/p>\n<ol>\n<li>Representa al grupo-clase. Es su portavoz y hace de \u00abpuente\u00bb entre el profesorado y el equipo directivo y su grupo. Por tanto, debe transmitir no su propia opini\u00f3n personal, sino el sentir de todos los compa\u00f1eros.<\/li>\n<li>Asiste a las reuniones de asamblea de delegados con la maestra coordinadora de Escuela: Espacio de Paz, para tratar temas que afectan al centro en general, hacer propuestas de mejora, sugerencias, presentar quejas, etc. As\u00ed que ha de ser capaz de llevar a cabo a la perfecci\u00f3n el punto anterior, sabiendo expresar las ideas de los miembros de su grupo.<\/li>\n<li>Transmite al resto del grupo los acuerdos&nbsp;tomados en las asambleas de delegados, para tenerlos en cuenta, llevarlos a cabo, aportar nuevas ideas, etc.<\/li>\n<li>Intenta que&nbsp;tanto los deberes como los derechos&nbsp;de los compa\u00f1eros&nbsp;sean respetados&nbsp;por todos, y vela por la&nbsp;adecuada utilizaci\u00f3n de los materiales e instalaciones&nbsp;del centro.<\/li>\n<li>Fomenta la&nbsp;convivencia&nbsp;entre los compa\u00f1eros.<\/li>\n<li>Realiza las&nbsp;tareas que delegue en \u00e9l el tutor&nbsp;o cualquier otro profesor.<\/li>\n<\/ol>\n<p><strong>&nbsp;<\/strong><\/p>\n<p><strong>EL DELEGADO\/A DEBE SER:<\/strong><\/p>\n<ul>\n<li>Una persona<strong> responsable y honrada, <\/strong>para ganar la confianza de sus compa\u00f1eros y cumplir sus compromisos.<\/li>\n<li>Gozar de una&nbsp;gran <strong>empat\u00eda<\/strong>, que es saber ponerse en el lugar del otro, poder percibir lo que el otro puede sentir.<\/li>\n<li>Tener&nbsp;<strong>esp\u00edritu<\/strong> <strong>dialogante<\/strong>, saber escuchar y hablar \u00a1y respetar el turno de palabra!<\/li>\n<li><strong>Saber&nbsp;respetar<\/strong>, para poder aceptar cualquier sugerencia que se presente.<\/li>\n<li>Ser&nbsp;<strong>emprendedor<\/strong>, para poder proponer iniciativas y alternativas a la resoluci\u00f3n de problemas.<\/li>\n<li>Ser&nbsp;<strong>solidario<\/strong>, para anteponer los intereses del grupo a los suyos propios.<\/li>\n<\/ul>\n<p>&nbsp;<\/p>\n<p>Todos los alumnos de clase tienen derecho a votar y a optar al cargo de delegado: Por lo que, aquel alumno\/a que se ha querido presentar a rellenado su candidatura y ha convencido a sus compa\u00f1eros de que el\/ella son buenos representantes.<\/p>\n<p>En nuestro centro hemos preferido que en cada aula exista la figura de un delegado y una delegada, as\u00ed como un subdelegado y una subdelegada.<\/p>\n<p><strong><em>A continuaci\u00f3n, os invito a ver como han sido las elecciones y votaciones en nuestro centro:<\/em><\/strong><\/p>\n<div style=\"width: 1165px;\" class=\"wp-video\"><!--[if lt IE 9]><script>document.createElement('video');<\/script><![endif]-->\n<video class=\"wp-video-shortcode\" id=\"video-3365-1\" width=\"1165\" height=\"655\" preload=\"metadata\" controls=\"controls\"><source type=\"video\/mp4\" src=\"https:\/\/blogsaverroes.juntadeandalucia.es\/marargentea\/files\/2021\/02\/Delegadosas-1.mp4?_=1\" \/><a href=\"https:\/\/blogsaverroes.juntadeandalucia.es\/marargentea\/files\/2021\/02\/Delegadosas-1.mp4\">https:\/\/blogsaverroes.juntadeandalucia.es\/marargentea\/files\/2021\/02\/Delegadosas-1.mp4<\/a><\/video><\/div>\n<p>&nbsp;<\/p>\n<p><img loading=\"lazy\" decoding=\"async\" class=\"aligncenter wp-image-3358\" src=\"https:\/\/blogsaverroes.juntadeandalucia.es\/marargentea\/files\/2021\/02\/infantil.jpg\" alt=\"\" width=\"282\" height=\"197\" srcset=\"https:\/\/blogsaverroes.juntadeandalucia.es\/marargentea\/files\/2021\/02\/infantil.jpg 600w, https:\/\/blogsaverroes.juntadeandalucia.es\/marargentea\/files\/2021\/02\/infantil-300x209.jpg 300w, https:\/\/blogsaverroes.juntadeandalucia.es\/marargentea\/files\/2021\/02\/infantil-24x17.jpg 24w, https:\/\/blogsaverroes.juntadeandalucia.es\/marargentea\/files\/2021\/02\/infantil-36x25.jpg 36w, https:\/\/blogsaverroes.juntadeandalucia.es\/marargentea\/files\/2021\/02\/infantil-48x33.jpg 48w\" sizes=\"(max-width: 282px) 100vw, 282px\" \/><\/p>\n<p style=\"text-align: justify\">En la etapa de infantil no existe la figura del delegado de clase, pero s\u00ed la del <strong>responsable o encargado<\/strong> del d\u00eda o de la semana (siendo rotativo en todas nuestras aulas).<\/p>\n<p style=\"text-align: justify\">Ser encargado o responsable de clase en infantil nos da la oportunidad para que la <strong>clase sea m\u00e1s din\u00e1mica, se impliquen m\u00e1s y est\u00e9n m\u00e1s atentos<\/strong>. Adem\u00e1s de <strong>ayudar a corregir, en positivo algunas conductas para crear un buen ambiente en el aula<\/strong>. Por ejemplo, el encargado de las sillas procurar\u00e1 dejar la suya bien puesta aun cuando no sea encargado, ya que tomar\u00e1 conciencia de lo que significa ese peque\u00f1o gesto. Tambi\u00e9n pueden <strong>actuar de mediadores<\/strong> entre esos peque\u00f1os conflictos que surgen en clase o en el patio: cuando no quieren prestar el juguete, preguntar al compa\u00f1ero\/a porque motivo est\u00e1 tristes, \u2026<\/p>\n<p style=\"text-align: justify\">Dar ciertas&nbsp;<strong>responsabilidades a los ni\u00f1os<\/strong>&nbsp;puede ser muy positivo. Darles cargos y que ellos entiendan que son necesarios, importantes y que tienen un papel, da a estos mucha m\u00e1s energ\u00eda para&nbsp;<strong>aprender m\u00e1s r\u00e1pido y ser m\u00e1s responsables<\/strong>.<\/p>\n<p style=\"text-align: justify\">En nuestro centro algunas de las tareas que asume el responsable o encargado de clase son, por ejemplo:<\/p>\n<ul style=\"text-align: justify\">\n<li>Pasar lista, se\u00f1alar el tiempo, el d\u00eda de la semana, el mes y la estaci\u00f3n del a\u00f1o en el que estemos.<\/li>\n<li>Repartir el material a cada uno de sus compa\u00f1eros: Estuches, libros, fichas\u2026 y aquello que la maestra le indique.<\/li>\n<li>Pasa la papelera para recoger los papeles y zumos durante el desayuno.<\/li>\n<li>Se coloca el primero en la fila.<\/li>\n<li>Pide silencio cuando alg\u00fan compa\u00f1ero habla cuando no debe.<\/li>\n<li>Se encargan de que la clase quede ordenada y velan por el mantenimiento y orden de todo el material.<\/li>\n<li>Apagan las luces al final de la clase o encenderlas si es necesario.<\/li>\n<li>Cuidan las plantas de clase.<\/li>\n<li>Median cuando hay un conflicto en el aula, en el pasillo o en el patio.<\/li>\n<li>Y cualquier otra tarea que se les pueda asignar pensando en las necesidades de la clase.<\/li>\n<\/ul>\n<p style=\"text-align: justify\"><strong><em>Os mostramos algunas fotos de nuestros alumnos\/as actuando como encargado de clase:<\/em><\/strong><\/p>\n<div style=\"width: 1165px;\" class=\"wp-video\"><video class=\"wp-video-shortcode\" id=\"video-3365-2\" width=\"1165\" height=\"655\" preload=\"metadata\" controls=\"controls\"><source type=\"video\/mp4\" src=\"https:\/\/blogsaverroes.juntadeandalucia.es\/marargentea\/files\/2021\/02\/Encargados-Infantil-1.mp4?_=2\" \/><a href=\"https:\/\/blogsaverroes.juntadeandalucia.es\/marargentea\/files\/2021\/02\/Encargados-Infantil-1.mp4\">https:\/\/blogsaverroes.juntadeandalucia.es\/marargentea\/files\/2021\/02\/Encargados-Infantil-1.mp4<\/a><\/video><\/div>\n<!--themify_builder_content-->\n<div id=\"themify_builder_content-3365\" data-postid=\"3365\" class=\"themify_builder_content themify_builder_content-3365 themify_builder tf_clear\">\n    <\/div>\n<!--\/themify_builder_content-->\n","protected":false},"excerpt":{"rendered":"<p>En la etapa de primaria existe la figura de delegado y delegada, siendo estos quienes representan a todos sus compa\u00f1eros y exponen al tutor y a los maestros especialistas los problemas que van surgiendo en el grupo al que pertenezcan. Este a\u00f1o, durante el mes de noviembre, se han realizado las votaciones de delegado en [&hellip;]<\/p>\n","protected":false},"author":4610,"featured_media":0,"parent":3336,"menu_order":0,"comment_status":"closed","ping_status":"closed","template":"","meta":{"ngg_post_thumbnail":0,"footnotes":"","_mc_calendar":[]},"aioseo_notices":[],"_links":{"self":[{"href":"https:\/\/blogsaverroes.juntadeandalucia.es\/marargentea\/wp-json\/wp\/v2\/pages\/3365"}],"collection":[{"href":"https:\/\/blogsaverroes.juntadeandalucia.es\/marargentea\/wp-json\/wp\/v2\/pages"}],"about":[{"href":"https:\/\/blogsaverroes.juntadeandalucia.es\/marargentea\/wp-json\/wp\/v2\/types\/page"}],"author":[{"embeddable":true,"href":"https:\/\/blogsaverroes.juntadeandalucia.es\/marargentea\/wp-json\/wp\/v2\/users\/4610"}],"replies":[{"embeddable":true,"href":"https:\/\/blogsaverroes.juntadeandalucia.es\/marargentea\/wp-json\/wp\/v2\/comments?post=3365"}],"version-history":[{"count":22,"href":"https:\/\/blogsaverroes.juntadeandalucia.es\/marargentea\/wp-json\/wp\/v2\/pages\/3365\/revisions"}],"predecessor-version":[{"id":3510,"href":"https:\/\/blogsaverroes.juntadeandalucia.es\/marargentea\/wp-json\/wp\/v2\/pages\/3365\/revisions\/3510"}],"up":[{"embeddable":true,"href":"https:\/\/blogsaverroes.juntadeandalucia.es\/marargentea\/wp-json\/wp\/v2\/pages\/3336"}],"wp:attachment":[{"href":"https:\/\/blogsaverroes.juntadeandalucia.es\/marargentea\/wp-json\/wp\/v2\/media?parent=3365"}],"curies":[{"name":"wp","href":"https:\/\/api.w.org\/{rel}","templated":true}]}}