{"id":3382,"date":"2021-02-04T23:38:19","date_gmt":"2021-02-04T23:38:19","guid":{"rendered":"http:\/\/blogsaverroes.juntadeandalucia.es\/marargentea\/?page_id=3382"},"modified":"2021-06-28T22:43:51","modified_gmt":"2021-06-28T22:43:51","slug":"asamblea-de-delegado-a","status":"publish","type":"page","link":"https:\/\/blogsaverroes.juntadeandalucia.es\/marargentea\/asamblea-de-delegado-a\/","title":{"rendered":"Asamblea de Delegado\/a"},"content":{"rendered":"<ul>\n<li>\n<h1>1\u00baAsamblea:<\/h1>\n<\/li>\n<\/ul>\n<p style=\"text-align: justify\">Debido a la situaci\u00f3n en la que nos encontramos por el Covid-19, no se ha podido hacer una \u00fanica reuni\u00f3n con todos los delegados\/as y subdelegados\/as de cada aula. Nos hemos adaptado a dicha situaci\u00f3n y se han realizado las reuniones por grupo de convivencia en horarios y d\u00edas diferentes.<\/p>\n<p style=\"text-align: justify\">Como ya sabemos, la funci\u00f3n de un delegado\/a es representar a sus compa\u00f1eros, pero para que podamos saber si todo est\u00e1 en orden o no, debemos convocar estas asambleas donde, entre todos, expondr\u00e1n las iniciativas o inquietudes que hayan podido surgir.<\/p>\n<p style=\"text-align: justify\">Las primeras reuniones tuvieron lugar en la semana del 11 al 15 de enero. En esta primera asamblea se han presentado, han contado aquello que pretenden hacer por su clase y se les ha hecho entrega del \u201c<strong><em>cuaderno para delegado\/a de clase<\/em><\/strong>\u201d, explic\u00e1ndoles que deben hacer con \u00e9l.<\/p>\n<p style=\"text-align: justify\"><img loading=\"lazy\" decoding=\"async\" class=\"aligncenter wp-image-3383\" src=\"https:\/\/blogsaverroes.juntadeandalucia.es\/marargentea\/files\/2021\/02\/Captura.jpg\" alt=\"\" width=\"208\" height=\"294\" srcset=\"https:\/\/blogsaverroes.juntadeandalucia.es\/marargentea\/files\/2021\/02\/Captura.jpg 517w, https:\/\/blogsaverroes.juntadeandalucia.es\/marargentea\/files\/2021\/02\/Captura-213x300.jpg 213w, https:\/\/blogsaverroes.juntadeandalucia.es\/marargentea\/files\/2021\/02\/Captura-17x24.jpg 17w, https:\/\/blogsaverroes.juntadeandalucia.es\/marargentea\/files\/2021\/02\/Captura-26x36.jpg 26w, https:\/\/blogsaverroes.juntadeandalucia.es\/marargentea\/files\/2021\/02\/Captura-34x48.jpg 34w\" sizes=\"(max-width: 208px) 100vw, 208px\" \/><\/p>\n<p style=\"text-align: justify\">La tarea que se le ha asignado tanto al delegado\/a como al subdelegado\/a desde Escuela Espacio de Paz es: Ser el mediador en los conflictos que surjan, siempre que puedan; en caso contrario informar\u00e1n al tutor\/a para que sean ellos quien medien.&nbsp; Adem\u00e1s, nos trasladar\u00e1n las propuestas de mejora, sugerencias, quejas, etc. que propongan sus compa\u00f1eros.<\/p>\n<div style=\"width: 1165px;\" class=\"wp-video\"><!--[if lt IE 9]><script>document.createElement('video');<\/script><![endif]-->\n<video class=\"wp-video-shortcode\" id=\"video-3382-1\" width=\"1165\" height=\"655\" preload=\"metadata\" controls=\"controls\"><source type=\"video\/mp4\" src=\"https:\/\/blogsaverroes.juntadeandalucia.es\/marargentea\/files\/2021\/02\/1\u00ba-asamblea-1.mp4?_=1\" \/><a href=\"https:\/\/blogsaverroes.juntadeandalucia.es\/marargentea\/files\/2021\/02\/1\u00ba-asamblea-1.mp4\">https:\/\/blogsaverroes.juntadeandalucia.es\/marargentea\/files\/2021\/02\/1\u00ba-asamblea-1.mp4<\/a><\/video><\/div>\n<p>&nbsp;<\/p>\n<ul>\n<li>\n<h1>2\u00baAsamblea:<\/h1>\n<\/li>\n<\/ul>\n<p style=\"text-align: justify\">Esta segunda reuni\u00f3n tambi\u00e9n se ha realizado por grupos de convivencia en horarios y d\u00edas diferentes, teniendo lugar en la semana del 22 al 26 de Marzo.&nbsp;<\/p>\n<p style=\"text-align: justify\">Cada aula ha tra\u00eddo a la reuni\u00f3n su \u201c<strong><em>cuaderno para delegado\/a de clase<\/em><\/strong>\u201d y han compartido con nosotros las propuestas, ideas, proyectos&#8230; que les gustar\u00eda poder realizar en el centro; as\u00ed como alguna que otra queja. Tambi\u00e9n hemos tratado los conflictos que han surgido a lo largo de estos meses: Qu\u00e9 ha pasado, d\u00f3nde ha ocurrido, qui\u00e9n ha actuado como mediador, si han sido resueltos y c\u00f3mo.<\/p>\n<p>&nbsp;<\/p>\n<ul>\n<li>\n<h1>3\u00baAsamblea:<\/h1>\n<\/li>\n<\/ul>\n<p style=\"text-align: justify\">Esta tercera reuni\u00f3n se ha vuelto a realizar por grupos de convivencia en horarios diferentes el d\u00eda 17 de junio para todos los alumnos de primaria.<\/p>\n<p style=\"text-align: justify\">Cada aula ha tra\u00eddo a la reuni\u00f3n su \u201c<strong><em>cuaderno para delegado\/a de clase<\/em><\/strong>\u201d (que quedar\u00e1 custodiado por la coordinadora de Escuela: Espacio de Paz para el curso que viene) y han vuelto a compartir con nosotros las propuestas, ideas, proyectos&#8230; que les gustar\u00eda poder realizar en el centro; as\u00ed como alguna que otra queja. Tambi\u00e9n hemos tratado algunos de los conflictos que han surgido a lo largo de estos meses, sobre todo los m\u00e1s graves: Qu\u00e9 ha pasado, d\u00f3nde ha ocurrido, qui\u00e9n ha actuado como mediador, si han sido resueltos y c\u00f3mo.<\/p>\n<p>Y como no pod\u00eda ser de otro modo, se le ha agradecido su trabajo como mediador de Paz, d\u00e1ndoles a cada uno un pin reconociendo su labor y el diploma para dejarlo en clase.&nbsp;<\/p>\n<div style=\"width: 960px;\" class=\"wp-video\"><video class=\"wp-video-shortcode\" id=\"video-3382-2\" width=\"960\" height=\"540\" preload=\"metadata\" controls=\"controls\"><source type=\"video\/mp4\" src=\"https:\/\/blogsaverroes.juntadeandalucia.es\/marargentea\/files\/2021\/06\/Medallas-y-diplomas-primaria.mp4?_=2\" \/><a href=\"https:\/\/blogsaverroes.juntadeandalucia.es\/marargentea\/files\/2021\/06\/Medallas-y-diplomas-primaria.mp4\">https:\/\/blogsaverroes.juntadeandalucia.es\/marargentea\/files\/2021\/06\/Medallas-y-diplomas-primaria.mp4<\/a><\/video><\/div>\n<p>&nbsp;<\/p>\n<ul>\n<li>\n<h1>Los alumnos de infantil:<\/h1>\n<\/li>\n<\/ul>\n<p style=\"text-align: justify\">Al ser tan peque\u00f1os no se han realizado reuniones como en primaria; pero, cada tutora ha ido dando pautas a los encargados de aula para resolver los conflictos que surg\u00edan en clase. La mayor\u00eda resueltas por la tutora, sobre todo en el nivel mas peque\u00f1o, y los ni\u00f1os implicados.&nbsp;<\/p>\n<p>El d\u00eda 24 de junio la coordinadora de Escuela: Espacio de Paz se reuni\u00f3 con cada aula individualmente para hacerles entrega de un Pin que nos ha tra\u00eddo la paloma Mar\u00ed Paz por haber sido tan buenos durante este curso tan complicado.&nbsp;<\/p>\n<p>Ellos tambi\u00e9n se merecen un reconocimiento por mantener una buena convivencia en el aula.<\/p>\n<div style=\"width: 960px;\" class=\"wp-video\"><video class=\"wp-video-shortcode\" id=\"video-3382-3\" width=\"960\" height=\"540\" preload=\"metadata\" controls=\"controls\"><source type=\"video\/mp4\" src=\"https:\/\/blogsaverroes.juntadeandalucia.es\/marargentea\/files\/2021\/06\/Pin-Paz-Infantil.mp4?_=3\" \/><a href=\"https:\/\/blogsaverroes.juntadeandalucia.es\/marargentea\/files\/2021\/06\/Pin-Paz-Infantil.mp4\">https:\/\/blogsaverroes.juntadeandalucia.es\/marargentea\/files\/2021\/06\/Pin-Paz-Infantil.mp4<\/a><\/video><\/div>\n<!--themify_builder_content-->\n<div id=\"themify_builder_content-3382\" data-postid=\"3382\" class=\"themify_builder_content themify_builder_content-3382 themify_builder tf_clear\">\n    <\/div>\n<!--\/themify_builder_content-->\n","protected":false},"excerpt":{"rendered":"<p>1\u00baAsamblea: Debido a la situaci\u00f3n en la que nos encontramos por el Covid-19, no se ha podido hacer una \u00fanica reuni\u00f3n con todos los delegados\/as y subdelegados\/as de cada aula. Nos hemos adaptado a dicha situaci\u00f3n y se han realizado las reuniones por grupo de convivencia en horarios y d\u00edas diferentes. Como ya sabemos, la [&hellip;]<\/p>\n","protected":false},"author":4610,"featured_media":0,"parent":0,"menu_order":0,"comment_status":"closed","ping_status":"closed","template":"","meta":{"ngg_post_thumbnail":0,"footnotes":"","_mc_calendar":[]},"aioseo_notices":[],"_links":{"self":[{"href":"https:\/\/blogsaverroes.juntadeandalucia.es\/marargentea\/wp-json\/wp\/v2\/pages\/3382"}],"collection":[{"href":"https:\/\/blogsaverroes.juntadeandalucia.es\/marargentea\/wp-json\/wp\/v2\/pages"}],"about":[{"href":"https:\/\/blogsaverroes.juntadeandalucia.es\/marargentea\/wp-json\/wp\/v2\/types\/page"}],"author":[{"embeddable":true,"href":"https:\/\/blogsaverroes.juntadeandalucia.es\/marargentea\/wp-json\/wp\/v2\/users\/4610"}],"replies":[{"embeddable":true,"href":"https:\/\/blogsaverroes.juntadeandalucia.es\/marargentea\/wp-json\/wp\/v2\/comments?post=3382"}],"version-history":[{"count":17,"href":"https:\/\/blogsaverroes.juntadeandalucia.es\/marargentea\/wp-json\/wp\/v2\/pages\/3382\/revisions"}],"predecessor-version":[{"id":3809,"href":"https:\/\/blogsaverroes.juntadeandalucia.es\/marargentea\/wp-json\/wp\/v2\/pages\/3382\/revisions\/3809"}],"wp:attachment":[{"href":"https:\/\/blogsaverroes.juntadeandalucia.es\/marargentea\/wp-json\/wp\/v2\/media?parent=3382"}],"curies":[{"name":"wp","href":"https:\/\/api.w.org\/{rel}","templated":true}]}}