{"id":4342,"date":"2022-10-20T19:47:30","date_gmt":"2022-10-20T19:47:30","guid":{"rendered":"http:\/\/blogsaverroes.juntadeandalucia.es\/marargentea\/?page_id=4342"},"modified":"2025-07-05T13:28:12","modified_gmt":"2025-07-05T13:28:12","slug":"plan-de-igualdad","status":"publish","type":"page","link":"https:\/\/blogsaverroes.juntadeandalucia.es\/marargentea\/plan-de-igualdad\/","title":{"rendered":"Plan De Igualdad"},"content":{"rendered":"<table style=\"border-collapse: collapse;width: 100%\">\n<tbody>\n<tr>\n<td style=\"width: 20.5677%\"><a href=\"https:\/\/www.juntadeandalucia.es\/educacion\/portals\/web\/igualdad\" target=\"_blank\" rel=\"noopener noreferrer\"><img loading=\"lazy\" decoding=\"async\" class=\"aligncenter wp-image-4344 size-thumbnail\" title=\"Portal Igualdad Junta de Andaluc\u00eda\" src=\"https:\/\/blogsaverroes.juntadeandalucia.es\/marargentea\/files\/2023\/02\/PLANIGU-150x150.jpg\" alt=\"\" width=\"150\" height=\"150\"><\/a><\/td>\n<td style=\"width: 79.4323%;text-align: right\">La&nbsp;<strong>igualdad<\/strong> es un derecho b\u00e1sico que rige el funcionamiento de las sociedades democr\u00e1ticas. En nuestro pa\u00eds, la Constituci\u00f3n Espa\u00f1ola recoge como derecho de los espa\u00f1oles y las espa\u00f1olas la igualdad efectiva, reconociendo que todos y todas somos iguales&nbsp; ante la ley, sin que pueda prevalecer discriminaci\u00f3n alguna por raz\u00f3n de nacimiento, raza, sexo, religi\u00f3n o circunstancias personales o sociales.<\/td>\n<\/tr>\n<\/tbody>\n<\/table>\n<p style=\"text-align: justify\"><span style=\"text-align: justify\">En la sociedad actual se est\u00e1n produciendo logros en lo referente a la necesidad de avanzar hacia la igualdad entre hombres y mujeres. No obstante, para hacer efectivos estos avances no basta con una pol\u00edtica legislativa, ni con una sensibilizaci\u00f3n de fuerzas sociales o de un sector de la sociedad. Es necesario tambi\u00e9n un <strong>cambio en el marco educativo<\/strong> donde, descartando antiguos modelos ya caducos, es posible contribuir a la construcci\u00f3n de unas nuevas identidades que permitan a los ni\u00f1o\/as y j\u00f3venes una f\u00e1cil identificaci\u00f3n con ellas. <\/span><\/p>\n<p style=\"text-align: justify\"><span style=\"text-align: justify\">Por lo tanto, el principal objetivo de este proyecto de coeducaci\u00f3n, es cuestionar actitudes sexistas y fomentar espacios de convivencia en igualdad y equidad, que deben ir acompa\u00f1ados de actuaciones preventivas y de aprendizaje tendentes a una convivencia en paz. Si queremos formar de una manera integral a nuestro alumnado, prepar\u00e1ndoles para una vida futura respetuosa, sin discriminaci\u00f3n por raz\u00f3n de g\u00e9nero, la formaci\u00f3n en igualdad es un tema de vital importancia en el sistema educativo. Se trata que a trav\u00e9s de la educaci\u00f3n se puedan desarrollar todas las capacidades individuales con independencia del g\u00e9nero. La escuela debe transmitir valores, normas y actitudes que favorezcan los comportamientos de respeto a los dem\u00e1s; sin que tenga cabida las actitudes agresivas, estereotipadas ni violentas.<\/span><\/p>\n<p>Desde el Plan de Igualdad, cada curso escolar, se proponen actividades de d\u00edas conmemorativos para trabajar con todo el alumnado de nuestro centro. Pinche en los enlaces para visualizarlas:<\/p>\n<ul>\n<li><a href=\"https:\/\/blogsaverroes.juntadeandalucia.es\/marargentea\/category\/dia-internacional-contra-la-violencia-de-la-mujer-25-de-noviembre\/\" target=\"_blank\" rel=\"noopener noreferrer\">25 de noviembre: D\u00eda Internacional contra la violencia de la mujer.<\/a><\/li>\n<li><a href=\"https:\/\/blogsaverroes.juntadeandalucia.es\/marargentea\/category\/dia-internacional-de-la-mujer-y-la-nina-en-la-ciencia-11-de-febrero\/\" target=\"_blank\" rel=\"noopener noreferrer\">11 de febrero: D\u00eda Internacional de la Mujer y la Ni\u00f1a en la Ciencia.<\/a><\/li>\n<li><a href=\"https:\/\/blogsaverroes.juntadeandalucia.es\/marargentea\/category\/dia-internacional-de-la-mujer-8-de-marzo\/\" target=\"_blank\" rel=\"noopener noreferrer\">8 de marzo: D\u00eda de la Mujer Trabajadora.<\/a><\/li>\n<li><a title=\"Otras actividades de Igualdad\" href=\"https:\/\/blogsaverroes.juntadeandalucia.es\/marargentea\/category\/otras-actividades-de-igualdad\/\" target=\"_blank\" rel=\"noopener noreferrer\">Otras actividades propuestas durante cada curso escolar<\/a><\/li>\n<\/ul>\n<p style=\"text-align: justify\">Desde el ayuntamiento se han creado unas mochilas coeducativas denominadas \u00abEl espacio violeta de la biblioteca\u00bb. Su objetivo ha sido el dotar a los centros de la localidad de Torremolinos de un espacio en sus bibliotecas que cuente con un material de literatura infantil destinado a la coeducaci\u00f3n. Dentro del material con el que se ha dotado los colegios para formar dicho espacio, aparece \u00abLa capitana Violeta\u00bb, una superhero\u00edna de la Biblioteca, la guardiana de los libros y de la imaginaci\u00f3n, y que nos ayudar\u00e1 en nuestra lucha contra la violencia de la Mujer. \u00a1Entra y descubre nuestro \u00ab<span style=\"color: #cc99ff\"><span style=\"color: #000000\">Espacio Violeta\u00bb<\/span><\/span>!: <strong><span style=\"color: #cc99ff\"><a style=\"color: #cc99ff\" title=\"Entra y descubre el rinc\u00f3n violeta\" href=\"https:\/\/ciudadesmeraldargentea.blogspot.com\/2022\/11\/nuestro-espacio-violeta-se-ha-inaugurado.html\" target=\"_blank\" rel=\"noopener noreferrer\">Yo leo violeta, y \u00bft\u00fa?.<\/a><\/span><\/strong><\/p>\n<p>Desde el curso 2024\/25 muchas de las actividades llevadas acabo en dicho programa, se podr\u00e1n ver desde Instagram:<\/p>\n<p><a title=\"@mar_argentea\" href=\"https:\/\/www.instagram.com\/mar_argentea\/?utm_source=qr&amp;igsh=MWZ5MXMyeG8yeXkwZw%3D%3D\" target=\"_blank\" rel=\"noopener\"><img loading=\"lazy\" decoding=\"async\" class=\"aligncenter\" src=\"https:\/\/i0.wp.com\/eltallerdehector.com\/wp-content\/uploads\/2022\/06\/7fac6-logo-instagram-transparent.png?resize=512%2C512&amp;ssl=1\" alt=\"Logo instagram\" width=\"121\" height=\"121\"><\/a><\/p>\n","protected":false},"excerpt":{"rendered":"<p>La&nbsp;igualdad es un derecho b\u00e1sico que rige el funcionamiento de las sociedades democr\u00e1ticas. En nuestro pa\u00eds, la Constituci\u00f3n Espa\u00f1ola recoge como derecho de los espa\u00f1oles y las espa\u00f1olas la igualdad efectiva, reconociendo que todos y todas somos iguales&nbsp; ante la ley, sin que pueda prevalecer discriminaci\u00f3n alguna por raz\u00f3n de nacimiento, raza, sexo, religi\u00f3n o [&hellip;]<\/p>\n","protected":false},"author":13530,"featured_media":0,"parent":0,"menu_order":0,"comment_status":"closed","ping_status":"closed","template":"","meta":{"ngg_post_thumbnail":0,"footnotes":"","_mc_calendar":[]},"aioseo_notices":[],"_links":{"self":[{"href":"https:\/\/blogsaverroes.juntadeandalucia.es\/marargentea\/wp-json\/wp\/v2\/pages\/4342"}],"collection":[{"href":"https:\/\/blogsaverroes.juntadeandalucia.es\/marargentea\/wp-json\/wp\/v2\/pages"}],"about":[{"href":"https:\/\/blogsaverroes.juntadeandalucia.es\/marargentea\/wp-json\/wp\/v2\/types\/page"}],"author":[{"embeddable":true,"href":"https:\/\/blogsaverroes.juntadeandalucia.es\/marargentea\/wp-json\/wp\/v2\/users\/13530"}],"replies":[{"embeddable":true,"href":"https:\/\/blogsaverroes.juntadeandalucia.es\/marargentea\/wp-json\/wp\/v2\/comments?post=4342"}],"version-history":[{"count":60,"href":"https:\/\/blogsaverroes.juntadeandalucia.es\/marargentea\/wp-json\/wp\/v2\/pages\/4342\/revisions"}],"predecessor-version":[{"id":5868,"href":"https:\/\/blogsaverroes.juntadeandalucia.es\/marargentea\/wp-json\/wp\/v2\/pages\/4342\/revisions\/5868"}],"wp:attachment":[{"href":"https:\/\/blogsaverroes.juntadeandalucia.es\/marargentea\/wp-json\/wp\/v2\/media?parent=4342"}],"curies":[{"name":"wp","href":"https:\/\/api.w.org\/{rel}","templated":true}]}}