{"id":99,"date":"2015-03-16T07:22:54","date_gmt":"2015-03-16T07:22:54","guid":{"rendered":"http:\/\/blogsaverroes.juntadeandalucia.es\/pre\/ceip\/?page_id=99"},"modified":"2024-09-13T18:29:05","modified_gmt":"2024-09-13T18:29:05","slug":"comedor-escolar","status":"publish","type":"page","link":"https:\/\/blogsaverroes.juntadeandalucia.es\/marargentea\/comedor-escolar\/","title":{"rendered":"Comedor escolar"},"content":{"rendered":"<h3 style=\"text-align: center\">El <span style=\"color: #000000\"><strong>GRUPO MEDITERRANEA<\/strong><\/span> de catering es la empresa que gestiona el servicio de comedor en nuestro centro.&nbsp;<\/h3>\n<h4>&nbsp;<\/h4>\n<h4 style=\"text-align: left\"><strong><em>GESTI\u00d3N DEL SERVICIO DE COMEDOR:&nbsp;<\/em><\/strong><\/h4>\n<p><a title=\"INFORMACION IMPORTANTE\" href=\"https:\/\/drive.google.com\/file\/d\/1HgF89PgTWifck2neakaEoei4TgHihIqm\/view?usp=sharing\" target=\"_blank\" rel=\"noopener noreferrer\"><img loading=\"lazy\" decoding=\"async\" class=\"aligncenter wp-image-4217\" src=\"https:\/\/blogsaverroes.juntadeandalucia.es\/marargentea\/files\/2022\/09\/Servicio-Catering-239x300.jpg\" alt=\"\" width=\"157\" height=\"197\" srcset=\"https:\/\/blogsaverroes.juntadeandalucia.es\/marargentea\/files\/2022\/09\/Servicio-Catering-239x300.jpg 239w, https:\/\/blogsaverroes.juntadeandalucia.es\/marargentea\/files\/2022\/09\/Servicio-Catering.jpg 407w\" sizes=\"(max-width: 157px) 100vw, 157px\" \/><\/a><\/p>\n<h4 style=\"text-align: left\"><strong><em>NORMAS SIMPLIFICADA DEL COMEDOR:&nbsp;<\/em><\/strong><\/h4>\n<ul>\n<li>\u00bfC\u00f3mo contacto con la empresa?<br \/>\n<img loading=\"lazy\" decoding=\"async\" class=\"\" src=\"https:\/\/img.freepik.com\/vector-gratis\/sobre-email-abierto_1020-530.jpg\" alt=\"Im\u00e1genes de Sobre Icono - Descarga gratuita en Freepik\" width=\"26\" height=\"26\">&nbsp; &nbsp;<a href=\"mailto:administracion.malaga@mediterranea-group.com\">administracion.malaga@mediterranea-group.com&nbsp;<\/a><\/li>\n<\/ul>\n<p>&nbsp;<\/p>\n<ul>\n<li>\u00bfD\u00f3nde notifico las ausencias o las bajas del servicio?<br \/>\n<a href=\"mailto:administracion.malaga@mediterranea-group.com\">administracion.malaga@mediterranea-group.com&nbsp;<\/a><br \/>\n<img loading=\"lazy\" decoding=\"async\" class=\"\" src=\"https:\/\/media.istockphoto.com\/id\/1454186496\/es\/vector\/sonr%C3%ADe-con-ojos-y-ojos-que-miran-hacia-otro-lado-s%C3%ADmbolo-emoji-de-ojo-icono-de-pegatina-de.jpg?s=612x612&amp;w=0&amp;k=20&amp;c=HDJQsxnTmKYMCQ3hZd0R3MoMaMRUld3T3T-ayVZL8Co=\" alt=\"Ilustraci\u00f3n de Sonr\u00ede Con Ojos Y Ojos Que Miran Hacia Otro Lado S\u00edmbolo Emoji De Ojo Icono De Pegatina De Mensaje De Chat Ilustraci\u00f3n De Stock Vectorial y m\u00e1s Vectores Libres de\" width=\"30\" height=\"21\"> <strong>con 3 d\u00edas de antelaci\u00f3n ausencias y una semana antes, en caso de baja en el servicio<\/strong><\/li>\n<\/ul>\n<p>&nbsp;<\/p>\n<ul>\n<li>Si mi hijo est\u00e1 enfermo, \u00bfC\u00f3mo notifico la falta?<br \/>\n<a href=\"mailto:administracion.malaga@mediterranea-group.com\">administracion.malaga@mediterranea-group.com&nbsp;<\/a><br \/>\n<img loading=\"lazy\" decoding=\"async\" class=\"\" src=\"https:\/\/cdn-icons-png.flaticon.com\/512\/2418\/2418174.png\" alt=\"Estetoscopio - Iconos gratis de m\u00e9dico\" width=\"23\" height=\"23\"> Aportando en un <em><strong>plazo m\u00e1ximo de 5 d\u00edas<\/strong><\/em> justificaci\u00f3n m\u00e9dica para descontar el d\u00eda<\/li>\n<\/ul>\n<p>&nbsp;<\/p>\n<ul>\n<li>Si mi hijo necesita una dieta especial o blanda \u00bfD\u00f3nde la solicito?<br \/>\n<a href=\"mailto:dietetica.andalucia@mediterranea-group.com\">dietetica.andalucia@mediterranea-group.com&nbsp;<\/a><br \/>\n<img loading=\"lazy\" decoding=\"async\" class=\"\" src=\"https:\/\/cdn-icons-png.flaticon.com\/512\/706\/706164.png\" alt=\"Dieta - Iconos gratis de comida\" width=\"28\" height=\"28\"> Aportando <em><strong>informe m\u00e9dico<\/strong><strong> o del alerg\u00f3logo<\/strong><\/em>, la dieta especial se recibir\u00e1 en unos 10 d\u00edas<\/li>\n<\/ul>\n<p>&nbsp;<\/p>\n<h4><strong><em>WEB DE PADRES:<\/em><\/strong><a title=\"Acceso directo a Web de padres\" href=\"https:\/\/andalucia.mediterranea-group.com\/padres\/\" target=\"_blank\" rel=\"noopener noreferrer\"><img loading=\"lazy\" decoding=\"async\" class=\"aligncenter wp-image-2935 size-full\" title=\"Acceso directo a Web de padres\" src=\"https:\/\/blogsaverroes.juntadeandalucia.es\/marargentea\/files\/2020\/12\/Icono-comedor.jpg\" alt=\"\" width=\"489\" height=\"72\" srcset=\"https:\/\/blogsaverroes.juntadeandalucia.es\/marargentea\/files\/2020\/12\/Icono-comedor.jpg 489w, https:\/\/blogsaverroes.juntadeandalucia.es\/marargentea\/files\/2020\/12\/Icono-comedor-300x44.jpg 300w, https:\/\/blogsaverroes.juntadeandalucia.es\/marargentea\/files\/2020\/12\/Icono-comedor-24x4.jpg 24w, https:\/\/blogsaverroes.juntadeandalucia.es\/marargentea\/files\/2020\/12\/Icono-comedor-36x5.jpg 36w, https:\/\/blogsaverroes.juntadeandalucia.es\/marargentea\/files\/2020\/12\/Icono-comedor-48x7.jpg 48w\" sizes=\"(max-width: 489px) 100vw, 489px\" \/><\/a><\/h4>\n<h4><strong><em><a title=\"Gu\u00eda de registro\" href=\"https:\/\/drive.google.com\/file\/d\/1keFGmp5Mju7qK_5pvDy1vjpsyOebjv_r\/view?usp=sharing\" target=\"_blank\" rel=\"noopener noreferrer\"><img loading=\"lazy\" decoding=\"async\" class=\" wp-image-4213 aligncenter\" src=\"https:\/\/blogsaverroes.juntadeandalucia.es\/marargentea\/files\/2022\/09\/4403464-300x300.png\" alt=\"\" width=\"122\" height=\"122\" srcset=\"https:\/\/blogsaverroes.juntadeandalucia.es\/marargentea\/files\/2022\/09\/4403464-300x300.png 300w, https:\/\/blogsaverroes.juntadeandalucia.es\/marargentea\/files\/2022\/09\/4403464-150x150.png 150w, https:\/\/blogsaverroes.juntadeandalucia.es\/marargentea\/files\/2022\/09\/4403464.png 512w\" sizes=\"(max-width: 122px) 100vw, 122px\" \/><\/a><\/em><\/strong><\/h4>\n<!--themify_builder_content-->\n<div id=\"themify_builder_content-99\" data-postid=\"99\" class=\"themify_builder_content themify_builder_content-99 themify_builder tf_clear\">\n    <\/div>\n<!--\/themify_builder_content-->\n","protected":false},"excerpt":{"rendered":"<p>El GRUPO MEDITERRANEA de catering es la empresa que gestiona el servicio de comedor en nuestro centro.&nbsp; &nbsp; GESTI\u00d3N DEL SERVICIO DE COMEDOR:&nbsp; NORMAS SIMPLIFICADA DEL COMEDOR:&nbsp; \u00bfC\u00f3mo contacto con la empresa? &nbsp; &nbsp;administracion.malaga@mediterranea-group.com&nbsp; &nbsp; \u00bfD\u00f3nde notifico las ausencias o las bajas del servicio? administracion.malaga@mediterranea-group.com&nbsp; con 3 d\u00edas de antelaci\u00f3n ausencias y una semana antes, [&hellip;]<\/p>\n","protected":false},"author":1,"featured_media":0,"parent":0,"menu_order":0,"comment_status":"closed","ping_status":"open","template":"","meta":{"ngg_post_thumbnail":0,"footnotes":"","_mc_calendar":[]},"aioseo_notices":[],"_links":{"self":[{"href":"https:\/\/blogsaverroes.juntadeandalucia.es\/marargentea\/wp-json\/wp\/v2\/pages\/99"}],"collection":[{"href":"https:\/\/blogsaverroes.juntadeandalucia.es\/marargentea\/wp-json\/wp\/v2\/pages"}],"about":[{"href":"https:\/\/blogsaverroes.juntadeandalucia.es\/marargentea\/wp-json\/wp\/v2\/types\/page"}],"author":[{"embeddable":true,"href":"https:\/\/blogsaverroes.juntadeandalucia.es\/marargentea\/wp-json\/wp\/v2\/users\/1"}],"replies":[{"embeddable":true,"href":"https:\/\/blogsaverroes.juntadeandalucia.es\/marargentea\/wp-json\/wp\/v2\/comments?post=99"}],"version-history":[{"count":62,"href":"https:\/\/blogsaverroes.juntadeandalucia.es\/marargentea\/wp-json\/wp\/v2\/pages\/99\/revisions"}],"predecessor-version":[{"id":5621,"href":"https:\/\/blogsaverroes.juntadeandalucia.es\/marargentea\/wp-json\/wp\/v2\/pages\/99\/revisions\/5621"}],"wp:attachment":[{"href":"https:\/\/blogsaverroes.juntadeandalucia.es\/marargentea\/wp-json\/wp\/v2\/media?parent=99"}],"curies":[{"name":"wp","href":"https:\/\/api.w.org\/{rel}","templated":true}]}}