{"id":35,"date":"2015-03-13T08:21:43","date_gmt":"2015-03-13T08:21:43","guid":{"rendered":"http:\/\/blogsaverroes.juntadeandalucia.es\/pre\/ceip\/?page_id=35"},"modified":"2025-01-05T21:22:00","modified_gmt":"2025-01-05T21:22:00","slug":"el-centro-2","status":"publish","type":"page","link":"https:\/\/blogsaverroes.juntadeandalucia.es\/margaritasalasies\/el-centro-2\/","title":{"rendered":"Datos del centro"},"content":{"rendered":"<p><img loading=\"lazy\" decoding=\"async\" class=\"alignnone size-full wp-image-9242\" src=\"https:\/\/blogsaverroes.juntadeandalucia.es\/margaritasalasies\/files\/2025\/01\/Captura.png\" alt=\"\" width=\"1197\" height=\"611\" srcset=\"https:\/\/blogsaverroes.juntadeandalucia.es\/margaritasalasies\/files\/2025\/01\/Captura.png 1197w, https:\/\/blogsaverroes.juntadeandalucia.es\/margaritasalasies\/files\/2025\/01\/Captura-300x153.png 300w, https:\/\/blogsaverroes.juntadeandalucia.es\/margaritasalasies\/files\/2025\/01\/Captura-1024x523.png 1024w, https:\/\/blogsaverroes.juntadeandalucia.es\/margaritasalasies\/files\/2025\/01\/Captura-768x392.png 768w, https:\/\/blogsaverroes.juntadeandalucia.es\/margaritasalasies\/files\/2025\/01\/Captura-700x357.png 700w\" sizes=\"(max-width: 767px) 89vw, (max-width: 1000px) 54vw, (max-width: 1071px) 543px, 580px\" \/><\/p>\n<h4><strong>Datos de contacto<\/strong><\/h4>\n<p>IES Margarita Salas<\/p>\n<p><strong>Direcci\u00f3n:<\/strong><\/p>\n<p>Calle Mediod\u00eda n\u00ba 4<\/p>\n<p>29738, Torre de Benagalb\u00f3n (Rinc\u00f3n de la Victoria, M\u00e1laga)<\/p>\n<p><strong>Tel\u00e9fono: <\/strong>647551187<\/p>\n<h4><strong>Horarios<\/strong><\/h4>\n<p>Inicio de clases: 8,15 h.<\/p>\n<p>Final de clases: 14,45 h.<\/p>\n<h4><strong>Oferta educativa<\/strong><\/h4>\n<p>AULA ESPEC\u00cdFICA<\/p>\n<p>1\u00ba de ESO<\/p>\n<p>2\u00ba de ESO<\/p>\n<p>3\u00ba de ESO<\/p>\n<p>4\u00ba de ESO<\/p>\n<p>1\u00ba de Bachillerato (Ciencias y Tecnolog\u00eda, Humanidades y Ciencias Sociales)<\/p>\n<p>2\u00ba de Bachillerato (Ciencias y Tecnolog\u00eda, Humanidades y Ciencias Sociales)<\/p>\n<h4>&nbsp;<\/h4>\n","protected":false},"excerpt":{"rendered":"<p>Datos de contacto IES Margarita Salas Direcci\u00f3n: Calle Mediod\u00eda n\u00ba 4 29738, Torre de Benagalb\u00f3n (Rinc\u00f3n de la Victoria, M\u00e1laga) Tel\u00e9fono: 647551187 Horarios Inicio de clases: 8,15 h. Final de clases: 14,45 h. Oferta educativa AULA ESPEC\u00cdFICA 1\u00ba de ESO 2\u00ba de ESO 3\u00ba de ESO 4\u00ba de ESO 1\u00ba de Bachillerato (Ciencias y Tecnolog\u00eda, &hellip; <\/p>\n<p class=\"link-more\"><a href=\"https:\/\/blogsaverroes.juntadeandalucia.es\/margaritasalasies\/el-centro-2\/\" class=\"more-link\">Continuar leyendo<span class=\"screen-reader-text\"> \u00abDatos del centro\u00bb<\/span><\/a><\/p>\n","protected":false},"author":1,"featured_media":0,"parent":0,"menu_order":0,"comment_status":"closed","ping_status":"open","template":"","meta":{"ngg_post_thumbnail":0,"footnotes":"","_mc_calendar":[]},"aioseo_notices":[],"_links":{"self":[{"href":"https:\/\/blogsaverroes.juntadeandalucia.es\/margaritasalasies\/wp-json\/wp\/v2\/pages\/35"}],"collection":[{"href":"https:\/\/blogsaverroes.juntadeandalucia.es\/margaritasalasies\/wp-json\/wp\/v2\/pages"}],"about":[{"href":"https:\/\/blogsaverroes.juntadeandalucia.es\/margaritasalasies\/wp-json\/wp\/v2\/types\/page"}],"author":[{"embeddable":true,"href":"https:\/\/blogsaverroes.juntadeandalucia.es\/margaritasalasies\/wp-json\/wp\/v2\/users\/1"}],"replies":[{"embeddable":true,"href":"https:\/\/blogsaverroes.juntadeandalucia.es\/margaritasalasies\/wp-json\/wp\/v2\/comments?post=35"}],"version-history":[{"count":20,"href":"https:\/\/blogsaverroes.juntadeandalucia.es\/margaritasalasies\/wp-json\/wp\/v2\/pages\/35\/revisions"}],"predecessor-version":[{"id":9244,"href":"https:\/\/blogsaverroes.juntadeandalucia.es\/margaritasalasies\/wp-json\/wp\/v2\/pages\/35\/revisions\/9244"}],"wp:attachment":[{"href":"https:\/\/blogsaverroes.juntadeandalucia.es\/margaritasalasies\/wp-json\/wp\/v2\/media?parent=35"}],"curies":[{"name":"wp","href":"https:\/\/api.w.org\/{rel}","templated":true}]}}