{"id":49,"date":"2018-12-01T08:47:05","date_gmt":"2018-12-01T08:47:05","guid":{"rendered":"http:\/\/blogsaverroes.juntadeandalucia.es\/pre\/ceip\/?page_id=49"},"modified":"2026-04-10T07:41:22","modified_gmt":"2026-04-10T07:41:22","slug":"proyecto-educativo","status":"publish","type":"page","link":"https:\/\/blogsaverroes.juntadeandalucia.es\/margaritasalasies\/proyecto-educativo\/","title":{"rendered":"Plan de Centro"},"content":{"rendered":"<p><img loading=\"lazy\" decoding=\"async\" class=\"alignnone size-full wp-image-9399\" src=\"https:\/\/blogsaverroes.juntadeandalucia.es\/margaritasalasies\/files\/2025\/02\/libros-1435254404854-1.jpg\" alt=\"\" width=\"711\" height=\"221\" srcset=\"https:\/\/blogsaverroes.juntadeandalucia.es\/margaritasalasies\/files\/2025\/02\/libros-1435254404854-1.jpg 711w, https:\/\/blogsaverroes.juntadeandalucia.es\/margaritasalasies\/files\/2025\/02\/libros-1435254404854-1-300x93.jpg 300w, https:\/\/blogsaverroes.juntadeandalucia.es\/margaritasalasies\/files\/2025\/02\/libros-1435254404854-1-700x218.jpg 700w\" sizes=\"(max-width: 711px) 100vw, 711px\" \/>El Plan de Centro es un documento que define las caracter\u00edsticas propias de nuestro instituto, que lo identifican y diferencia de los dem\u00e1s. Consta de tres documentos fundamentales: <strong>Proyecto Educativo<\/strong>, <strong>Reglamento de Organizaci\u00f3n y Funcionamiento<\/strong> y <strong>Proyecto de Gesti\u00f3n<\/strong>. Se trata de un documento p\u00fablico y plurianual, que obliga y relaciona a toda la Comunidad Educativa, y que ha de ser p\u00fablico.<\/p>\n<p>En los siguientes documentos se recogen las caracter\u00edsticas fundamentales del plan de centro con sus propios objetivos y finalidades, as\u00ed como otros planes y proyectos que forman parte del mismo.<\/p>\n<p><a href=\"https:\/\/drive.google.com\/file\/d\/1GPZAIk9ZqXWjjX1Hgh0GiqRhPHpUWdkQ\/view?usp=drive_link\">PLAN DE CENTRO (Proyecto Educativo, ROF y Proyecto de Gesti\u00f3n)<\/a><\/p>\n<p><a href=\"https:\/\/drive.google.com\/drive\/folders\/1IWBGd6s0NJrPsMve-9QyFwruldLvD6dV?usp=sharing\">PROGRAMACIONES DID\u00c1CTICAS CURSO 2025\/26<\/a><\/p>\n<p><a href=\"https:\/\/drive.google.com\/file\/d\/1eMHQ-qjbV_ozPd7yDsBtAZCDiGWV_wRS\/view?usp=sharing\">PLAN DE BILING\u00dcISMO<\/a><\/p>\n<p><a href=\"https:\/\/drive.google.com\/file\/d\/1n3-wz7NleqU6HHmEEELWzxXgfOroFoB5\/view?usp=sharing\">CURR\u00cdCULO INTEGRADO DE LAS LENGUAS<\/a><\/p>\n<p><a href=\"https:\/\/drive.google.com\/file\/d\/1UEbSnGeY6wthKH4d4pOUaG5bkhHziwqS\/view?usp=sharing\">PLAN DE MEJORA<\/a><\/p>\n<p><a href=\"https:\/\/drive.google.com\/file\/d\/1l9kEdF_fDls66IpUybsvsvb74x-PoKWt\/view?usp=sharing\">PLAN DE CONVIVENCIA<\/a>&nbsp;<\/p>\n<p><a href=\"https:\/\/drive.google.com\/drive\/folders\/1wGHpafhVBb_ui6EON1xTLQ3EVbTFHk8E?usp=drive_link\">PLAN DE AUTOPROTECCI\u00d3N Y PREVENCI\u00d3N DE RIESGOS LABORALES<\/a><\/p>\n","protected":false},"excerpt":{"rendered":"<p>El Plan de Centro es un documento que define las caracter\u00edsticas propias de nuestro instituto, que lo identifican y diferencia de los dem\u00e1s. Consta de tres documentos fundamentales: Proyecto Educativo, Reglamento de Organizaci\u00f3n y Funcionamiento y Proyecto de Gesti\u00f3n. Se trata de un documento p\u00fablico y plurianual, que obliga y relaciona a toda la Comunidad &hellip; <\/p>\n<p class=\"link-more\"><a href=\"https:\/\/blogsaverroes.juntadeandalucia.es\/margaritasalasies\/proyecto-educativo\/\" class=\"more-link\">Continuar leyendo<span class=\"screen-reader-text\"> \u00abPlan de Centro\u00bb<\/span><\/a><\/p>\n","protected":false},"author":1,"featured_media":0,"parent":0,"menu_order":0,"comment_status":"closed","ping_status":"open","template":"","meta":{"ngg_post_thumbnail":0,"footnotes":"","_mc_calendar":[]},"aioseo_notices":[],"_links":{"self":[{"href":"https:\/\/blogsaverroes.juntadeandalucia.es\/margaritasalasies\/wp-json\/wp\/v2\/pages\/49"}],"collection":[{"href":"https:\/\/blogsaverroes.juntadeandalucia.es\/margaritasalasies\/wp-json\/wp\/v2\/pages"}],"about":[{"href":"https:\/\/blogsaverroes.juntadeandalucia.es\/margaritasalasies\/wp-json\/wp\/v2\/types\/page"}],"author":[{"embeddable":true,"href":"https:\/\/blogsaverroes.juntadeandalucia.es\/margaritasalasies\/wp-json\/wp\/v2\/users\/1"}],"replies":[{"embeddable":true,"href":"https:\/\/blogsaverroes.juntadeandalucia.es\/margaritasalasies\/wp-json\/wp\/v2\/comments?post=49"}],"version-history":[{"count":66,"href":"https:\/\/blogsaverroes.juntadeandalucia.es\/margaritasalasies\/wp-json\/wp\/v2\/pages\/49\/revisions"}],"predecessor-version":[{"id":10452,"href":"https:\/\/blogsaverroes.juntadeandalucia.es\/margaritasalasies\/wp-json\/wp\/v2\/pages\/49\/revisions\/10452"}],"wp:attachment":[{"href":"https:\/\/blogsaverroes.juntadeandalucia.es\/margaritasalasies\/wp-json\/wp\/v2\/media?parent=49"}],"curies":[{"name":"wp","href":"https:\/\/api.w.org\/{rel}","templated":true}]}}