{"id":172,"date":"2020-11-27T16:40:03","date_gmt":"2020-11-27T16:40:03","guid":{"rendered":"https:\/\/blogsaverroes.juntadeandalucia.es\/mariangeleslopez\/?page_id=172"},"modified":"2020-11-27T18:04:59","modified_gmt":"2020-11-27T18:04:59","slug":"e-i-la-ermita","status":"publish","type":"page","link":"https:\/\/blogsaverroes.juntadeandalucia.es\/mariangeleslopez\/e-i-la-ermita\/","title":{"rendered":"E.I. LA ERMITA"},"content":{"rendered":"<p>COLEGIO DE SEGUNDO CICLO DE EDUCACI\u00d3N INFANTIL,&nbsp;&nbsp;DE L\u00cdNEA 3 Y EN CINCO&nbsp; A\u00d1OS DE L\u00cdNEA 4.<\/p>\n<p>SITUADO EN LA LOCALIDAD DE LAS GABIAS, JUNTO A LA ERMITA DE LA LOCALIDAD.<\/p>\n<p>PERTENEZCO AL NIVEL DE 4 A\u00d1OS EN EL CURSO 2020\/2021&nbsp; Y LLEVO TRABAJANDO EN \u00c9L, DESDE EL 2009.<\/p>\n<p>&nbsp;<\/p>\n<p>&nbsp;<\/p>\n<p>&nbsp;<\/p>\n","protected":false},"excerpt":{"rendered":"<p>COLEGIO DE SEGUNDO CICLO DE EDUCACI\u00d3N INFANTIL,&nbsp;&nbsp;DE L\u00cdNEA 3 Y EN CINCO&nbsp; A\u00d1OS DE L\u00cdNEA 4. SITUADO EN LA LOCALIDAD DE LAS GABIAS, JUNTO A LA ERMITA DE LA LOCALIDAD. PERTENEZCO AL NIVEL DE&#46;&#46;&#46;<\/p>\n","protected":false},"author":11299,"featured_media":0,"parent":0,"menu_order":0,"comment_status":"closed","ping_status":"closed","template":"","meta":{"ngg_post_thumbnail":0,"footnotes":""},"aioseo_notices":[],"_links":{"self":[{"href":"https:\/\/blogsaverroes.juntadeandalucia.es\/mariangeleslopez\/wp-json\/wp\/v2\/pages\/172"}],"collection":[{"href":"https:\/\/blogsaverroes.juntadeandalucia.es\/mariangeleslopez\/wp-json\/wp\/v2\/pages"}],"about":[{"href":"https:\/\/blogsaverroes.juntadeandalucia.es\/mariangeleslopez\/wp-json\/wp\/v2\/types\/page"}],"author":[{"embeddable":true,"href":"https:\/\/blogsaverroes.juntadeandalucia.es\/mariangeleslopez\/wp-json\/wp\/v2\/users\/11299"}],"replies":[{"embeddable":true,"href":"https:\/\/blogsaverroes.juntadeandalucia.es\/mariangeleslopez\/wp-json\/wp\/v2\/comments?post=172"}],"version-history":[{"count":6,"href":"https:\/\/blogsaverroes.juntadeandalucia.es\/mariangeleslopez\/wp-json\/wp\/v2\/pages\/172\/revisions"}],"predecessor-version":[{"id":204,"href":"https:\/\/blogsaverroes.juntadeandalucia.es\/mariangeleslopez\/wp-json\/wp\/v2\/pages\/172\/revisions\/204"}],"wp:attachment":[{"href":"https:\/\/blogsaverroes.juntadeandalucia.es\/mariangeleslopez\/wp-json\/wp\/v2\/media?parent=172"}],"curies":[{"name":"wp","href":"https:\/\/api.w.org\/{rel}","templated":true}]}}