{"id":41,"date":"2022-11-22T17:44:53","date_gmt":"2022-11-22T17:44:53","guid":{"rendered":"https:\/\/blogsaverroes.juntadeandalucia.es\/marigusti\/?page_id=41"},"modified":"2023-04-05T11:13:18","modified_gmt":"2023-04-05T11:13:18","slug":"actividades","status":"publish","type":"page","link":"https:\/\/blogsaverroes.juntadeandalucia.es\/marigusti\/actividades\/","title":{"rendered":"ACTIVIDADES"},"content":{"rendered":"\t\t<div data-elementor-type=\"wp-page\" data-elementor-id=\"41\" class=\"elementor elementor-41\">\n\t\t\t\t\t\t<section class=\"elementor-section elementor-top-section elementor-element elementor-element-277a521 elementor-section-boxed elementor-section-height-default elementor-section-height-default\" data-id=\"277a521\" data-element_type=\"section\">\n\t\t\t\t\t\t<div class=\"elementor-container elementor-column-gap-default\">\n\t\t\t\t\t<div class=\"elementor-column elementor-col-100 elementor-top-column elementor-element elementor-element-462648d\" data-id=\"462648d\" data-element_type=\"column\">\n\t\t\t<div class=\"elementor-widget-wrap elementor-element-populated\">\n\t\t\t\t\t\t<div class=\"elementor-element elementor-element-31423aa elementor-widget elementor-widget-heading\" data-id=\"31423aa\" data-element_type=\"widget\" data-widget_type=\"heading.default\">\n\t\t\t\t<div class=\"elementor-widget-container\">\n\t\t\t\t\t<h2 class=\"elementor-heading-title elementor-size-default\">ACTIVIDADES<\/h2>\t\t\t\t<\/div>\n\t\t\t\t<\/div>\n\t\t\t\t\t<\/div>\n\t\t<\/div>\n\t\t\t\t\t<\/div>\n\t\t<\/section>\n\t\t\t\t<section class=\"elementor-section elementor-top-section elementor-element elementor-element-062046e elementor-section-boxed elementor-section-height-default elementor-section-height-default\" data-id=\"062046e\" data-element_type=\"section\">\n\t\t\t\t\t\t<div class=\"elementor-container elementor-column-gap-default\">\n\t\t\t\t\t<div class=\"elementor-column elementor-col-33 elementor-top-column elementor-element elementor-element-1bd48c5\" data-id=\"1bd48c5\" data-element_type=\"column\">\n\t\t\t<div class=\"elementor-widget-wrap elementor-element-populated\">\n\t\t\t\t\t\t<div class=\"elementor-element elementor-element-708cd64 elementor-widget elementor-widget-text-editor\" data-id=\"708cd64\" data-element_type=\"widget\" data-widget_type=\"text-editor.default\">\n\t\t\t\t<div class=\"elementor-widget-container\">\n\t\t\t\t\t\t\t\t\t<p><span style=\"font-size: 18pt;font-family: 'comic sans ms', sans-serif;color: #0000ff\">En este apartado vamos a ir compartiendo aquellas actividades que vayamos realizando.<\/span><\/p>\t\t\t\t\t\t\t\t<\/div>\n\t\t\t\t<\/div>\n\t\t\t\t\t<\/div>\n\t\t<\/div>\n\t\t\t\t<div class=\"elementor-column elementor-col-33 elementor-top-column elementor-element elementor-element-53dc209\" data-id=\"53dc209\" data-element_type=\"column\">\n\t\t\t<div class=\"elementor-widget-wrap elementor-element-populated\">\n\t\t\t\t\t\t<div class=\"elementor-element elementor-element-e55c882 elementor-widget elementor-widget-image\" data-id=\"e55c882\" data-element_type=\"widget\" data-widget_type=\"image.default\">\n\t\t\t\t<div class=\"elementor-widget-container\">\n\t\t\t\t\t\t\t\t\t\t\t\t\t\t\t<img fetchpriority=\"high\" decoding=\"async\" width=\"1024\" height=\"888\" src=\"https:\/\/blogsaverroes.juntadeandalucia.es\/marigusti\/files\/2022\/11\/IMG_0007-1024x888.jpg\" class=\"attachment-large size-large wp-image-19\" alt=\"\" srcset=\"https:\/\/blogsaverroes.juntadeandalucia.es\/marigusti\/files\/2022\/11\/IMG_0007-1024x888.jpg 1024w, https:\/\/blogsaverroes.juntadeandalucia.es\/marigusti\/files\/2022\/11\/IMG_0007-300x260.jpg 300w, https:\/\/blogsaverroes.juntadeandalucia.es\/marigusti\/files\/2022\/11\/IMG_0007-768x666.jpg 768w, https:\/\/blogsaverroes.juntadeandalucia.es\/marigusti\/files\/2022\/11\/IMG_0007.jpg 1300w\" sizes=\"(max-width: 1024px) 100vw, 1024px\" \/>\t\t\t\t\t\t\t\t\t\t\t\t\t\t\t<\/div>\n\t\t\t\t<\/div>\n\t\t\t\t\t<\/div>\n\t\t<\/div>\n\t\t\t\t<div class=\"elementor-column elementor-col-33 elementor-top-column elementor-element elementor-element-22c536d\" data-id=\"22c536d\" data-element_type=\"column\">\n\t\t\t<div class=\"elementor-widget-wrap\">\n\t\t\t\t\t\t\t<\/div>\n\t\t<\/div>\n\t\t\t\t\t<\/div>\n\t\t<\/section>\n\t\t\t\t<section class=\"elementor-section elementor-top-section elementor-element elementor-element-c67ee68 elementor-section-boxed elementor-section-height-default elementor-section-height-default\" data-id=\"c67ee68\" data-element_type=\"section\">\n\t\t\t\t\t\t<div class=\"elementor-container elementor-column-gap-default\">\n\t\t\t\t\t<div class=\"elementor-column elementor-col-100 elementor-top-column elementor-element elementor-element-51cba71\" data-id=\"51cba71\" data-element_type=\"column\">\n\t\t\t<div class=\"elementor-widget-wrap elementor-element-populated\">\n\t\t\t\t\t\t<div class=\"elementor-element elementor-element-2e12e04 elementor-widget elementor-widget-heading\" data-id=\"2e12e04\" data-element_type=\"widget\" data-widget_type=\"heading.default\">\n\t\t\t\t<div class=\"elementor-widget-container\">\n\t\t\t\t\t<h2 class=\"elementor-heading-title elementor-size-default\">TEXTOS HALLOWEEN<\/h2>\t\t\t\t<\/div>\n\t\t\t\t<\/div>\n\t\t\t\t<section class=\"elementor-section elementor-inner-section elementor-element elementor-element-20b0756 elementor-section-boxed elementor-section-height-default elementor-section-height-default\" data-id=\"20b0756\" data-element_type=\"section\">\n\t\t\t\t\t\t<div class=\"elementor-container elementor-column-gap-default\">\n\t\t\t\t\t<div class=\"elementor-column elementor-col-50 elementor-inner-column elementor-element elementor-element-f3d7930\" data-id=\"f3d7930\" data-element_type=\"column\">\n\t\t\t<div class=\"elementor-widget-wrap elementor-element-populated\">\n\t\t\t\t\t\t<div class=\"elementor-element elementor-element-4f5434b elementor-widget elementor-widget-text-editor\" data-id=\"4f5434b\" data-element_type=\"widget\" data-widget_type=\"text-editor.default\">\n\t\t\t\t<div class=\"elementor-widget-container\">\n\t\t\t\t\t\t\t\t\t<p><span style=\"font-size: 18pt;font-family: 'comic sans ms', sans-serif\">Durante la semana que celebramos Halloween, algunos cursos realizaron textos sobre el tema, siguiendo las indicaciones de sus tutores.<\/span><\/p><p><span style=\"font-size: 18pt;font-family: 'comic sans ms', sans-serif\">Si pinch\u00e1is en la imagen de al lado, donde pone HAZ CLIC AQU\u00cd, pod\u00e9is leer algunos de ellos.<\/span><\/p><p><span style=\"font-size: 18pt;font-family: 'comic sans ms', sans-serif\">Esperamos que os gusten y que os anim\u00e9is a escribir vuestras propias historias.<\/span><\/p><p><span style=\"font-size: 18pt;font-family: 'comic sans ms', sans-serif\">Un saludo<\/span><\/p>\t\t\t\t\t\t\t\t<\/div>\n\t\t\t\t<\/div>\n\t\t\t\t\t<\/div>\n\t\t<\/div>\n\t\t\t\t<div class=\"elementor-column elementor-col-50 elementor-inner-column elementor-element elementor-element-e261c26\" data-id=\"e261c26\" data-element_type=\"column\">\n\t\t\t<div class=\"elementor-widget-wrap elementor-element-populated\">\n\t\t\t\t\t\t<div class=\"elementor-element elementor-element-c18f4bc elementor-widget elementor-widget-button\" data-id=\"c18f4bc\" data-element_type=\"widget\" data-widget_type=\"button.default\">\n\t\t\t\t<div class=\"elementor-widget-container\">\n\t\t\t\t\t\t\t\t\t<div class=\"elementor-button-wrapper\">\n\t\t\t\t\t<a class=\"elementor-button elementor-button-link elementor-size-sm\" href=\"https:\/\/www.canva.com\/design\/DAFW_kq1gIU\/7D5DBNKWocCn5jvC17Sqcw\/view?utm_content=DAFW_kq1gIU&#038;utm_campaign=designshare&#038;utm_medium=link&#038;utm_source=homepage_design_menu\">\n\t\t\t\t\t\t<span class=\"elementor-button-content-wrapper\">\n\t\t\t\t\t\t\t\t\t<span class=\"elementor-button-text\">Haz clic aqu\u00ed<\/span>\n\t\t\t\t\t<\/span>\n\t\t\t\t\t<\/a>\n\t\t\t\t<\/div>\n\t\t\t\t\t\t\t\t<\/div>\n\t\t\t\t<\/div>\n\t\t\t\t<div class=\"elementor-element elementor-element-f7982a6 elementor-widget elementor-widget-image\" data-id=\"f7982a6\" data-element_type=\"widget\" data-widget_type=\"image.default\">\n\t\t\t\t<div class=\"elementor-widget-container\">\n\t\t\t\t\t\t\t\t\t\t\t\t\t\t\t<img decoding=\"async\" width=\"284\" height=\"300\" src=\"https:\/\/blogsaverroes.juntadeandalucia.es\/marigusti\/files\/2022\/11\/nin\u0303o-calabaza-284x300.jpeg\" class=\"attachment-medium size-medium wp-image-53\" alt=\"\" srcset=\"https:\/\/blogsaverroes.juntadeandalucia.es\/marigusti\/files\/2022\/11\/nin\u0303o-calabaza-284x300.jpeg 284w, https:\/\/blogsaverroes.juntadeandalucia.es\/marigusti\/files\/2022\/11\/nin\u0303o-calabaza-969x1024.jpeg 969w, https:\/\/blogsaverroes.juntadeandalucia.es\/marigusti\/files\/2022\/11\/nin\u0303o-calabaza-768x811.jpeg 768w, https:\/\/blogsaverroes.juntadeandalucia.es\/marigusti\/files\/2022\/11\/nin\u0303o-calabaza-1454x1536.jpeg 1454w, https:\/\/blogsaverroes.juntadeandalucia.es\/marigusti\/files\/2022\/11\/nin\u0303o-calabaza.jpeg 1600w\" sizes=\"(max-width: 284px) 100vw, 284px\" \/>\t\t\t\t\t\t\t\t\t\t\t\t\t\t\t<\/div>\n\t\t\t\t<\/div>\n\t\t\t\t\t<\/div>\n\t\t<\/div>\n\t\t\t\t\t<\/div>\n\t\t<\/section>\n\t\t\t\t\t<\/div>\n\t\t<\/div>\n\t\t\t\t\t<\/div>\n\t\t<\/section>\n\t\t\t\t<section class=\"elementor-section elementor-top-section elementor-element elementor-element-6e3f989 elementor-section-boxed elementor-section-height-default elementor-section-height-default\" data-id=\"6e3f989\" data-element_type=\"section\">\n\t\t\t\t\t\t<div class=\"elementor-container elementor-column-gap-default\">\n\t\t\t\t\t<div class=\"elementor-column elementor-col-50 elementor-top-column elementor-element elementor-element-0c1bb31\" data-id=\"0c1bb31\" data-element_type=\"column\">\n\t\t\t<div class=\"elementor-widget-wrap elementor-element-populated\">\n\t\t\t\t\t\t<div class=\"elementor-element elementor-element-e0fc38b elementor-widget elementor-widget-heading\" data-id=\"e0fc38b\" data-element_type=\"widget\" data-widget_type=\"heading.default\">\n\t\t\t\t<div class=\"elementor-widget-container\">\n\t\t\t\t\t<h2 class=\"elementor-heading-title elementor-size-default\">ESCRITURA CREATIVA\n<\/h2>\t\t\t\t<\/div>\n\t\t\t\t<\/div>\n\t\t\t\t\t<\/div>\n\t\t<\/div>\n\t\t\t\t<div class=\"elementor-column elementor-col-50 elementor-top-column elementor-element elementor-element-90b0160\" data-id=\"90b0160\" data-element_type=\"column\">\n\t\t\t<div class=\"elementor-widget-wrap\">\n\t\t\t\t\t\t\t<\/div>\n\t\t<\/div>\n\t\t\t\t\t<\/div>\n\t\t<\/section>\n\t\t\t\t<section class=\"elementor-section elementor-top-section elementor-element elementor-element-91e7a53 elementor-section-boxed elementor-section-height-default elementor-section-height-default\" data-id=\"91e7a53\" data-element_type=\"section\">\n\t\t\t\t\t\t<div class=\"elementor-container elementor-column-gap-default\">\n\t\t\t\t\t<div class=\"elementor-column elementor-col-50 elementor-top-column elementor-element elementor-element-2525f5d\" data-id=\"2525f5d\" data-element_type=\"column\">\n\t\t\t<div class=\"elementor-widget-wrap elementor-element-populated\">\n\t\t\t\t\t\t<div class=\"elementor-element elementor-element-fdb38c2 elementor-widget elementor-widget-text-editor\" data-id=\"fdb38c2\" data-element_type=\"widget\" data-widget_type=\"text-editor.default\">\n\t\t\t\t<div class=\"elementor-widget-container\">\n\t\t\t\t\t\t\t\t\t<p><span style=\"font-size: 18pt\">En algunas clases hemos realizado un Taller de Escritura Creativa a trav\u00e9s de diferentes din\u00e1micas y con diferentes tem\u00e1ticas.<\/span><\/p><p><span style=\"font-size: 18pt\">A continuaci\u00f3n podr\u00e9is leer algunos de esos relatos de vuestros \/as compa\u00f1eros y compa\u00f1eras.<\/span><\/p>\t\t\t\t\t\t\t\t<\/div>\n\t\t\t\t<\/div>\n\t\t\t\t<div class=\"elementor-element elementor-element-ff86b2c elementor-widget elementor-widget-button\" data-id=\"ff86b2c\" data-element_type=\"widget\" data-widget_type=\"button.default\">\n\t\t\t\t<div class=\"elementor-widget-container\">\n\t\t\t\t\t\t\t\t\t<div class=\"elementor-button-wrapper\">\n\t\t\t\t\t<a class=\"elementor-button elementor-button-link elementor-size-sm\" href=\"https:\/\/www.canva.com\/design\/DAFbRixlV0Y\/E7onjM72ZLvysRTwQGMrcw\/view?utm_content=DAFbRixlV0Y&#038;utm_campaign=designshare&#038;utm_medium=link2&#038;utm_source=sharebutton\" target=\"_blank\">\n\t\t\t\t\t\t<span class=\"elementor-button-content-wrapper\">\n\t\t\t\t\t\t\t\t\t<span class=\"elementor-button-text\">En el cole I<\/span>\n\t\t\t\t\t<\/span>\n\t\t\t\t\t<\/a>\n\t\t\t\t<\/div>\n\t\t\t\t\t\t\t\t<\/div>\n\t\t\t\t<\/div>\n\t\t\t\t<div class=\"elementor-element elementor-element-b7fc847 elementor-widget elementor-widget-button\" data-id=\"b7fc847\" data-element_type=\"widget\" data-widget_type=\"button.default\">\n\t\t\t\t<div class=\"elementor-widget-container\">\n\t\t\t\t\t\t\t\t\t<div class=\"elementor-button-wrapper\">\n\t\t\t\t\t<a class=\"elementor-button elementor-button-link elementor-size-sm\" href=\"https:\/\/www.canva.com\/design\/DAFbduYVeJc\/wklMHxXwXCwxATXkGllgcg\/view?utm_content=DAFbduYVeJc&#038;utm_campaign=designshare&#038;utm_medium=link2&#038;utm_source=sharebutton\">\n\t\t\t\t\t\t<span class=\"elementor-button-content-wrapper\">\n\t\t\t\t\t\t\t\t\t<span class=\"elementor-button-text\">En el cole II<\/span>\n\t\t\t\t\t<\/span>\n\t\t\t\t\t<\/a>\n\t\t\t\t<\/div>\n\t\t\t\t\t\t\t\t<\/div>\n\t\t\t\t<\/div>\n\t\t\t\t\t<\/div>\n\t\t<\/div>\n\t\t\t\t<div class=\"elementor-column elementor-col-50 elementor-top-column elementor-element elementor-element-3535790\" data-id=\"3535790\" data-element_type=\"column\">\n\t\t\t<div class=\"elementor-widget-wrap elementor-element-populated\">\n\t\t\t\t\t\t<div class=\"elementor-element elementor-element-e7e1d02 elementor-widget elementor-widget-image\" data-id=\"e7e1d02\" data-element_type=\"widget\" data-widget_type=\"image.default\">\n\t\t\t\t<div class=\"elementor-widget-container\">\n\t\t\t\t\t\t\t\t\t\t\t\t\t\t\t<img decoding=\"async\" width=\"600\" height=\"317\" src=\"https:\/\/blogsaverroes.juntadeandalucia.es\/marigusti\/files\/2023\/02\/AED8700E-C3FF-4A72-ABAF-7EA011B495A9.jpeg\" class=\"attachment-large size-large wp-image-173\" alt=\"\" srcset=\"https:\/\/blogsaverroes.juntadeandalucia.es\/marigusti\/files\/2023\/02\/AED8700E-C3FF-4A72-ABAF-7EA011B495A9.jpeg 600w, https:\/\/blogsaverroes.juntadeandalucia.es\/marigusti\/files\/2023\/02\/AED8700E-C3FF-4A72-ABAF-7EA011B495A9-300x159.jpeg 300w\" sizes=\"(max-width: 600px) 100vw, 600px\" \/>\t\t\t\t\t\t\t\t\t\t\t\t\t\t\t<\/div>\n\t\t\t\t<\/div>\n\t\t\t\t\t<\/div>\n\t\t<\/div>\n\t\t\t\t\t<\/div>\n\t\t<\/section>\n\t\t\t\t<section class=\"elementor-section elementor-top-section elementor-element elementor-element-96ddb98 elementor-section-boxed elementor-section-height-default elementor-section-height-default\" data-id=\"96ddb98\" data-element_type=\"section\">\n\t\t\t\t\t\t<div class=\"elementor-container elementor-column-gap-default\">\n\t\t\t\t\t<div class=\"elementor-column elementor-col-100 elementor-top-column elementor-element elementor-element-37dcb9c\" data-id=\"37dcb9c\" data-element_type=\"column\">\n\t\t\t<div class=\"elementor-widget-wrap elementor-element-populated\">\n\t\t\t\t\t\t<div class=\"elementor-element elementor-element-2b268f4 elementor-widget elementor-widget-heading\" data-id=\"2b268f4\" data-element_type=\"widget\" data-widget_type=\"heading.default\">\n\t\t\t\t<div class=\"elementor-widget-container\">\n\t\t\t\t\t<h2 class=\"elementor-heading-title elementor-size-large\">CELEBRACI\u00d3N DIA MUNDIAL DEL TEATRO<\/h2>\t\t\t\t<\/div>\n\t\t\t\t<\/div>\n\t\t\t\t<section class=\"elementor-section elementor-inner-section elementor-element elementor-element-6625a98 elementor-section-boxed elementor-section-height-default elementor-section-height-default\" data-id=\"6625a98\" data-element_type=\"section\">\n\t\t\t\t\t\t<div class=\"elementor-container elementor-column-gap-default\">\n\t\t\t\t\t<div class=\"elementor-column elementor-col-50 elementor-inner-column elementor-element elementor-element-5bb9401\" data-id=\"5bb9401\" data-element_type=\"column\">\n\t\t\t<div class=\"elementor-widget-wrap elementor-element-populated\">\n\t\t\t\t\t\t<div class=\"elementor-element elementor-element-619afab elementor-widget elementor-widget-text-editor\" data-id=\"619afab\" data-element_type=\"widget\" data-widget_type=\"text-editor.default\">\n\t\t\t\t<div class=\"elementor-widget-container\">\n\t\t\t\t\t\t\t\t\t<p><span style=\"font-family: symbol;font-size: 18pt\">Para celebrar el D\u00eda Mundial del Teatro, hemos celebrado en tres d\u00edas una serie de talleres desde infantil a 6\u00ba de primaria.<\/span><\/p><p><span style=\"font-family: symbol;font-size: 18pt\">Esperamos que todos y todas las que hab\u00e9is participado lo pasarais genial.<\/span><\/p>\t\t\t\t\t\t\t\t<\/div>\n\t\t\t\t<\/div>\n\t\t\t\t\t<\/div>\n\t\t<\/div>\n\t\t\t\t<div class=\"elementor-column elementor-col-50 elementor-inner-column elementor-element elementor-element-2a318e2\" data-id=\"2a318e2\" data-element_type=\"column\">\n\t\t\t<div class=\"elementor-widget-wrap elementor-element-populated\">\n\t\t\t\t\t\t<div class=\"elementor-element elementor-element-996945a elementor-widget elementor-widget-text-editor\" data-id=\"996945a\" data-element_type=\"widget\" data-widget_type=\"text-editor.default\">\n\t\t\t\t<div class=\"elementor-widget-container\">\n\t\t\t\t\t\t\t\t\t<p><span style=\"font-family: symbol;font-size: 18pt\">En infantil les explicamos un poco que era el teatro, y unos compa\u00f1eros y compa\u00f1eras de 4\u00ba les mostraron c\u00f3mo se inventa una historia con marionetas de guante.\u00a0 \u00a0Luego ellos mismos hicieron su marioneta de cartulina.\u00a0 Quedaron preciosas.<\/span><\/p><p>\u00a0<\/p>\t\t\t\t\t\t\t\t<\/div>\n\t\t\t\t<\/div>\n\t\t\t\t\t<\/div>\n\t\t<\/div>\n\t\t\t\t\t<\/div>\n\t\t<\/section>\n\t\t\t\t\t<\/div>\n\t\t<\/div>\n\t\t\t\t\t<\/div>\n\t\t<\/section>\n\t\t\t\t<section class=\"elementor-section elementor-top-section elementor-element elementor-element-1d1b772 elementor-section-boxed elementor-section-height-default elementor-section-height-default\" data-id=\"1d1b772\" data-element_type=\"section\">\n\t\t\t\t\t\t<div class=\"elementor-container elementor-column-gap-default\">\n\t\t\t\t\t<div class=\"elementor-column elementor-col-100 elementor-top-column elementor-element elementor-element-b72d7c1\" data-id=\"b72d7c1\" data-element_type=\"column\">\n\t\t\t<div class=\"elementor-widget-wrap elementor-element-populated\">\n\t\t\t\t\t\t<section class=\"elementor-section elementor-inner-section elementor-element elementor-element-34715b3 elementor-section-boxed elementor-section-height-default elementor-section-height-default\" data-id=\"34715b3\" data-element_type=\"section\">\n\t\t\t\t\t\t<div class=\"elementor-container elementor-column-gap-default\">\n\t\t\t\t\t<div class=\"elementor-column elementor-col-50 elementor-inner-column elementor-element elementor-element-9d10843\" data-id=\"9d10843\" data-element_type=\"column\">\n\t\t\t<div class=\"elementor-widget-wrap elementor-element-populated\">\n\t\t\t\t\t\t<div class=\"elementor-element elementor-element-ac4f9ca elementor-widget elementor-widget-text-editor\" data-id=\"ac4f9ca\" data-element_type=\"widget\" data-widget_type=\"text-editor.default\">\n\t\t\t\t<div class=\"elementor-widget-container\">\n\t\t\t\t\t\t\t\t\t<p><span style=\"font-family: symbol;font-size: 18pt\">Los cursos de 1\u00ba y 2\u00ba tambi\u00e9n tuvieron una actividad parecida a la de infantil, y se lo pasaron genial, adem\u00e1s alguno de ellos se prob\u00f3 alguna marioneta de guante.<\/span><\/p>\t\t\t\t\t\t\t\t<\/div>\n\t\t\t\t<\/div>\n\t\t\t\t\t<\/div>\n\t\t<\/div>\n\t\t\t\t<div class=\"elementor-column elementor-col-50 elementor-inner-column elementor-element elementor-element-127ad97\" data-id=\"127ad97\" data-element_type=\"column\">\n\t\t\t<div class=\"elementor-widget-wrap elementor-element-populated\">\n\t\t\t\t\t\t<div class=\"elementor-element elementor-element-8cfe577 elementor-widget elementor-widget-text-editor\" data-id=\"8cfe577\" data-element_type=\"widget\" data-widget_type=\"text-editor.default\">\n\t\t\t\t<div class=\"elementor-widget-container\">\n\t\t\t\t\t\t\t\t\t<p><span style=\"font-family: symbol;font-size: 18pt\">De 3\u00ba a 6\u00ba tuvieron una explicaci\u00f3n mas profunda de lo que es una obra de teatro, y tuvieron la ocasi\u00f3n alguno de ellos de representar una peque\u00f1a obra con marionetas de guante, incluso improvisaron.<\/span><\/p>\t\t\t\t\t\t\t\t<\/div>\n\t\t\t\t<\/div>\n\t\t\t\t\t<\/div>\n\t\t<\/div>\n\t\t\t\t\t<\/div>\n\t\t<\/section>\n\t\t\t\t\t<\/div>\n\t\t<\/div>\n\t\t\t\t\t<\/div>\n\t\t<\/section>\n\t\t\t\t<section class=\"elementor-section elementor-top-section elementor-element elementor-element-dda8062 elementor-section-boxed elementor-section-height-default elementor-section-height-default\" data-id=\"dda8062\" data-element_type=\"section\">\n\t\t\t\t\t\t<div class=\"elementor-container elementor-column-gap-default\">\n\t\t\t\t\t<div class=\"elementor-column elementor-col-100 elementor-top-column elementor-element elementor-element-600d926\" data-id=\"600d926\" data-element_type=\"column\">\n\t\t\t<div class=\"elementor-widget-wrap elementor-element-populated\">\n\t\t\t\t\t\t<div class=\"elementor-element elementor-element-0f46ed6 elementor-widget elementor-widget-button\" data-id=\"0f46ed6\" data-element_type=\"widget\" data-widget_type=\"button.default\">\n\t\t\t\t<div class=\"elementor-widget-container\">\n\t\t\t\t\t\t\t\t\t<div class=\"elementor-button-wrapper\">\n\t\t\t\t\t<a class=\"elementor-button elementor-button-link elementor-size-sm\" href=\"https:\/\/drive.google.com\/file\/d\/1VpgjYTLMDsyR1YWRTyan8KUe-k65Uo25\/view?usp=share_link\">\n\t\t\t\t\t\t<span class=\"elementor-button-content-wrapper\">\n\t\t\t\t\t\t\t\t\t<span class=\"elementor-button-text\">AQUI TIENES ALGUNA DE LAS FOTOS QUE HICIMOS. PINCHA<\/span>\n\t\t\t\t\t<\/span>\n\t\t\t\t\t<\/a>\n\t\t\t\t<\/div>\n\t\t\t\t\t\t\t\t<\/div>\n\t\t\t\t<\/div>\n\t\t\t\t\t<\/div>\n\t\t<\/div>\n\t\t\t\t\t<\/div>\n\t\t<\/section>\n\t\t\t\t<\/div>\n\t\t","protected":false},"excerpt":{"rendered":"<p>ACTIVIDADES En este apartado vamos a ir compartiendo aquellas actividades que vayamos realizando. TEXTOS HALLOWEEN Durante la semana que celebramos Halloween, algunos cursos realizaron textos sobre el tema, siguiendo las indicaciones de sus tutores.&#46;&#46;&#46;<\/p>\n","protected":false},"author":8729,"featured_media":0,"parent":0,"menu_order":0,"comment_status":"closed","ping_status":"closed","template":"elementor_header_footer","meta":{"ngg_post_thumbnail":0,"footnotes":""},"aioseo_notices":[],"_links":{"self":[{"href":"https:\/\/blogsaverroes.juntadeandalucia.es\/marigusti\/wp-json\/wp\/v2\/pages\/41"}],"collection":[{"href":"https:\/\/blogsaverroes.juntadeandalucia.es\/marigusti\/wp-json\/wp\/v2\/pages"}],"about":[{"href":"https:\/\/blogsaverroes.juntadeandalucia.es\/marigusti\/wp-json\/wp\/v2\/types\/page"}],"author":[{"embeddable":true,"href":"https:\/\/blogsaverroes.juntadeandalucia.es\/marigusti\/wp-json\/wp\/v2\/users\/8729"}],"replies":[{"embeddable":true,"href":"https:\/\/blogsaverroes.juntadeandalucia.es\/marigusti\/wp-json\/wp\/v2\/comments?post=41"}],"version-history":[{"count":93,"href":"https:\/\/blogsaverroes.juntadeandalucia.es\/marigusti\/wp-json\/wp\/v2\/pages\/41\/revisions"}],"predecessor-version":[{"id":290,"href":"https:\/\/blogsaverroes.juntadeandalucia.es\/marigusti\/wp-json\/wp\/v2\/pages\/41\/revisions\/290"}],"wp:attachment":[{"href":"https:\/\/blogsaverroes.juntadeandalucia.es\/marigusti\/wp-json\/wp\/v2\/media?parent=41"}],"curies":[{"name":"wp","href":"https:\/\/api.w.org\/{rel}","templated":true}]}}