{"id":56,"date":"2022-09-15T07:24:58","date_gmt":"2022-09-15T07:24:58","guid":{"rendered":"https:\/\/blogsaverroes.juntadeandalucia.es\/matematicas1eso\/?page_id=56"},"modified":"2022-09-15T07:24:58","modified_gmt":"2022-09-15T07:24:58","slug":"repaso-inicial","status":"publish","type":"page","link":"https:\/\/blogsaverroes.juntadeandalucia.es\/matematicas1eso\/repaso-inicial\/","title":{"rendered":"Repaso inicial"},"content":{"rendered":"<table border=\"1\" cellpadding=\"0\">\n<tbody>\n<tr>\n<td>Lectura de n\u00fameros<\/td>\n<td><a href=\"https:\/\/www.thatquiz.org\/es\/practicetest?iy79bikxcbc9\"><img loading=\"lazy\" decoding=\"async\" src=\"http:\/\/2.bp.blogspot.com\/-AUjtDqv8fIM\/UjcyJ4ORiwI\/AAAAAAAAAh4\/rI4zbNiyhHw\/s320\/untitled.png\" alt=\"https:\/\/www.thatquiz.org\/es\/practicetest?iy79bikxcbc9\" width=\"60\" height=\"60\" border=\"0\"><\/a><\/td>\n<\/tr>\n<tr>\n<td>Descomposici\u00f3n de decimales<\/td>\n<td><a href=\"https:\/\/www.thatquiz.org\/es\/practicetest?iw79bjbw12t6f\"><img loading=\"lazy\" decoding=\"async\" src=\"http:\/\/2.bp.blogspot.com\/-AUjtDqv8fIM\/UjcyJ4ORiwI\/AAAAAAAAAh4\/rI4zbNiyhHw\/s320\/untitled.png\" alt=\"https:\/\/www.thatquiz.org\/es\/practicetest?iw79bjbw12t6f\" width=\"60\" height=\"60\" border=\"0\"><\/a><\/td>\n<\/tr>\n<tr>\n<td>Unidades del sistema de numeraci\u00f3n decimal&nbsp;<\/td>\n<td><a href=\"https:\/\/www.thatquiz.org\/es\/practicetest?iw79bjcx1l4qn\"><img loading=\"lazy\" decoding=\"async\" src=\"http:\/\/2.bp.blogspot.com\/-AUjtDqv8fIM\/UjcyJ4ORiwI\/AAAAAAAAAh4\/rI4zbNiyhHw\/s320\/untitled.png\" alt=\"https:\/\/www.thatquiz.org\/es\/practicetest?iw79bjcx1l4qn\" width=\"60\" height=\"60\" border=\"0\"><\/a><\/td>\n<\/tr>\n<tr>\n<td>Sumas y restas<\/td>\n<td><a href=\"https:\/\/www.thatquiz.org\/es\/practicetest?iy79bjpytif9\"><img loading=\"lazy\" decoding=\"async\" src=\"http:\/\/2.bp.blogspot.com\/-AUjtDqv8fIM\/UjcyJ4ORiwI\/AAAAAAAAAh4\/rI4zbNiyhHw\/s320\/untitled.png\" alt=\"https:\/\/www.thatquiz.org\/es\/practicetest?iy79bjpytif9\" width=\"60\" height=\"60\" border=\"0\"><\/a><\/td>\n<\/tr>\n<tr>\n<td>Multiplicaciones<\/td>\n<td><a href=\"https:\/\/www.thatquiz.org\/es\/practicetest?iz79bk0xfv0e\"><img loading=\"lazy\" decoding=\"async\" src=\"http:\/\/2.bp.blogspot.com\/-AUjtDqv8fIM\/UjcyJ4ORiwI\/AAAAAAAAAh4\/rI4zbNiyhHw\/s320\/untitled.png\" alt=\"https:\/\/www.thatquiz.org\/es\/practicetest?iz79bk0xfv0e\" width=\"60\" height=\"60\" border=\"0\"><\/a><\/td>\n<\/tr>\n<tr>\n<td>Divisiones<\/td>\n<td><a href=\"https:\/\/www.thatquiz.org\/es\/practicetest?iw79bk7woc5n\"><img loading=\"lazy\" decoding=\"async\" src=\"http:\/\/2.bp.blogspot.com\/-AUjtDqv8fIM\/UjcyJ4ORiwI\/AAAAAAAAAh4\/rI4zbNiyhHw\/s320\/untitled.png\" alt=\"https:\/\/www.thatquiz.org\/es\/practicetest?iw79bk7woc5n\" width=\"60\" height=\"60\" border=\"0\"><\/a><\/td>\n<\/tr>\n<tr>\n<td>Operaciones combinadas<\/td>\n<td><a href=\"https:\/\/www.thatquiz.org\/es\/practicetest?iw79bkdyv7gv\"><img loading=\"lazy\" decoding=\"async\" src=\"http:\/\/2.bp.blogspot.com\/-AUjtDqv8fIM\/UjcyJ4ORiwI\/AAAAAAAAAh4\/rI4zbNiyhHw\/s320\/untitled.png\" alt=\"https:\/\/www.thatquiz.org\/es\/practicetest?iw79bkdyv7gv\" width=\"60\" height=\"60\" border=\"0\"><\/a><\/td>\n<\/tr>\n<tr>\n<td>Problemas I<\/td>\n<td><a href=\"https:\/\/www.thatquiz.org\/es\/practicetest?iy79bkfwb419\"><img loading=\"lazy\" decoding=\"async\" src=\"http:\/\/2.bp.blogspot.com\/-AUjtDqv8fIM\/UjcyJ4ORiwI\/AAAAAAAAAh4\/rI4zbNiyhHw\/s320\/untitled.png\" alt=\"https:\/\/app.box.com\/s\/56ntax6fi8jzqxkyv9nkx5ozr8d5c4j1\" width=\"60\" height=\"60\" border=\"0\"><\/a><\/td>\n<\/tr>\n<tr>\n<td>Problemas II<\/td>\n<td><a href=\"https:\/\/www.thatquiz.org\/es\/practicetest?iy79bkfwb419\"><img loading=\"lazy\" decoding=\"async\" src=\"http:\/\/2.bp.blogspot.com\/-AUjtDqv8fIM\/UjcyJ4ORiwI\/AAAAAAAAAh4\/rI4zbNiyhHw\/s320\/untitled.png\" alt=\"https:\/\/www.thatquiz.org\/es\/practicetest?iw79bk7woc5n\" width=\"60\" height=\"60\" border=\"0\"><\/a><\/td>\n<\/tr>\n<tr>\n<td>T\u00e9rminos de una potencia<\/td>\n<td><a href=\"https:\/\/www.thatquiz.org\/es\/practicetest?iy79bkmzjpmd\"><img loading=\"lazy\" decoding=\"async\" src=\"http:\/\/2.bp.blogspot.com\/-AUjtDqv8fIM\/UjcyJ4ORiwI\/AAAAAAAAAh4\/rI4zbNiyhHw\/s320\/untitled.png\" alt=\"https:\/\/www.thatquiz.org\/es\/practicetest?iw79bk7woc5n\" width=\"60\" height=\"60\" border=\"0\"><\/a><\/td>\n<\/tr>\n<tr>\n<td>Definici\u00f3n de potencias<\/td>\n<td><a href=\"https:\/\/www.thatquiz.org\/es\/practicetest?iz79bkpyfk26\"><img loading=\"lazy\" decoding=\"async\" src=\"http:\/\/2.bp.blogspot.com\/-AUjtDqv8fIM\/UjcyJ4ORiwI\/AAAAAAAAAh4\/rI4zbNiyhHw\/s320\/untitled.png\" alt=\"https:\/\/www.thatquiz.org\/es\/practicetest?iw79bk7woc5n\" width=\"60\" height=\"60\" border=\"0\"><\/a><\/td>\n<\/tr>\n<tr>\n<td>Primos y compuestos<\/td>\n<td><a href=\"https:\/\/www.thatquiz.org\/es\/practicetest?iy79bkrwv7a9\"><img loading=\"lazy\" decoding=\"async\" src=\"http:\/\/2.bp.blogspot.com\/-AUjtDqv8fIM\/UjcyJ4ORiwI\/AAAAAAAAAh4\/rI4zbNiyhHw\/s320\/untitled.png\" alt=\"https:\/\/www.thatquiz.org\/es\/practicetest?iw79bk7woc5n\" width=\"60\" height=\"60\" border=\"0\"><\/a><\/td>\n<\/tr>\n<tr>\n<td>Divisores<\/td>\n<td><a href=\"https:\/\/www.thatquiz.org\/es\/practicetest?iz79bkuz1fiba\"><img loading=\"lazy\" decoding=\"async\" src=\"http:\/\/2.bp.blogspot.com\/-AUjtDqv8fIM\/UjcyJ4ORiwI\/AAAAAAAAAh4\/rI4zbNiyhHw\/s320\/untitled.png\" alt=\"https:\/\/www.thatquiz.org\/es\/practicetest?iw79bk7woc5n\" width=\"60\" height=\"60\" border=\"0\"><\/a><\/td>\n<\/tr>\n<tr>\n<td>M\u00faltiplos<\/td>\n<td><a href=\"https:\/\/www.thatquiz.org\/es\/practicetest?iz79bkvw16mse\"><img loading=\"lazy\" decoding=\"async\" src=\"http:\/\/2.bp.blogspot.com\/-AUjtDqv8fIM\/UjcyJ4ORiwI\/AAAAAAAAAh4\/rI4zbNiyhHw\/s320\/untitled.png\" alt=\"https:\/\/www.thatquiz.org\/es\/practicetest?iw79bk7woc5n\" width=\"60\" height=\"60\" border=\"0\"><\/a><\/td>\n<\/tr>\n<tr>\n<td>MCD y mcm<\/td>\n<td><a href=\"https:\/\/www.thatquiz.org\/es\/practicetest?iy79bktypgi9\"><img loading=\"lazy\" decoding=\"async\" src=\"http:\/\/2.bp.blogspot.com\/-AUjtDqv8fIM\/UjcyJ4ORiwI\/AAAAAAAAAh4\/rI4zbNiyhHw\/s320\/untitled.png\" alt=\"https:\/\/www.thatquiz.org\/es\/practicetest?iw79bk7woc5n\" width=\"60\" height=\"60\" border=\"0\"><\/a><\/td>\n<\/tr>\n<tr>\n<td>Recta num\u00e9rica<\/td>\n<td><a href=\"https:\/\/www.thatquiz.org\/es\/practicetest?iy79bl9y1cfl5\"><img loading=\"lazy\" decoding=\"async\" src=\"http:\/\/2.bp.blogspot.com\/-AUjtDqv8fIM\/UjcyJ4ORiwI\/AAAAAAAAAh4\/rI4zbNiyhHw\/s320\/untitled.png\" alt=\"https:\/\/www.thatquiz.org\/es\/practicetest?iw79bk7woc5n\" width=\"60\" height=\"60\" border=\"0\"><\/a><\/td>\n<\/tr>\n<tr>\n<td>Sumas y restas con decimales<\/td>\n<td><a href=\"https:\/\/www.thatquiz.org\/es\/practicetest?iw79blcx1be7n\"><img loading=\"lazy\" decoding=\"async\" src=\"http:\/\/2.bp.blogspot.com\/-AUjtDqv8fIM\/UjcyJ4ORiwI\/AAAAAAAAAh4\/rI4zbNiyhHw\/s320\/untitled.png\" alt=\"https:\/\/www.thatquiz.org\/es\/practicetest?iw79bk7woc5n\" width=\"60\" height=\"60\" border=\"0\"><\/a><\/td>\n<\/tr>\n<tr>\n<td>Multiplicaci\u00f3n con decimales<\/td>\n<td><a href=\"https:\/\/www.thatquiz.org\/es\/practicetest?iz79blezcupq\"><img loading=\"lazy\" decoding=\"async\" src=\"http:\/\/2.bp.blogspot.com\/-AUjtDqv8fIM\/UjcyJ4ORiwI\/AAAAAAAAAh4\/rI4zbNiyhHw\/s320\/untitled.png\" alt=\"https:\/\/www.thatquiz.org\/es\/practicetest?iw79bk7woc5n\" width=\"60\" height=\"60\" border=\"0\"><\/a><\/td>\n<\/tr>\n<tr>\n<td>Identificar fracciones<\/td>\n<td><a href=\"https:\/\/www.thatquiz.org\/es\/practicetest?ix79blvw16uf4\"><img loading=\"lazy\" decoding=\"async\" src=\"http:\/\/2.bp.blogspot.com\/-AUjtDqv8fIM\/UjcyJ4ORiwI\/AAAAAAAAAh4\/rI4zbNiyhHw\/s320\/untitled.png\" alt=\"https:\/\/www.thatquiz.org\/es\/practicetest?iw79bk7woc5n\" width=\"60\" height=\"60\" border=\"0\"><\/a><\/td>\n<\/tr>\n<tr>\n<td>Porcentajes<\/td>\n<td><a href=\"https:\/\/www.thatquiz.org\/es\/practicetest?iz79bmazekme\"><img loading=\"lazy\" decoding=\"async\" src=\"http:\/\/2.bp.blogspot.com\/-AUjtDqv8fIM\/UjcyJ4ORiwI\/AAAAAAAAAh4\/rI4zbNiyhHw\/s320\/untitled.png\" alt=\"https:\/\/www.thatquiz.org\/es\/practicetest?iw79bk7woc5n\" width=\"60\" height=\"60\" border=\"0\"><\/a><\/td>\n<\/tr>\n<tr>\n<td>Identificar figuras<\/td>\n<td><a href=\"https:\/\/www.thatquiz.org\/es\/practicetest?iy79bmuzlejp\"><img loading=\"lazy\" decoding=\"async\" src=\"http:\/\/2.bp.blogspot.com\/-AUjtDqv8fIM\/UjcyJ4ORiwI\/AAAAAAAAAh4\/rI4zbNiyhHw\/s320\/untitled.png\" alt=\"https:\/\/www.thatquiz.org\/es\/practicetest?iw79bk7woc5n\" width=\"60\" height=\"60\" border=\"0\"><\/a><\/td>\n<\/tr>\n<tr>\n<td>Per\u00edmetros y \u00e1reas del rect\u00e1ngulo y tri\u00e1ngulo<\/td>\n<td><a href=\"https:\/\/www.thatquiz.org\/es\/practicetest?ix79bnfwc50o\"><img loading=\"lazy\" decoding=\"async\" src=\"http:\/\/2.bp.blogspot.com\/-AUjtDqv8fIM\/UjcyJ4ORiwI\/AAAAAAAAAh4\/rI4zbNiyhHw\/s320\/untitled.png\" alt=\"https:\/\/www.thatquiz.org\/es\/practicetest?iw79bk7woc5n\" width=\"60\" height=\"60\" border=\"0\"><\/a><\/td>\n<\/tr>\n<tr>\n<td>Interpretaci\u00f3n de gr\u00e1ficas<\/td>\n<td><a href=\"https:\/\/www.thatquiz.org\/es\/practicetest?iy79bngx1lnll\"><img loading=\"lazy\" decoding=\"async\" src=\"http:\/\/2.bp.blogspot.com\/-AUjtDqv8fIM\/UjcyJ4ORiwI\/AAAAAAAAAh4\/rI4zbNiyhHw\/s320\/untitled.png\" alt=\"https:\/\/www.thatquiz.org\/es\/practicetest?iw79bk7woc5n\" width=\"60\" height=\"60\" border=\"0\"><\/a><\/td>\n<\/tr>\n<\/tbody>\n<\/table>\n","protected":false},"excerpt":{"rendered":"<p>Lectura de n\u00fameros Descomposici\u00f3n de decimales Unidades del sistema de numeraci\u00f3n decimal&nbsp; Sumas y restas Multiplicaciones Divisiones Operaciones combinadas Problemas I Problemas II T\u00e9rminos de una potencia Definici\u00f3n de potencias Primos y compuestos Divisores&#46;&#46;&#46;<\/p>\n","protected":false},"author":10606,"featured_media":0,"parent":0,"menu_order":0,"comment_status":"closed","ping_status":"closed","template":"","meta":{"ngg_post_thumbnail":0,"footnotes":""},"aioseo_notices":[],"_links":{"self":[{"href":"https:\/\/blogsaverroes.juntadeandalucia.es\/matematicas1eso\/wp-json\/wp\/v2\/pages\/56"}],"collection":[{"href":"https:\/\/blogsaverroes.juntadeandalucia.es\/matematicas1eso\/wp-json\/wp\/v2\/pages"}],"about":[{"href":"https:\/\/blogsaverroes.juntadeandalucia.es\/matematicas1eso\/wp-json\/wp\/v2\/types\/page"}],"author":[{"embeddable":true,"href":"https:\/\/blogsaverroes.juntadeandalucia.es\/matematicas1eso\/wp-json\/wp\/v2\/users\/10606"}],"replies":[{"embeddable":true,"href":"https:\/\/blogsaverroes.juntadeandalucia.es\/matematicas1eso\/wp-json\/wp\/v2\/comments?post=56"}],"version-history":[{"count":1,"href":"https:\/\/blogsaverroes.juntadeandalucia.es\/matematicas1eso\/wp-json\/wp\/v2\/pages\/56\/revisions"}],"predecessor-version":[{"id":57,"href":"https:\/\/blogsaverroes.juntadeandalucia.es\/matematicas1eso\/wp-json\/wp\/v2\/pages\/56\/revisions\/57"}],"wp:attachment":[{"href":"https:\/\/blogsaverroes.juntadeandalucia.es\/matematicas1eso\/wp-json\/wp\/v2\/media?parent=56"}],"curies":[{"name":"wp","href":"https:\/\/api.w.org\/{rel}","templated":true}]}}