{"id":1269,"date":"2019-12-11T22:20:54","date_gmt":"2019-12-11T22:20:54","guid":{"rendered":"https:\/\/blogsaverroes.juntadeandalucia.es\/matematicasenunclic\/?page_id=1269"},"modified":"2021-03-16T20:42:05","modified_gmt":"2021-03-16T20:42:05","slug":"ejercicios-examen-resueltos-matematicas-1-bachillerato-ciencias-sociales-pdf","status":"publish","type":"page","link":"https:\/\/blogsaverroes.juntadeandalucia.es\/matematicasenunclic\/ejercicios-examen-resueltos-matematicas-1-bachillerato-ciencias-sociales-pdf\/","title":{"rendered":"EXAMENES MATEM\u00c1TICAS 1\u00ba BACHILLERATO DE CIENCIAS SOCIALES"},"content":{"rendered":"<p><img fetchpriority=\"high\" decoding=\"async\" class=\"wp-image-1283 size-large aligncenter\" src=\"https:\/\/blogsaverroes.juntadeandalucia.es\/matematicasenunclic\/files\/2019\/12\/library-4476473_1920-1024x683.jpg\" alt=\"\" width=\"660\" height=\"440\" srcset=\"https:\/\/blogsaverroes.juntadeandalucia.es\/matematicasenunclic\/files\/2019\/12\/library-4476473_1920-1024x683.jpg 1024w, https:\/\/blogsaverroes.juntadeandalucia.es\/matematicasenunclic\/files\/2019\/12\/library-4476473_1920-300x200.jpg 300w, https:\/\/blogsaverroes.juntadeandalucia.es\/matematicasenunclic\/files\/2019\/12\/library-4476473_1920-768x512.jpg 768w, https:\/\/blogsaverroes.juntadeandalucia.es\/matematicasenunclic\/files\/2019\/12\/library-4476473_1920-700x467.jpg 700w, https:\/\/blogsaverroes.juntadeandalucia.es\/matematicasenunclic\/files\/2019\/12\/library-4476473_1920-24x16.jpg 24w, https:\/\/blogsaverroes.juntadeandalucia.es\/matematicasenunclic\/files\/2019\/12\/library-4476473_1920-36x24.jpg 36w, https:\/\/blogsaverroes.juntadeandalucia.es\/matematicasenunclic\/files\/2019\/12\/library-4476473_1920-48x32.jpg 48w, https:\/\/blogsaverroes.juntadeandalucia.es\/matematicasenunclic\/files\/2019\/12\/library-4476473_1920.jpg 1600w\" sizes=\"(max-width: 660px) 100vw, 660px\" \/><sup><a href=\"https:\/\/pixabay.com\/es\/users\/derbocholter-8535303\/\">Autor fotograf\u00eda<\/a><\/sup><\/p>\n<p>En esta p\u00e1gina tenemos una recopilaci\u00f3n todos los <strong>ejercicios de ex\u00e1men de Matem\u00e1ticas de 1\u00ba Bachillerato de Ci\u00e9ncias Sociales resueltos en pdf.<br \/>\n<\/strong><\/p>\n<div class=\"symple-box gray left \" style=\"text-align: left;width: 100%\">\n<p><strong>INDICE<\/strong><\/p>\n<h3><a href=\"#NUMEROS REALES\">EXAMEN 1. N\u00daMEROS REALES<\/a><\/h3>\n<h3><a href=\"#MATEMATICAS MERCANTILES\">EXAMEN 2. MATEM\u00c1TICAS MERCANTILES<\/a><\/h3>\n<h3><a href=\"#POLINOMIOS\">EXAMEN 3. POLINOMIOS<\/a><\/h3>\n<h3><a href=\"#ECUACIONES Y SISTEMAS\">EXAMEN 4. ECUACIONES Y SISTEMAS<\/a><\/h3>\n<h3><a href=\"#INECUACIONES Y SISTEMAS\">EXAMEN 5. INECUACIONES Y SISTEMAS<\/a><\/h3>\n<h3><a href=\"#FUNCIONES\">EXAMEN 6. FUNCIONES<\/a><\/h3>\n<h3><a href=\"#LIMITES\">EXAMEN 7. LIMITES Y CONTINUIDAD<\/a><\/h3>\n<h3><a href=\"#DERIVADAS\">EXAMEN 8. DERIVADAS<\/a><\/h3>\n<\/div>\n<p>&nbsp;<\/p>\n<h2 style=\"text-align: center\"><a id=\"NUMEROS REALES\"><\/a>EJERCICIOS DE UNIDAD 1. N\u00daMEROS REALES<\/h2>\n<p><a href=\"https:\/\/blogsaverroes.juntadeandalucia.es\/matematicasenunclic\/files\/2019\/12\/EXAMEN-01-NUMEROS-REALES-BACHILLERATO-CC-SS-I.pdf\"><img decoding=\"async\" class=\"aligncenter wp-image-1276 size-large\" src=\"https:\/\/blogsaverroes.juntadeandalucia.es\/matematicasenunclic\/files\/2019\/12\/EXAMEN-01-NUMEROS-REALES-BACHILLERATO-CC-SS-I-724x1024.png\" alt=\"EJERCICIOS DE NUMEROS REALES\" width=\"660\" height=\"933\" srcset=\"https:\/\/blogsaverroes.juntadeandalucia.es\/matematicasenunclic\/files\/2019\/12\/EXAMEN-01-NUMEROS-REALES-BACHILLERATO-CC-SS-I-724x1024.png 724w, https:\/\/blogsaverroes.juntadeandalucia.es\/matematicasenunclic\/files\/2019\/12\/EXAMEN-01-NUMEROS-REALES-BACHILLERATO-CC-SS-I-212x300.png 212w, https:\/\/blogsaverroes.juntadeandalucia.es\/matematicasenunclic\/files\/2019\/12\/EXAMEN-01-NUMEROS-REALES-BACHILLERATO-CC-SS-I-768x1087.png 768w, https:\/\/blogsaverroes.juntadeandalucia.es\/matematicasenunclic\/files\/2019\/12\/EXAMEN-01-NUMEROS-REALES-BACHILLERATO-CC-SS-I-700x991.png 700w, https:\/\/blogsaverroes.juntadeandalucia.es\/matematicasenunclic\/files\/2019\/12\/EXAMEN-01-NUMEROS-REALES-BACHILLERATO-CC-SS-I-17x24.png 17w, https:\/\/blogsaverroes.juntadeandalucia.es\/matematicasenunclic\/files\/2019\/12\/EXAMEN-01-NUMEROS-REALES-BACHILLERATO-CC-SS-I-25x36.png 25w, https:\/\/blogsaverroes.juntadeandalucia.es\/matematicasenunclic\/files\/2019\/12\/EXAMEN-01-NUMEROS-REALES-BACHILLERATO-CC-SS-I-34x48.png 34w, https:\/\/blogsaverroes.juntadeandalucia.es\/matematicasenunclic\/files\/2019\/12\/EXAMEN-01-NUMEROS-REALES-BACHILLERATO-CC-SS-I.png 826w\" sizes=\"(max-width: 660px) 100vw, 660px\" \/><\/a><\/p>\n<h2 style=\"text-align: center\"><a id=\"MATEMATICAS MERCANTILES\"><\/a>EJERCICIOS DE UNIDAD 2. MATEM\u00c1TICAS MERCANTILES<\/h2>\n<p><a href=\"https:\/\/blogsaverroes.juntadeandalucia.es\/matematicasenunclic\/files\/2019\/12\/EXAMEN-02-MATEMATICAS-MERCANTILES-BACHILLERATO-CC-SS-I.pdf\"><img decoding=\"async\" class=\"aligncenter wp-image-1277 size-large\" src=\"https:\/\/blogsaverroes.juntadeandalucia.es\/matematicasenunclic\/files\/2019\/12\/EXAMEN-02-MATEMATICAS-MERCANTILES-BACHILLERATO-CC-SS-I-724x1024.png\" alt=\"EJERCICIOS DE MATEMATICAS MERCANTILES\" width=\"660\" height=\"933\" srcset=\"https:\/\/blogsaverroes.juntadeandalucia.es\/matematicasenunclic\/files\/2019\/12\/EXAMEN-02-MATEMATICAS-MERCANTILES-BACHILLERATO-CC-SS-I-724x1024.png 724w, https:\/\/blogsaverroes.juntadeandalucia.es\/matematicasenunclic\/files\/2019\/12\/EXAMEN-02-MATEMATICAS-MERCANTILES-BACHILLERATO-CC-SS-I-212x300.png 212w, https:\/\/blogsaverroes.juntadeandalucia.es\/matematicasenunclic\/files\/2019\/12\/EXAMEN-02-MATEMATICAS-MERCANTILES-BACHILLERATO-CC-SS-I-768x1087.png 768w, https:\/\/blogsaverroes.juntadeandalucia.es\/matematicasenunclic\/files\/2019\/12\/EXAMEN-02-MATEMATICAS-MERCANTILES-BACHILLERATO-CC-SS-I-700x991.png 700w, https:\/\/blogsaverroes.juntadeandalucia.es\/matematicasenunclic\/files\/2019\/12\/EXAMEN-02-MATEMATICAS-MERCANTILES-BACHILLERATO-CC-SS-I-17x24.png 17w, https:\/\/blogsaverroes.juntadeandalucia.es\/matematicasenunclic\/files\/2019\/12\/EXAMEN-02-MATEMATICAS-MERCANTILES-BACHILLERATO-CC-SS-I-25x36.png 25w, https:\/\/blogsaverroes.juntadeandalucia.es\/matematicasenunclic\/files\/2019\/12\/EXAMEN-02-MATEMATICAS-MERCANTILES-BACHILLERATO-CC-SS-I-34x48.png 34w, https:\/\/blogsaverroes.juntadeandalucia.es\/matematicasenunclic\/files\/2019\/12\/EXAMEN-02-MATEMATICAS-MERCANTILES-BACHILLERATO-CC-SS-I.png 826w\" sizes=\"(max-width: 660px) 100vw, 660px\" \/><\/a><\/p>\n<h2 style=\"text-align: center\"><a id=\"POLINOMIOS\"><\/a>EJERCICIOS DE UNIDAD 3. POLINOMIOS<\/h2>\n<p><a href=\"https:\/\/blogsaverroes.juntadeandalucia.es\/matematicasenunclic\/files\/2019\/12\/EXAMEN-03-POLINOMIOS-BACHILLERATO-CC-SS-I.pdf\"><img loading=\"lazy\" decoding=\"async\" class=\"aligncenter wp-image-1278 size-large\" src=\"https:\/\/blogsaverroes.juntadeandalucia.es\/matematicasenunclic\/files\/2019\/12\/EXAMEN-03-POLINOMIOS-BACHILLERATO-CC-SS-I-724x1024.png\" alt=\"\" width=\"660\" height=\"933\" srcset=\"https:\/\/blogsaverroes.juntadeandalucia.es\/matematicasenunclic\/files\/2019\/12\/EXAMEN-03-POLINOMIOS-BACHILLERATO-CC-SS-I-724x1024.png 724w, https:\/\/blogsaverroes.juntadeandalucia.es\/matematicasenunclic\/files\/2019\/12\/EXAMEN-03-POLINOMIOS-BACHILLERATO-CC-SS-I-212x300.png 212w, https:\/\/blogsaverroes.juntadeandalucia.es\/matematicasenunclic\/files\/2019\/12\/EXAMEN-03-POLINOMIOS-BACHILLERATO-CC-SS-I-768x1087.png 768w, https:\/\/blogsaverroes.juntadeandalucia.es\/matematicasenunclic\/files\/2019\/12\/EXAMEN-03-POLINOMIOS-BACHILLERATO-CC-SS-I-700x991.png 700w, https:\/\/blogsaverroes.juntadeandalucia.es\/matematicasenunclic\/files\/2019\/12\/EXAMEN-03-POLINOMIOS-BACHILLERATO-CC-SS-I-17x24.png 17w, https:\/\/blogsaverroes.juntadeandalucia.es\/matematicasenunclic\/files\/2019\/12\/EXAMEN-03-POLINOMIOS-BACHILLERATO-CC-SS-I-25x36.png 25w, https:\/\/blogsaverroes.juntadeandalucia.es\/matematicasenunclic\/files\/2019\/12\/EXAMEN-03-POLINOMIOS-BACHILLERATO-CC-SS-I-34x48.png 34w, https:\/\/blogsaverroes.juntadeandalucia.es\/matematicasenunclic\/files\/2019\/12\/EXAMEN-03-POLINOMIOS-BACHILLERATO-CC-SS-I.png 826w\" sizes=\"(max-width: 660px) 100vw, 660px\" \/><\/a><\/p>\n<h2 style=\"text-align: center\"><a id=\"ECUACIONES Y SISTEMAS\"><\/a>EJERCICIOS DE UNIDAD 4. ECUACIONES Y SISTEMAS DE ECUACIONES<\/h2>\n<p><a title=\"ECUACIONES Y SISTEMAS\" href=\"https:\/\/blogsaverroes.juntadeandalucia.es\/matematicasenunclic\/files\/2021\/03\/EXAMEN-04-ECUACIONES-Y-SISTEMAS-BACHILLERATO-CC-SS-I.pdf\" target=\"_blank\" rel=\"noopener noreferrer\"><img loading=\"lazy\" decoding=\"async\" class=\"aligncenter wp-image-1288\" src=\"https:\/\/blogsaverroes.juntadeandalucia.es\/matematicasenunclic\/files\/2019\/12\/EXAMEN-04-ECUACIONES-Y-SISTEMAS-BACHILLERATO-CC-SS-I.png\" alt=\"EJERCICIOS DE ECUACIONES Y SISTEMAS\" width=\"600\" height=\"850\" srcset=\"https:\/\/blogsaverroes.juntadeandalucia.es\/matematicasenunclic\/files\/2019\/12\/EXAMEN-04-ECUACIONES-Y-SISTEMAS-BACHILLERATO-CC-SS-I.png 413w, https:\/\/blogsaverroes.juntadeandalucia.es\/matematicasenunclic\/files\/2019\/12\/EXAMEN-04-ECUACIONES-Y-SISTEMAS-BACHILLERATO-CC-SS-I-212x300.png 212w, https:\/\/blogsaverroes.juntadeandalucia.es\/matematicasenunclic\/files\/2019\/12\/EXAMEN-04-ECUACIONES-Y-SISTEMAS-BACHILLERATO-CC-SS-I-17x24.png 17w, https:\/\/blogsaverroes.juntadeandalucia.es\/matematicasenunclic\/files\/2019\/12\/EXAMEN-04-ECUACIONES-Y-SISTEMAS-BACHILLERATO-CC-SS-I-25x36.png 25w, https:\/\/blogsaverroes.juntadeandalucia.es\/matematicasenunclic\/files\/2019\/12\/EXAMEN-04-ECUACIONES-Y-SISTEMAS-BACHILLERATO-CC-SS-I-34x48.png 34w\" sizes=\"(max-width: 600px) 100vw, 600px\" \/><\/a><\/p>\n<h2 style=\"text-align: center\"><a id=\"INECUACIONES Y SISTEMAS\"><\/a>EJERCICIOS DE UNIDAD 5. INECUACIONES Y SISTEMAS DE INECUACIONES<\/h2>\n<p><a href=\"https:\/\/blogsaverroes.juntadeandalucia.es\/matematicasenunclic\/files\/2020\/04\/EXAMEN-UD05-INECUACIONES-Y-SISTEMAS-BACHILLERATO-CIENCIAS-SOCIALES-.pdf\"><img loading=\"lazy\" decoding=\"async\" class=\"aligncenter wp-image-1404 size-large\" src=\"https:\/\/blogsaverroes.juntadeandalucia.es\/matematicasenunclic\/files\/2020\/04\/EXAMEN-UD05-INECUACIONES-Y-SISTEMAS-BACHILLERATO-CIENCIAS-SOCIALES-.png\" alt=\"ejercicios de desigualdades de primer y segundo grado\" width=\"660\" height=\"933\"\/><\/a><\/p>\n<h2 style=\"text-align: center\"><a id=\"FUNCIONES\"><\/a>EJERCICIOS DE UNIDAD 6. FUNCIONES<\/h2>\n<p><a href=\"https:\/\/blogsaverroes.juntadeandalucia.es\/matematicasenunclic\/files\/2020\/04\/EXAMEN-UD06-FUNCIONES-BACHILLERATO-CIENCIAS-SOCIALES-1.pdf\"><img loading=\"lazy\" decoding=\"async\" class=\"aligncenter wp-image-1406 size-large\" src=\"https:\/\/blogsaverroes.juntadeandalucia.es\/matematicasenunclic\/files\/2020\/04\/EXAMEN-UD06-FUNCIONES-BACHILLERATO-CIENCIAS-SOCIALES.png\" alt=\"\" width=\"660\" height=\"933\"\/><\/a><\/p>\n<h2 style=\"text-align: center\"><a id=\"LIMITES\"><\/a>EJERCICIOS DE UNIDAD 7. L\u00cdMITES Y CONTINUIDAD<\/h2>\n<p><a href=\"https:\/\/blogsaverroes.juntadeandalucia.es\/matematicasenunclic\/files\/2020\/04\/EXAMEN-UD07-LIMITES-Y-CONTINUIDAD-BACHILLERATO-CIENCIAS-SOCIALES.pdf\"><img loading=\"lazy\" decoding=\"async\" class=\"aligncenter wp-image-1406 size-large\" src=\"\/\/blogsaverroes.juntadeandalucia.es\/matematicasenunclic\/files\/2020\/04\/EXAMEN-UD07-LIMITES-Y-CONTINUIDAD-BACHILLERATO-CIENCIAS-SOCIALES.png\" alt=\"\" width=\"660\" height=\"933\"\/><\/a><\/p>\n<h2 style=\"text-align: center\"><a id=\"DERIVADAS\"><\/a>EJERCICIOS DE UNIDAD 8. DERIVADAS<\/h2>\n<p><a href=\"https:\/\/blogsaverroes.juntadeandalucia.es\/matematicasenunclic\/files\/2020\/04\/EXAMEN-UD08-DERIVADAS-BACHILLERATO-CIENCIAS-SOCIALES.pdf\"><img loading=\"lazy\" decoding=\"async\" class=\"aligncenter wp-image-1406 size-large\" src=\"\/\/blogsaverroes.juntadeandalucia.es\/matematicasenunclic\/files\/2020\/04\/EXAMEN-UD08-DERIVADAS-BACHILLERATO-CIENCIAS-SOCIALES.png\" alt=\"\" width=\"660\" height=\"933\"\/><\/a><\/p>\n","protected":false},"excerpt":{"rendered":"<p>Autor fotograf\u00eda En esta p\u00e1gina tenemos una recopilaci\u00f3n todos los ejercicios de ex\u00e1men de Matem\u00e1ticas de 1\u00ba Bachillerato de Ci\u00e9ncias Sociales resueltos en pdf. INDICE EXAMEN 1. N\u00daMEROS REALES EXAMEN 2. MATEM\u00c1TICAS MERCANTILES EXAMEN&#46;&#46;&#46;<\/p>\n","protected":false},"author":1923,"featured_media":1283,"parent":0,"menu_order":0,"comment_status":"open","ping_status":"closed","template":"","meta":{"_exactmetrics_skip_tracking":false,"_exactmetrics_sitenote_active":false,"_exactmetrics_sitenote_note":"","_exactmetrics_sitenote_category":0,"ngg_post_thumbnail":0,"footnotes":""},"aioseo_notices":[],"_links":{"self":[{"href":"https:\/\/blogsaverroes.juntadeandalucia.es\/matematicasenunclic\/wp-json\/wp\/v2\/pages\/1269"}],"collection":[{"href":"https:\/\/blogsaverroes.juntadeandalucia.es\/matematicasenunclic\/wp-json\/wp\/v2\/pages"}],"about":[{"href":"https:\/\/blogsaverroes.juntadeandalucia.es\/matematicasenunclic\/wp-json\/wp\/v2\/types\/page"}],"author":[{"embeddable":true,"href":"https:\/\/blogsaverroes.juntadeandalucia.es\/matematicasenunclic\/wp-json\/wp\/v2\/users\/1923"}],"replies":[{"embeddable":true,"href":"https:\/\/blogsaverroes.juntadeandalucia.es\/matematicasenunclic\/wp-json\/wp\/v2\/comments?post=1269"}],"version-history":[{"count":43,"href":"https:\/\/blogsaverroes.juntadeandalucia.es\/matematicasenunclic\/wp-json\/wp\/v2\/pages\/1269\/revisions"}],"predecessor-version":[{"id":1858,"href":"https:\/\/blogsaverroes.juntadeandalucia.es\/matematicasenunclic\/wp-json\/wp\/v2\/pages\/1269\/revisions\/1858"}],"wp:featuredmedia":[{"embeddable":true,"href":"https:\/\/blogsaverroes.juntadeandalucia.es\/matematicasenunclic\/wp-json\/wp\/v2\/media\/1283"}],"wp:attachment":[{"href":"https:\/\/blogsaverroes.juntadeandalucia.es\/matematicasenunclic\/wp-json\/wp\/v2\/media?parent=1269"}],"curies":[{"name":"wp","href":"https:\/\/api.w.org\/{rel}","templated":true}]}}