{"id":1928,"date":"2023-01-10T18:58:18","date_gmt":"2023-01-10T18:58:18","guid":{"rendered":"https:\/\/blogsaverroes.juntadeandalucia.es\/matematicasenunclic\/?page_id=1928"},"modified":"2023-01-10T19:05:13","modified_gmt":"2023-01-10T19:05:13","slug":"quien-soy","status":"publish","type":"page","link":"https:\/\/blogsaverroes.juntadeandalucia.es\/matematicasenunclic\/quien-soy\/","title":{"rendered":"\u00bfQuien soy?"},"content":{"rendered":"<p>&nbsp;<\/p>\n<p style=\"text-align: justify\"><a href=\"https:\/\/blogsaverroes.juntadeandalucia.es\/matematicasenunclic\/files\/2015\/09\/bienvenida-img.jpg\"><img fetchpriority=\"high\" decoding=\"async\" class=\"alignleft size-medium wp-image-46\" src=\"https:\/\/blogsaverroes.juntadeandalucia.es\/matematicasenunclic\/files\/2015\/09\/bienvenida-img-300x169.jpg\" alt=\"bienvenida-img\" width=\"300\" height=\"169\" srcset=\"https:\/\/blogsaverroes.juntadeandalucia.es\/matematicasenunclic\/files\/2015\/09\/bienvenida-img-300x169.jpg 300w, https:\/\/blogsaverroes.juntadeandalucia.es\/matematicasenunclic\/files\/2015\/09\/bienvenida-img-700x393.jpg 700w, https:\/\/blogsaverroes.juntadeandalucia.es\/matematicasenunclic\/files\/2015\/09\/bienvenida-img-332x187.jpg 332w, https:\/\/blogsaverroes.juntadeandalucia.es\/matematicasenunclic\/files\/2015\/09\/bienvenida-img.jpg 960w\" sizes=\"(max-width: 300px) 100vw, 300px\" \/><\/a>Hola a todos!<\/p>\n<p style=\"text-align: justify\">Este curso he pensado hacer algo diferente. He decidido retomar este Blog.<\/p>\n<p style=\"text-align: justify\">Para m\u00ed es algo nuevo, s\u00e9 que me traer\u00e1 alg\u00fan dolor de cabeza, y que todo no saldr\u00e1 como uno quiere a la primera.<\/p>\n<p style=\"text-align: justify\">Me llamo Esteban, antes de enrollarme m\u00e1s, soy profesor de matem\u00e1ticas de ense\u00f1anza secundaria. Tengo m\u00e1s de 15 a\u00f1os de experiencia laboral dando vueltas por diferentes centros de andaluc\u00eda. S\u00e9 que he abierto un camino para hablar con vosotros, para ayudaros, m\u00e1s y mejor, a superar la asignatura de matem\u00e1ticas.<\/p>\n<p style=\"text-align: justify\">Deseo que con el material publicado, os ayude, un poco, a superar vuestros problemas y dudas, sobre la materia.<\/p>\n<p style=\"text-align: justify\">Nos vemos en el Instituto.<\/p>\n","protected":false},"excerpt":{"rendered":"<p>&nbsp; Hola a todos! Este curso he pensado hacer algo diferente. He decidido retomar este Blog. Para m\u00ed es algo nuevo, s\u00e9 que me traer\u00e1 alg\u00fan dolor de cabeza, y que todo no saldr\u00e1&#46;&#46;&#46;<\/p>\n","protected":false},"author":1923,"featured_media":0,"parent":0,"menu_order":0,"comment_status":"closed","ping_status":"closed","template":"","meta":{"_exactmetrics_skip_tracking":false,"_exactmetrics_sitenote_active":false,"_exactmetrics_sitenote_note":"","_exactmetrics_sitenote_category":0,"ngg_post_thumbnail":0,"footnotes":""},"aioseo_notices":[],"_links":{"self":[{"href":"https:\/\/blogsaverroes.juntadeandalucia.es\/matematicasenunclic\/wp-json\/wp\/v2\/pages\/1928"}],"collection":[{"href":"https:\/\/blogsaverroes.juntadeandalucia.es\/matematicasenunclic\/wp-json\/wp\/v2\/pages"}],"about":[{"href":"https:\/\/blogsaverroes.juntadeandalucia.es\/matematicasenunclic\/wp-json\/wp\/v2\/types\/page"}],"author":[{"embeddable":true,"href":"https:\/\/blogsaverroes.juntadeandalucia.es\/matematicasenunclic\/wp-json\/wp\/v2\/users\/1923"}],"replies":[{"embeddable":true,"href":"https:\/\/blogsaverroes.juntadeandalucia.es\/matematicasenunclic\/wp-json\/wp\/v2\/comments?post=1928"}],"version-history":[{"count":4,"href":"https:\/\/blogsaverroes.juntadeandalucia.es\/matematicasenunclic\/wp-json\/wp\/v2\/pages\/1928\/revisions"}],"predecessor-version":[{"id":1935,"href":"https:\/\/blogsaverroes.juntadeandalucia.es\/matematicasenunclic\/wp-json\/wp\/v2\/pages\/1928\/revisions\/1935"}],"wp:attachment":[{"href":"https:\/\/blogsaverroes.juntadeandalucia.es\/matematicasenunclic\/wp-json\/wp\/v2\/media?parent=1928"}],"curies":[{"name":"wp","href":"https:\/\/api.w.org\/{rel}","templated":true}]}}