{"id":855,"date":"2018-10-21T00:02:58","date_gmt":"2018-10-21T00:02:58","guid":{"rendered":"http:\/\/blogsaverroes.juntadeandalucia.es\/matematicasenunclic\/?page_id=855"},"modified":"2021-04-06T18:12:17","modified_gmt":"2021-04-06T18:12:17","slug":"ejercicios-juegos-minimo-comun-multiplo-maximo-comun-divisor","status":"publish","type":"page","link":"https:\/\/blogsaverroes.juntadeandalucia.es\/matematicasenunclic\/matematicas-1oeso\/ejercicios-juegos-minimo-comun-multiplo-maximo-comun-divisor\/","title":{"rendered":"\u270e\u2611EJERCICIOS DE M\u00cdNIMO COM\u00daN MULTIPLO Y M\u00c1XIMO COM\u00daN DIVISOR"},"content":{"rendered":"<p><img fetchpriority=\"high\" decoding=\"async\" class=\"size-medium wp-image-859 alignleft\" src=\"https:\/\/blogsaverroes.juntadeandalucia.es\/matematicasenunclic\/files\/2018\/10\/Ejercicios-factorizacion-numerica-300x200.png\" alt=\"Ejercicios y juegos de descomposici\u00f3n factorial\" width=\"300\" height=\"200\" srcset=\"https:\/\/blogsaverroes.juntadeandalucia.es\/matematicasenunclic\/files\/2018\/10\/Ejercicios-factorizacion-numerica-300x200.png 300w, https:\/\/blogsaverroes.juntadeandalucia.es\/matematicasenunclic\/files\/2018\/10\/Ejercicios-factorizacion-numerica-768x513.png 768w, https:\/\/blogsaverroes.juntadeandalucia.es\/matematicasenunclic\/files\/2018\/10\/Ejercicios-factorizacion-numerica.png 1024w, https:\/\/blogsaverroes.juntadeandalucia.es\/matematicasenunclic\/files\/2018\/10\/Ejercicios-factorizacion-numerica-700x468.png 700w, https:\/\/blogsaverroes.juntadeandalucia.es\/matematicasenunclic\/files\/2018\/10\/Ejercicios-factorizacion-numerica-24x16.png 24w, https:\/\/blogsaverroes.juntadeandalucia.es\/matematicasenunclic\/files\/2018\/10\/Ejercicios-factorizacion-numerica-36x24.png 36w, https:\/\/blogsaverroes.juntadeandalucia.es\/matematicasenunclic\/files\/2018\/10\/Ejercicios-factorizacion-numerica-48x32.png 48w\" sizes=\"(max-width: 300px) 100vw, 300px\" \/><\/p>\n<div class=\"symple-box gray left \" style=\"text-align: left;width: 100%\"><strong>INDICE<\/strong><\/div>\n<h2 class=\"symple-box gray left \" style=\"text-align: left;width: 100%\"><a href=\"#video-youtube-descomponer-en-factores-primos\"><span style=\"font-size: 14px\"><span style=\"font-size: 20px\">\ud83c\udfa5VIDEO DE DESCOMPOSICI\u00d3N FACTORIAL DE UN N\u00daMEROS<\/span><\/span><\/a><br \/>\n<span style=\"font-size: 20px\"><a href=\"#juegos-ejercicios-interactivos-online-descomposicion-en-factores-primos-2-eso\">\u2611EJERCICIOS INTERACTIVOS DESCOMPOSICI\u00d3N FACTORIAL EN N\u00daMEROS PRIMOS<\/a><\/span><br \/>\n<span style=\"font-size: 20px\"><a href=\"#juegos-ejercicios-descomposicion-factores-primos-relacionar-colorear\">\u270eJUEGO DE DESCOMPOSI\u00d3N EN FACTORES PRIMOS<\/a><\/span><br \/>\n<span style=\"font-size: 20px\"><a href=\"#juegos-ejercicios-interactivos-resueltos-de-mcm-eso\">\u2611EJERCICIOS DE M\u00cdNIMO COM\u00daN MULTIPLO<\/a><\/span><br \/>\n<span style=\"font-size: 20px\"><a href=\"#juegos-ejercicios-descomposicion-mcm-relacionar-colorear-recotar\">\u270eJUEGO DE M\u00cdNIMO COM\u00daN MULTIPLO<\/a><\/span><br \/>\n<span style=\"font-size: 20px\"><a href=\"#juegos-ejercicios-interactivos-resueltos-de-MCD-eso\">\u2611EJERCICIOS DE M\u00c1XIMO COM\u00daN DIVISOR<\/a><\/span><br \/>\n<span style=\"font-size: 20px\"><a href=\"#juegos-ejercicios-descomposicion-MCD-relacionar\">\u270eJUEGO DE M\u00c1XIMO COM\u00daN DIVISOR<\/a><\/span><\/h2>\n<div>Ejercicios resueltos y juegos interactivos online de descomposici\u00f3n en factores primos, m\u00ednimo com\u00fan m\u00faltiplo y m\u00e1ximo com\u00fan divisor.<br \/>\nPara alcanzar el c\u00e1lculo de <strong>m.c.m.<\/strong> y <strong>M.C.D.<\/strong> antes debemos conocer los primos m\u00e1s peque\u00f1os, que son los m\u00e1s comunes que aparecen en los ejercicios, saber descomponer los n\u00fameros enteros como multiplicaci\u00f3n de n\u00fameros primos. Para ello, deber\u00edamos dividir con soltura.<br \/>\nPara reforzar la descomposici\u00f3n num\u00e9rica en factores primos aqu\u00ed unos ejercicios interactivos.<\/div>\n<div>&nbsp;<\/div>\n<div>&nbsp;<\/div>\n<div>\n<h2><span id=\"video-youtube-descomponer-en-factores-primos\" style=\"text-decoration: underline\">\u2611VIDEO DE DESCOMPOSICI\u00d3N FACTORIAL DE UN N\u00daMERO<\/span><\/h2>\n<p><iframe src=\"\/\/www.youtube.com\/embed\/jTdvYYaNntc\" width=\"560\" height=\"314\"><\/iframe><\/p>\n<h2><span id=\"juegos-ejercicios-interactivos-online-descomposicion-en-factores-primos-2-eso\" style=\"text-decoration: underline\">\u2611EJERCICIOS INTERACTIVOS RESUELTOS DESCOMPOSICI\u00d3N FACTORIAL<\/span><\/h2>\n<\/div>\n<h3><strong><a class=\"symple-button blue\" title=\"Factorizaci\u00f3n en Primos f\u00e1cil\" href=\"https:\/\/www.thatquiz.org\/es-r\/?-j1-l7-mpnv600-p0\" target=\"_blank\" rel=\"noopener noreferrer\"><span class=\"symple-button-inner\">Factorizaci\u00f3n en Primos. Nivel 1<\/span><\/a><a class=\"symple-button blue\" title=\"Factorizaci\u00f3n en Primos f\u00e1cil\" href=\"https:\/\/www.thatquiz.org\/es-r\/?-j1-l8-mpnv600-p0\" target=\"_blank\" rel=\"noopener noreferrer\"><span class=\"symple-button-inner\">Factorizaci\u00f3n en Primos. Nivel 2<\/span><\/a><\/strong><br \/>\n<strong><a class=\"symple-button blue\" title=\"Factorizaci\u00f3n en Primos intermedio\" href=\"https:\/\/www.thatquiz.org\/es-r\/?-j1-l9-mpnv600-nk-p0\" target=\"_blank\" rel=\"noopener noreferrer\"><span class=\"symple-button-inner\">Factorizaci\u00f3n en Primos. Nivel 3<\/span><\/a><a class=\"symple-button blue\" title=\"Factorizaci\u00f3n en Primos intermedio\" href=\"https:\/\/www.thatquiz.org\/es-r\/?-j1-la-mpnv600-nk-p0\" target=\"_blank\" rel=\"noopener noreferrer\"><span class=\"symple-button-inner\">Factorizaci\u00f3n en Primos. Nivel 4<\/span><\/a><\/strong><\/h3>\n<h2><span id=\"juegos-ejercicios-descomposicion-factores-primos-relacionar-colorear\" style=\"text-decoration: underline\">Juego de l\u00e1piz y papel de factorizaci\u00f3n en n\u00fameros primos.<\/span><\/h2>\n<p><a href=\"https:\/\/www.actiludis.com\/2012\/01\/31\/descomposicion-en-sus-factores-primos\/\" target=\"_blank\" rel=\"noopener noreferrer\"><img decoding=\"async\" class=\"size-medium wp-image-859 aligncenter\" src=\"https:\/\/i2.wp.com\/www.actiludis.com\/wp-content\/uploads\/2012\/01\/Factores-Primos.png?w=300&amp;ssl=1\" alt=\"\" width=\"300\" height=\"425\"\/><\/a><\/p>\n<h2><span id=\"juegos-ejercicios-interactivos-resueltos-de-mcm-eso\" style=\"text-decoration: underline\">\u2611EJERCICIOS INTERACTIVOS DE M\u00cdNIMO COM\u00daN MULTIPLO<\/span><\/h2>\n<h3><strong><a class=\"symple-button blue\" title=\"M\u00ednimo Com\u00fan M\u00faltiplo f\u00e1cil\" href=\"https:\/\/www.thatquiz.org\/es-r\/?-j4-l5-mpnv600-p0\" target=\"_blank\" rel=\"noopener noreferrer\"><span class=\"symple-button-inner\">M\u00ednimo Com\u00fan M\u00faltiplo. Nivel 1<\/span><\/a><a class=\"symple-button blue\" title=\"M\u00ednimo Com\u00fan M\u00faltiplo f\u00e1cil\" href=\"https:\/\/www.thatquiz.org\/es-r\/?-j4-l7-mpnv600-p0\" target=\"_blank\" rel=\"noopener noreferrer\"><span class=\"symple-button-inner\">M\u00ednimo Com\u00fan M\u00faltiplo. Nivel 2<\/span><\/a><\/strong><br \/>\n<strong><a class=\"symple-button blue\" title=\"M\u00ednimo Com\u00fan M\u00faltiplo medio\" href=\"https:\/\/www.thatquiz.org\/es-r\/?-j4-lf-mpnv600-p0\" target=\"_blank\" rel=\"noopener noreferrer\"><span class=\"symple-button-inner\">M\u00ednimo Com\u00fan M\u00faltiplo. Nivel 3<\/span><\/a><a class=\"symple-button blue\" title=\"M\u00ednimo Com\u00fan M\u00faltiplo medio\" href=\"https:\/\/www.thatquiz.org\/es-r\/?-j4-lk-mpnv600-p0\" target=\"_blank\" rel=\"noopener noreferrer\"><span class=\"symple-button-inner\">M\u00ednimo Com\u00fan M\u00faltiplo. Nivel 4<\/span><\/a><\/strong><\/h3>\n<h2><span id=\"juegos-ejercicios-descomposicion-mcm-relacionar-colorear-recotar\" style=\"text-decoration: underline\">Juego de l\u00e1piz y papel de M\u00ednimo Com\u00fan M\u00faltiplo.<\/span><\/h2>\n<p><a href=\"https:\/\/www.actiludis.com\/2009\/11\/22\/minimo-comun-multiplo\/mcm002p\/\" target=\"_blank\" rel=\"noopener noreferrer\"><img decoding=\"async\" class=\"size-medium wp-image-859 aligncenter\" src=\"https:\/\/www.actiludis.com\/wp-content\/uploads\/2009\/11\/MCM002p.jpg\" alt=\"\" width=\"444\" height=\"308\"\/><\/a><\/p>\n<h2><span id=\"juegos-ejercicios-interactivos-resueltos-de-MCD-eso\" style=\"text-decoration: underline\">\u2611EJERCICIOS INTERACTIVOS DE M\u00c1XIMO COM\u00daN DIVISOR<\/span><\/h2>\n<h3><strong><a class=\"symple-button blue\" title=\"MCD f\u00e1cil\" href=\"https:\/\/www.thatquiz.org\/es-r\/?-j2-l5-mpnv600-p0\" target=\"_blank\" rel=\"noopener noreferrer\"><span class=\"symple-button-inner\">M\u00e1ximo Com\u00fan Divisor. Nivel 1<\/span><\/a><a class=\"symple-button blue\" title=\"M\u00c1XIMO COM\u00daN DIVISOR f\u00e1cil\" href=\"https:\/\/www.thatquiz.org\/es-r\/?-j2-l7-mpnv600-p0\" target=\"_blank\" rel=\"noopener noreferrer\"><span class=\"symple-button-inner\">M\u00e1ximo Com\u00fan Divisor. Nivel 2<\/span><\/a><\/strong><br \/>\n<strong><a class=\"symple-button blue\" title=\"M\u00ednimo Com\u00fan M\u00faltiplo medio\" href=\"https:\/\/www.thatquiz.org\/es-r\/?-j2-lf-mpnv600-p0\" target=\"_blank\" rel=\"noopener noreferrer\"><span class=\"symple-button-inner\">M\u00e1ximo Com\u00fan Divisor. Nivel 3<\/span><\/a><a class=\"symple-button blue\" title=\"M\u00ednimo Com\u00fan M\u00faltiplo medio\" href=\"https:\/\/www.thatquiz.org\/es-r\/?-j2-lk-mpnv600-p0\" target=\"_blank\" rel=\"noopener noreferrer\"><span class=\"symple-button-inner\">M\u00e1ximo Com\u00fan Divisor. Nivel 4<\/span><\/a><\/strong><\/h3>\n<h2><span id=\"juegos-ejercicios-descomposicion-MCD-relacionar\" style=\"text-decoration: underline\">Juego de l\u00e1piz y papel de M\u00e1ximo Com\u00fan Divisor.<\/span><\/h2>\n<p><a href=\"https:\/\/www.actiludis.com\/2017\/01\/10\/calculo-del-m-c-m-puzle-star-wars\/\" target=\"_blank\" rel=\"noopener noreferrer\"><img loading=\"lazy\" decoding=\"async\" class=\"size-medium wp-image-859 aligncenter\" src=\"https:\/\/i0.wp.com\/www.actiludis.com\/wp-content\/uploads\/2017\/01\/R2D2_C3PO_MCD.png?resize=700%2C506&amp;ssl=1\" alt=\"\" width=\"350\" height=\"253\"\/><\/a><\/p>\n","protected":false},"excerpt":{"rendered":"<p>INDICE \ud83c\udfa5VIDEO DE DESCOMPOSICI\u00d3N FACTORIAL DE UN N\u00daMEROS \u2611EJERCICIOS INTERACTIVOS DESCOMPOSICI\u00d3N FACTORIAL EN N\u00daMEROS PRIMOS \u270eJUEGO DE DESCOMPOSI\u00d3N EN FACTORES PRIMOS \u2611EJERCICIOS DE M\u00cdNIMO COM\u00daN MULTIPLO \u270eJUEGO DE M\u00cdNIMO COM\u00daN MULTIPLO \u2611EJERCICIOS DE M\u00c1XIMO&#46;&#46;&#46;<\/p>\n","protected":false},"author":1923,"featured_media":859,"parent":907,"menu_order":0,"comment_status":"open","ping_status":"closed","template":"","meta":{"_exactmetrics_skip_tracking":false,"_exactmetrics_sitenote_active":false,"_exactmetrics_sitenote_note":"","_exactmetrics_sitenote_category":0,"ngg_post_thumbnail":0,"footnotes":""},"aioseo_notices":[],"_links":{"self":[{"href":"https:\/\/blogsaverroes.juntadeandalucia.es\/matematicasenunclic\/wp-json\/wp\/v2\/pages\/855"}],"collection":[{"href":"https:\/\/blogsaverroes.juntadeandalucia.es\/matematicasenunclic\/wp-json\/wp\/v2\/pages"}],"about":[{"href":"https:\/\/blogsaverroes.juntadeandalucia.es\/matematicasenunclic\/wp-json\/wp\/v2\/types\/page"}],"author":[{"embeddable":true,"href":"https:\/\/blogsaverroes.juntadeandalucia.es\/matematicasenunclic\/wp-json\/wp\/v2\/users\/1923"}],"replies":[{"embeddable":true,"href":"https:\/\/blogsaverroes.juntadeandalucia.es\/matematicasenunclic\/wp-json\/wp\/v2\/comments?post=855"}],"version-history":[{"count":41,"href":"https:\/\/blogsaverroes.juntadeandalucia.es\/matematicasenunclic\/wp-json\/wp\/v2\/pages\/855\/revisions"}],"predecessor-version":[{"id":1879,"href":"https:\/\/blogsaverroes.juntadeandalucia.es\/matematicasenunclic\/wp-json\/wp\/v2\/pages\/855\/revisions\/1879"}],"up":[{"embeddable":true,"href":"https:\/\/blogsaverroes.juntadeandalucia.es\/matematicasenunclic\/wp-json\/wp\/v2\/pages\/907"}],"wp:featuredmedia":[{"embeddable":true,"href":"https:\/\/blogsaverroes.juntadeandalucia.es\/matematicasenunclic\/wp-json\/wp\/v2\/media\/859"}],"wp:attachment":[{"href":"https:\/\/blogsaverroes.juntadeandalucia.es\/matematicasenunclic\/wp-json\/wp\/v2\/media?parent=855"}],"curies":[{"name":"wp","href":"https:\/\/api.w.org\/{rel}","templated":true}]}}