{"id":886,"date":"2018-10-21T00:48:38","date_gmt":"2018-10-21T00:48:38","guid":{"rendered":"http:\/\/blogsaverroes.juntadeandalucia.es\/matematicasenunclic\/?page_id=886"},"modified":"2018-10-23T18:41:50","modified_gmt":"2018-10-23T18:41:50","slug":"matematicas-2oeso","status":"publish","type":"page","link":"https:\/\/blogsaverroes.juntadeandalucia.es\/matematicasenunclic\/matematicas-2oeso\/","title":{"rendered":"MATEM\u00c1TICAS 2\u00baESO"},"content":{"rendered":"<div id=\"1\" style=\"width: 160px\" class=\"wp-caption alignleft\"><a href=\"https:\/\/blogsaverroes.juntadeandalucia.es\/matematicasenunclic\/2018\/09\/26\/jclic-de-matematicas-recreativas\/\"><img decoding=\"async\" aria-describedby=\"caption-1\" class=\"aligncenter wp-image-836 size-thumbnail\" src=\"https:\/\/blogsaverroes.juntadeandalucia.es\/matematicasenunclic\/files\/2018\/09\/jclic-recreativo-150x150.png\" alt=\"Actividades matematicas recreativas Jclic\" width=\"150\" height=\"150\" srcset=\"https:\/\/blogsaverroes.juntadeandalucia.es\/matematicasenunclic\/files\/2018\/09\/jclic-recreativo-150x150.png 150w, https:\/\/blogsaverroes.juntadeandalucia.es\/matematicasenunclic\/files\/2018\/09\/jclic-recreativo-100x100.png 100w, https:\/\/blogsaverroes.juntadeandalucia.es\/matematicasenunclic\/files\/2018\/09\/jclic-recreativo-432x432.png 432w, https:\/\/blogsaverroes.juntadeandalucia.es\/matematicasenunclic\/files\/2018\/09\/jclic-recreativo-268x268.png 268w\" sizes=\"(max-width: 150px) 100vw, 150px\" \/><\/a><p id=\"caption-1\" class=\"wp-caption-text\">\u2611JCLIC de Matem\u00e1ticas Recreativas<\/p><\/div>\n<div id=\"3\" style=\"width: 160px\" class=\"wp-caption alignleft\"><a href=\"https:\/\/blogsaverroes.juntadeandalucia.es\/matematicasenunclic\/ejercicios-juegos-minimo-comun-multiplo-maximo-comun-dividor\/\"><img decoding=\"async\" aria-describedby=\"caption-3\" class=\"aligncenter wp-image-859 size-thumbnail\" src=\"https:\/\/blogsaverroes.juntadeandalucia.es\/matematicasenunclic\/files\/2018\/10\/Ejercicios-factorizacion-numerica-150x150.png\" alt=\"mcm y MCD\" width=\"150\" height=\"150\" srcset=\"https:\/\/blogsaverroes.juntadeandalucia.es\/matematicasenunclic\/files\/2018\/10\/Ejercicios-factorizacion-numerica-150x150.png 150w, https:\/\/blogsaverroes.juntadeandalucia.es\/matematicasenunclic\/files\/2018\/10\/Ejercicios-factorizacion-numerica-100x100.png 100w, https:\/\/blogsaverroes.juntadeandalucia.es\/matematicasenunclic\/files\/2018\/10\/Ejercicios-factorizacion-numerica-432x432.png 432w, https:\/\/blogsaverroes.juntadeandalucia.es\/matematicasenunclic\/files\/2018\/10\/Ejercicios-factorizacion-numerica-268x268.png 268w\" sizes=\"(max-width: 150px) 100vw, 150px\" \/><\/a><p id=\"caption-3\" class=\"wp-caption-text\"><\/p>\n<h2>\u270e\u2611EJERCICIOS DE M\u00cdNIMO COM\u00daN MULTIPLO Y M\u00c1XIMO COM\u00daN DIVISOR<\/h2><\/p><\/div>\n\n<h2><a href=\"https:\/\/blogsaverroes.juntadeandalucia.es\/matematicasenunclic\/2016\/04\/15\/ejercicios-interactivos-algebra-operaciones-secundaria\/\">\u2611 Juegos matematicos de \u00e1lgebra 2\u00baESO<\/a><\/h2>\n\n","protected":false},"excerpt":{"rendered":"","protected":false},"author":1923,"featured_media":0,"parent":0,"menu_order":0,"comment_status":"closed","ping_status":"closed","template":"","meta":{"_exactmetrics_skip_tracking":false,"_exactmetrics_sitenote_active":false,"_exactmetrics_sitenote_note":"","_exactmetrics_sitenote_category":0,"ngg_post_thumbnail":0,"footnotes":""},"aioseo_notices":[],"_links":{"self":[{"href":"https:\/\/blogsaverroes.juntadeandalucia.es\/matematicasenunclic\/wp-json\/wp\/v2\/pages\/886"}],"collection":[{"href":"https:\/\/blogsaverroes.juntadeandalucia.es\/matematicasenunclic\/wp-json\/wp\/v2\/pages"}],"about":[{"href":"https:\/\/blogsaverroes.juntadeandalucia.es\/matematicasenunclic\/wp-json\/wp\/v2\/types\/page"}],"author":[{"embeddable":true,"href":"https:\/\/blogsaverroes.juntadeandalucia.es\/matematicasenunclic\/wp-json\/wp\/v2\/users\/1923"}],"replies":[{"embeddable":true,"href":"https:\/\/blogsaverroes.juntadeandalucia.es\/matematicasenunclic\/wp-json\/wp\/v2\/comments?post=886"}],"version-history":[{"count":27,"href":"https:\/\/blogsaverroes.juntadeandalucia.es\/matematicasenunclic\/wp-json\/wp\/v2\/pages\/886\/revisions"}],"predecessor-version":[{"id":931,"href":"https:\/\/blogsaverroes.juntadeandalucia.es\/matematicasenunclic\/wp-json\/wp\/v2\/pages\/886\/revisions\/931"}],"wp:attachment":[{"href":"https:\/\/blogsaverroes.juntadeandalucia.es\/matematicasenunclic\/wp-json\/wp\/v2\/media?parent=886"}],"curies":[{"name":"wp","href":"https:\/\/api.w.org\/{rel}","templated":true}]}}